{"id":14377,"date":"2023-10-15T10:47:18","date_gmt":"2023-10-15T02:47:18","guid":{"rendered":"https:\/\/www.vape4wholesale.com\/?post_type=product&#038;p=14377"},"modified":"2026-01-26T13:42:14","modified_gmt":"2026-01-26T13:42:14","slug":"geek-bar-b5000-eldobhato-vape-nagykereskedelem","status":"publish","type":"product","link":"https:\/\/www.vape4wholesale.com\/hu\/product\/geek-bar-b5000-disposable-vape-wholesale","title":{"rendered":"Geek Bar B5000 eldobhat\u00f3 vape nagykereskedelem"},"content":{"rendered":"<p>A Geek Bar B5000 egy sz\u00e9p kialak\u00edt\u00e1s\u00fa eldobhat\u00f3 vape, h\u00e1l\u00f3s tekerccsel, \u00e9s 14ml 5% nikotinos Eliquiddel, valamint 650mah \u00fajrat\u00f6lthet\u0151 akkumul\u00e1torral.A Geek Bar B5000 Puffs eldobhat\u00f3 10-es csomag! Ez a teljesen \u00faj innovat\u00edv eldobhat\u00f3 vape t\u00f6k\u00e9letes a felhaszn\u00e1l\u00f3k sz\u00e1m\u00e1ra, hogy kompakt kialak\u00edt\u00e1s\u00e1val \u00fatk\u00f6zben is \u00e9lvezhess\u00e9k, mik\u00f6zben ak\u00e1r 5000 Puffs 5% nikotint biztos\u00edt a felhaszn\u00e1l\u00f3knak. A B5000 Puffs Eldobhat\u00f3 Vape nem csak azt teszi lehet\u0151v\u00e9, hogy a felhaszn\u00e1l\u00f3k k\u00f6nnyed\u00e9n \u00e9lvezhess\u00e9k \u00fatk\u00f6zben. A 650mAh \u00fajrat\u00f6lthet\u0151 akkumul\u00e1tor \u00e9s a 14mL el\u0151ret\u00f6lt\u00f6tt E-Liquid kapacit\u00e1s lehet\u0151v\u00e9 teszi a felhaszn\u00e1l\u00f3k sz\u00e1m\u00e1ra, hogy er\u0151teljes \u00e9s hosszabb ideig tart\u00f3 p\u00e1rologtat\u00e1si \u00e9lm\u00e9nyt \u00e9lvezzenek. Pr\u00f3b\u00e1lja ki a Geek Bar B5000 Puffs Eldobhat\u00f3 10-es csomagban kaphat\u00f3 k\u00fcl\u00f6nb\u00f6z\u0151 \u00edzeket a legjobb \u00e1ron!<\/p>\n<h2><strong>Geek Bar B5000 \u00edzek<\/strong><\/h2>\n<p>Alma s\u00e1rk\u00e1nygy\u00fcm\u00f6lcs<br \/>\nAlma barack<br \/>\nBerry Trio Ice<br \/>\nK\u00e9k Razz j\u00e9g<br \/>\nBlue Razz limon\u00e1d\u00e9<br \/>\nForest Berry Ice<br \/>\nFuji dinnye j\u00e9g<br \/>\nGeekbull Drink Ice<br \/>\nArany Kiwi citrom<br \/>\nSz\u0151l\u0151 j\u00e9g<br \/>\nGuava j\u00e9g<br \/>\nL\u00e9d\u00fas barack j\u00e9g<br \/>\nKiwi golgotavir\u00e1g<br \/>\nCitromos jeges tea<br \/>\nMamba Ice<br \/>\nMenta<br \/>\nBarack Mang\u00f3 Guava<br \/>\nM\u00e1lna g\u00f6r\u00f6gdinnye<br \/>\nSavany\u00fa alma j\u00e9g<br \/>\nEper ban\u00e1n j\u00e9g<br \/>\nEper-kiwi j\u00e9g<br \/>\nEper mang\u00f3 j\u00e9g<br \/>\nEper g\u00f6r\u00f6gdinnye r\u00e1g\u00f3gumi<br \/>\nDoh\u00e1ny<br \/>\nTr\u00f3pusi sziv\u00e1rv\u00e1ny robban\u00e1s<br \/>\nG\u00f6r\u00f6gdinnye r\u00e1g\u00f3gumi<br \/>\ng\u00f6r\u00f6gdinnye cseresznye<br \/>\nG\u00f6r\u00f6gdinnye j\u00e9g<br \/>\nG\u00f6r\u00f6gdinnye eper k\u00f3kusz<br \/>\nFeh\u00e9r gumiszer\u0171 j\u00e9g<\/p>\n<h2><strong>Jellemz\u0151k:<\/strong><\/h2>\n<ul>\n<li>14mL el\u0151re t\u00f6lt\u00f6tt E-folyad\u00e9k kapacit\u00e1sa<\/li>\n<li>5% Nikotin<\/li>\n<li>650mAh \u00fajrat\u00f6lthet\u0151 akkumul\u00e1tor<\/li>\n<li>C t\u00edpus\u00fa t\u00f6lt\u0151port<\/li>\n<li>H\u00e1l\u00f3 tekercs<\/li>\n<li>H\u00faz\u00e1s-aktiv\u00e1l\u00e1si mechanizmus\n<div data-content-type=\"row\" data-appearance=\"contained\" data-element=\"main\">\n<div data-enable-parallax=\"0\" data-parallax-speed=\"0.5\" data-background-images=\"{}\" data-background-type=\"image\" data-video-loop=\"true\" data-video-play-only-visible=\"true\" data-video-lazy-load=\"true\" data-video-fallback-src=\"\" data-element=\"inner\" data-pb-style=\"UQBNVED\"><\/div>\n<\/div>\n<\/li>\n<\/ul>\n<p><img loading=\"lazy\" decoding=\"async\" class=\"alignnone size-full wp-image-14380\" title=\"Geek Bar B5000 Eldobhat\u00f3 Vape nagykereskedelmi doboz\" src=\"https:\/\/www.vape4wholesale.com\/wp-content\/uploads\/2023\/10\/Geek-Bar-B5000-Disposable-Vape-Wholesale-Box.jpg\" alt=\"Geek Bar B5000 Eldobhat\u00f3 Vape nagykereskedelmi doboz\" width=\"600\" height=\"600\" srcset=\"https:\/\/www.vape4wholesale.com\/wp-content\/uploads\/2023\/10\/Geek-Bar-B5000-Disposable-Vape-Wholesale-Box.jpg 600w, https:\/\/www.vape4wholesale.com\/wp-content\/uploads\/2023\/10\/Geek-Bar-B5000-Disposable-Vape-Wholesale-Box-247x247.jpg 247w, https:\/\/www.vape4wholesale.com\/wp-content\/uploads\/2023\/10\/Geek-Bar-B5000-Disposable-Vape-Wholesale-Box-100x100.jpg 100w, https:\/\/www.vape4wholesale.com\/wp-content\/uploads\/2023\/10\/Geek-Bar-B5000-Disposable-Vape-Wholesale-Box-510x510.jpg 510w, https:\/\/www.vape4wholesale.com\/wp-content\/uploads\/2023\/10\/Geek-Bar-B5000-Disposable-Vape-Wholesale-Box-64x64.jpg 64w, https:\/\/www.vape4wholesale.com\/wp-content\/uploads\/2023\/10\/Geek-Bar-B5000-Disposable-Vape-Wholesale-Box-300x300.jpg 300w, https:\/\/www.vape4wholesale.com\/wp-content\/uploads\/2023\/10\/Geek-Bar-B5000-Disposable-Vape-Wholesale-Box-150x150.jpg 150w\" sizes=\"auto, (max-width: 600px) 100vw, 600px\" \/> <img loading=\"lazy\" decoding=\"async\" class=\"alignnone size-full wp-image-14381\" title=\"Geek Bar B5000 Eldobhat\u00f3 Vape nagykereskedelmi tartalma\" src=\"https:\/\/www.vape4wholesale.com\/wp-content\/uploads\/2023\/10\/Geek-Bar-B5000-Disposable-Vape-Wholesale-Contents.jpg\" alt=\"Geek Bar B5000 Eldobhat\u00f3 Vape nagykereskedelmi tartalma\" width=\"600\" height=\"600\" srcset=\"https:\/\/www.vape4wholesale.com\/wp-content\/uploads\/2023\/10\/Geek-Bar-B5000-Disposable-Vape-Wholesale-Contents.jpg 600w, https:\/\/www.vape4wholesale.com\/wp-content\/uploads\/2023\/10\/Geek-Bar-B5000-Disposable-Vape-Wholesale-Contents-247x247.jpg 247w, https:\/\/www.vape4wholesale.com\/wp-content\/uploads\/2023\/10\/Geek-Bar-B5000-Disposable-Vape-Wholesale-Contents-100x100.jpg 100w, https:\/\/www.vape4wholesale.com\/wp-content\/uploads\/2023\/10\/Geek-Bar-B5000-Disposable-Vape-Wholesale-Contents-510x510.jpg 510w, https:\/\/www.vape4wholesale.com\/wp-content\/uploads\/2023\/10\/Geek-Bar-B5000-Disposable-Vape-Wholesale-Contents-64x64.jpg 64w, https:\/\/www.vape4wholesale.com\/wp-content\/uploads\/2023\/10\/Geek-Bar-B5000-Disposable-Vape-Wholesale-Contents-300x300.jpg 300w, https:\/\/www.vape4wholesale.com\/wp-content\/uploads\/2023\/10\/Geek-Bar-B5000-Disposable-Vape-Wholesale-Contents-150x150.jpg 150w\" sizes=\"auto, (max-width: 600px) 100vw, 600px\" \/> <img loading=\"lazy\" decoding=\"async\" class=\"alignnone size-full wp-image-14379\" title=\"Geek Bar B5000 Eldobhat\u00f3 Vape Nagykereskedelem Blue Razz Lemonade\" src=\"https:\/\/www.vape4wholesale.com\/wp-content\/uploads\/2023\/10\/Geek-Bar-B5000-Disposable-Vape-Wholesale-Blue-Razz-Lemonade.jpg\" alt=\"Geek Bar B5000 Eldobhat\u00f3 Vape Nagykereskedelem Blue Razz Lemonade\" width=\"600\" height=\"600\" srcset=\"https:\/\/www.vape4wholesale.com\/wp-content\/uploads\/2023\/10\/Geek-Bar-B5000-Disposable-Vape-Wholesale-Blue-Razz-Lemonade.jpg 600w, https:\/\/www.vape4wholesale.com\/wp-content\/uploads\/2023\/10\/Geek-Bar-B5000-Disposable-Vape-Wholesale-Blue-Razz-Lemonade-247x247.jpg 247w, https:\/\/www.vape4wholesale.com\/wp-content\/uploads\/2023\/10\/Geek-Bar-B5000-Disposable-Vape-Wholesale-Blue-Razz-Lemonade-100x100.jpg 100w, https:\/\/www.vape4wholesale.com\/wp-content\/uploads\/2023\/10\/Geek-Bar-B5000-Disposable-Vape-Wholesale-Blue-Razz-Lemonade-510x510.jpg 510w, https:\/\/www.vape4wholesale.com\/wp-content\/uploads\/2023\/10\/Geek-Bar-B5000-Disposable-Vape-Wholesale-Blue-Razz-Lemonade-64x64.jpg 64w, https:\/\/www.vape4wholesale.com\/wp-content\/uploads\/2023\/10\/Geek-Bar-B5000-Disposable-Vape-Wholesale-Blue-Razz-Lemonade-300x300.jpg 300w, https:\/\/www.vape4wholesale.com\/wp-content\/uploads\/2023\/10\/Geek-Bar-B5000-Disposable-Vape-Wholesale-Blue-Razz-Lemonade-150x150.jpg 150w\" sizes=\"auto, (max-width: 600px) 100vw, 600px\" \/><\/p>","protected":false},"excerpt":{"rendered":"[scf-template id=&#8217;11434&#8242;]\n","protected":false},"featured_media":14428,"comment_status":"open","ping_status":"closed","template":"","meta":[],"pwb-brand":[1282],"product_cat":[869],"product_tag":[22,24,68,177,189],"class_list":{"0":"post-14377","1":"product","2":"type-product","3":"status-publish","4":"has-post-thumbnail","6":"pwb-brand-geekbar","7":"product_cat-5000-8000-puffs","8":"product_tag-disposable","9":"product_tag-wholesale","10":"product_tag-geek-bar","11":"product_tag-14-0ml","12":"product_tag-5000-puffs","14":"first","15":"outofstock","16":"shipping-taxable","17":"purchasable","18":"product-type-variable"},"aioseo_notices":[],"brands":[{"id":1282,"name":"Geekbar","slug":"geekbar"}],"_links":{"self":[{"href":"https:\/\/www.vape4wholesale.com\/hu\/wp-json\/wp\/v2\/product\/14377","targetHints":{"allow":["GET"]}}],"collection":[{"href":"https:\/\/www.vape4wholesale.com\/hu\/wp-json\/wp\/v2\/product"}],"about":[{"href":"https:\/\/www.vape4wholesale.com\/hu\/wp-json\/wp\/v2\/types\/product"}],"replies":[{"embeddable":true,"href":"https:\/\/www.vape4wholesale.com\/hu\/wp-json\/wp\/v2\/comments?post=14377"}],"wp:featuredmedia":[{"embeddable":true,"href":"https:\/\/www.vape4wholesale.com\/hu\/wp-json\/wp\/v2\/media\/14428"}],"wp:attachment":[{"href":"https:\/\/www.vape4wholesale.com\/hu\/wp-json\/wp\/v2\/media?parent=14377"}],"wp:term":[{"taxonomy":"pwb-brand","embeddable":true,"href":"https:\/\/www.vape4wholesale.com\/hu\/wp-json\/wp\/v2\/pwb-brand?post=14377"},{"taxonomy":"product_cat","embeddable":true,"href":"https:\/\/www.vape4wholesale.com\/hu\/wp-json\/wp\/v2\/product_cat?post=14377"},{"taxonomy":"product_tag","embeddable":true,"href":"https:\/\/www.vape4wholesale.com\/hu\/wp-json\/wp\/v2\/product_tag?post=14377"}],"curies":[{"name":"wp","href":"https:\/\/api.w.org\/{rel}","templated":true}]}}