{"id":14303,"date":"2025-07-05T09:39:15","date_gmt":"2025-07-05T09:39:15","guid":{"rendered":"https:\/\/www.vape4wholesale.com\/?post_type=product&#038;p=14303"},"modified":"2026-03-30T11:13:04","modified_gmt":"2026-03-30T03:13:04","slug":"fumot-digitalis-doboz-12000-eldobhato-vape-nagykereskedelem-2","status":"publish","type":"product","link":"https:\/\/www.vape4wholesale.com\/hu\/product\/fumot-digital-box-12000-disposable-vape-wholesale","title":{"rendered":"Fumot digit\u00e1lis doboz 12000 eldobhat\u00f3 Vape nagykereskedelem"},"content":{"rendered":"<p>a Fumot Digital Box 12000 egy vape k\u00e9sz\u00fcl\u00e9k akkumul\u00e1tor \u00e9s ejuice szint kijelz\u0151vel, \u00e9s \u00fajrat\u00f6lthet\u0151. Tartalmaz 20ml 0\/2\/3\/5% nikotinsavas e-nedvet \u00e9s ak\u00e1r 12000 puffot is sz\u00edvhat. A k\u00e9sz\u00fcl\u00e9kben 12 \u00edz k\u00f6z\u00fcl v\u00e1laszthatsz. Az akkumul\u00e1tor \u00e9s az ejuice displayl seg\u00edts\u00e9g\u00e9vel nyomon k\u00f6vetheti a k\u00e9sz\u00fcl\u00e9k val\u00f3s idej\u0171 \u00e1llapot\u00e1t, valamint a k\u00e9sz\u00fcl\u00e9k alj\u00e1n tal\u00e1lhat\u00f3 \u00fajrat\u00f6lthet\u0151 C t\u00edpus\u00fa porttal rendelkezik, amely garant\u00e1lja, hogy mindig befejezi az utols\u00f3 csepp e juice-t a tart\u00e1lyban.<\/p>\n<p>Minden egyes Digital Box 12000 eldobhat\u00f3 Vape Pod 20ml-t tartalmaz, amely ak\u00e1r 12000 puffol\u00e1sig is kitart. Ez a vape eszk\u00f6z be\u00e9p\u00edtett 850mAh \u00fajrat\u00f6lthet\u0151 akkumul\u00e1torral \u00e9s egy C t\u00edpus\u00fa t\u00f6lt\u0151porttal rendelkezik az alj\u00e1n. G\u0151z\u00f6l\u00e9s k\u00f6zben 6 RGB f\u00e9nyt jelen\u00edt meg, ami annyira men\u0151v\u00e9 teszi a s\u00f6t\u00e9tben. A l\u00e9g\u00e1raml\u00e1s-szab\u00e1lyoz\u00f3 kapcsol\u00f3 szabadon be- \u00e9s kikapcsolhat\u00f3, \u00edgy tetsz\u00e9s szerint szab\u00e1lyozhatja a f\u00fcst m\u00e9ret\u00e9t.<\/p>\n<h2><b data-stringify-type=\"bold\">Fumot Digital Box 12000 Eldobhat\u00f3 Vape Jellemz\u0151k:<\/b><\/h2>\n<ul>\n<li>M\u00e1rka: Fumot<\/li>\n<li>T\u00edpus: Digit\u00e1lis doboz<\/li>\n<li>Puffok: 12000 Puffok<\/li>\n<li>Nikotin: 0, 2%, 3%, 5%<\/li>\n<li>Megjelen\u00edt\u00e9s: E-folyad\u00e9k \u00e9s akkumul\u00e1tor<\/li>\n<li>E-juice Kapacit\u00e1s: 20ML<\/li>\n<li>Akkumul\u00e1tor: 850mAh ( \u00fajrat\u00f6lthet\u0151 )<\/li>\n<li>T\u00f6lt\u0151port: C t\u00edpus<\/li>\n<\/ul>\n<h2><b data-stringify-type=\"bold\">Kaphat\u00f3 \u00edzek:<\/b><\/h2>\n<p>1 h\u0171v\u00f6s menta<br \/>\n2 g\u00f6r\u00f6gdinnye j\u00e9g<br \/>\n3 Grape Ice<br \/>\n4 \u00e1fonya m\u00e1lna<br \/>\n5 Eper g\u00f6r\u00f6gdinnye<br \/>\n6 Eper ban\u00e1n<br \/>\n7 buja j\u00e9g<br \/>\n8 cseresznye<br \/>\n9 Eper j\u00e9g<br \/>\n10 Ice Pop<br \/>\n11 R\u00f3zsasz\u00edn limon\u00e1d\u00e9<br \/>\n12 Mang\u00f3 j\u00e9gen<br \/>\n13 Vegyes bogy\u00f3s gy\u00fcm\u00f6lcs\u00f6k<br \/>\n14 epres f\u00e1nk<br \/>\n15 eper sz\u0151l\u0151<br \/>\n16 Cherry Cola<br \/>\n17 Dr. k\u00e9k<br \/>\n18 \u00c1fonya j\u00e9gen<br \/>\n19 Kiwi maracuja guava<br \/>\n20 Eper kiwi<br \/>\n21 Barack mang\u00f3<br \/>\n22 Barack j\u00e9g<br \/>\n23 Piros alma j\u00e9g<br \/>\n24 \u00c1fony\u00e1s r\u00e1g\u00f3gumi<br \/>\n25 Bogy\u00f3s limon\u00e1d\u00e9<br \/>\n26 K\u00e9k razz limon\u00e1d\u00e9<br \/>\n27 Bluesour m\u00e1lna<br \/>\n28 Eper Red bull<br \/>\n29 Alma bogy\u00f3s bomba<br \/>\n30 G\u00f6r\u00f6gdinny\u00e9s r\u00e1g\u00f3gumi<br \/>\n31 M\u00e1lna g\u00f6r\u00f6gdinnye<br \/>\n32 Fekete j\u00e9g<br \/>\n33 \u00c1fonya cseresznye \u00e1fonya<br \/>\n34 Epres pompa (gr\u00e1n\u00e1talma)<br \/>\n35 Vimto<br \/>\n36 Cseresznye bogy\u00f3<br \/>\n37 Citrom \u00e9s lime<br \/>\n38 Bingo Crush<br \/>\n39 \u00c1fonya kiwi<br \/>\n40 alma fah\u00e9j<br \/>\n41 Ban\u00e1n j\u00e9g<br \/>\n42 S\u00e1rk\u00e1nygy\u00fcm\u00f6lcs j\u00e9g<br \/>\n43 Gy\u00fcm\u00f6lcs\u00f6s f\u00fazi\u00f3<br \/>\n44 Sz\u0151l\u0151 menta<br \/>\n45 Szerelem 66<br \/>\n46 Anan\u00e1sz j\u00e9g<br \/>\n47 Red Energy Ice<br \/>\n48 K\u00e9t alma<br \/>\n49 Doh\u00e1ny<br \/>\n50 k\u00f3la j\u00e9g<br \/>\n51 jeges tea citrom<br \/>\n52 lceTea Peach lce<br \/>\n53 K\u00e9k M\u00e1lna Gumi Medve<\/p>\n<h2><strong>Csomagol\u00e1s \u00e9s s\u00faly:<\/strong><\/h2>\n<ul>\n<li>0,095 KG\/PCS, kis kiszerel\u00e9s\u0171, egy darabos csomagol\u00e1ssal<\/li>\n<li>10 db k\u00f6zepes dobozban<\/li>\n<li>200 db gy\u0171jt\u0151kartonban<\/li>\n<\/ul>\n<figure id=\"attachment_26804\" aria-describedby=\"caption-attachment-26804\" style=\"width: 800px\" class=\"wp-caption alignnone\"><img loading=\"lazy\" decoding=\"async\" class=\"size-full wp-image-26804\" title=\"Fumot Digital 12000 Eldobhat\u00f3 Vape nagykereskedelmi Ice Pop\" src=\"https:\/\/www.vape4wholesale.com\/wp-content\/uploads\/2023\/10\/Fumot-Digital-12000-Disposable-Vape-Wholesale-Ice-Pop-1.jpg\" alt=\"Fumot Digital 12000 Eldobhat\u00f3 Vape nagykereskedelmi Ice Pop\" width=\"800\" height=\"800\" srcset=\"https:\/\/www.vape4wholesale.com\/wp-content\/uploads\/2023\/10\/Fumot-Digital-12000-Disposable-Vape-Wholesale-Ice-Pop-1.jpg 800w, https:\/\/www.vape4wholesale.com\/wp-content\/uploads\/2023\/10\/Fumot-Digital-12000-Disposable-Vape-Wholesale-Ice-Pop-1-300x300.jpg 300w, https:\/\/www.vape4wholesale.com\/wp-content\/uploads\/2023\/10\/Fumot-Digital-12000-Disposable-Vape-Wholesale-Ice-Pop-1-150x150.jpg 150w, https:\/\/www.vape4wholesale.com\/wp-content\/uploads\/2023\/10\/Fumot-Digital-12000-Disposable-Vape-Wholesale-Ice-Pop-1-768x768.jpg 768w, https:\/\/www.vape4wholesale.com\/wp-content\/uploads\/2023\/10\/Fumot-Digital-12000-Disposable-Vape-Wholesale-Ice-Pop-1-12x12.jpg 12w, https:\/\/www.vape4wholesale.com\/wp-content\/uploads\/2023\/10\/Fumot-Digital-12000-Disposable-Vape-Wholesale-Ice-Pop-1-247x247.jpg 247w, https:\/\/www.vape4wholesale.com\/wp-content\/uploads\/2023\/10\/Fumot-Digital-12000-Disposable-Vape-Wholesale-Ice-Pop-1-510x510.jpg 510w, https:\/\/www.vape4wholesale.com\/wp-content\/uploads\/2023\/10\/Fumot-Digital-12000-Disposable-Vape-Wholesale-Ice-Pop-1-100x100.jpg 100w\" sizes=\"auto, (max-width: 800px) 100vw, 800px\" \/><figcaption id=\"caption-attachment-26804\" class=\"wp-caption-text\">Fumot Digital 12000 Eldobhat\u00f3 Vape Nagykereskedelem<\/figcaption><\/figure>\n<h2>MI\u00c9RT MI?<\/h2>\r\n<ul>\r\n<li>Val\u00f3di, megb\u00edzhat\u00f3 \u00e9s professzion\u00e1lis vape forr\u00e1s.<\/li>\r\n<li>100% Eredeti garancia: Csak eredeti \u00e9s val\u00f3di term\u00e9keket biztos\u00edtunk, elutas\u00edtjuk a hamis\u00edt\u00e1st.<\/li>\r\n<li>100% Sz\u00e1ll\u00edt\u00e1si garancia: A legjobb sz\u00e1ll\u00edt\u00e1si m\u00f3dszerrel biztos\u00edtjuk, hogy \u00d6n megkapja a 100% megrendel\u00e9st.<\/li>\r\n<li>A sz\u00e1ll\u00edt\u00e1s ut\u00e1n megadjuk \u00d6nnek a nyomon k\u00f6vet\u00e9si sz\u00e1mot \u00e9s a sz\u00e1ll\u00edt\u00e1si c\u00edmk\u00e9t, \u00e9s nyomon k\u00f6vetj\u00fck az \u00e1rut az \u00d6n sz\u00e1m\u00e1ra, am\u00edg al\u00e1 nem \u00edrja azt.<\/li>\r\n<li>Nincsenek v\u00e1mprobl\u00e9m\u00e1k, nincsenek v\u00e1mok<\/li>\r\n<\/ul>","protected":false},"excerpt":{"rendered":"<div class=\"wsppc_div_block woocommerce_before_add_to_cart_form\">\r\n<p><strong><span style=\"color: #00a859;\">V\u00e1mvizsg\u00e1lat<\/span> sz\u00e1ll\u00edt\u00e1s el\u0151tt \u00e9s 100% Sz\u00e1ll\u00edt\u00e1si garancia, Sz\u00e1ll\u00edt\u00e1s kb. 19-25 napon bel\u00fcl.\u00a0<\/strong><\/p>\r\n<\/div>","protected":false},"featured_media":26804,"comment_status":"open","ping_status":"closed","template":"","meta":[],"pwb-brand":[1269],"product_cat":[871],"product_tag":[22,24,172,556,592],"class_list":{"0":"post-14303","1":"product","2":"type-product","3":"status-publish","4":"has-post-thumbnail","6":"pwb-brand-fumot","7":"product_cat-10-15k-puffs","8":"product_tag-disposable","9":"product_tag-wholesale","10":"product_tag-20-0ml","11":"product_tag-12000-puffs","12":"product_tag-fumot","13":"wcpa_has_options","15":"first","16":"instock","17":"featured","18":"shipping-taxable","19":"purchasable","20":"product-type-variable"},"aioseo_notices":[],"brands":[{"id":1269,"name":"Fumot","slug":"fumot"}],"_links":{"self":[{"href":"https:\/\/www.vape4wholesale.com\/hu\/wp-json\/wp\/v2\/product\/14303","targetHints":{"allow":["GET"]}}],"collection":[{"href":"https:\/\/www.vape4wholesale.com\/hu\/wp-json\/wp\/v2\/product"}],"about":[{"href":"https:\/\/www.vape4wholesale.com\/hu\/wp-json\/wp\/v2\/types\/product"}],"replies":[{"embeddable":true,"href":"https:\/\/www.vape4wholesale.com\/hu\/wp-json\/wp\/v2\/comments?post=14303"}],"wp:featuredmedia":[{"embeddable":true,"href":"https:\/\/www.vape4wholesale.com\/hu\/wp-json\/wp\/v2\/media\/26804"}],"wp:attachment":[{"href":"https:\/\/www.vape4wholesale.com\/hu\/wp-json\/wp\/v2\/media?parent=14303"}],"wp:term":[{"taxonomy":"pwb-brand","embeddable":true,"href":"https:\/\/www.vape4wholesale.com\/hu\/wp-json\/wp\/v2\/pwb-brand?post=14303"},{"taxonomy":"product_cat","embeddable":true,"href":"https:\/\/www.vape4wholesale.com\/hu\/wp-json\/wp\/v2\/product_cat?post=14303"},{"taxonomy":"product_tag","embeddable":true,"href":"https:\/\/www.vape4wholesale.com\/hu\/wp-json\/wp\/v2\/product_tag?post=14303"}],"curies":[{"name":"wp","href":"https:\/\/api.w.org\/{rel}","templated":true}]}}