{"id":13984,"date":"2023-07-06T00:00:58","date_gmt":"2023-07-05T16:00:58","guid":{"rendered":"https:\/\/www.vape4wholesale.com\/?post_type=product&#038;p=13984"},"modified":"2026-01-26T13:42:31","modified_gmt":"2026-01-26T13:42:31","slug":"bang-king-12000-puffs-eldobhato-vape-nagykereskedelem","status":"publish","type":"product","link":"https:\/\/www.vape4wholesale.com\/hu\/product\/bang-king-12000-puffs-disposable-vape-wholesale","title":{"rendered":"Bang King 12000 Puffs Eldobhat\u00f3 Vape nagykereskedelem"},"content":{"rendered":"<p>A Bang King 12000 egy szil\u00e1rd \u00e9s hatalmas eldobhat\u00f3 vape, amely n\u00e9pszer\u0171v\u00e9 v\u00e1lt a rendk\u00edv\u00fcli kapacit\u00e1s, az \u00edzl\u00e9ses teljes\u00edtm\u00e9ny \u00e9s az \u00e9rz\u00e9kek sz\u00e9les v\u00e1laszt\u00e9ka miatt. Sok rajong\u00f3 \u00fagy v\u00e9li, hogy a Bang Vape m\u00e1rka a legjobb \u00e9rz\u00e9kszerveket k\u00edn\u00e1lja a piacon.<\/p>\n<p>A Bang King 12000 10 \u00edzb\u0151l \u00e1ll\u00f3 v\u00e1laszt\u00e9kot k\u00edn\u00e1l, 5%, 3% \u00e9s 0% opci\u00f3ban. \u00e9s a Bang King 12000 elk\u00e9peszt\u0151, 23 ml-es e-folyad\u00e9k kapacit\u00e1ssal \u00e9s ak\u00e1r 12000 puffol\u00e1ssal rendelkezik. Ezt a k\u00e9sz\u00fcl\u00e9ket egy 650 mAh \u00fajrahasznos\u00edthat\u00f3 akkumul\u00e1tor hajtja, amely egy nagy teljes\u00edtm\u00e9ny\u0171 h\u00e1l\u00f3s tekercsrendszert ind\u00edt be.<\/p>\n<h2><strong>Bang King 12000 Puffs Eldobhat\u00f3 Vape specifik\u00e1ci\u00f3<\/strong><\/h2>\n<ul>\n<li>Puff: 12000<\/li>\n<li>Foly\u00e9kony: 23ml<\/li>\n<li>Nikotin: 0%\/ 3%\/ 5%<\/li>\n<li>Akkumul\u00e1tor: 650mAh Type-C<\/li>\n<li>T\u00edpusok: eldobhat\u00f3<\/li>\n<li>S\u00faly: 110g\/db<\/li>\n<li>Csomagdoboz: doboz: 10 darab\/doboz<\/li>\n<\/ul>\n<p>&nbsp;<\/p>\n<div>\n<div class=\"wmkc-template-12\">\n<h2 class=\"wmkc-white\"><strong>Term\u00e9kek \u00cdzek<\/strong><\/h2>\n<\/div>\n<ol>\n<li>Anan\u00e1szos k\u00f3kuszos j\u00e9g<\/li>\n<li>G\u00f6r\u00f6gdinnye r\u00e1g\u00f3gumi<\/li>\n<li>H\u00e1romszoros bogy\u00f3s j\u00e9g<\/li>\n<li>Barack j\u00e9g<\/li>\n<li>Gr\u00e1n\u00e1talma<\/li>\n<li>K\u00e9k j\u00e9g<\/li>\n<li>Epres g\u00f6r\u00f6gdinnye<\/li>\n<li>Dinnye menta<\/li>\n<li>Sziv\u00e1rv\u00e1nyos sherbert<\/li>\n<li>eper mang\u00f3<\/li>\n<\/ol>\n<h2><strong>Csomagol\u00e1s r\u00e9szletei<\/strong><\/h2>\n<ul>\n<li>10 PCS\/ kijelz\u0151doboz<\/li>\n<li>200 PCS \/ Master Carton \/ 24kg<\/li>\n<\/ul>\n<p><img loading=\"lazy\" decoding=\"async\" class=\"alignnone size-full wp-image-13993\" title=\"Bang King 12000 Puffs Eldobhat\u00f3 Vape\" src=\"https:\/\/www.vape4wholesale.com\/wp-content\/uploads\/2023\/07\/Bang-King-12000-Puffs-Disposable-Vape.jpg\" alt=\"Bang King 12000 Puffs Eldobhat\u00f3 Vape\" width=\"1707\" height=\"1280\" srcset=\"https:\/\/www.vape4wholesale.com\/wp-content\/uploads\/2023\/07\/Bang-King-12000-Puffs-Disposable-Vape.jpg 1707w, https:\/\/www.vape4wholesale.com\/wp-content\/uploads\/2023\/07\/Bang-King-12000-Puffs-Disposable-Vape-510x382.jpg 510w, https:\/\/www.vape4wholesale.com\/wp-content\/uploads\/2023\/07\/Bang-King-12000-Puffs-Disposable-Vape-64x48.jpg 64w, https:\/\/www.vape4wholesale.com\/wp-content\/uploads\/2023\/07\/Bang-King-12000-Puffs-Disposable-Vape-300x225.jpg 300w, https:\/\/www.vape4wholesale.com\/wp-content\/uploads\/2023\/07\/Bang-King-12000-Puffs-Disposable-Vape-1024x768.jpg 1024w, https:\/\/www.vape4wholesale.com\/wp-content\/uploads\/2023\/07\/Bang-King-12000-Puffs-Disposable-Vape-768x576.jpg 768w, https:\/\/www.vape4wholesale.com\/wp-content\/uploads\/2023\/07\/Bang-King-12000-Puffs-Disposable-Vape-1536x1152.jpg 1536w\" sizes=\"auto, (max-width: 1707px) 100vw, 1707px\" \/><\/p>\n<\/div>","protected":false},"excerpt":{"rendered":"[scf-template id=&#8217;11434&#8242;]\n","protected":false},"featured_media":13992,"comment_status":"open","ping_status":"closed","template":"","meta":[],"pwb-brand":[1275],"product_cat":[869],"product_tag":[22,24,249,556,557],"class_list":{"0":"post-13984","1":"product","2":"type-product","3":"status-publish","4":"has-post-thumbnail","6":"pwb-brand-bang","7":"product_cat-5000-8000-puffs","8":"product_tag-disposable","9":"product_tag-wholesale","10":"product_tag-bang","11":"product_tag-12000-puffs","12":"product_tag-23-0ml","13":"wcpa_has_options","15":"first","16":"outofstock","17":"shipping-taxable","18":"purchasable","19":"product-type-variable"},"aioseo_notices":[],"brands":[{"id":1275,"name":"Bang","slug":"bang"}],"_links":{"self":[{"href":"https:\/\/www.vape4wholesale.com\/hu\/wp-json\/wp\/v2\/product\/13984","targetHints":{"allow":["GET"]}}],"collection":[{"href":"https:\/\/www.vape4wholesale.com\/hu\/wp-json\/wp\/v2\/product"}],"about":[{"href":"https:\/\/www.vape4wholesale.com\/hu\/wp-json\/wp\/v2\/types\/product"}],"replies":[{"embeddable":true,"href":"https:\/\/www.vape4wholesale.com\/hu\/wp-json\/wp\/v2\/comments?post=13984"}],"wp:featuredmedia":[{"embeddable":true,"href":"https:\/\/www.vape4wholesale.com\/hu\/wp-json\/wp\/v2\/media\/13992"}],"wp:attachment":[{"href":"https:\/\/www.vape4wholesale.com\/hu\/wp-json\/wp\/v2\/media?parent=13984"}],"wp:term":[{"taxonomy":"pwb-brand","embeddable":true,"href":"https:\/\/www.vape4wholesale.com\/hu\/wp-json\/wp\/v2\/pwb-brand?post=13984"},{"taxonomy":"product_cat","embeddable":true,"href":"https:\/\/www.vape4wholesale.com\/hu\/wp-json\/wp\/v2\/product_cat?post=13984"},{"taxonomy":"product_tag","embeddable":true,"href":"https:\/\/www.vape4wholesale.com\/hu\/wp-json\/wp\/v2\/product_tag?post=13984"}],"curies":[{"name":"wp","href":"https:\/\/api.w.org\/{rel}","templated":true}]}}