{"id":10561,"date":"2023-06-19T15:14:57","date_gmt":"2023-06-19T07:14:57","guid":{"rendered":"https:\/\/www.vape4wholesale.com\/?post_type=product&#038;p=10561"},"modified":"2026-01-26T13:42:38","modified_gmt":"2026-01-26T13:42:38","slug":"elf-bar-te5000-eldobhato-vape-nagykereskedelem","status":"publish","type":"product","link":"https:\/\/www.vape4wholesale.com\/hu\/product\/elf-bar-te5000-disposable-vape-wholesale","title":{"rendered":"Elf Bar TE5000 Eldobhat\u00f3 Vape nagykereskedelem"},"content":{"rendered":"<p>A <strong><a title=\"Man\u00f3 b\u00e1r\" href=\"https:\/\/www.vape4wholesale.com\/hu\/product_brand\/elf-bar\/\">Man\u00f3 b\u00e1r<\/a> TE5000<\/strong> Az eldobhat\u00f3 vape egy szemet gy\u00f6ny\u00f6rk\u00f6dtet\u0151 eldobhat\u00f3 eszk\u00f6z, amely f\u00e9m aljjal \u00e9s \u00e1tl\u00e1tsz\u00f3 k\u00fcls\u0151 h\u00e9jjal rendelkezik. H\u00e1l\u00f3s tekercset haszn\u00e1l az \u00edzletesebb p\u00e1rologtat\u00e1si \u00e9lm\u00e9ny \u00e9rdek\u00e9ben, \u00e9s az als\u00f3 USB Type-C porton kereszt\u00fcl is t\u00f6lthet\u0151. Ennek az eldobhat\u00f3 e-ciginek az egyik egyed\u00fcl\u00e1ll\u00f3 tulajdons\u00e1ga, hogy p\u00e1rolg\u00e1s k\u00f6zben gyakorlatilag hangtalan. A k\u00e9sz\u00fcl\u00e9k 50 mg nikotinsavas e-levesekkel el\u0151re felt\u00f6ltve \u00e9rkezik, \u00e9s sz\u00e1mos \u00edzletes \u00edz k\u00f6z\u00fcl v\u00e1laszthat.<\/p>\n<h2>Elf Bar TE5000 Eldobhat\u00f3 Vape specifik\u00e1ci\u00f3k<\/h2>\n<ul>\n<li>13,5 ml e-cigarett\u00e1nk\u00e9nt<\/li>\n<li>5% nikotin t\u00f6megsz\u00e1zal\u00e9kban (50mg\/ml)<\/li>\n<li>K\u00f6r\u00fclbel\u00fcl 5000 slukk k\u00e9sz\u00fcl\u00e9kenk\u00e9nt<\/li>\n<li>550 bels\u0151 \u00fajrat\u00f6lthet\u0151 akkumul\u00e1tor<\/li>\n<li>48mm x 42mm x 22mm m\u00e9retek<\/li>\n<li>S\u00f3s nikkel e-levekkel k\u00e9sz\u00fclt<\/li>\n<li>El\u0151re felt\u00f6lt\u00f6tt \u00e9s el\u0151re felt\u00f6lt\u00f6tt<\/li>\n<li>Made in China<\/li>\n<li>H\u00e1l\u00f3 tekercs<\/li>\n<li>Csendes p\u00e1rolg\u00e1s<\/li>\n<li>USB Type-C t\u00f6lt\u0151port<\/li>\n<li>Als\u00f3 LED f\u00e9ny<\/li>\n<\/ul>\n<h2>\u00cdzek<\/h2>\n<p>Alma barack<br \/>\n\u00c1fonya j\u00e9g<br \/>\nK\u00e9k Razz j\u00e9g<br \/>\nBlue Razz limon\u00e1d\u00e9<br \/>\nVattacukor<br \/>\nEnergia<br \/>\nSz\u0151l\u0151<br \/>\nL\u00e9d\u00fas barack<br \/>\nKiwi Golgotavir\u00e1g Guava<br \/>\nAnan\u00e1sz Mang\u00f3 Narancs<br \/>\nEper ban\u00e1n<br \/>\nEper j\u00e9g<br \/>\nEper fagylalt<br \/>\nVan\u00edlia fagylalt<br \/>\nG\u00f6r\u00f6gdinnye j\u00e9g<\/p>\n<p><img loading=\"lazy\" decoding=\"async\" class=\"alignnone size-full wp-image-11544\" title=\"Elf Bar TE5000 eldobhat\u00f3 vape nagykereskedelmi Apple Peach\" src=\"https:\/\/www.vape4wholesale.com\/wp-content\/uploads\/2023\/06\/Elf-Bar-TE5000-Disposable-Vape-Wholesale-Apple-Peach.jpg\" alt=\"Elf Bar TE5000 eldobhat\u00f3 vape nagykereskedelmi Apple Peach\" width=\"720\" height=\"906\" srcset=\"https:\/\/www.vape4wholesale.com\/wp-content\/uploads\/2023\/06\/Elf-Bar-TE5000-Disposable-Vape-Wholesale-Apple-Peach.jpg 720w, https:\/\/www.vape4wholesale.com\/wp-content\/uploads\/2023\/06\/Elf-Bar-TE5000-Disposable-Vape-Wholesale-Apple-Peach-510x642.jpg 510w, https:\/\/www.vape4wholesale.com\/wp-content\/uploads\/2023\/06\/Elf-Bar-TE5000-Disposable-Vape-Wholesale-Apple-Peach-64x81.jpg 64w, https:\/\/www.vape4wholesale.com\/wp-content\/uploads\/2023\/06\/Elf-Bar-TE5000-Disposable-Vape-Wholesale-Apple-Peach-238x300.jpg 238w\" sizes=\"auto, (max-width: 720px) 100vw, 720px\" \/> <img loading=\"lazy\" decoding=\"async\" class=\"alignnone size-full wp-image-11545\" title=\"Elf Bar TE5000 eldobhat\u00f3 vape nagykereskedelmi k\u00e9k Razz Lemonda\" src=\"https:\/\/www.vape4wholesale.com\/wp-content\/uploads\/2023\/06\/Elf-Bar-TE5000-Disposable-Vape-Wholesale-Blue-Razz-Lemonda.jpg\" alt=\"Elf Bar TE5000 eldobhat\u00f3 vape nagykereskedelmi k\u00e9k Razz Lemonda\" width=\"720\" height=\"906\" srcset=\"https:\/\/www.vape4wholesale.com\/wp-content\/uploads\/2023\/06\/Elf-Bar-TE5000-Disposable-Vape-Wholesale-Blue-Razz-Lemonda.jpg 720w, https:\/\/www.vape4wholesale.com\/wp-content\/uploads\/2023\/06\/Elf-Bar-TE5000-Disposable-Vape-Wholesale-Blue-Razz-Lemonda-510x642.jpg 510w, https:\/\/www.vape4wholesale.com\/wp-content\/uploads\/2023\/06\/Elf-Bar-TE5000-Disposable-Vape-Wholesale-Blue-Razz-Lemonda-64x81.jpg 64w, https:\/\/www.vape4wholesale.com\/wp-content\/uploads\/2023\/06\/Elf-Bar-TE5000-Disposable-Vape-Wholesale-Blue-Razz-Lemonda-238x300.jpg 238w\" sizes=\"auto, (max-width: 720px) 100vw, 720px\" \/> <img loading=\"lazy\" decoding=\"async\" class=\"alignnone size-full wp-image-11546\" title=\"Elf Bar TE5000 Eldobhat\u00f3 Vape Nagykeresked\u00e9s Blueberry Ice\" src=\"https:\/\/www.vape4wholesale.com\/wp-content\/uploads\/2023\/06\/Elf-Bar-TE5000-Disposable-Vape-Wholesale-Blueberry-Ice.jpg\" alt=\"Elf Bar TE5000 Eldobhat\u00f3 Vape Nagykeresked\u00e9s Blueberry Ice\" width=\"720\" height=\"907\" srcset=\"https:\/\/www.vape4wholesale.com\/wp-content\/uploads\/2023\/06\/Elf-Bar-TE5000-Disposable-Vape-Wholesale-Blueberry-Ice.jpg 720w, https:\/\/www.vape4wholesale.com\/wp-content\/uploads\/2023\/06\/Elf-Bar-TE5000-Disposable-Vape-Wholesale-Blueberry-Ice-510x642.jpg 510w, https:\/\/www.vape4wholesale.com\/wp-content\/uploads\/2023\/06\/Elf-Bar-TE5000-Disposable-Vape-Wholesale-Blueberry-Ice-64x81.jpg 64w, https:\/\/www.vape4wholesale.com\/wp-content\/uploads\/2023\/06\/Elf-Bar-TE5000-Disposable-Vape-Wholesale-Blueberry-Ice-238x300.jpg 238w\" sizes=\"auto, (max-width: 720px) 100vw, 720px\" \/> <img loading=\"lazy\" decoding=\"async\" class=\"alignnone size-full wp-image-11547\" title=\"Elf Bar TE5000 Eldobhat\u00f3 Vape nagykereskedelmi vattacukor\" src=\"https:\/\/www.vape4wholesale.com\/wp-content\/uploads\/2023\/06\/Elf-Bar-TE5000-Disposable-Vape-Wholesale-Cotton-Candy.jpg\" alt=\"Elf Bar TE5000 Eldobhat\u00f3 Vape nagykereskedelmi vattacukor\" width=\"720\" height=\"906\" srcset=\"https:\/\/www.vape4wholesale.com\/wp-content\/uploads\/2023\/06\/Elf-Bar-TE5000-Disposable-Vape-Wholesale-Cotton-Candy.jpg 720w, https:\/\/www.vape4wholesale.com\/wp-content\/uploads\/2023\/06\/Elf-Bar-TE5000-Disposable-Vape-Wholesale-Cotton-Candy-510x642.jpg 510w, https:\/\/www.vape4wholesale.com\/wp-content\/uploads\/2023\/06\/Elf-Bar-TE5000-Disposable-Vape-Wholesale-Cotton-Candy-64x81.jpg 64w, https:\/\/www.vape4wholesale.com\/wp-content\/uploads\/2023\/06\/Elf-Bar-TE5000-Disposable-Vape-Wholesale-Cotton-Candy-238x300.jpg 238w\" sizes=\"auto, (max-width: 720px) 100vw, 720px\" \/> <img loading=\"lazy\" decoding=\"async\" class=\"alignnone size-full wp-image-11548\" title=\"Elf Bar TE5000 Eldobhat\u00f3 Vape nagykereskedelmi energia\" src=\"https:\/\/www.vape4wholesale.com\/wp-content\/uploads\/2023\/06\/Elf-Bar-TE5000-Disposable-Vape-Wholesale-Energy.jpg\" alt=\"Elf Bar TE5000 Eldobhat\u00f3 Vape nagykereskedelmi energia\" width=\"720\" height=\"907\" srcset=\"https:\/\/www.vape4wholesale.com\/wp-content\/uploads\/2023\/06\/Elf-Bar-TE5000-Disposable-Vape-Wholesale-Energy.jpg 720w, https:\/\/www.vape4wholesale.com\/wp-content\/uploads\/2023\/06\/Elf-Bar-TE5000-Disposable-Vape-Wholesale-Energy-510x642.jpg 510w, https:\/\/www.vape4wholesale.com\/wp-content\/uploads\/2023\/06\/Elf-Bar-TE5000-Disposable-Vape-Wholesale-Energy-64x81.jpg 64w, https:\/\/www.vape4wholesale.com\/wp-content\/uploads\/2023\/06\/Elf-Bar-TE5000-Disposable-Vape-Wholesale-Energy-238x300.jpg 238w\" sizes=\"auto, (max-width: 720px) 100vw, 720px\" \/> <img loading=\"lazy\" decoding=\"async\" class=\"alignnone size-full wp-image-11549\" title=\"Elf Bar TE5000 eldobhat\u00f3 vape nagykereskedelem sz\u0151l\u0151\" src=\"https:\/\/www.vape4wholesale.com\/wp-content\/uploads\/2023\/06\/Elf-Bar-TE5000-Disposable-Vape-Wholesale-Grape.jpg\" alt=\"Elf Bar TE5000 eldobhat\u00f3 vape nagykereskedelem sz\u0151l\u0151\" width=\"720\" height=\"907\" srcset=\"https:\/\/www.vape4wholesale.com\/wp-content\/uploads\/2023\/06\/Elf-Bar-TE5000-Disposable-Vape-Wholesale-Grape.jpg 720w, https:\/\/www.vape4wholesale.com\/wp-content\/uploads\/2023\/06\/Elf-Bar-TE5000-Disposable-Vape-Wholesale-Grape-510x642.jpg 510w, https:\/\/www.vape4wholesale.com\/wp-content\/uploads\/2023\/06\/Elf-Bar-TE5000-Disposable-Vape-Wholesale-Grape-64x81.jpg 64w, https:\/\/www.vape4wholesale.com\/wp-content\/uploads\/2023\/06\/Elf-Bar-TE5000-Disposable-Vape-Wholesale-Grape-238x300.jpg 238w\" sizes=\"auto, (max-width: 720px) 100vw, 720px\" \/> <img loading=\"lazy\" decoding=\"async\" class=\"alignnone size-full wp-image-11550\" title=\"Elf Bar TE5000 eldobhat\u00f3 vape nagykereskedelem Juicy Peach\" src=\"https:\/\/www.vape4wholesale.com\/wp-content\/uploads\/2023\/06\/Elf-Bar-TE5000-Disposable-Vape-Wholesale-Juicy-Peach.jpg\" alt=\"Elf Bar TE5000 eldobhat\u00f3 vape nagykereskedelem Juicy Peach\" width=\"720\" height=\"906\" srcset=\"https:\/\/www.vape4wholesale.com\/wp-content\/uploads\/2023\/06\/Elf-Bar-TE5000-Disposable-Vape-Wholesale-Juicy-Peach.jpg 720w, https:\/\/www.vape4wholesale.com\/wp-content\/uploads\/2023\/06\/Elf-Bar-TE5000-Disposable-Vape-Wholesale-Juicy-Peach-510x642.jpg 510w, https:\/\/www.vape4wholesale.com\/wp-content\/uploads\/2023\/06\/Elf-Bar-TE5000-Disposable-Vape-Wholesale-Juicy-Peach-64x81.jpg 64w, https:\/\/www.vape4wholesale.com\/wp-content\/uploads\/2023\/06\/Elf-Bar-TE5000-Disposable-Vape-Wholesale-Juicy-Peach-238x300.jpg 238w\" sizes=\"auto, (max-width: 720px) 100vw, 720px\" \/> <img loading=\"lazy\" decoding=\"async\" class=\"alignnone size-full wp-image-11551\" title=\"Elf Bar TE5000 eldobhat\u00f3 vape nagykereskedelem Kiwi golgotavir\u00e1g guava\" src=\"https:\/\/www.vape4wholesale.com\/wp-content\/uploads\/2023\/06\/Elf-Bar-TE5000-Disposable-Vape-Wholesale-Kiwi-Passion-Fruit-Guava.jpg\" alt=\"Elf Bar TE5000 eldobhat\u00f3 vape nagykereskedelem Kiwi golgotavir\u00e1g guava\" width=\"720\" height=\"907\" srcset=\"https:\/\/www.vape4wholesale.com\/wp-content\/uploads\/2023\/06\/Elf-Bar-TE5000-Disposable-Vape-Wholesale-Kiwi-Passion-Fruit-Guava.jpg 720w, https:\/\/www.vape4wholesale.com\/wp-content\/uploads\/2023\/06\/Elf-Bar-TE5000-Disposable-Vape-Wholesale-Kiwi-Passion-Fruit-Guava-510x642.jpg 510w, https:\/\/www.vape4wholesale.com\/wp-content\/uploads\/2023\/06\/Elf-Bar-TE5000-Disposable-Vape-Wholesale-Kiwi-Passion-Fruit-Guava-64x81.jpg 64w, https:\/\/www.vape4wholesale.com\/wp-content\/uploads\/2023\/06\/Elf-Bar-TE5000-Disposable-Vape-Wholesale-Kiwi-Passion-Fruit-Guava-238x300.jpg 238w\" sizes=\"auto, (max-width: 720px) 100vw, 720px\" \/> <img loading=\"lazy\" decoding=\"async\" class=\"alignnone size-full wp-image-11552\" title=\"Elf Bar TE5000 Eldobhat\u00f3 Vape nagykereskedelmi \u00e1ttekint\u00e9s\" src=\"https:\/\/www.vape4wholesale.com\/wp-content\/uploads\/2023\/06\/Elf-Bar-TE5000-Disposable-Vape-Wholesale-Overview.jpg\" alt=\"Elf Bar TE5000 Eldobhat\u00f3 Vape nagykereskedelmi \u00e1ttekint\u00e9s\" width=\"720\" height=\"720\" srcset=\"https:\/\/www.vape4wholesale.com\/wp-content\/uploads\/2023\/06\/Elf-Bar-TE5000-Disposable-Vape-Wholesale-Overview.jpg 720w, https:\/\/www.vape4wholesale.com\/wp-content\/uploads\/2023\/06\/Elf-Bar-TE5000-Disposable-Vape-Wholesale-Overview-247x247.jpg 247w, https:\/\/www.vape4wholesale.com\/wp-content\/uploads\/2023\/06\/Elf-Bar-TE5000-Disposable-Vape-Wholesale-Overview-100x100.jpg 100w, https:\/\/www.vape4wholesale.com\/wp-content\/uploads\/2023\/06\/Elf-Bar-TE5000-Disposable-Vape-Wholesale-Overview-510x510.jpg 510w, https:\/\/www.vape4wholesale.com\/wp-content\/uploads\/2023\/06\/Elf-Bar-TE5000-Disposable-Vape-Wholesale-Overview-64x64.jpg 64w, https:\/\/www.vape4wholesale.com\/wp-content\/uploads\/2023\/06\/Elf-Bar-TE5000-Disposable-Vape-Wholesale-Overview-300x300.jpg 300w, https:\/\/www.vape4wholesale.com\/wp-content\/uploads\/2023\/06\/Elf-Bar-TE5000-Disposable-Vape-Wholesale-Overview-150x150.jpg 150w\" sizes=\"auto, (max-width: 720px) 100vw, 720px\" \/> <img loading=\"lazy\" decoding=\"async\" class=\"alignnone size-full wp-image-11553\" title=\"Elf Bar TE5000 Eldobhat\u00f3 Vape Nagykereskedelmi Pipeapple Mango Orange\" src=\"https:\/\/www.vape4wholesale.com\/wp-content\/uploads\/2023\/06\/Elf-Bar-TE5000-Disposable-Vape-Wholesale-Pipeapple-Mango-Orange.jpg\" alt=\"Elf Bar TE5000 Eldobhat\u00f3 Vape Nagykereskedelmi Pipeapple Mango Orange\" width=\"720\" height=\"906\" srcset=\"https:\/\/www.vape4wholesale.com\/wp-content\/uploads\/2023\/06\/Elf-Bar-TE5000-Disposable-Vape-Wholesale-Pipeapple-Mango-Orange.jpg 720w, https:\/\/www.vape4wholesale.com\/wp-content\/uploads\/2023\/06\/Elf-Bar-TE5000-Disposable-Vape-Wholesale-Pipeapple-Mango-Orange-510x642.jpg 510w, https:\/\/www.vape4wholesale.com\/wp-content\/uploads\/2023\/06\/Elf-Bar-TE5000-Disposable-Vape-Wholesale-Pipeapple-Mango-Orange-64x81.jpg 64w, https:\/\/www.vape4wholesale.com\/wp-content\/uploads\/2023\/06\/Elf-Bar-TE5000-Disposable-Vape-Wholesale-Pipeapple-Mango-Orange-238x300.jpg 238w\" sizes=\"auto, (max-width: 720px) 100vw, 720px\" \/> <img loading=\"lazy\" decoding=\"async\" class=\"alignnone size-full wp-image-11554\" title=\"Elf Bar TE5000 Eldobhat\u00f3 Vape nagykereskedelmi Straberry Ban\u00e1n\" src=\"https:\/\/www.vape4wholesale.com\/wp-content\/uploads\/2023\/06\/Elf-Bar-TE5000-Disposable-Vape-Wholesale-Straberry-Banana.jpg\" alt=\"Elf Bar TE5000 Eldobhat\u00f3 Vape nagykereskedelmi Straberry Ban\u00e1n\" width=\"720\" height=\"905\" srcset=\"https:\/\/www.vape4wholesale.com\/wp-content\/uploads\/2023\/06\/Elf-Bar-TE5000-Disposable-Vape-Wholesale-Straberry-Banana.jpg 720w, https:\/\/www.vape4wholesale.com\/wp-content\/uploads\/2023\/06\/Elf-Bar-TE5000-Disposable-Vape-Wholesale-Straberry-Banana-510x641.jpg 510w, https:\/\/www.vape4wholesale.com\/wp-content\/uploads\/2023\/06\/Elf-Bar-TE5000-Disposable-Vape-Wholesale-Straberry-Banana-64x80.jpg 64w, https:\/\/www.vape4wholesale.com\/wp-content\/uploads\/2023\/06\/Elf-Bar-TE5000-Disposable-Vape-Wholesale-Straberry-Banana-239x300.jpg 239w\" sizes=\"auto, (max-width: 720px) 100vw, 720px\" \/> <img loading=\"lazy\" decoding=\"async\" class=\"alignnone size-full wp-image-11555\" title=\"Elf Bar TE5000 Eldobhat\u00f3 Vape nagykereskedelmi Straberry fagylalt\" src=\"https:\/\/www.vape4wholesale.com\/wp-content\/uploads\/2023\/06\/Elf-Bar-TE5000-Disposable-Vape-Wholesale-Straberry-Ice-Cream.jpg\" alt=\"Elf Bar TE5000 Eldobhat\u00f3 Vape nagykereskedelmi Straberry fagylalt\" width=\"720\" height=\"907\" srcset=\"https:\/\/www.vape4wholesale.com\/wp-content\/uploads\/2023\/06\/Elf-Bar-TE5000-Disposable-Vape-Wholesale-Straberry-Ice-Cream.jpg 720w, https:\/\/www.vape4wholesale.com\/wp-content\/uploads\/2023\/06\/Elf-Bar-TE5000-Disposable-Vape-Wholesale-Straberry-Ice-Cream-510x642.jpg 510w, https:\/\/www.vape4wholesale.com\/wp-content\/uploads\/2023\/06\/Elf-Bar-TE5000-Disposable-Vape-Wholesale-Straberry-Ice-Cream-64x81.jpg 64w, https:\/\/www.vape4wholesale.com\/wp-content\/uploads\/2023\/06\/Elf-Bar-TE5000-Disposable-Vape-Wholesale-Straberry-Ice-Cream-238x300.jpg 238w\" sizes=\"auto, (max-width: 720px) 100vw, 720px\" \/> <img loading=\"lazy\" decoding=\"async\" class=\"alignnone size-full wp-image-11556\" title=\"Elf Bar TE5000 eldobhat\u00f3 vape nagykereskedelem g\u00f6r\u00f6gdinnye j\u00e9g\" src=\"https:\/\/www.vape4wholesale.com\/wp-content\/uploads\/2023\/06\/Elf-Bar-TE5000-Disposable-Vape-Wholesale-Watermelon-Ice.jpg\" alt=\"Elf Bar TE5000 eldobhat\u00f3 vape nagykereskedelem g\u00f6r\u00f6gdinnye j\u00e9g\" width=\"720\" height=\"907\" srcset=\"https:\/\/www.vape4wholesale.com\/wp-content\/uploads\/2023\/06\/Elf-Bar-TE5000-Disposable-Vape-Wholesale-Watermelon-Ice.jpg 720w, https:\/\/www.vape4wholesale.com\/wp-content\/uploads\/2023\/06\/Elf-Bar-TE5000-Disposable-Vape-Wholesale-Watermelon-Ice-510x642.jpg 510w, https:\/\/www.vape4wholesale.com\/wp-content\/uploads\/2023\/06\/Elf-Bar-TE5000-Disposable-Vape-Wholesale-Watermelon-Ice-64x81.jpg 64w, https:\/\/www.vape4wholesale.com\/wp-content\/uploads\/2023\/06\/Elf-Bar-TE5000-Disposable-Vape-Wholesale-Watermelon-Ice-238x300.jpg 238w\" sizes=\"auto, (max-width: 720px) 100vw, 720px\" \/><\/p>","protected":false},"excerpt":{"rendered":"[scf-template id=&#8217;11434&#8242;]\n<p>100% Original Elf Bar with QR Code<\/p>\n","protected":false},"featured_media":11552,"comment_status":"open","ping_status":"closed","template":"","meta":[],"pwb-brand":[1278],"product_cat":[72,869],"product_tag":[189,515,22,24,60],"class_list":{"0":"post-10561","1":"product","2":"type-product","3":"status-publish","4":"has-post-thumbnail","6":"pwb-brand-elf-bar","7":"product_cat-disposable-vape","8":"product_cat-5000-8000-puffs","9":"product_tag-5000-puffs","10":"product_tag-13-5ml","11":"product_tag-disposable","12":"product_tag-wholesale","13":"product_tag-elf-bar","15":"first","16":"outofstock","17":"shipping-taxable","18":"purchasable","19":"product-type-variable"},"aioseo_notices":[],"brands":[{"id":1278,"name":"Man\u00f3 b\u00e1r","slug":"elf-bar"}],"_links":{"self":[{"href":"https:\/\/www.vape4wholesale.com\/hu\/wp-json\/wp\/v2\/product\/10561","targetHints":{"allow":["GET"]}}],"collection":[{"href":"https:\/\/www.vape4wholesale.com\/hu\/wp-json\/wp\/v2\/product"}],"about":[{"href":"https:\/\/www.vape4wholesale.com\/hu\/wp-json\/wp\/v2\/types\/product"}],"replies":[{"embeddable":true,"href":"https:\/\/www.vape4wholesale.com\/hu\/wp-json\/wp\/v2\/comments?post=10561"}],"wp:featuredmedia":[{"embeddable":true,"href":"https:\/\/www.vape4wholesale.com\/hu\/wp-json\/wp\/v2\/media\/11552"}],"wp:attachment":[{"href":"https:\/\/www.vape4wholesale.com\/hu\/wp-json\/wp\/v2\/media?parent=10561"}],"wp:term":[{"taxonomy":"pwb-brand","embeddable":true,"href":"https:\/\/www.vape4wholesale.com\/hu\/wp-json\/wp\/v2\/pwb-brand?post=10561"},{"taxonomy":"product_cat","embeddable":true,"href":"https:\/\/www.vape4wholesale.com\/hu\/wp-json\/wp\/v2\/product_cat?post=10561"},{"taxonomy":"product_tag","embeddable":true,"href":"https:\/\/www.vape4wholesale.com\/hu\/wp-json\/wp\/v2\/product_tag?post=10561"}],"curies":[{"name":"wp","href":"https:\/\/api.w.org\/{rel}","templated":true}]}}