{"id":10252,"date":"2023-06-18T19:58:00","date_gmt":"2023-06-18T11:58:00","guid":{"rendered":"https:\/\/www.vape4wholesale.com\/?post_type=product&#038;p=10252"},"modified":"2026-01-26T13:42:40","modified_gmt":"2026-01-26T13:42:40","slug":"lost-mary-os5000-eldobhato-vape-nagykereskedelem","status":"publish","type":"product","link":"https:\/\/www.vape4wholesale.com\/hu\/product\/lost-mary-os5000-disposable-vape-wholesale","title":{"rendered":"Lost Mary OS5000 Eldobhat\u00f3 Vape nagykereskedelem"},"content":{"rendered":"<p>a <strong><a href=\"https:\/\/www.vape4wholesale.com\/hu\/product_brand\/elveszett-mary\/\">Elveszett Mary<\/a> OS5000<\/strong> Eldobhat\u00f3 Vape nagykereskedelem, ez egy el\u0151re t\u00f6lt\u00f6tt 13ml vape eszk\u00f6z, \u00fajrat\u00f6lthet\u0151 650mah akkumul\u00e1torral, 5% nikotinnal (50mg), max. 5000 puffs t\u00e1mogat\u00e1ssal.<\/p>\n<p>Ez egy k\u00e9nyelmes opci\u00f3t jelent az \u00fatk\u00f6zbeni haszn\u00e1lathoz.A bolyg\u00f3fel\u00fclet kialak\u00edt\u00e1sa egyedi \u00e9rz\u00e9st k\u00f6lcs\u00f6n\u00f6z a k\u00e9sz\u00fcl\u00e9knek, m\u00edg a 3 szint\u0171 teljes\u00edtm\u00e9nyjelz\u0151k megk\u00f6nny\u00edtik az akkumul\u00e1tor nyomon k\u00f6vet\u00e9s\u00e9t.Az OS5000 eldobhat\u00f3 k\u00e9szlet h\u00e1l\u00f3s tekerccsel van felszerelve, \u00e9s h\u00faz\u00e1ssal aktiv\u00e1lhat\u00f3, biztos\u00edtva a sima \u00e9s \u00e9lvezetes vaping \u00e9lm\u00e9nyt.Ez a k\u00e9szlet t\u00f6k\u00e9letes azok sz\u00e1m\u00e1ra, akik az er\u0151s nikotint kedvelik.Ak\u00e1r egy tapasztalt vaped, ak\u00e1r \u00faj a sz\u00ednen, a Lost Mary OS5000 eldobhat\u00f3 vape egy nagyszer\u0171 v\u00e1laszt\u00e1s mindenkinek, aki egy megb\u00edzhat\u00f3 \u00e9s felhaszn\u00e1l\u00f3bar\u00e1t eszk\u00f6zt keres.<\/p>\n<h2>Lost Mary OS5000 Eldobhat\u00f3 Vape Gyors r\u00e9szletek:<\/h2>\n<ol>\n<li>M\u00e1rka:Lost Mary<\/li>\n<li>Puffok:5000 puff \u00e1ll rendelkez\u00e9sre k\u00e9sz\u00fcl\u00e9kenk\u00e9nt<\/li>\n<li>Nikotin:5%<\/li>\n<li>E-juice Kapacit\u00e1s: 13ML<\/li>\n<li>Akkumul\u00e1tor:650mAh<\/li>\n<li>T\u00f6lt\u0151port: C-t\u00edpus\u00fa<\/li>\n<\/ol>\n<p>&nbsp;<\/p>\n<h2>\u00cdzek<\/h2>\n<ul>\n<li>K\u00e9k vattacukor<\/li>\n<li>\u00c1fonya j\u00e9g<\/li>\n<li>K\u00e9k Razz j\u00e9g<\/li>\n<li>\u00c1fonya sz\u00f3da<\/li>\n<li>L\u00e9d\u00fas barack<\/li>\n<li>kiwi golgotavir\u00e1g Guava<\/li>\n<li>Anan\u00e1sz mang\u00f3<\/li>\n<li>Eper Sundae<\/li>\n<li>Eper j\u00e9g<\/li>\n<li>Eper mang\u00f3<\/li>\n<li>Eper feny\u0151 Colada<\/li>\n<li>G\u00f6r\u00f6gdinnye<\/li>\n<\/ul>\n<h2>Csomag<\/h2>\n<ul>\n<li>0.084KG\/ PC, 1\/Box , 10\/ Case<\/li>\n<li>200\/ karton, 17,0 KG.<\/li>\n<\/ul>\n<p><img loading=\"lazy\" decoding=\"async\" class=\"alignnone size-full wp-image-11641\" title=\"Lost Mary OS5000 Eldobhat\u00f3 Vape nagykereskedelem Blue Razz Ice\" src=\"https:\/\/www.vape4wholesale.com\/wp-content\/uploads\/2023\/06\/Lost-Mary-OS5000-Disposable-Vape-Wholesale-Blue-Razz-Ice.jpg\" alt=\"Lost Mary OS5000 Eldobhat\u00f3 Vape nagykereskedelem Blue Razz Ice\" width=\"800\" height=\"800\" srcset=\"https:\/\/www.vape4wholesale.com\/wp-content\/uploads\/2023\/06\/Lost-Mary-OS5000-Disposable-Vape-Wholesale-Blue-Razz-Ice.jpg 800w, https:\/\/www.vape4wholesale.com\/wp-content\/uploads\/2023\/06\/Lost-Mary-OS5000-Disposable-Vape-Wholesale-Blue-Razz-Ice-247x247.jpg 247w, https:\/\/www.vape4wholesale.com\/wp-content\/uploads\/2023\/06\/Lost-Mary-OS5000-Disposable-Vape-Wholesale-Blue-Razz-Ice-100x100.jpg 100w, https:\/\/www.vape4wholesale.com\/wp-content\/uploads\/2023\/06\/Lost-Mary-OS5000-Disposable-Vape-Wholesale-Blue-Razz-Ice-510x510.jpg 510w, https:\/\/www.vape4wholesale.com\/wp-content\/uploads\/2023\/06\/Lost-Mary-OS5000-Disposable-Vape-Wholesale-Blue-Razz-Ice-64x64.jpg 64w, https:\/\/www.vape4wholesale.com\/wp-content\/uploads\/2023\/06\/Lost-Mary-OS5000-Disposable-Vape-Wholesale-Blue-Razz-Ice-300x300.jpg 300w, https:\/\/www.vape4wholesale.com\/wp-content\/uploads\/2023\/06\/Lost-Mary-OS5000-Disposable-Vape-Wholesale-Blue-Razz-Ice-150x150.jpg 150w, https:\/\/www.vape4wholesale.com\/wp-content\/uploads\/2023\/06\/Lost-Mary-OS5000-Disposable-Vape-Wholesale-Blue-Razz-Ice-768x768.jpg 768w\" sizes=\"auto, (max-width: 800px) 100vw, 800px\" \/> \u00a0<img loading=\"lazy\" decoding=\"async\" class=\"alignnone size-full wp-image-11643\" title=\"Lost Mary OS5000 Eldobhat\u00f3 Vape nagykereskedelmi \u00e1fonya sz\u00f3da\" src=\"https:\/\/www.vape4wholesale.com\/wp-content\/uploads\/2023\/06\/Lost-Mary-OS5000-Disposable-Vape-Wholesale-Cranberry-Soda.jpg\" alt=\"Lost Mary OS5000 Eldobhat\u00f3 Vape nagykereskedelmi \u00e1fonya sz\u00f3da\" width=\"800\" height=\"800\" srcset=\"https:\/\/www.vape4wholesale.com\/wp-content\/uploads\/2023\/06\/Lost-Mary-OS5000-Disposable-Vape-Wholesale-Cranberry-Soda.jpg 800w, https:\/\/www.vape4wholesale.com\/wp-content\/uploads\/2023\/06\/Lost-Mary-OS5000-Disposable-Vape-Wholesale-Cranberry-Soda-247x247.jpg 247w, https:\/\/www.vape4wholesale.com\/wp-content\/uploads\/2023\/06\/Lost-Mary-OS5000-Disposable-Vape-Wholesale-Cranberry-Soda-100x100.jpg 100w, https:\/\/www.vape4wholesale.com\/wp-content\/uploads\/2023\/06\/Lost-Mary-OS5000-Disposable-Vape-Wholesale-Cranberry-Soda-510x510.jpg 510w, https:\/\/www.vape4wholesale.com\/wp-content\/uploads\/2023\/06\/Lost-Mary-OS5000-Disposable-Vape-Wholesale-Cranberry-Soda-64x64.jpg 64w, https:\/\/www.vape4wholesale.com\/wp-content\/uploads\/2023\/06\/Lost-Mary-OS5000-Disposable-Vape-Wholesale-Cranberry-Soda-300x300.jpg 300w, https:\/\/www.vape4wholesale.com\/wp-content\/uploads\/2023\/06\/Lost-Mary-OS5000-Disposable-Vape-Wholesale-Cranberry-Soda-150x150.jpg 150w, https:\/\/www.vape4wholesale.com\/wp-content\/uploads\/2023\/06\/Lost-Mary-OS5000-Disposable-Vape-Wholesale-Cranberry-Soda-768x768.jpg 768w\" sizes=\"auto, (max-width: 800px) 100vw, 800px\" \/> <img loading=\"lazy\" decoding=\"async\" class=\"alignnone size-full wp-image-11644\" title=\"Lost Mary OS5000 eldobhat\u00f3 vape nagykereskedelem Juicy Peach\" src=\"https:\/\/www.vape4wholesale.com\/wp-content\/uploads\/2023\/06\/Lost-Mary-OS5000-Disposable-Vape-Wholesale-Juicy-Peach.jpg\" alt=\"Lost Mary OS5000 eldobhat\u00f3 vape nagykereskedelem Juicy Peach\" width=\"800\" height=\"800\" srcset=\"https:\/\/www.vape4wholesale.com\/wp-content\/uploads\/2023\/06\/Lost-Mary-OS5000-Disposable-Vape-Wholesale-Juicy-Peach.jpg 800w, https:\/\/www.vape4wholesale.com\/wp-content\/uploads\/2023\/06\/Lost-Mary-OS5000-Disposable-Vape-Wholesale-Juicy-Peach-247x247.jpg 247w, https:\/\/www.vape4wholesale.com\/wp-content\/uploads\/2023\/06\/Lost-Mary-OS5000-Disposable-Vape-Wholesale-Juicy-Peach-100x100.jpg 100w, https:\/\/www.vape4wholesale.com\/wp-content\/uploads\/2023\/06\/Lost-Mary-OS5000-Disposable-Vape-Wholesale-Juicy-Peach-510x510.jpg 510w, https:\/\/www.vape4wholesale.com\/wp-content\/uploads\/2023\/06\/Lost-Mary-OS5000-Disposable-Vape-Wholesale-Juicy-Peach-64x64.jpg 64w, https:\/\/www.vape4wholesale.com\/wp-content\/uploads\/2023\/06\/Lost-Mary-OS5000-Disposable-Vape-Wholesale-Juicy-Peach-300x300.jpg 300w, https:\/\/www.vape4wholesale.com\/wp-content\/uploads\/2023\/06\/Lost-Mary-OS5000-Disposable-Vape-Wholesale-Juicy-Peach-150x150.jpg 150w, https:\/\/www.vape4wholesale.com\/wp-content\/uploads\/2023\/06\/Lost-Mary-OS5000-Disposable-Vape-Wholesale-Juicy-Peach-768x768.jpg 768w\" sizes=\"auto, (max-width: 800px) 100vw, 800px\" \/> <img loading=\"lazy\" decoding=\"async\" class=\"alignnone size-full wp-image-11645\" title=\"Lost Mary OS5000 Eldobhat\u00f3 Vape Nagykereskedelem kiwi Passion Fruit Guava\" src=\"https:\/\/www.vape4wholesale.com\/wp-content\/uploads\/2023\/06\/Lost-Mary-OS5000-Disposable-Vape-Wholesale-kiwi-Passion-Fruit-Guava.jpg\" alt=\"Lost Mary OS5000 Eldobhat\u00f3 Vape Nagykereskedelem kiwi Passion Fruit Guava\" width=\"800\" height=\"800\" srcset=\"https:\/\/www.vape4wholesale.com\/wp-content\/uploads\/2023\/06\/Lost-Mary-OS5000-Disposable-Vape-Wholesale-kiwi-Passion-Fruit-Guava.jpg 800w, https:\/\/www.vape4wholesale.com\/wp-content\/uploads\/2023\/06\/Lost-Mary-OS5000-Disposable-Vape-Wholesale-kiwi-Passion-Fruit-Guava-247x247.jpg 247w, https:\/\/www.vape4wholesale.com\/wp-content\/uploads\/2023\/06\/Lost-Mary-OS5000-Disposable-Vape-Wholesale-kiwi-Passion-Fruit-Guava-100x100.jpg 100w, https:\/\/www.vape4wholesale.com\/wp-content\/uploads\/2023\/06\/Lost-Mary-OS5000-Disposable-Vape-Wholesale-kiwi-Passion-Fruit-Guava-510x510.jpg 510w, https:\/\/www.vape4wholesale.com\/wp-content\/uploads\/2023\/06\/Lost-Mary-OS5000-Disposable-Vape-Wholesale-kiwi-Passion-Fruit-Guava-64x64.jpg 64w, https:\/\/www.vape4wholesale.com\/wp-content\/uploads\/2023\/06\/Lost-Mary-OS5000-Disposable-Vape-Wholesale-kiwi-Passion-Fruit-Guava-300x300.jpg 300w, https:\/\/www.vape4wholesale.com\/wp-content\/uploads\/2023\/06\/Lost-Mary-OS5000-Disposable-Vape-Wholesale-kiwi-Passion-Fruit-Guava-150x150.jpg 150w, https:\/\/www.vape4wholesale.com\/wp-content\/uploads\/2023\/06\/Lost-Mary-OS5000-Disposable-Vape-Wholesale-kiwi-Passion-Fruit-Guava-768x768.jpg 768w\" sizes=\"auto, (max-width: 800px) 100vw, 800px\" \/> <img loading=\"lazy\" decoding=\"async\" class=\"alignnone size-full wp-image-11646\" title=\"Lost Mary OS5000 Eldobhat\u00f3 Vape nagykereskedelmi \u00e1ttekint\u00e9s \u00cdzek\" src=\"https:\/\/www.vape4wholesale.com\/wp-content\/uploads\/2023\/06\/Lost-Mary-OS5000-Disposable-Vape-Wholesale-Overview-Flavors.jpg\" alt=\"Lost Mary OS5000 Eldobhat\u00f3 Vape nagykereskedelmi \u00e1ttekint\u00e9s \u00cdzek\" width=\"800\" height=\"800\" srcset=\"https:\/\/www.vape4wholesale.com\/wp-content\/uploads\/2023\/06\/Lost-Mary-OS5000-Disposable-Vape-Wholesale-Overview-Flavors.jpg 800w, https:\/\/www.vape4wholesale.com\/wp-content\/uploads\/2023\/06\/Lost-Mary-OS5000-Disposable-Vape-Wholesale-Overview-Flavors-247x247.jpg 247w, https:\/\/www.vape4wholesale.com\/wp-content\/uploads\/2023\/06\/Lost-Mary-OS5000-Disposable-Vape-Wholesale-Overview-Flavors-100x100.jpg 100w, https:\/\/www.vape4wholesale.com\/wp-content\/uploads\/2023\/06\/Lost-Mary-OS5000-Disposable-Vape-Wholesale-Overview-Flavors-510x510.jpg 510w, https:\/\/www.vape4wholesale.com\/wp-content\/uploads\/2023\/06\/Lost-Mary-OS5000-Disposable-Vape-Wholesale-Overview-Flavors-64x64.jpg 64w, https:\/\/www.vape4wholesale.com\/wp-content\/uploads\/2023\/06\/Lost-Mary-OS5000-Disposable-Vape-Wholesale-Overview-Flavors-300x300.jpg 300w, https:\/\/www.vape4wholesale.com\/wp-content\/uploads\/2023\/06\/Lost-Mary-OS5000-Disposable-Vape-Wholesale-Overview-Flavors-150x150.jpg 150w, https:\/\/www.vape4wholesale.com\/wp-content\/uploads\/2023\/06\/Lost-Mary-OS5000-Disposable-Vape-Wholesale-Overview-Flavors-768x768.jpg 768w\" sizes=\"auto, (max-width: 800px) 100vw, 800px\" \/> <img loading=\"lazy\" decoding=\"async\" class=\"alignnone size-full wp-image-11647\" title=\"Lost Mary OS5000 Eldobhat\u00f3 Vape nagykereskedelem anan\u00e1sz mang\u00f3\" src=\"https:\/\/www.vape4wholesale.com\/wp-content\/uploads\/2023\/06\/Lost-Mary-OS5000-Disposable-Vape-Wholesale-Pineapple-Mango.jpg\" alt=\"Lost Mary OS5000 Eldobhat\u00f3 Vape nagykereskedelem anan\u00e1sz mang\u00f3\" width=\"800\" height=\"800\" srcset=\"https:\/\/www.vape4wholesale.com\/wp-content\/uploads\/2023\/06\/Lost-Mary-OS5000-Disposable-Vape-Wholesale-Pineapple-Mango.jpg 800w, https:\/\/www.vape4wholesale.com\/wp-content\/uploads\/2023\/06\/Lost-Mary-OS5000-Disposable-Vape-Wholesale-Pineapple-Mango-247x247.jpg 247w, https:\/\/www.vape4wholesale.com\/wp-content\/uploads\/2023\/06\/Lost-Mary-OS5000-Disposable-Vape-Wholesale-Pineapple-Mango-100x100.jpg 100w, https:\/\/www.vape4wholesale.com\/wp-content\/uploads\/2023\/06\/Lost-Mary-OS5000-Disposable-Vape-Wholesale-Pineapple-Mango-510x510.jpg 510w, https:\/\/www.vape4wholesale.com\/wp-content\/uploads\/2023\/06\/Lost-Mary-OS5000-Disposable-Vape-Wholesale-Pineapple-Mango-64x64.jpg 64w, https:\/\/www.vape4wholesale.com\/wp-content\/uploads\/2023\/06\/Lost-Mary-OS5000-Disposable-Vape-Wholesale-Pineapple-Mango-300x300.jpg 300w, https:\/\/www.vape4wholesale.com\/wp-content\/uploads\/2023\/06\/Lost-Mary-OS5000-Disposable-Vape-Wholesale-Pineapple-Mango-150x150.jpg 150w, https:\/\/www.vape4wholesale.com\/wp-content\/uploads\/2023\/06\/Lost-Mary-OS5000-Disposable-Vape-Wholesale-Pineapple-Mango-768x768.jpg 768w\" sizes=\"auto, (max-width: 800px) 100vw, 800px\" \/> <img loading=\"lazy\" decoding=\"async\" class=\"alignnone size-full wp-image-11648\" title=\"Lost Mary OS5000 Eldobhat\u00f3 Vape Nagykeresked\u00e9s Strawberry Ice\" src=\"https:\/\/www.vape4wholesale.com\/wp-content\/uploads\/2023\/06\/Lost-Mary-OS5000-Disposable-Vape-Wholesale-Strawberry-Ice.jpg\" alt=\"Lost Mary OS5000 Eldobhat\u00f3 Vape Nagykeresked\u00e9s Strawberry Ice\" width=\"800\" height=\"800\" srcset=\"https:\/\/www.vape4wholesale.com\/wp-content\/uploads\/2023\/06\/Lost-Mary-OS5000-Disposable-Vape-Wholesale-Strawberry-Ice.jpg 800w, https:\/\/www.vape4wholesale.com\/wp-content\/uploads\/2023\/06\/Lost-Mary-OS5000-Disposable-Vape-Wholesale-Strawberry-Ice-247x247.jpg 247w, https:\/\/www.vape4wholesale.com\/wp-content\/uploads\/2023\/06\/Lost-Mary-OS5000-Disposable-Vape-Wholesale-Strawberry-Ice-100x100.jpg 100w, https:\/\/www.vape4wholesale.com\/wp-content\/uploads\/2023\/06\/Lost-Mary-OS5000-Disposable-Vape-Wholesale-Strawberry-Ice-510x510.jpg 510w, https:\/\/www.vape4wholesale.com\/wp-content\/uploads\/2023\/06\/Lost-Mary-OS5000-Disposable-Vape-Wholesale-Strawberry-Ice-64x64.jpg 64w, https:\/\/www.vape4wholesale.com\/wp-content\/uploads\/2023\/06\/Lost-Mary-OS5000-Disposable-Vape-Wholesale-Strawberry-Ice-300x300.jpg 300w, https:\/\/www.vape4wholesale.com\/wp-content\/uploads\/2023\/06\/Lost-Mary-OS5000-Disposable-Vape-Wholesale-Strawberry-Ice-150x150.jpg 150w, https:\/\/www.vape4wholesale.com\/wp-content\/uploads\/2023\/06\/Lost-Mary-OS5000-Disposable-Vape-Wholesale-Strawberry-Ice-768x768.jpg 768w\" sizes=\"auto, (max-width: 800px) 100vw, 800px\" \/> <img loading=\"lazy\" decoding=\"async\" class=\"alignnone size-full wp-image-11649\" title=\"Lost Mary OS5000 Eldobhat\u00f3 Vape Nagykeresked\u00e9s Strawberry Mango\" src=\"https:\/\/www.vape4wholesale.com\/wp-content\/uploads\/2023\/06\/Lost-Mary-OS5000-Disposable-Vape-Wholesale-Strawberry-Mango.jpg\" alt=\"Lost Mary OS5000 Eldobhat\u00f3 Vape Nagykeresked\u00e9s Strawberry Mango\" width=\"800\" height=\"800\" srcset=\"https:\/\/www.vape4wholesale.com\/wp-content\/uploads\/2023\/06\/Lost-Mary-OS5000-Disposable-Vape-Wholesale-Strawberry-Mango.jpg 800w, https:\/\/www.vape4wholesale.com\/wp-content\/uploads\/2023\/06\/Lost-Mary-OS5000-Disposable-Vape-Wholesale-Strawberry-Mango-247x247.jpg 247w, https:\/\/www.vape4wholesale.com\/wp-content\/uploads\/2023\/06\/Lost-Mary-OS5000-Disposable-Vape-Wholesale-Strawberry-Mango-100x100.jpg 100w, https:\/\/www.vape4wholesale.com\/wp-content\/uploads\/2023\/06\/Lost-Mary-OS5000-Disposable-Vape-Wholesale-Strawberry-Mango-510x510.jpg 510w, https:\/\/www.vape4wholesale.com\/wp-content\/uploads\/2023\/06\/Lost-Mary-OS5000-Disposable-Vape-Wholesale-Strawberry-Mango-64x64.jpg 64w, https:\/\/www.vape4wholesale.com\/wp-content\/uploads\/2023\/06\/Lost-Mary-OS5000-Disposable-Vape-Wholesale-Strawberry-Mango-300x300.jpg 300w, https:\/\/www.vape4wholesale.com\/wp-content\/uploads\/2023\/06\/Lost-Mary-OS5000-Disposable-Vape-Wholesale-Strawberry-Mango-150x150.jpg 150w, https:\/\/www.vape4wholesale.com\/wp-content\/uploads\/2023\/06\/Lost-Mary-OS5000-Disposable-Vape-Wholesale-Strawberry-Mango-768x768.jpg 768w\" sizes=\"auto, (max-width: 800px) 100vw, 800px\" \/> <img loading=\"lazy\" decoding=\"async\" class=\"alignnone size-full wp-image-11650\" title=\"Lost Mary OS5000 Eldobhat\u00f3 Vape nagykereskedelem g\u00f6r\u00f6gdinnye\" src=\"https:\/\/www.vape4wholesale.com\/wp-content\/uploads\/2023\/06\/Lost-Mary-OS5000-Disposable-Vape-Wholesale-Watermelon.jpg\" alt=\"Lost Mary OS5000 Eldobhat\u00f3 Vape nagykereskedelem g\u00f6r\u00f6gdinnye\" width=\"800\" height=\"800\" srcset=\"https:\/\/www.vape4wholesale.com\/wp-content\/uploads\/2023\/06\/Lost-Mary-OS5000-Disposable-Vape-Wholesale-Watermelon.jpg 800w, https:\/\/www.vape4wholesale.com\/wp-content\/uploads\/2023\/06\/Lost-Mary-OS5000-Disposable-Vape-Wholesale-Watermelon-247x247.jpg 247w, https:\/\/www.vape4wholesale.com\/wp-content\/uploads\/2023\/06\/Lost-Mary-OS5000-Disposable-Vape-Wholesale-Watermelon-100x100.jpg 100w, https:\/\/www.vape4wholesale.com\/wp-content\/uploads\/2023\/06\/Lost-Mary-OS5000-Disposable-Vape-Wholesale-Watermelon-510x510.jpg 510w, https:\/\/www.vape4wholesale.com\/wp-content\/uploads\/2023\/06\/Lost-Mary-OS5000-Disposable-Vape-Wholesale-Watermelon-64x64.jpg 64w, https:\/\/www.vape4wholesale.com\/wp-content\/uploads\/2023\/06\/Lost-Mary-OS5000-Disposable-Vape-Wholesale-Watermelon-300x300.jpg 300w, https:\/\/www.vape4wholesale.com\/wp-content\/uploads\/2023\/06\/Lost-Mary-OS5000-Disposable-Vape-Wholesale-Watermelon-150x150.jpg 150w, https:\/\/www.vape4wholesale.com\/wp-content\/uploads\/2023\/06\/Lost-Mary-OS5000-Disposable-Vape-Wholesale-Watermelon-768x768.jpg 768w\" sizes=\"auto, (max-width: 800px) 100vw, 800px\" \/> \u00a0<img loading=\"lazy\" decoding=\"async\" class=\"alignnone size-full wp-image-11652\" title=\"Lost Mary OS5000 Eldobhat\u00f3 Vape Nagykereskedelem k\u00e9k vattacukor\" src=\"https:\/\/www.vape4wholesale.com\/wp-content\/uploads\/2023\/06\/Lost-Mary-OS5000-Disposable-Vape-Wholesale-Blue-Cotton-Candy.jpg\" alt=\"Lost Mary OS5000 Eldobhat\u00f3 Vape Nagykereskedelem k\u00e9k vattacukor\" width=\"800\" height=\"800\" srcset=\"https:\/\/www.vape4wholesale.com\/wp-content\/uploads\/2023\/06\/Lost-Mary-OS5000-Disposable-Vape-Wholesale-Blue-Cotton-Candy.jpg 800w, https:\/\/www.vape4wholesale.com\/wp-content\/uploads\/2023\/06\/Lost-Mary-OS5000-Disposable-Vape-Wholesale-Blue-Cotton-Candy-247x247.jpg 247w, https:\/\/www.vape4wholesale.com\/wp-content\/uploads\/2023\/06\/Lost-Mary-OS5000-Disposable-Vape-Wholesale-Blue-Cotton-Candy-100x100.jpg 100w, https:\/\/www.vape4wholesale.com\/wp-content\/uploads\/2023\/06\/Lost-Mary-OS5000-Disposable-Vape-Wholesale-Blue-Cotton-Candy-510x510.jpg 510w, https:\/\/www.vape4wholesale.com\/wp-content\/uploads\/2023\/06\/Lost-Mary-OS5000-Disposable-Vape-Wholesale-Blue-Cotton-Candy-64x64.jpg 64w, https:\/\/www.vape4wholesale.com\/wp-content\/uploads\/2023\/06\/Lost-Mary-OS5000-Disposable-Vape-Wholesale-Blue-Cotton-Candy-300x300.jpg 300w, https:\/\/www.vape4wholesale.com\/wp-content\/uploads\/2023\/06\/Lost-Mary-OS5000-Disposable-Vape-Wholesale-Blue-Cotton-Candy-150x150.jpg 150w, https:\/\/www.vape4wholesale.com\/wp-content\/uploads\/2023\/06\/Lost-Mary-OS5000-Disposable-Vape-Wholesale-Blue-Cotton-Candy-768x768.jpg 768w\" sizes=\"auto, (max-width: 800px) 100vw, 800px\" \/><\/p>","protected":false},"excerpt":{"rendered":"[scf-template id=&#8217;11434&#8242;]\n","protected":false},"featured_media":11644,"comment_status":"open","ping_status":"closed","template":"","meta":[],"pwb-brand":[1287],"product_cat":[869],"product_tag":[22,24,189,285,510],"class_list":{"0":"post-10252","1":"product","2":"type-product","3":"status-publish","4":"has-post-thumbnail","6":"pwb-brand-lost-mary","7":"product_cat-5000-8000-puffs","8":"product_tag-disposable","9":"product_tag-wholesale","10":"product_tag-5000-puffs","11":"product_tag-13-0ml","12":"product_tag-lost-mary","14":"first","15":"outofstock","16":"shipping-taxable","17":"purchasable","18":"product-type-variable"},"aioseo_notices":[],"brands":[{"id":1287,"name":"Elveszett Mary","slug":"elveszett-mary"}],"_links":{"self":[{"href":"https:\/\/www.vape4wholesale.com\/hu\/wp-json\/wp\/v2\/product\/10252","targetHints":{"allow":["GET"]}}],"collection":[{"href":"https:\/\/www.vape4wholesale.com\/hu\/wp-json\/wp\/v2\/product"}],"about":[{"href":"https:\/\/www.vape4wholesale.com\/hu\/wp-json\/wp\/v2\/types\/product"}],"replies":[{"embeddable":true,"href":"https:\/\/www.vape4wholesale.com\/hu\/wp-json\/wp\/v2\/comments?post=10252"}],"wp:featuredmedia":[{"embeddable":true,"href":"https:\/\/www.vape4wholesale.com\/hu\/wp-json\/wp\/v2\/media\/11644"}],"wp:attachment":[{"href":"https:\/\/www.vape4wholesale.com\/hu\/wp-json\/wp\/v2\/media?parent=10252"}],"wp:term":[{"taxonomy":"pwb-brand","embeddable":true,"href":"https:\/\/www.vape4wholesale.com\/hu\/wp-json\/wp\/v2\/pwb-brand?post=10252"},{"taxonomy":"product_cat","embeddable":true,"href":"https:\/\/www.vape4wholesale.com\/hu\/wp-json\/wp\/v2\/product_cat?post=10252"},{"taxonomy":"product_tag","embeddable":true,"href":"https:\/\/www.vape4wholesale.com\/hu\/wp-json\/wp\/v2\/product_tag?post=10252"}],"curies":[{"name":"wp","href":"https:\/\/api.w.org\/{rel}","templated":true}]}}