{"id":9844,"date":"2023-05-30T19:22:51","date_gmt":"2023-05-30T11:22:51","guid":{"rendered":"https:\/\/www.vape4wholesale.com\/?post_type=product&#038;p=9844"},"modified":"2026-01-26T13:42:45","modified_gmt":"2026-01-26T13:42:45","slug":"bang-king-9000-puffs-jetable-vape-wholesale","status":"publish","type":"product","link":"https:\/\/www.vape4wholesale.com\/fr\/product\/bang-king-9000-puffs-disposable-vape-wholesale","title":{"rendered":"Bang King 9000 Puffs Vape jetable Wholesale"},"content":{"rendered":"<p>les <strong><a href=\"https:\/\/www.vape4wholesale.com\/fr\/marque_du_produit\/coup\/\">Bang<\/a> King 9000<\/strong> est la derni\u00e8re vape jetable \u00e0 la mode lanc\u00e9e par la marque Bang. La vape est emball\u00e9e avec un \u00e9l\u00e9ment sportif - un gobelet d'eau sportif, ce qui rend le vapoteur plus sportif et plus \u00e0 la mode lorsqu'il utilise ce produit. Lorsque vous portez des v\u00eatements de sport d\u00e9contract\u00e9s et que vous tenez ce produit Bang King 9000 dans votre main, il devient imm\u00e9diatement le centre d'attention, et la correspondance est tr\u00e8s bonne.<\/p>\n<h2>Bang King 9000 Vape Sp\u00e9cifications :<\/h2>\n<p>Bouff\u00e9es : jusqu'\u00e0 9000<br \/>\nCapacit\u00e9 : 20 ml<br \/>\nNicotine:0% \/2% \/3% \/ 5%<br \/>\nBatterie:800mah Batterie rechargeable<br \/>\nPoids : 90g\/PCS<br \/>\nQ'ty\/carton : 200 pi\u00e8ces\/bo\u00eete<br \/>\nPoids brut : 18 KG\/bo\u00eete<\/p>\n<h2>Saveurs :<\/h2>\n<p>1) Menthe fra\u00eeche<br \/>\n2) Glace \u00e0 la myrtille et \u00e0 la framboise<br \/>\n3) Mangue et p\u00eache<br \/>\n4) Past\u00e8que fraise<br \/>\n5) Mangue Stawberry<br \/>\n6) Glace \u00e0 la past\u00e8que<br \/>\n7) Baies m\u00e9lang\u00e9es<br \/>\n8) Glace de raisin<br \/>\n9) Pomme acide<br \/>\n10) Glace \u00e0 la framboise<br \/>\n11) Fraise Kiwi<br \/>\n12) Kiwi Fruit de la passion Goyave<br \/>\n13) Glace de p\u00eache<br \/>\n14) M. Bleu<br \/>\n15) Sang de tigre<br \/>\n16) Fraise et banane<\/p>\n<p><img loading=\"lazy\" decoding=\"async\" class=\"alignnone size-full wp-image-11838\" title=\"BANG King 9000 Vape jetable en gros (9)\" src=\"https:\/\/www.vape4wholesale.com\/wp-content\/uploads\/2023\/05\/BANG-King-9000-Disposable-Vape-Wholesale-9.jpg\" alt=\"BANG King 9000 Vape jetable en gros (9)\" width=\"730\" height=\"730\" srcset=\"https:\/\/www.vape4wholesale.com\/wp-content\/uploads\/2023\/05\/BANG-King-9000-Disposable-Vape-Wholesale-9.jpg 730w, https:\/\/www.vape4wholesale.com\/wp-content\/uploads\/2023\/05\/BANG-King-9000-Disposable-Vape-Wholesale-9-247x247.jpg 247w, https:\/\/www.vape4wholesale.com\/wp-content\/uploads\/2023\/05\/BANG-King-9000-Disposable-Vape-Wholesale-9-100x100.jpg 100w, https:\/\/www.vape4wholesale.com\/wp-content\/uploads\/2023\/05\/BANG-King-9000-Disposable-Vape-Wholesale-9-510x510.jpg 510w, https:\/\/www.vape4wholesale.com\/wp-content\/uploads\/2023\/05\/BANG-King-9000-Disposable-Vape-Wholesale-9-64x64.jpg 64w, https:\/\/www.vape4wholesale.com\/wp-content\/uploads\/2023\/05\/BANG-King-9000-Disposable-Vape-Wholesale-9-300x300.jpg 300w, https:\/\/www.vape4wholesale.com\/wp-content\/uploads\/2023\/05\/BANG-King-9000-Disposable-Vape-Wholesale-9-150x150.jpg 150w\" sizes=\"auto, (max-width: 730px) 100vw, 730px\" \/><\/p>","protected":false},"excerpt":{"rendered":"[scf-template id=&#8217;11434&#8242;]\n","protected":false},"featured_media":11838,"comment_status":"open","ping_status":"closed","template":"","meta":[],"pwb-brand":[1275],"product_cat":[870],"product_tag":[22,24,172,249,336],"class_list":{"0":"post-9844","1":"product","2":"type-product","3":"status-publish","4":"has-post-thumbnail","6":"pwb-brand-bang","7":"product_cat-8000-10000-puffs","8":"product_tag-disposable","9":"product_tag-wholesale","10":"product_tag-20-0ml","11":"product_tag-bang","12":"product_tag-9000-puffs","13":"wcpa_has_options","15":"first","16":"outofstock","17":"shipping-taxable","18":"purchasable","19":"product-type-variable"},"aioseo_notices":[],"brands":[{"id":1275,"name":"Bang","slug":"coup"}],"_links":{"self":[{"href":"https:\/\/www.vape4wholesale.com\/fr\/wp-json\/wp\/v2\/product\/9844","targetHints":{"allow":["GET"]}}],"collection":[{"href":"https:\/\/www.vape4wholesale.com\/fr\/wp-json\/wp\/v2\/product"}],"about":[{"href":"https:\/\/www.vape4wholesale.com\/fr\/wp-json\/wp\/v2\/types\/product"}],"replies":[{"embeddable":true,"href":"https:\/\/www.vape4wholesale.com\/fr\/wp-json\/wp\/v2\/comments?post=9844"}],"wp:featuredmedia":[{"embeddable":true,"href":"https:\/\/www.vape4wholesale.com\/fr\/wp-json\/wp\/v2\/media\/11838"}],"wp:attachment":[{"href":"https:\/\/www.vape4wholesale.com\/fr\/wp-json\/wp\/v2\/media?parent=9844"}],"wp:term":[{"taxonomy":"pwb-brand","embeddable":true,"href":"https:\/\/www.vape4wholesale.com\/fr\/wp-json\/wp\/v2\/pwb-brand?post=9844"},{"taxonomy":"product_cat","embeddable":true,"href":"https:\/\/www.vape4wholesale.com\/fr\/wp-json\/wp\/v2\/product_cat?post=9844"},{"taxonomy":"product_tag","embeddable":true,"href":"https:\/\/www.vape4wholesale.com\/fr\/wp-json\/wp\/v2\/product_tag?post=9844"}],"curies":[{"name":"wp","href":"https:\/\/api.w.org\/{rel}","templated":true}]}}