{"id":9550,"date":"2023-05-29T20:20:32","date_gmt":"2023-05-29T12:20:32","guid":{"rendered":"https:\/\/www.vape4wholesale.com\/?post_type=product&#038;p=9550"},"modified":"2026-01-26T13:42:48","modified_gmt":"2026-01-26T13:42:48","slug":"lavie-nio-box-9000-puffs-jetable-vape-wholesale","status":"publish","type":"product","link":"https:\/\/www.vape4wholesale.com\/fr\/product\/lavie-nio-box-9000-puffs-disposable-vape-wholesale","title":{"rendered":"Lavie NIO BOX 9000 Puffs Jetable Vape Wholesale"},"content":{"rendered":"<p>les <strong><a href=\"https:\/\/www.vape4wholesale.com\/fr\/marque_du_produit\/lavie\/\">Lavie<\/a> NIO BOX 9000<\/strong> C'est une jolie bo\u00eete de vape jetable, avec une coque transparente et des autocollants mignons, une batterie int\u00e9gr\u00e9e de 550 mAh, une capacit\u00e9 de 18 ml d'e-liquide qui supporte jusqu'\u00e0 9000 bouff\u00e9es, la vape en gros ici chez V4W.<\/p>\n<h2>LAVIE NIO BOX 9000 Vape jetable Sp\u00e9cifications :<\/h2>\n<ul>\n<li>Marque:LAVIE<\/li>\n<li>Bouff\u00e9es:9000 bouff\u00e9es sont disponibles par appareil<\/li>\n<li>Nicotine:0%\/2%\/5%<\/li>\n<li>Capacit\u00e9 de l'e-juice : 18ML<\/li>\n<li>Batterie : 550mAh<\/li>\n<li>Port de charge : Type-C<\/li>\n<\/ul>\n<p>&nbsp;<\/p>\n<h2>Saveurs<\/h2>\n<ol>\n<li>Cola Ice<\/li>\n<li>Haricots verts Lait de coco<\/li>\n<li>Yakult<\/li>\n<li>Glace fraise-mangue<\/li>\n<li>Glace au melon<\/li>\n<li>Raisin violet<\/li>\n<li>Glace \u00e0 la past\u00e8que<\/li>\n<li>Glace \u00e0 la goyave<\/li>\n<li>Double pomme<\/li>\n<li>Cr\u00e8me glac\u00e9e \u00e0 la fraise<\/li>\n<li>Baies m\u00e9lang\u00e9es<\/li>\n<li>P\u00eache juteuse<\/li>\n<\/ol>\n<p>&nbsp;<\/p>\n<h2>Emballage et poids<\/h2>\n<ul>\n<li>0,090 KG\/ PC<\/li>\n<li>10 PCS\/ bo\u00eete moyenne<\/li>\n<li>200 PCS\/ carton principal| 22KG<\/li>\n<\/ul>\n<figure id=\"attachment_11857\" aria-describedby=\"caption-attachment-11857\" style=\"width: 800px\" class=\"wp-caption alignnone\"><img loading=\"lazy\" decoding=\"async\" class=\"wp-image-11857 size-full\" title=\"LAVIE NIO BOX 9000 Bouff\u00e9es Jetables Vape en Gros 12 Saveurs\" src=\"https:\/\/www.vape4wholesale.com\/wp-content\/uploads\/2023\/05\/LAVIE-NIO-BOX-9000-Puffs-Disposable-Vape-Wholesale-12-Flavors.jpg\" alt=\"LAVIE NIO BOX 9000 Bouff\u00e9es Jetables Vape en Gros 12 Saveurs\" width=\"800\" height=\"800\" srcset=\"https:\/\/www.vape4wholesale.com\/wp-content\/uploads\/2023\/05\/LAVIE-NIO-BOX-9000-Puffs-Disposable-Vape-Wholesale-12-Flavors.jpg 800w, https:\/\/www.vape4wholesale.com\/wp-content\/uploads\/2023\/05\/LAVIE-NIO-BOX-9000-Puffs-Disposable-Vape-Wholesale-12-Flavors-247x247.jpg 247w, https:\/\/www.vape4wholesale.com\/wp-content\/uploads\/2023\/05\/LAVIE-NIO-BOX-9000-Puffs-Disposable-Vape-Wholesale-12-Flavors-100x100.jpg 100w, https:\/\/www.vape4wholesale.com\/wp-content\/uploads\/2023\/05\/LAVIE-NIO-BOX-9000-Puffs-Disposable-Vape-Wholesale-12-Flavors-510x510.jpg 510w, https:\/\/www.vape4wholesale.com\/wp-content\/uploads\/2023\/05\/LAVIE-NIO-BOX-9000-Puffs-Disposable-Vape-Wholesale-12-Flavors-64x64.jpg 64w, https:\/\/www.vape4wholesale.com\/wp-content\/uploads\/2023\/05\/LAVIE-NIO-BOX-9000-Puffs-Disposable-Vape-Wholesale-12-Flavors-300x300.jpg 300w, https:\/\/www.vape4wholesale.com\/wp-content\/uploads\/2023\/05\/LAVIE-NIO-BOX-9000-Puffs-Disposable-Vape-Wholesale-12-Flavors-150x150.jpg 150w, https:\/\/www.vape4wholesale.com\/wp-content\/uploads\/2023\/05\/LAVIE-NIO-BOX-9000-Puffs-Disposable-Vape-Wholesale-12-Flavors-768x768.jpg 768w\" sizes=\"auto, (max-width: 800px) 100vw, 800px\" \/><figcaption id=\"caption-attachment-11857\" class=\"wp-caption-text\">LAVIE NIO BOX 9000 bouff\u00e9es Vape jetable Wholesale<\/figcaption><\/figure>\n<p><img loading=\"lazy\" decoding=\"async\" class=\"alignnone size-full wp-image-11858\" title=\"LAVIE NIO BOX 9000 Bouff\u00e9es Jetables Vape en Gros Cola Ice\" src=\"https:\/\/www.vape4wholesale.com\/wp-content\/uploads\/2023\/05\/LAVIE-NIO-BOX-9000-Puffs-Disposable-Vape-Wholesale-Cola-Ice.jpg\" alt=\"LAVIE NIO BOX 9000 Bouff\u00e9es Jetables Vape en Gros Cola Ice\" width=\"800\" height=\"800\" srcset=\"https:\/\/www.vape4wholesale.com\/wp-content\/uploads\/2023\/05\/LAVIE-NIO-BOX-9000-Puffs-Disposable-Vape-Wholesale-Cola-Ice.jpg 800w, https:\/\/www.vape4wholesale.com\/wp-content\/uploads\/2023\/05\/LAVIE-NIO-BOX-9000-Puffs-Disposable-Vape-Wholesale-Cola-Ice-247x247.jpg 247w, https:\/\/www.vape4wholesale.com\/wp-content\/uploads\/2023\/05\/LAVIE-NIO-BOX-9000-Puffs-Disposable-Vape-Wholesale-Cola-Ice-100x100.jpg 100w, https:\/\/www.vape4wholesale.com\/wp-content\/uploads\/2023\/05\/LAVIE-NIO-BOX-9000-Puffs-Disposable-Vape-Wholesale-Cola-Ice-510x510.jpg 510w, https:\/\/www.vape4wholesale.com\/wp-content\/uploads\/2023\/05\/LAVIE-NIO-BOX-9000-Puffs-Disposable-Vape-Wholesale-Cola-Ice-64x64.jpg 64w, https:\/\/www.vape4wholesale.com\/wp-content\/uploads\/2023\/05\/LAVIE-NIO-BOX-9000-Puffs-Disposable-Vape-Wholesale-Cola-Ice-300x300.jpg 300w, https:\/\/www.vape4wholesale.com\/wp-content\/uploads\/2023\/05\/LAVIE-NIO-BOX-9000-Puffs-Disposable-Vape-Wholesale-Cola-Ice-150x150.jpg 150w, https:\/\/www.vape4wholesale.com\/wp-content\/uploads\/2023\/05\/LAVIE-NIO-BOX-9000-Puffs-Disposable-Vape-Wholesale-Cola-Ice-768x768.jpg 768w\" sizes=\"auto, (max-width: 800px) 100vw, 800px\" \/><\/p>","protected":false},"excerpt":{"rendered":"[scf-template id=&#8217;11434&#8242;]\n","protected":false},"featured_media":11870,"comment_status":"open","ping_status":"closed","template":"","meta":[],"pwb-brand":[1277],"product_cat":[870],"product_tag":[22,24,37,244,336],"class_list":{"0":"post-9550","1":"product","2":"type-product","3":"status-publish","4":"has-post-thumbnail","6":"pwb-brand-lavie","7":"product_cat-8000-10000-puffs","8":"product_tag-disposable","9":"product_tag-wholesale","10":"product_tag-lavie","11":"product_tag-18-0ml","12":"product_tag-9000-puffs","14":"first","15":"outofstock","16":"shipping-taxable","17":"purchasable","18":"product-type-variable"},"aioseo_notices":[],"brands":[{"id":1277,"name":"Lavie","slug":"lavie"}],"_links":{"self":[{"href":"https:\/\/www.vape4wholesale.com\/fr\/wp-json\/wp\/v2\/product\/9550","targetHints":{"allow":["GET"]}}],"collection":[{"href":"https:\/\/www.vape4wholesale.com\/fr\/wp-json\/wp\/v2\/product"}],"about":[{"href":"https:\/\/www.vape4wholesale.com\/fr\/wp-json\/wp\/v2\/types\/product"}],"replies":[{"embeddable":true,"href":"https:\/\/www.vape4wholesale.com\/fr\/wp-json\/wp\/v2\/comments?post=9550"}],"wp:featuredmedia":[{"embeddable":true,"href":"https:\/\/www.vape4wholesale.com\/fr\/wp-json\/wp\/v2\/media\/11870"}],"wp:attachment":[{"href":"https:\/\/www.vape4wholesale.com\/fr\/wp-json\/wp\/v2\/media?parent=9550"}],"wp:term":[{"taxonomy":"pwb-brand","embeddable":true,"href":"https:\/\/www.vape4wholesale.com\/fr\/wp-json\/wp\/v2\/pwb-brand?post=9550"},{"taxonomy":"product_cat","embeddable":true,"href":"https:\/\/www.vape4wholesale.com\/fr\/wp-json\/wp\/v2\/product_cat?post=9550"},{"taxonomy":"product_tag","embeddable":true,"href":"https:\/\/www.vape4wholesale.com\/fr\/wp-json\/wp\/v2\/product_tag?post=9550"}],"curies":[{"name":"wp","href":"https:\/\/api.w.org\/{rel}","templated":true}]}}