{"id":9448,"date":"2023-05-23T09:09:13","date_gmt":"2023-05-23T01:09:13","guid":{"rendered":"https:\/\/www.vape4wholesale.com\/?post_type=product&#038;p=9448"},"modified":"2026-01-26T13:42:49","modified_gmt":"2026-01-26T13:42:49","slug":"lavie-camera-8000-puffs-jetable-vape-wholesale","status":"publish","type":"product","link":"https:\/\/www.vape4wholesale.com\/fr\/product\/lavie-camera-8000-puffs-disposable-vape-wholesale","title":{"rendered":"Lavie Camera 8000 Puffs Disposable Vape Wholesale"},"content":{"rendered":"<p><strong><a href=\"https:\/\/www.vape4wholesale.com\/fr\/marque_du_produit\/lavie\/\">Lavie<\/a> Cam\u00e9ra 8000<\/strong> est une vape jetable rechargeable, avec une forme et une apparence nouvelles, comme un petit appareil photo mignon, avec une vari\u00e9t\u00e9 de couleurs et de saveurs \u00e0 choisir, une batterie int\u00e9gr\u00e9e de 550 mAh \u00e0 haute capacit\u00e9 et une capacit\u00e9 de 18 ml d'e-liquide qui supporte 8000 bouff\u00e9es, un go\u00fbt doux du d\u00e9but \u00e0 la fin, une saveur pure pour r\u00e9pondre aux besoins de go\u00fbt.<\/p>\n<h2>Lavie Camera 8000 Vape jetable Sp\u00e9cifications :<\/h2>\n<ul>\n<li>Marque:LAVIE<\/li>\n<li>Bouff\u00e9es:8000 bouff\u00e9es sont disponibles par appareil<\/li>\n<li>Nicotine:0%\/2%\/5%<\/li>\n<li>Capacit\u00e9 de l'e-juice : 18ML<\/li>\n<li>Batterie : 550mAh<\/li>\n<li>Port de charge : Type-C<\/li>\n<\/ul>\n<p>&nbsp;<\/p>\n<h2>Saveurs<\/h2>\n<ol>\n<li>Menthe<\/li>\n<li>Baies m\u00e9lang\u00e9es<\/li>\n<li>Lait de rose<\/li>\n<li>Yakult<\/li>\n<li>Past\u00e8que \u00e0 la fraise<\/li>\n<li>Double pomme<\/li>\n<li>Fruit de la passion<\/li>\n<li>Glace de raisin<\/li>\n<li>Glace \u00e0 la past\u00e8que<\/li>\n<li>Jus de p\u00eache<\/li>\n<li>Cola Ice<\/li>\n<li>Glace \u00e0 la mangue<\/li>\n<\/ol>\n<p>&nbsp;<\/p>\n<h2>Emballage et poids<\/h2>\n<ul>\n<li>0,075 KG\/ PC<\/li>\n<li>10 PCS\/ bo\u00eete moyenne<\/li>\n<li>300 PCS\/ carton principal, 23KG<\/li>\n<\/ul>\n<p><img loading=\"lazy\" decoding=\"async\" class=\"alignnone size-full wp-image-11960\" title=\"Lavie Camera 8000 Puffs Vape jetable en gros (16)\" src=\"https:\/\/www.vape4wholesale.com\/wp-content\/uploads\/2023\/05\/Lavie-Camera-8000-Puffs-Disposable-Vape-Wholesale-16.jpg\" alt=\"Lavie Camera 8000 Puffs Vape jetable en gros (16)\" width=\"1200\" height=\"1200\" srcset=\"https:\/\/www.vape4wholesale.com\/wp-content\/uploads\/2023\/05\/Lavie-Camera-8000-Puffs-Disposable-Vape-Wholesale-16.jpg 1200w, https:\/\/www.vape4wholesale.com\/wp-content\/uploads\/2023\/05\/Lavie-Camera-8000-Puffs-Disposable-Vape-Wholesale-16-247x247.jpg 247w, https:\/\/www.vape4wholesale.com\/wp-content\/uploads\/2023\/05\/Lavie-Camera-8000-Puffs-Disposable-Vape-Wholesale-16-100x100.jpg 100w, https:\/\/www.vape4wholesale.com\/wp-content\/uploads\/2023\/05\/Lavie-Camera-8000-Puffs-Disposable-Vape-Wholesale-16-510x510.jpg 510w, https:\/\/www.vape4wholesale.com\/wp-content\/uploads\/2023\/05\/Lavie-Camera-8000-Puffs-Disposable-Vape-Wholesale-16-64x64.jpg 64w, https:\/\/www.vape4wholesale.com\/wp-content\/uploads\/2023\/05\/Lavie-Camera-8000-Puffs-Disposable-Vape-Wholesale-16-300x300.jpg 300w, https:\/\/www.vape4wholesale.com\/wp-content\/uploads\/2023\/05\/Lavie-Camera-8000-Puffs-Disposable-Vape-Wholesale-16-1024x1024.jpg 1024w, https:\/\/www.vape4wholesale.com\/wp-content\/uploads\/2023\/05\/Lavie-Camera-8000-Puffs-Disposable-Vape-Wholesale-16-150x150.jpg 150w, https:\/\/www.vape4wholesale.com\/wp-content\/uploads\/2023\/05\/Lavie-Camera-8000-Puffs-Disposable-Vape-Wholesale-16-768x768.jpg 768w\" sizes=\"auto, (max-width: 1200px) 100vw, 1200px\" \/><\/p>","protected":false},"excerpt":{"rendered":"[scf-template id=&#8217;11434&#8242;]\n","protected":false},"featured_media":11958,"comment_status":"open","ping_status":"closed","template":"","meta":[],"pwb-brand":[1277],"product_cat":[870],"product_tag":[244,343,22,24,37],"class_list":{"0":"post-9448","1":"product","2":"type-product","3":"status-publish","4":"has-post-thumbnail","6":"pwb-brand-lavie","7":"product_cat-8000-10000-puffs","8":"product_tag-18-0ml","9":"product_tag-8000-puffs","10":"product_tag-disposable","11":"product_tag-wholesale","12":"product_tag-lavie","14":"first","15":"outofstock","16":"shipping-taxable","17":"purchasable","18":"product-type-variable"},"aioseo_notices":[],"brands":[{"id":1277,"name":"Lavie","slug":"lavie"}],"_links":{"self":[{"href":"https:\/\/www.vape4wholesale.com\/fr\/wp-json\/wp\/v2\/product\/9448","targetHints":{"allow":["GET"]}}],"collection":[{"href":"https:\/\/www.vape4wholesale.com\/fr\/wp-json\/wp\/v2\/product"}],"about":[{"href":"https:\/\/www.vape4wholesale.com\/fr\/wp-json\/wp\/v2\/types\/product"}],"replies":[{"embeddable":true,"href":"https:\/\/www.vape4wholesale.com\/fr\/wp-json\/wp\/v2\/comments?post=9448"}],"wp:featuredmedia":[{"embeddable":true,"href":"https:\/\/www.vape4wholesale.com\/fr\/wp-json\/wp\/v2\/media\/11958"}],"wp:attachment":[{"href":"https:\/\/www.vape4wholesale.com\/fr\/wp-json\/wp\/v2\/media?parent=9448"}],"wp:term":[{"taxonomy":"pwb-brand","embeddable":true,"href":"https:\/\/www.vape4wholesale.com\/fr\/wp-json\/wp\/v2\/pwb-brand?post=9448"},{"taxonomy":"product_cat","embeddable":true,"href":"https:\/\/www.vape4wholesale.com\/fr\/wp-json\/wp\/v2\/product_cat?post=9448"},{"taxonomy":"product_tag","embeddable":true,"href":"https:\/\/www.vape4wholesale.com\/fr\/wp-json\/wp\/v2\/product_tag?post=9448"}],"curies":[{"name":"wp","href":"https:\/\/api.w.org\/{rel}","templated":true}]}}