{"id":9007,"date":"2023-04-24T08:36:44","date_gmt":"2023-04-24T00:36:44","guid":{"rendered":"https:\/\/www.vape4wholesale.com\/?post_type=product&#038;p=9007"},"modified":"2026-01-26T13:42:53","modified_gmt":"2026-01-26T13:42:53","slug":"kamry-boss-10000-puffs-jetable-vape-wholesale","status":"publish","type":"product","link":"https:\/\/www.vape4wholesale.com\/fr\/product\/kamry-boss-10000-puffs-disposable-vape-wholesale","title":{"rendered":"Kamry Boss 10000 Puffs Vape jetable Wholesale"},"content":{"rendered":"<p>Les <strong><a href=\"https:\/\/www.vape4wholesale.com\/fr\/marque_du_produit\/kamry\/\">Kamry<\/a> Patron<\/strong> 10000 est un design de vape \u00e9norme et \u00e9pais, livr\u00e9 avec des autocollants cool, il supporte environ 10000 bouff\u00e9es avec 20ml 2% sel nicotine ejuice et 600mah batterie rechargeable. total 10 grands ar\u00f4mes pour le choix.<\/p>\n<h2>Kamry Boss 10000 Puffs Vape jetable Quick Details<\/h2>\n<ul>\n<li>Bouff\u00e9es : 10000<\/li>\n<li>Taille : 38*92mm<\/li>\n<li>Bobine Mesh : 1.0 ohm<\/li>\n<li>Sel de Nicotine : 2%<\/li>\n<li>Mat\u00e9riau : PCTG + PC<\/li>\n<li>Batterie :600mAh<\/li>\n<li>Type-C rechargeable<\/li>\n<li>Bobine de maille<\/li>\n<li>Poids : 75g<\/li>\n<\/ul>\n<h2>Saveurs<\/h2>\n<ol>\n<li>Glace \u00e0 la framboise bleue<\/li>\n<li>Boisson \u00e9nerg\u00e9tique<\/li>\n<li>Raisin<\/li>\n<li>Mangue verte<\/li>\n<li>Goyave<\/li>\n<li>Ours en gomme<\/li>\n<li>Glace au litchi<\/li>\n<li>Glace \u00e0 l'ananas<\/li>\n<li>Cr\u00e8me glac\u00e9e \u00e0 la fraise<\/li>\n<li>Past\u00e8que<\/li>\n<\/ol>\n<h2>Emballage et poids<\/h2>\n<p>MESURES : 442x218x495mm<br \/>\n200 pi\u00e8ces\/carton<br \/>\nGW 17.2KG<\/p>\n<figure id=\"attachment_11510\" aria-describedby=\"caption-attachment-11510\" style=\"width: 1000px\" class=\"wp-caption alignnone\"><img loading=\"lazy\" decoding=\"async\" class=\"wp-image-11510 size-full\" title=\"Kamry Boss 10000 bouff\u00e9es Vape Green Mango\" src=\"https:\/\/www.vape4wholesale.com\/wp-content\/uploads\/2023\/04\/Kamry-Boss-10000-Puffs-Vape-Green-Mango.jpg\" alt=\"Kamry Boss 10000 bouff\u00e9es Vape Green Mango\" width=\"1000\" height=\"1000\" srcset=\"https:\/\/www.vape4wholesale.com\/wp-content\/uploads\/2023\/04\/Kamry-Boss-10000-Puffs-Vape-Green-Mango.jpg 1000w, https:\/\/www.vape4wholesale.com\/wp-content\/uploads\/2023\/04\/Kamry-Boss-10000-Puffs-Vape-Green-Mango-247x247.jpg 247w, https:\/\/www.vape4wholesale.com\/wp-content\/uploads\/2023\/04\/Kamry-Boss-10000-Puffs-Vape-Green-Mango-100x100.jpg 100w, https:\/\/www.vape4wholesale.com\/wp-content\/uploads\/2023\/04\/Kamry-Boss-10000-Puffs-Vape-Green-Mango-510x510.jpg 510w, https:\/\/www.vape4wholesale.com\/wp-content\/uploads\/2023\/04\/Kamry-Boss-10000-Puffs-Vape-Green-Mango-64x64.jpg 64w, https:\/\/www.vape4wholesale.com\/wp-content\/uploads\/2023\/04\/Kamry-Boss-10000-Puffs-Vape-Green-Mango-300x300.jpg 300w, https:\/\/www.vape4wholesale.com\/wp-content\/uploads\/2023\/04\/Kamry-Boss-10000-Puffs-Vape-Green-Mango-150x150.jpg 150w, https:\/\/www.vape4wholesale.com\/wp-content\/uploads\/2023\/04\/Kamry-Boss-10000-Puffs-Vape-Green-Mango-768x768.jpg 768w\" sizes=\"auto, (max-width: 1000px) 100vw, 1000px\" \/><figcaption id=\"caption-attachment-11510\" class=\"wp-caption-text\">Kamry Boss 10000 Puffs Vape<\/figcaption><\/figure>\n<p>&nbsp;<\/p>","protected":false},"excerpt":{"rendered":"[scf-template id=&#8217;11434&#8242;]\n","protected":false},"featured_media":11517,"comment_status":"open","ping_status":"closed","template":"","meta":[],"pwb-brand":[1281],"product_cat":[871],"product_tag":[24,30,172,324,22],"class_list":{"0":"post-9007","1":"product","2":"type-product","3":"status-publish","4":"has-post-thumbnail","6":"pwb-brand-kamry","7":"product_cat-10-15k-puffs","8":"product_tag-wholesale","9":"product_tag-kamry","10":"product_tag-20-0ml","11":"product_tag-10000-puffs","12":"product_tag-disposable","14":"first","15":"outofstock","16":"shipping-taxable","17":"purchasable","18":"product-type-variable"},"aioseo_notices":[],"brands":[{"id":1281,"name":"Kamry","slug":"kamry"}],"_links":{"self":[{"href":"https:\/\/www.vape4wholesale.com\/fr\/wp-json\/wp\/v2\/product\/9007","targetHints":{"allow":["GET"]}}],"collection":[{"href":"https:\/\/www.vape4wholesale.com\/fr\/wp-json\/wp\/v2\/product"}],"about":[{"href":"https:\/\/www.vape4wholesale.com\/fr\/wp-json\/wp\/v2\/types\/product"}],"replies":[{"embeddable":true,"href":"https:\/\/www.vape4wholesale.com\/fr\/wp-json\/wp\/v2\/comments?post=9007"}],"wp:featuredmedia":[{"embeddable":true,"href":"https:\/\/www.vape4wholesale.com\/fr\/wp-json\/wp\/v2\/media\/11517"}],"wp:attachment":[{"href":"https:\/\/www.vape4wholesale.com\/fr\/wp-json\/wp\/v2\/media?parent=9007"}],"wp:term":[{"taxonomy":"pwb-brand","embeddable":true,"href":"https:\/\/www.vape4wholesale.com\/fr\/wp-json\/wp\/v2\/pwb-brand?post=9007"},{"taxonomy":"product_cat","embeddable":true,"href":"https:\/\/www.vape4wholesale.com\/fr\/wp-json\/wp\/v2\/product_cat?post=9007"},{"taxonomy":"product_tag","embeddable":true,"href":"https:\/\/www.vape4wholesale.com\/fr\/wp-json\/wp\/v2\/product_tag?post=9007"}],"curies":[{"name":"wp","href":"https:\/\/api.w.org\/{rel}","templated":true}]}}