{"id":8755,"date":"2023-03-30T09:44:56","date_gmt":"2023-03-30T01:44:56","guid":{"rendered":"https:\/\/www.vape4wholesale.com\/?post_type=product&#038;p=8755"},"modified":"2026-03-23T00:56:45","modified_gmt":"2026-03-22T16:56:45","slug":"hqd-cuvie-plus-1200-puffs-jetable-vape-wholesale","status":"publish","type":"product","link":"https:\/\/www.vape4wholesale.com\/fr\/product\/hqd-cuvie-plus-1200-puffs-disposable-vape-wholesale","title":{"rendered":"HQD Cuvie Plus 1200 Puffs Vape jetable Wholesale"},"content":{"rendered":"<p><strong><a href=\"https:\/\/www.vape4wholesale.com\/fr\/marque_du_produit\/hqd\/\">HQD<\/a> Cuvie Plus 1200<\/strong> Le dispositif de vape jetable est r\u00e9volutionnaire avec une batterie d'une capacit\u00e9 de 950mAh et une dur\u00e9e de vie de plus de 1200 bouff\u00e9es ! Il a une saveur tr\u00e8s riche qui se d\u00e9marque de la concurrence. Choisissez la saveur d'e-liquide que vous aimez le plus parmi les 54 saveurs disponibles. Avec sa petite taille, sa facilit\u00e9 de transport et d'utilisation, ainsi que son go\u00fbt exceptionnel, il est difficile de se tromper avec le Cuvie Plus de HQD, un dispositif de vape pod jetable. Consultez notre collection d'offres de vape jetable.<\/p>\n<h2>HQD Cuvie Plus 1200 D\u00e9tails :<\/h2>\n<p>Taille : \u00d818x101mm<br \/>\nCapacit\u00e9 de la batterie : 950mAh<br \/>\nGamme de puissance : 7~12W<br \/>\nNombre de bouff\u00e9es : 1200<br \/>\nPoids : 45g<br \/>\nTension d'entr\u00e9e : 3,7V<br \/>\nCapacit\u00e9 E-liquide : 5.0ml<br \/>\nConcentration : 50mg\/ml<br \/>\nR\u00e9sistance : 1,8\u03a9<br \/>\nSaveurs : 54 saveurs disponibles<\/p>\n<h2><\/h2>\n<h2>HQD Cuvie Plus 1200 Ar\u00f4mes :<\/h2>\n<p>Pomme P\u00eache<br \/>\nCitron rose<br \/>\nMangue Goyave<br \/>\nPog Orange Goyave<br \/>\nMyrtille Framboise<br \/>\nCr\u00e8me glac\u00e9e SBCC<br \/>\nMenthe glac\u00e9e<br \/>\nRaisin<br \/>\nMyrtille<br \/>\nLimonade aux myrtilles<br \/>\nFraise et banane<br \/>\nGlace luxuriante<br \/>\nGlace \u00e0 l'ananas<br \/>\nGlace au litchi<br \/>\nGlace \u00e0 la mangue<br \/>\nFraise<br \/>\nPina Colada<br \/>\nBoisson \u00e9nerg\u00e9tique<br \/>\nBonbons<br \/>\nGlace noire<br \/>\nKiwi Grenade<br \/>\nGlace rouge<br \/>\nMiami Vice<br \/>\nFusion de fruits<br \/>\nPast\u00e8que \u00e0 la fraise<br \/>\nG\u00e2teau aux fraises<br \/>\nCantaloup<br \/>\nArc-en-ciel<br \/>\nTres Leches<br \/>\nLimonade \u00e0 la fraise<br \/>\nBanane glac\u00e9e<br \/>\nMojito<br \/>\nBeurre de cacahu\u00e8te<br \/>\nMangue P\u00eache<br \/>\nChocolat \u00e0 la menthe<br \/>\nMiel et litchi<br \/>\nTh\u00e9 glac\u00e9<br \/>\nGlace au melon<br \/>\nGroseille<br \/>\nBarbe \u00e0 papa<br \/>\nPomme Honeycrisp<br \/>\nGlace \u00e0 la p\u00eache<br \/>\nCerise Grenade<br \/>\nCiel Menthe<br \/>\nCoconut Grove<br \/>\nTabac<br \/>\nNoix Tabac<br \/>\nClair<br \/>\nFraise Kiwi<br \/>\nEau \u00e0 bulles<br \/>\nBaies fra\u00eeches<br \/>\nFruit du dragon \u00e0 la fraise<br \/>\nGrenadine<br \/>\nBig Smoke<\/p>\n<h2>Poids et emballage<\/h2>\n<ul>\n<li>Taille du carton : 395x295x290mm<\/li>\n<li>QT\u00c9 : 240PCS<\/li>\n<li>POIDS : 13.5KG<\/li>\n<\/ul>\n<p><img loading=\"lazy\" decoding=\"async\" class=\"alignnone size-full wp-image-11766\" title=\"HQD Cuvie Plus 1200 Puffs Vape jetable en gros (3)\" src=\"https:\/\/www.vape4wholesale.com\/wp-content\/uploads\/2023\/03\/HQD-Cuvie-Plus-1200-Puffs-Disposable-Vape-Wholesale-3.jpg\" alt=\"HQD Cuvie Plus 1200 Puffs Vape jetable en gros (3)\" width=\"766\" height=\"800\" srcset=\"https:\/\/www.vape4wholesale.com\/wp-content\/uploads\/2023\/03\/HQD-Cuvie-Plus-1200-Puffs-Disposable-Vape-Wholesale-3.jpg 766w, https:\/\/www.vape4wholesale.com\/wp-content\/uploads\/2023\/03\/HQD-Cuvie-Plus-1200-Puffs-Disposable-Vape-Wholesale-3-510x533.jpg 510w, https:\/\/www.vape4wholesale.com\/wp-content\/uploads\/2023\/03\/HQD-Cuvie-Plus-1200-Puffs-Disposable-Vape-Wholesale-3-64x67.jpg 64w, https:\/\/www.vape4wholesale.com\/wp-content\/uploads\/2023\/03\/HQD-Cuvie-Plus-1200-Puffs-Disposable-Vape-Wholesale-3-287x300.jpg 287w\" sizes=\"auto, (max-width: 766px) 100vw, 766px\" \/> <img loading=\"lazy\" decoding=\"async\" class=\"alignnone size-full wp-image-11768\" title=\"HQD Cuvie Plus 1200 Puffs Vape jetable en gros (8)\" src=\"https:\/\/www.vape4wholesale.com\/wp-content\/uploads\/2023\/03\/HQD-Cuvie-Plus-1200-Puffs-Disposable-Vape-Wholesale-8.jpg\" alt=\"HQD Cuvie Plus 1200 Puffs Vape jetable en gros (8)\" width=\"766\" height=\"800\" srcset=\"https:\/\/www.vape4wholesale.com\/wp-content\/uploads\/2023\/03\/HQD-Cuvie-Plus-1200-Puffs-Disposable-Vape-Wholesale-8.jpg 766w, https:\/\/www.vape4wholesale.com\/wp-content\/uploads\/2023\/03\/HQD-Cuvie-Plus-1200-Puffs-Disposable-Vape-Wholesale-8-510x533.jpg 510w, https:\/\/www.vape4wholesale.com\/wp-content\/uploads\/2023\/03\/HQD-Cuvie-Plus-1200-Puffs-Disposable-Vape-Wholesale-8-64x67.jpg 64w, https:\/\/www.vape4wholesale.com\/wp-content\/uploads\/2023\/03\/HQD-Cuvie-Plus-1200-Puffs-Disposable-Vape-Wholesale-8-287x300.jpg 287w\" sizes=\"auto, (max-width: 766px) 100vw, 766px\" \/> <img loading=\"lazy\" decoding=\"async\" class=\"alignnone size-full wp-image-11769\" title=\"HQD Cuvie Plus 1200 Puffs Vape jetable en gros (15)\" src=\"https:\/\/www.vape4wholesale.com\/wp-content\/uploads\/2023\/03\/HQD-Cuvie-Plus-1200-Puffs-Disposable-Vape-Wholesale-15.jpg\" alt=\"HQD Cuvie Plus 1200 Puffs Vape jetable en gros (15)\" width=\"766\" height=\"800\" srcset=\"https:\/\/www.vape4wholesale.com\/wp-content\/uploads\/2023\/03\/HQD-Cuvie-Plus-1200-Puffs-Disposable-Vape-Wholesale-15.jpg 766w, https:\/\/www.vape4wholesale.com\/wp-content\/uploads\/2023\/03\/HQD-Cuvie-Plus-1200-Puffs-Disposable-Vape-Wholesale-15-510x533.jpg 510w, https:\/\/www.vape4wholesale.com\/wp-content\/uploads\/2023\/03\/HQD-Cuvie-Plus-1200-Puffs-Disposable-Vape-Wholesale-15-64x67.jpg 64w, https:\/\/www.vape4wholesale.com\/wp-content\/uploads\/2023\/03\/HQD-Cuvie-Plus-1200-Puffs-Disposable-Vape-Wholesale-15-287x300.jpg 287w\" sizes=\"auto, (max-width: 766px) 100vw, 766px\" \/><img loading=\"lazy\" decoding=\"async\" class=\"alignnone size-full wp-image-11770\" title=\"HQD Cuvie Plus 1200 Puffs Vape jetable en gros (17)\" src=\"https:\/\/www.vape4wholesale.com\/wp-content\/uploads\/2023\/03\/HQD-Cuvie-Plus-1200-Puffs-Disposable-Vape-Wholesale-17.jpg\" alt=\"HQD Cuvie Plus 1200 Puffs Vape jetable en gros (17)\" width=\"766\" height=\"800\" srcset=\"https:\/\/www.vape4wholesale.com\/wp-content\/uploads\/2023\/03\/HQD-Cuvie-Plus-1200-Puffs-Disposable-Vape-Wholesale-17.jpg 766w, https:\/\/www.vape4wholesale.com\/wp-content\/uploads\/2023\/03\/HQD-Cuvie-Plus-1200-Puffs-Disposable-Vape-Wholesale-17-510x533.jpg 510w, https:\/\/www.vape4wholesale.com\/wp-content\/uploads\/2023\/03\/HQD-Cuvie-Plus-1200-Puffs-Disposable-Vape-Wholesale-17-64x67.jpg 64w, https:\/\/www.vape4wholesale.com\/wp-content\/uploads\/2023\/03\/HQD-Cuvie-Plus-1200-Puffs-Disposable-Vape-Wholesale-17-287x300.jpg 287w\" sizes=\"auto, (max-width: 766px) 100vw, 766px\" \/> <img loading=\"lazy\" decoding=\"async\" class=\"alignnone size-full wp-image-11771\" title=\"HQD Cuvie Plus 1200 Puffs Vape jetable en gros (20)\" src=\"https:\/\/www.vape4wholesale.com\/wp-content\/uploads\/2023\/03\/HQD-Cuvie-Plus-1200-Puffs-Disposable-Vape-Wholesale-20.jpg\" alt=\"HQD Cuvie Plus 1200 Puffs Vape jetable en gros (20)\" width=\"766\" height=\"800\" srcset=\"https:\/\/www.vape4wholesale.com\/wp-content\/uploads\/2023\/03\/HQD-Cuvie-Plus-1200-Puffs-Disposable-Vape-Wholesale-20.jpg 766w, https:\/\/www.vape4wholesale.com\/wp-content\/uploads\/2023\/03\/HQD-Cuvie-Plus-1200-Puffs-Disposable-Vape-Wholesale-20-510x533.jpg 510w, https:\/\/www.vape4wholesale.com\/wp-content\/uploads\/2023\/03\/HQD-Cuvie-Plus-1200-Puffs-Disposable-Vape-Wholesale-20-64x67.jpg 64w, https:\/\/www.vape4wholesale.com\/wp-content\/uploads\/2023\/03\/HQD-Cuvie-Plus-1200-Puffs-Disposable-Vape-Wholesale-20-287x300.jpg 287w\" sizes=\"auto, (max-width: 766px) 100vw, 766px\" \/> <img loading=\"lazy\" decoding=\"async\" class=\"alignnone size-full wp-image-11772\" title=\"HQD Cuvie Plus 1200 Puffs Vape jetable en gros (22)\" src=\"https:\/\/www.vape4wholesale.com\/wp-content\/uploads\/2023\/03\/HQD-Cuvie-Plus-1200-Puffs-Disposable-Vape-Wholesale-22.jpg\" alt=\"HQD Cuvie Plus 1200 Puffs Vape jetable en gros (22)\" width=\"766\" height=\"800\" srcset=\"https:\/\/www.vape4wholesale.com\/wp-content\/uploads\/2023\/03\/HQD-Cuvie-Plus-1200-Puffs-Disposable-Vape-Wholesale-22.jpg 766w, https:\/\/www.vape4wholesale.com\/wp-content\/uploads\/2023\/03\/HQD-Cuvie-Plus-1200-Puffs-Disposable-Vape-Wholesale-22-510x533.jpg 510w, https:\/\/www.vape4wholesale.com\/wp-content\/uploads\/2023\/03\/HQD-Cuvie-Plus-1200-Puffs-Disposable-Vape-Wholesale-22-64x67.jpg 64w, https:\/\/www.vape4wholesale.com\/wp-content\/uploads\/2023\/03\/HQD-Cuvie-Plus-1200-Puffs-Disposable-Vape-Wholesale-22-287x300.jpg 287w\" sizes=\"auto, (max-width: 766px) 100vw, 766px\" \/> <img loading=\"lazy\" decoding=\"async\" class=\"alignnone size-full wp-image-11773\" title=\"HQD Cuvie Plus 1200 Puffs Vape jetable en gros (24)\" src=\"https:\/\/www.vape4wholesale.com\/wp-content\/uploads\/2023\/03\/HQD-Cuvie-Plus-1200-Puffs-Disposable-Vape-Wholesale-24.jpg\" alt=\"HQD Cuvie Plus 1200 Puffs Vape jetable en gros (24)\" width=\"766\" height=\"800\" srcset=\"https:\/\/www.vape4wholesale.com\/wp-content\/uploads\/2023\/03\/HQD-Cuvie-Plus-1200-Puffs-Disposable-Vape-Wholesale-24.jpg 766w, https:\/\/www.vape4wholesale.com\/wp-content\/uploads\/2023\/03\/HQD-Cuvie-Plus-1200-Puffs-Disposable-Vape-Wholesale-24-510x533.jpg 510w, https:\/\/www.vape4wholesale.com\/wp-content\/uploads\/2023\/03\/HQD-Cuvie-Plus-1200-Puffs-Disposable-Vape-Wholesale-24-64x67.jpg 64w, https:\/\/www.vape4wholesale.com\/wp-content\/uploads\/2023\/03\/HQD-Cuvie-Plus-1200-Puffs-Disposable-Vape-Wholesale-24-287x300.jpg 287w\" sizes=\"auto, (max-width: 766px) 100vw, 766px\" \/> <img loading=\"lazy\" decoding=\"async\" class=\"alignnone size-full wp-image-11774\" title=\"HQD Cuvie Plus 1200 Puffs Vape jetable en gros (28)\" src=\"https:\/\/www.vape4wholesale.com\/wp-content\/uploads\/2023\/03\/HQD-Cuvie-Plus-1200-Puffs-Disposable-Vape-Wholesale-28.jpg\" alt=\"HQD Cuvie Plus 1200 Puffs Vape jetable en gros (28)\" width=\"766\" height=\"800\" srcset=\"https:\/\/www.vape4wholesale.com\/wp-content\/uploads\/2023\/03\/HQD-Cuvie-Plus-1200-Puffs-Disposable-Vape-Wholesale-28.jpg 766w, https:\/\/www.vape4wholesale.com\/wp-content\/uploads\/2023\/03\/HQD-Cuvie-Plus-1200-Puffs-Disposable-Vape-Wholesale-28-510x533.jpg 510w, https:\/\/www.vape4wholesale.com\/wp-content\/uploads\/2023\/03\/HQD-Cuvie-Plus-1200-Puffs-Disposable-Vape-Wholesale-28-64x67.jpg 64w, https:\/\/www.vape4wholesale.com\/wp-content\/uploads\/2023\/03\/HQD-Cuvie-Plus-1200-Puffs-Disposable-Vape-Wholesale-28-287x300.jpg 287w\" sizes=\"auto, (max-width: 766px) 100vw, 766px\" \/> <img loading=\"lazy\" decoding=\"async\" class=\"alignnone size-full wp-image-11775\" title=\"HQD Cuvie Plus 1200 Puffs Vape jetable en gros (30)\" src=\"https:\/\/www.vape4wholesale.com\/wp-content\/uploads\/2023\/03\/HQD-Cuvie-Plus-1200-Puffs-Disposable-Vape-Wholesale-30.jpg\" alt=\"HQD Cuvie Plus 1200 Puffs Vape jetable en gros (30)\" width=\"766\" height=\"800\" srcset=\"https:\/\/www.vape4wholesale.com\/wp-content\/uploads\/2023\/03\/HQD-Cuvie-Plus-1200-Puffs-Disposable-Vape-Wholesale-30.jpg 766w, https:\/\/www.vape4wholesale.com\/wp-content\/uploads\/2023\/03\/HQD-Cuvie-Plus-1200-Puffs-Disposable-Vape-Wholesale-30-510x533.jpg 510w, https:\/\/www.vape4wholesale.com\/wp-content\/uploads\/2023\/03\/HQD-Cuvie-Plus-1200-Puffs-Disposable-Vape-Wholesale-30-64x67.jpg 64w, https:\/\/www.vape4wholesale.com\/wp-content\/uploads\/2023\/03\/HQD-Cuvie-Plus-1200-Puffs-Disposable-Vape-Wholesale-30-287x300.jpg 287w\" sizes=\"auto, (max-width: 766px) 100vw, 766px\" \/> <img loading=\"lazy\" decoding=\"async\" class=\"alignnone size-full wp-image-11776\" title=\"HQD Cuvie Plus 1200 Puffs Vape jetable en gros (33)\" src=\"https:\/\/www.vape4wholesale.com\/wp-content\/uploads\/2023\/03\/HQD-Cuvie-Plus-1200-Puffs-Disposable-Vape-Wholesale-33.jpg\" alt=\"HQD Cuvie Plus 1200 Puffs Vape jetable en gros (33)\" width=\"766\" height=\"800\" srcset=\"https:\/\/www.vape4wholesale.com\/wp-content\/uploads\/2023\/03\/HQD-Cuvie-Plus-1200-Puffs-Disposable-Vape-Wholesale-33.jpg 766w, https:\/\/www.vape4wholesale.com\/wp-content\/uploads\/2023\/03\/HQD-Cuvie-Plus-1200-Puffs-Disposable-Vape-Wholesale-33-510x533.jpg 510w, https:\/\/www.vape4wholesale.com\/wp-content\/uploads\/2023\/03\/HQD-Cuvie-Plus-1200-Puffs-Disposable-Vape-Wholesale-33-64x67.jpg 64w, https:\/\/www.vape4wholesale.com\/wp-content\/uploads\/2023\/03\/HQD-Cuvie-Plus-1200-Puffs-Disposable-Vape-Wholesale-33-287x300.jpg 287w\" sizes=\"auto, (max-width: 766px) 100vw, 766px\" \/> <img loading=\"lazy\" decoding=\"async\" class=\"alignnone size-full wp-image-11777\" title=\"HQD Cuvie Plus 1200 Puffs Vape jetable en gros (37)\" src=\"https:\/\/www.vape4wholesale.com\/wp-content\/uploads\/2023\/03\/HQD-Cuvie-Plus-1200-Puffs-Disposable-Vape-Wholesale-37.jpg\" alt=\"HQD Cuvie Plus 1200 Puffs Vape jetable en gros (37)\" width=\"766\" height=\"800\" srcset=\"https:\/\/www.vape4wholesale.com\/wp-content\/uploads\/2023\/03\/HQD-Cuvie-Plus-1200-Puffs-Disposable-Vape-Wholesale-37.jpg 766w, https:\/\/www.vape4wholesale.com\/wp-content\/uploads\/2023\/03\/HQD-Cuvie-Plus-1200-Puffs-Disposable-Vape-Wholesale-37-510x533.jpg 510w, https:\/\/www.vape4wholesale.com\/wp-content\/uploads\/2023\/03\/HQD-Cuvie-Plus-1200-Puffs-Disposable-Vape-Wholesale-37-64x67.jpg 64w, https:\/\/www.vape4wholesale.com\/wp-content\/uploads\/2023\/03\/HQD-Cuvie-Plus-1200-Puffs-Disposable-Vape-Wholesale-37-287x300.jpg 287w\" sizes=\"auto, (max-width: 766px) 100vw, 766px\" \/> <img loading=\"lazy\" decoding=\"async\" class=\"alignnone size-full wp-image-11778\" title=\"HQD Cuvie Plus 1200 Puffs Vape jetable en gros (49)\" src=\"https:\/\/www.vape4wholesale.com\/wp-content\/uploads\/2023\/03\/HQD-Cuvie-Plus-1200-Puffs-Disposable-Vape-Wholesale-49.jpg\" alt=\"HQD Cuvie Plus 1200 Puffs Vape jetable en gros (49)\" width=\"766\" height=\"800\" srcset=\"https:\/\/www.vape4wholesale.com\/wp-content\/uploads\/2023\/03\/HQD-Cuvie-Plus-1200-Puffs-Disposable-Vape-Wholesale-49.jpg 766w, https:\/\/www.vape4wholesale.com\/wp-content\/uploads\/2023\/03\/HQD-Cuvie-Plus-1200-Puffs-Disposable-Vape-Wholesale-49-510x533.jpg 510w, https:\/\/www.vape4wholesale.com\/wp-content\/uploads\/2023\/03\/HQD-Cuvie-Plus-1200-Puffs-Disposable-Vape-Wholesale-49-64x67.jpg 64w, https:\/\/www.vape4wholesale.com\/wp-content\/uploads\/2023\/03\/HQD-Cuvie-Plus-1200-Puffs-Disposable-Vape-Wholesale-49-287x300.jpg 287w\" sizes=\"auto, (max-width: 766px) 100vw, 766px\" \/> <img loading=\"lazy\" decoding=\"async\" class=\"alignnone size-full wp-image-11779\" title=\"HQD Cuvie Plus 1200 Puffs Vape jetable en gros (52)\" src=\"https:\/\/www.vape4wholesale.com\/wp-content\/uploads\/2023\/03\/HQD-Cuvie-Plus-1200-Puffs-Disposable-Vape-Wholesale-52.jpg\" alt=\"HQD Cuvie Plus 1200 Puffs Vape jetable en gros (52)\" width=\"766\" height=\"800\" srcset=\"https:\/\/www.vape4wholesale.com\/wp-content\/uploads\/2023\/03\/HQD-Cuvie-Plus-1200-Puffs-Disposable-Vape-Wholesale-52.jpg 766w, https:\/\/www.vape4wholesale.com\/wp-content\/uploads\/2023\/03\/HQD-Cuvie-Plus-1200-Puffs-Disposable-Vape-Wholesale-52-510x533.jpg 510w, https:\/\/www.vape4wholesale.com\/wp-content\/uploads\/2023\/03\/HQD-Cuvie-Plus-1200-Puffs-Disposable-Vape-Wholesale-52-64x67.jpg 64w, https:\/\/www.vape4wholesale.com\/wp-content\/uploads\/2023\/03\/HQD-Cuvie-Plus-1200-Puffs-Disposable-Vape-Wholesale-52-287x300.jpg 287w\" sizes=\"auto, (max-width: 766px) 100vw, 766px\" \/><\/p>\n<p>&nbsp;<\/p>","protected":false},"excerpt":{"rendered":"[scf-template id=&#8217;11434&#8242;]\n","protected":false},"featured_media":11772,"comment_status":"open","ping_status":"closed","template":"","meta":[],"pwb-brand":[1280],"product_cat":[48],"product_tag":[461,22,24,46,446],"class_list":{"0":"post-8755","1":"product","2":"type-product","3":"status-publish","4":"has-post-thumbnail","6":"pwb-brand-hqd","7":"product_cat-below-2000-puffs","8":"product_tag-hqd","9":"product_tag-disposable","10":"product_tag-wholesale","11":"product_tag-5-0ml","12":"product_tag-1200-puffs","14":"first","15":"outofstock","16":"shipping-taxable","17":"purchasable","18":"product-type-variable","19":"has-default-attributes"},"aioseo_notices":[],"brands":[{"id":1280,"name":"HQD","slug":"hqd"}],"_links":{"self":[{"href":"https:\/\/www.vape4wholesale.com\/fr\/wp-json\/wp\/v2\/product\/8755","targetHints":{"allow":["GET"]}}],"collection":[{"href":"https:\/\/www.vape4wholesale.com\/fr\/wp-json\/wp\/v2\/product"}],"about":[{"href":"https:\/\/www.vape4wholesale.com\/fr\/wp-json\/wp\/v2\/types\/product"}],"replies":[{"embeddable":true,"href":"https:\/\/www.vape4wholesale.com\/fr\/wp-json\/wp\/v2\/comments?post=8755"}],"wp:featuredmedia":[{"embeddable":true,"href":"https:\/\/www.vape4wholesale.com\/fr\/wp-json\/wp\/v2\/media\/11772"}],"wp:attachment":[{"href":"https:\/\/www.vape4wholesale.com\/fr\/wp-json\/wp\/v2\/media?parent=8755"}],"wp:term":[{"taxonomy":"pwb-brand","embeddable":true,"href":"https:\/\/www.vape4wholesale.com\/fr\/wp-json\/wp\/v2\/pwb-brand?post=8755"},{"taxonomy":"product_cat","embeddable":true,"href":"https:\/\/www.vape4wholesale.com\/fr\/wp-json\/wp\/v2\/product_cat?post=8755"},{"taxonomy":"product_tag","embeddable":true,"href":"https:\/\/www.vape4wholesale.com\/fr\/wp-json\/wp\/v2\/product_tag?post=8755"}],"curies":[{"name":"wp","href":"https:\/\/api.w.org\/{rel}","templated":true}]}}