{"id":7815,"date":"2023-03-13T09:21:25","date_gmt":"2023-03-13T01:21:25","guid":{"rendered":"https:\/\/www.vape4wholesale.com\/?post_type=product&#038;p=7815"},"modified":"2026-01-26T13:43:00","modified_gmt":"2026-01-26T13:43:00","slug":"rm-bar-9000-puffs-jetable-vape-wholesale","status":"publish","type":"product","link":"https:\/\/www.vape4wholesale.com\/fr\/product\/rm-bar-9000-puffs-disposable-vape-wholesale","title":{"rendered":"R&amp;M Bar 9000 Puffs Disposable Vape Wholesale"},"content":{"rendered":"<p>R&amp;M Bar 9000 est un Vapeur jetable rechargeable avec lumi\u00e8re clignotante RGB, livr\u00e9 avec une batterie int\u00e9gr\u00e9e de 650 mA de haute capacit\u00e9 et 15 ml d'e-liquide qui supporte 9000 bouff\u00e9es, et avec une r\u00e9sistance ultra-faible 1.0\u03a9mesh core, de grandes bouff\u00e9es avec un go\u00fbt sucr\u00e9, une vari\u00e9t\u00e9 d'ar\u00f4mes \u00e0 choisir.<\/p>\n<p>&nbsp;<\/p>\n<h2>R&amp;M Bar 9000 Vape jetable Sp\u00e9cifications :<\/h2>\n<p>Marque : R&amp;M<\/p>\n<p>Bouff\u00e9es:9000 bouff\u00e9es sont disponibles par appareil.<\/p>\n<p>Nicotine:2%\/5%<\/p>\n<p>Capacit\u00e9 de l'e-juice : 15ML<\/p>\n<p>Batterie : 650mAh<\/p>\n<p>Port de charge : Type C<\/p>\n<p>R\u00e9sistance : 1.0\u03a9 Mesh Coil<\/p>\n<p>&nbsp;<\/p>\n<h2>Saveurs<\/h2>\n<p>Fusion de baies<\/p>\n<p>Bonbons arc-en-ciel<\/p>\n<p>P\u00eache Mangue Past\u00e8que<\/p>\n<p>Glace en forme de c\u00f4ne de neige<\/p>\n<p>Melons des Fidji Glace<\/p>\n<p>Glace \u00e0 la pomme Fuji<\/p>\n<p>Grenade Blue Razz<\/p>\n<p>Framboise Cerise<\/p>\n<p>Past\u00e8que \u00e0 la fraise<\/p>\n<p>Glace \u00e0 la framboise bleue<\/p>\n<p>Gomme \u00e0 m\u00e2cher \u00e0 la past\u00e8que<\/p>\n<p>Lance menthe<\/p>\n<p>Glace p\u00eache framboise<\/p>\n<p>Punch tropical<\/p>\n<p>Boisson \u00e9nerg\u00e9tique<\/p>\n<p>Kiwi Dragon Berry<\/p>\n<p>&nbsp;<\/p>\n<h2>Emballage et poids<\/h2>\n<p>0,064KG\/PCS, une seule pi\u00e8ce dans un petit emballage, 10 pi\u00e8ces dans une bo\u00eete moyenne.<\/p>\n<p>300PCS en carton, 19.1KG.<\/p>\n<p><img loading=\"lazy\" decoding=\"async\" class=\"alignnone size-full wp-image-12143\" title=\"RM BAR 9000 Puffs Vape jetable Wholesale All Flavors\" src=\"https:\/\/www.vape4wholesale.com\/wp-content\/uploads\/2023\/03\/RM-BAR-9000-Puffs-Disposable-Vape-Wholesale-All-Flavors.jpg\" alt=\"RM BAR 9000 Puffs Vape jetable Wholesale All Flavors\" width=\"800\" height=\"800\" srcset=\"https:\/\/www.vape4wholesale.com\/wp-content\/uploads\/2023\/03\/RM-BAR-9000-Puffs-Disposable-Vape-Wholesale-All-Flavors.jpg 800w, https:\/\/www.vape4wholesale.com\/wp-content\/uploads\/2023\/03\/RM-BAR-9000-Puffs-Disposable-Vape-Wholesale-All-Flavors-247x247.jpg 247w, https:\/\/www.vape4wholesale.com\/wp-content\/uploads\/2023\/03\/RM-BAR-9000-Puffs-Disposable-Vape-Wholesale-All-Flavors-100x100.jpg 100w, https:\/\/www.vape4wholesale.com\/wp-content\/uploads\/2023\/03\/RM-BAR-9000-Puffs-Disposable-Vape-Wholesale-All-Flavors-510x510.jpg 510w, https:\/\/www.vape4wholesale.com\/wp-content\/uploads\/2023\/03\/RM-BAR-9000-Puffs-Disposable-Vape-Wholesale-All-Flavors-64x64.jpg 64w, https:\/\/www.vape4wholesale.com\/wp-content\/uploads\/2023\/03\/RM-BAR-9000-Puffs-Disposable-Vape-Wholesale-All-Flavors-300x300.jpg 300w, https:\/\/www.vape4wholesale.com\/wp-content\/uploads\/2023\/03\/RM-BAR-9000-Puffs-Disposable-Vape-Wholesale-All-Flavors-150x150.jpg 150w, https:\/\/www.vape4wholesale.com\/wp-content\/uploads\/2023\/03\/RM-BAR-9000-Puffs-Disposable-Vape-Wholesale-All-Flavors-768x768.jpg 768w\" sizes=\"auto, (max-width: 800px) 100vw, 800px\" \/> <img loading=\"lazy\" decoding=\"async\" class=\"alignnone size-full wp-image-12141\" title=\"RM BAR 9000 Puffs Vape jetable Wholesale\" src=\"https:\/\/www.vape4wholesale.com\/wp-content\/uploads\/2023\/03\/RM-BAR-9000-Puffs-Disposable-Vape-Wholesale.jpg\" alt=\"RM BAR 9000 Puffs Vape jetable Wholesale\" width=\"800\" height=\"1131\" srcset=\"https:\/\/www.vape4wholesale.com\/wp-content\/uploads\/2023\/03\/RM-BAR-9000-Puffs-Disposable-Vape-Wholesale.jpg 800w, https:\/\/www.vape4wholesale.com\/wp-content\/uploads\/2023\/03\/RM-BAR-9000-Puffs-Disposable-Vape-Wholesale-510x721.jpg 510w, https:\/\/www.vape4wholesale.com\/wp-content\/uploads\/2023\/03\/RM-BAR-9000-Puffs-Disposable-Vape-Wholesale-64x90.jpg 64w, https:\/\/www.vape4wholesale.com\/wp-content\/uploads\/2023\/03\/RM-BAR-9000-Puffs-Disposable-Vape-Wholesale-212x300.jpg 212w, https:\/\/www.vape4wholesale.com\/wp-content\/uploads\/2023\/03\/RM-BAR-9000-Puffs-Disposable-Vape-Wholesale-724x1024.jpg 724w, https:\/\/www.vape4wholesale.com\/wp-content\/uploads\/2023\/03\/RM-BAR-9000-Puffs-Disposable-Vape-Wholesale-768x1086.jpg 768w\" sizes=\"auto, (max-width: 800px) 100vw, 800px\" \/> <img loading=\"lazy\" decoding=\"async\" class=\"alignnone size-full wp-image-12142\" title=\"RM BAR 9000 Puffs Vape jetable Wholesale 3 Flavors\" src=\"https:\/\/www.vape4wholesale.com\/wp-content\/uploads\/2023\/03\/RM-BAR-9000-Puffs-Disposable-Vape-Wholesale-3-Flavors.jpg\" alt=\"RM BAR 9000 Puffs Vape jetable Wholesale 3 Flavors\" width=\"800\" height=\"800\" srcset=\"https:\/\/www.vape4wholesale.com\/wp-content\/uploads\/2023\/03\/RM-BAR-9000-Puffs-Disposable-Vape-Wholesale-3-Flavors.jpg 800w, https:\/\/www.vape4wholesale.com\/wp-content\/uploads\/2023\/03\/RM-BAR-9000-Puffs-Disposable-Vape-Wholesale-3-Flavors-247x247.jpg 247w, https:\/\/www.vape4wholesale.com\/wp-content\/uploads\/2023\/03\/RM-BAR-9000-Puffs-Disposable-Vape-Wholesale-3-Flavors-100x100.jpg 100w, https:\/\/www.vape4wholesale.com\/wp-content\/uploads\/2023\/03\/RM-BAR-9000-Puffs-Disposable-Vape-Wholesale-3-Flavors-510x510.jpg 510w, https:\/\/www.vape4wholesale.com\/wp-content\/uploads\/2023\/03\/RM-BAR-9000-Puffs-Disposable-Vape-Wholesale-3-Flavors-64x64.jpg 64w, https:\/\/www.vape4wholesale.com\/wp-content\/uploads\/2023\/03\/RM-BAR-9000-Puffs-Disposable-Vape-Wholesale-3-Flavors-300x300.jpg 300w, https:\/\/www.vape4wholesale.com\/wp-content\/uploads\/2023\/03\/RM-BAR-9000-Puffs-Disposable-Vape-Wholesale-3-Flavors-150x150.jpg 150w, https:\/\/www.vape4wholesale.com\/wp-content\/uploads\/2023\/03\/RM-BAR-9000-Puffs-Disposable-Vape-Wholesale-3-Flavors-768x768.jpg 768w\" sizes=\"auto, (max-width: 800px) 100vw, 800px\" \/> <img loading=\"lazy\" decoding=\"async\" class=\"alignnone size-full wp-image-12144\" title=\"RM BAR 9000 bouff\u00e9es Vape jetable en gros Berry Fusion\" src=\"https:\/\/www.vape4wholesale.com\/wp-content\/uploads\/2023\/03\/RM-BAR-9000-Puffs-Disposable-Vape-Wholesale-Berry-Fusion.jpg\" alt=\"RM BAR 9000 bouff\u00e9es Vape jetable en gros Berry Fusion\" width=\"800\" height=\"800\" srcset=\"https:\/\/www.vape4wholesale.com\/wp-content\/uploads\/2023\/03\/RM-BAR-9000-Puffs-Disposable-Vape-Wholesale-Berry-Fusion.jpg 800w, https:\/\/www.vape4wholesale.com\/wp-content\/uploads\/2023\/03\/RM-BAR-9000-Puffs-Disposable-Vape-Wholesale-Berry-Fusion-247x247.jpg 247w, https:\/\/www.vape4wholesale.com\/wp-content\/uploads\/2023\/03\/RM-BAR-9000-Puffs-Disposable-Vape-Wholesale-Berry-Fusion-100x100.jpg 100w, https:\/\/www.vape4wholesale.com\/wp-content\/uploads\/2023\/03\/RM-BAR-9000-Puffs-Disposable-Vape-Wholesale-Berry-Fusion-510x510.jpg 510w, https:\/\/www.vape4wholesale.com\/wp-content\/uploads\/2023\/03\/RM-BAR-9000-Puffs-Disposable-Vape-Wholesale-Berry-Fusion-64x64.jpg 64w, https:\/\/www.vape4wholesale.com\/wp-content\/uploads\/2023\/03\/RM-BAR-9000-Puffs-Disposable-Vape-Wholesale-Berry-Fusion-300x300.jpg 300w, https:\/\/www.vape4wholesale.com\/wp-content\/uploads\/2023\/03\/RM-BAR-9000-Puffs-Disposable-Vape-Wholesale-Berry-Fusion-150x150.jpg 150w, https:\/\/www.vape4wholesale.com\/wp-content\/uploads\/2023\/03\/RM-BAR-9000-Puffs-Disposable-Vape-Wholesale-Berry-Fusion-768x768.jpg 768w\" sizes=\"auto, (max-width: 800px) 100vw, 800px\" \/> <img loading=\"lazy\" decoding=\"async\" class=\"alignnone size-full wp-image-12154\" title=\"RM BAR 9000 Puffs Vape jetable en gros Framboise Cerise\" src=\"https:\/\/www.vape4wholesale.com\/wp-content\/uploads\/2023\/03\/RM-BAR-9000-Puffs-Disposable-Vape-Wholesale-Raspberry-Cherry.jpg\" alt=\"RM BAR 9000 Puffs Vape jetable en gros Framboise Cerise\" width=\"800\" height=\"800\" srcset=\"https:\/\/www.vape4wholesale.com\/wp-content\/uploads\/2023\/03\/RM-BAR-9000-Puffs-Disposable-Vape-Wholesale-Raspberry-Cherry.jpg 800w, https:\/\/www.vape4wholesale.com\/wp-content\/uploads\/2023\/03\/RM-BAR-9000-Puffs-Disposable-Vape-Wholesale-Raspberry-Cherry-247x247.jpg 247w, https:\/\/www.vape4wholesale.com\/wp-content\/uploads\/2023\/03\/RM-BAR-9000-Puffs-Disposable-Vape-Wholesale-Raspberry-Cherry-100x100.jpg 100w, https:\/\/www.vape4wholesale.com\/wp-content\/uploads\/2023\/03\/RM-BAR-9000-Puffs-Disposable-Vape-Wholesale-Raspberry-Cherry-510x510.jpg 510w, https:\/\/www.vape4wholesale.com\/wp-content\/uploads\/2023\/03\/RM-BAR-9000-Puffs-Disposable-Vape-Wholesale-Raspberry-Cherry-64x64.jpg 64w, https:\/\/www.vape4wholesale.com\/wp-content\/uploads\/2023\/03\/RM-BAR-9000-Puffs-Disposable-Vape-Wholesale-Raspberry-Cherry-300x300.jpg 300w, https:\/\/www.vape4wholesale.com\/wp-content\/uploads\/2023\/03\/RM-BAR-9000-Puffs-Disposable-Vape-Wholesale-Raspberry-Cherry-150x150.jpg 150w, https:\/\/www.vape4wholesale.com\/wp-content\/uploads\/2023\/03\/RM-BAR-9000-Puffs-Disposable-Vape-Wholesale-Raspberry-Cherry-768x768.jpg 768w\" sizes=\"auto, (max-width: 800px) 100vw, 800px\" \/> <img loading=\"lazy\" decoding=\"async\" class=\"alignnone size-full wp-image-12157\" title=\"RM BAR 9000 Puffs Vape jetable en gros Fraise Past\u00e8que\" src=\"https:\/\/www.vape4wholesale.com\/wp-content\/uploads\/2023\/03\/RM-BAR-9000-Puffs-Disposable-Vape-Wholesale-Strawberry-Watermelon.jpg\" alt=\"RM BAR 9000 Puffs Vape jetable en gros Fraise Past\u00e8que\" width=\"800\" height=\"800\" srcset=\"https:\/\/www.vape4wholesale.com\/wp-content\/uploads\/2023\/03\/RM-BAR-9000-Puffs-Disposable-Vape-Wholesale-Strawberry-Watermelon.jpg 800w, https:\/\/www.vape4wholesale.com\/wp-content\/uploads\/2023\/03\/RM-BAR-9000-Puffs-Disposable-Vape-Wholesale-Strawberry-Watermelon-247x247.jpg 247w, https:\/\/www.vape4wholesale.com\/wp-content\/uploads\/2023\/03\/RM-BAR-9000-Puffs-Disposable-Vape-Wholesale-Strawberry-Watermelon-100x100.jpg 100w, https:\/\/www.vape4wholesale.com\/wp-content\/uploads\/2023\/03\/RM-BAR-9000-Puffs-Disposable-Vape-Wholesale-Strawberry-Watermelon-510x510.jpg 510w, https:\/\/www.vape4wholesale.com\/wp-content\/uploads\/2023\/03\/RM-BAR-9000-Puffs-Disposable-Vape-Wholesale-Strawberry-Watermelon-64x64.jpg 64w, https:\/\/www.vape4wholesale.com\/wp-content\/uploads\/2023\/03\/RM-BAR-9000-Puffs-Disposable-Vape-Wholesale-Strawberry-Watermelon-300x300.jpg 300w, https:\/\/www.vape4wholesale.com\/wp-content\/uploads\/2023\/03\/RM-BAR-9000-Puffs-Disposable-Vape-Wholesale-Strawberry-Watermelon-150x150.jpg 150w, https:\/\/www.vape4wholesale.com\/wp-content\/uploads\/2023\/03\/RM-BAR-9000-Puffs-Disposable-Vape-Wholesale-Strawberry-Watermelon-768x768.jpg 768w\" sizes=\"auto, (max-width: 800px) 100vw, 800px\" \/> <img loading=\"lazy\" decoding=\"async\" class=\"alignnone size-full wp-image-12158\" title=\"RM BAR 9000 bouff\u00e9es jetables Vape en gros Tropical Punch\" src=\"https:\/\/www.vape4wholesale.com\/wp-content\/uploads\/2023\/03\/RM-BAR-9000-Puffs-Disposable-Vape-Wholesale-Tropical-Punch.jpg\" alt=\"RM BAR 9000 bouff\u00e9es jetables Vape en gros Tropical Punch\" width=\"800\" height=\"800\" srcset=\"https:\/\/www.vape4wholesale.com\/wp-content\/uploads\/2023\/03\/RM-BAR-9000-Puffs-Disposable-Vape-Wholesale-Tropical-Punch.jpg 800w, https:\/\/www.vape4wholesale.com\/wp-content\/uploads\/2023\/03\/RM-BAR-9000-Puffs-Disposable-Vape-Wholesale-Tropical-Punch-247x247.jpg 247w, https:\/\/www.vape4wholesale.com\/wp-content\/uploads\/2023\/03\/RM-BAR-9000-Puffs-Disposable-Vape-Wholesale-Tropical-Punch-100x100.jpg 100w, https:\/\/www.vape4wholesale.com\/wp-content\/uploads\/2023\/03\/RM-BAR-9000-Puffs-Disposable-Vape-Wholesale-Tropical-Punch-510x510.jpg 510w, https:\/\/www.vape4wholesale.com\/wp-content\/uploads\/2023\/03\/RM-BAR-9000-Puffs-Disposable-Vape-Wholesale-Tropical-Punch-64x64.jpg 64w, https:\/\/www.vape4wholesale.com\/wp-content\/uploads\/2023\/03\/RM-BAR-9000-Puffs-Disposable-Vape-Wholesale-Tropical-Punch-300x300.jpg 300w, https:\/\/www.vape4wholesale.com\/wp-content\/uploads\/2023\/03\/RM-BAR-9000-Puffs-Disposable-Vape-Wholesale-Tropical-Punch-150x150.jpg 150w, https:\/\/www.vape4wholesale.com\/wp-content\/uploads\/2023\/03\/RM-BAR-9000-Puffs-Disposable-Vape-Wholesale-Tropical-Punch-768x768.jpg 768w\" sizes=\"auto, (max-width: 800px) 100vw, 800px\" \/> <img loading=\"lazy\" decoding=\"async\" class=\"alignnone size-full wp-image-12149\" title=\"RM BAR 9000 Puffs Vape jetable Wholesale Flavors\" src=\"https:\/\/www.vape4wholesale.com\/wp-content\/uploads\/2023\/03\/RM-BAR-9000-Puffs-Disposable-Vape-Wholesale-Flavors.jpg\" alt=\"RM BAR 9000 Puffs Vape jetable Wholesale Flavors\" width=\"800\" height=\"800\" srcset=\"https:\/\/www.vape4wholesale.com\/wp-content\/uploads\/2023\/03\/RM-BAR-9000-Puffs-Disposable-Vape-Wholesale-Flavors.jpg 800w, https:\/\/www.vape4wholesale.com\/wp-content\/uploads\/2023\/03\/RM-BAR-9000-Puffs-Disposable-Vape-Wholesale-Flavors-247x247.jpg 247w, https:\/\/www.vape4wholesale.com\/wp-content\/uploads\/2023\/03\/RM-BAR-9000-Puffs-Disposable-Vape-Wholesale-Flavors-100x100.jpg 100w, https:\/\/www.vape4wholesale.com\/wp-content\/uploads\/2023\/03\/RM-BAR-9000-Puffs-Disposable-Vape-Wholesale-Flavors-510x510.jpg 510w, https:\/\/www.vape4wholesale.com\/wp-content\/uploads\/2023\/03\/RM-BAR-9000-Puffs-Disposable-Vape-Wholesale-Flavors-64x64.jpg 64w, https:\/\/www.vape4wholesale.com\/wp-content\/uploads\/2023\/03\/RM-BAR-9000-Puffs-Disposable-Vape-Wholesale-Flavors-300x300.jpg 300w, https:\/\/www.vape4wholesale.com\/wp-content\/uploads\/2023\/03\/RM-BAR-9000-Puffs-Disposable-Vape-Wholesale-Flavors-150x150.jpg 150w, https:\/\/www.vape4wholesale.com\/wp-content\/uploads\/2023\/03\/RM-BAR-9000-Puffs-Disposable-Vape-Wholesale-Flavors-768x768.jpg 768w\" sizes=\"auto, (max-width: 800px) 100vw, 800px\" \/><\/p>","protected":false},"excerpt":{"rendered":"[scf-template id=&#8217;11434&#8242;]\n","protected":false},"featured_media":12142,"comment_status":"open","ping_status":"closed","template":"","meta":[],"pwb-brand":[1285],"product_cat":[870],"product_tag":[22,24,233,336,396],"class_list":{"0":"post-7815","1":"product","2":"type-product","3":"status-publish","4":"has-post-thumbnail","6":"pwb-brand-r-m","7":"product_cat-8000-10000-puffs","8":"product_tag-disposable","9":"product_tag-wholesale","10":"product_tag-15-0ml","11":"product_tag-9000-puffs","12":"product_tag-rm","13":"wcpa_has_options","15":"first","16":"outofstock","17":"shipping-taxable","18":"purchasable","19":"product-type-variable"},"aioseo_notices":[],"brands":[{"id":1285,"name":"R&amp;M","slug":"r-m"}],"_links":{"self":[{"href":"https:\/\/www.vape4wholesale.com\/fr\/wp-json\/wp\/v2\/product\/7815","targetHints":{"allow":["GET"]}}],"collection":[{"href":"https:\/\/www.vape4wholesale.com\/fr\/wp-json\/wp\/v2\/product"}],"about":[{"href":"https:\/\/www.vape4wholesale.com\/fr\/wp-json\/wp\/v2\/types\/product"}],"replies":[{"embeddable":true,"href":"https:\/\/www.vape4wholesale.com\/fr\/wp-json\/wp\/v2\/comments?post=7815"}],"wp:featuredmedia":[{"embeddable":true,"href":"https:\/\/www.vape4wholesale.com\/fr\/wp-json\/wp\/v2\/media\/12142"}],"wp:attachment":[{"href":"https:\/\/www.vape4wholesale.com\/fr\/wp-json\/wp\/v2\/media?parent=7815"}],"wp:term":[{"taxonomy":"pwb-brand","embeddable":true,"href":"https:\/\/www.vape4wholesale.com\/fr\/wp-json\/wp\/v2\/pwb-brand?post=7815"},{"taxonomy":"product_cat","embeddable":true,"href":"https:\/\/www.vape4wholesale.com\/fr\/wp-json\/wp\/v2\/product_cat?post=7815"},{"taxonomy":"product_tag","embeddable":true,"href":"https:\/\/www.vape4wholesale.com\/fr\/wp-json\/wp\/v2\/product_tag?post=7815"}],"curies":[{"name":"wp","href":"https:\/\/api.w.org\/{rel}","templated":true}]}}