{"id":7750,"date":"2023-03-13T08:31:08","date_gmt":"2023-03-13T00:31:08","guid":{"rendered":"https:\/\/www.vape4wholesale.com\/?post_type=product&#038;p=7750"},"modified":"2026-01-26T13:43:02","modified_gmt":"2026-01-26T13:43:02","slug":"rm-monster-6000-puffs-jetable-vape-wholesale","status":"publish","type":"product","link":"https:\/\/www.vape4wholesale.com\/fr\/product\/rm-monster-6000-puffs-disposable-vape-wholesale","title":{"rendered":"R&amp;M Monster 6000 Puffs Vape jetable Wholesale"},"content":{"rendered":"<p>R&amp;M Monster 6000 est une vape rechargeable jetable avec une batterie rechargeable int\u00e9gr\u00e9e et une capacit\u00e9 de 13 ml d'e-liquide pour 6 000 bouff\u00e9es, un c\u0153ur en maille de 1,0\u03a9 \u00e0 tr\u00e8s faible r\u00e9sistance, de grandes bouff\u00e9es, une saveur sucr\u00e9e et une vari\u00e9t\u00e9 de saveurs \u00e0 choisir.<\/p>\n<p>&nbsp;<\/p>\n<h2>R&amp;M Monster 6000 Vape jetable Sp\u00e9cifications :<\/h2>\n<p>Marque : R&amp;M<\/p>\n<p>Bouff\u00e9es : 6000 bouff\u00e9es sont disponibles par appareil.<\/p>\n<p>Nicotine:5%\/2%\/3%0%<\/p>\n<p>Capacit\u00e9 E-juice:13ML<\/p>\n<p>Port de charge : Type C<\/p>\n<p>R\u00e9sistance : 1.0\u03a9 Mesh Coil<\/p>\n<p>&nbsp;<\/p>\n<h2>Saveurs<\/h2>\n<p>Glace Blue Razz<\/p>\n<p>Glace \u00e0 la myrtille et au raisin<\/p>\n<p>Glace \u00e0 la myrtille et \u00e0 la framboise<\/p>\n<p>Kiwi Dragon Berry<\/p>\n<p>Glace \u00e0 la mangue et au citron<\/p>\n<p>M\u00e9lange de fruits<\/p>\n<p>M. Bleu<\/p>\n<p>Gumi p\u00eache-passion-fruit<\/p>\n<p>Limonade rose<\/p>\n<p>Bonbons arc-en-ciel<\/p>\n<p>Glace \u00e0 la fraise et au kiwi<\/p>\n<p>Glace \u00e0 la past\u00e8que<\/p>\n<p>&nbsp;<\/p>\n<h2>Emballage et poids<\/h2>\n<p>0.07KG\/PCS, une seule pi\u00e8ce dans un petit emballage, 10 pi\u00e8ces dans une bo\u00eete moyenne.<\/p>\n<p>300PCS en carton, 21 KG.<\/p>\n<p><img loading=\"lazy\" decoding=\"async\" class=\"alignnone size-full wp-image-12176\" title=\"RM Monster 6000 Puffs Vape jetable Wholesale\" src=\"https:\/\/www.vape4wholesale.com\/wp-content\/uploads\/2023\/03\/RM-Monster-6000-Puffs-Disposable-Vape-Wholesale.jpg\" alt=\"RM Monster 6000 Puffs Vape jetable Wholesale\" width=\"800\" height=\"1085\" srcset=\"https:\/\/www.vape4wholesale.com\/wp-content\/uploads\/2023\/03\/RM-Monster-6000-Puffs-Disposable-Vape-Wholesale.jpg 800w, https:\/\/www.vape4wholesale.com\/wp-content\/uploads\/2023\/03\/RM-Monster-6000-Puffs-Disposable-Vape-Wholesale-510x692.jpg 510w, https:\/\/www.vape4wholesale.com\/wp-content\/uploads\/2023\/03\/RM-Monster-6000-Puffs-Disposable-Vape-Wholesale-64x87.jpg 64w, https:\/\/www.vape4wholesale.com\/wp-content\/uploads\/2023\/03\/RM-Monster-6000-Puffs-Disposable-Vape-Wholesale-221x300.jpg 221w, https:\/\/www.vape4wholesale.com\/wp-content\/uploads\/2023\/03\/RM-Monster-6000-Puffs-Disposable-Vape-Wholesale-755x1024.jpg 755w, https:\/\/www.vape4wholesale.com\/wp-content\/uploads\/2023\/03\/RM-Monster-6000-Puffs-Disposable-Vape-Wholesale-768x1042.jpg 768w\" sizes=\"auto, (max-width: 800px) 100vw, 800px\" \/> <img loading=\"lazy\" decoding=\"async\" class=\"alignnone size-full wp-image-12177\" title=\"RM Monster 6000 Puffs Vape jetable en gros Blueberry Grape Ice\" src=\"https:\/\/www.vape4wholesale.com\/wp-content\/uploads\/2023\/03\/RM-Monster-6000-Puffs-Disposable-Vape-Wholesale-Blueberry-Grape-Ice.jpg\" alt=\"RM Monster 6000 Puffs Vape jetable en gros Blueberry Grape Ice\" width=\"800\" height=\"800\" srcset=\"https:\/\/www.vape4wholesale.com\/wp-content\/uploads\/2023\/03\/RM-Monster-6000-Puffs-Disposable-Vape-Wholesale-Blueberry-Grape-Ice.jpg 800w, https:\/\/www.vape4wholesale.com\/wp-content\/uploads\/2023\/03\/RM-Monster-6000-Puffs-Disposable-Vape-Wholesale-Blueberry-Grape-Ice-247x247.jpg 247w, https:\/\/www.vape4wholesale.com\/wp-content\/uploads\/2023\/03\/RM-Monster-6000-Puffs-Disposable-Vape-Wholesale-Blueberry-Grape-Ice-100x100.jpg 100w, https:\/\/www.vape4wholesale.com\/wp-content\/uploads\/2023\/03\/RM-Monster-6000-Puffs-Disposable-Vape-Wholesale-Blueberry-Grape-Ice-510x510.jpg 510w, https:\/\/www.vape4wholesale.com\/wp-content\/uploads\/2023\/03\/RM-Monster-6000-Puffs-Disposable-Vape-Wholesale-Blueberry-Grape-Ice-64x64.jpg 64w, https:\/\/www.vape4wholesale.com\/wp-content\/uploads\/2023\/03\/RM-Monster-6000-Puffs-Disposable-Vape-Wholesale-Blueberry-Grape-Ice-300x300.jpg 300w, https:\/\/www.vape4wholesale.com\/wp-content\/uploads\/2023\/03\/RM-Monster-6000-Puffs-Disposable-Vape-Wholesale-Blueberry-Grape-Ice-150x150.jpg 150w, https:\/\/www.vape4wholesale.com\/wp-content\/uploads\/2023\/03\/RM-Monster-6000-Puffs-Disposable-Vape-Wholesale-Blueberry-Grape-Ice-768x768.jpg 768w\" sizes=\"auto, (max-width: 800px) 100vw, 800px\" \/> <img loading=\"lazy\" decoding=\"async\" class=\"alignnone size-full wp-image-12178\" title=\"RM Monster 6000 Puffs Vape jetable en gros Blueberry Raspberry Ice\" src=\"https:\/\/www.vape4wholesale.com\/wp-content\/uploads\/2023\/03\/RM-Monster-6000-Puffs-Disposable-Vape-Wholesale-Blueberry-Raspberry-Ice.jpg\" alt=\"RM Monster 6000 Puffs Vape jetable en gros Blueberry Raspberry Ice\" width=\"800\" height=\"800\" srcset=\"https:\/\/www.vape4wholesale.com\/wp-content\/uploads\/2023\/03\/RM-Monster-6000-Puffs-Disposable-Vape-Wholesale-Blueberry-Raspberry-Ice.jpg 800w, https:\/\/www.vape4wholesale.com\/wp-content\/uploads\/2023\/03\/RM-Monster-6000-Puffs-Disposable-Vape-Wholesale-Blueberry-Raspberry-Ice-247x247.jpg 247w, https:\/\/www.vape4wholesale.com\/wp-content\/uploads\/2023\/03\/RM-Monster-6000-Puffs-Disposable-Vape-Wholesale-Blueberry-Raspberry-Ice-100x100.jpg 100w, https:\/\/www.vape4wholesale.com\/wp-content\/uploads\/2023\/03\/RM-Monster-6000-Puffs-Disposable-Vape-Wholesale-Blueberry-Raspberry-Ice-510x510.jpg 510w, https:\/\/www.vape4wholesale.com\/wp-content\/uploads\/2023\/03\/RM-Monster-6000-Puffs-Disposable-Vape-Wholesale-Blueberry-Raspberry-Ice-64x64.jpg 64w, https:\/\/www.vape4wholesale.com\/wp-content\/uploads\/2023\/03\/RM-Monster-6000-Puffs-Disposable-Vape-Wholesale-Blueberry-Raspberry-Ice-300x300.jpg 300w, https:\/\/www.vape4wholesale.com\/wp-content\/uploads\/2023\/03\/RM-Monster-6000-Puffs-Disposable-Vape-Wholesale-Blueberry-Raspberry-Ice-150x150.jpg 150w, https:\/\/www.vape4wholesale.com\/wp-content\/uploads\/2023\/03\/RM-Monster-6000-Puffs-Disposable-Vape-Wholesale-Blueberry-Raspberry-Ice-768x768.jpg 768w\" sizes=\"auto, (max-width: 800px) 100vw, 800px\" \/> <img loading=\"lazy\" decoding=\"async\" class=\"alignnone size-full wp-image-12180\" title=\"RM Monster 6000 Puffs Vape jetable en gros Kiwi Dragon Berry\" src=\"https:\/\/www.vape4wholesale.com\/wp-content\/uploads\/2023\/03\/RM-Monster-6000-Puffs-Disposable-Vape-Wholesale-Kiwi-Dragon-Berry.jpg\" alt=\"RM Monster 6000 Puffs Vape jetable en gros Kiwi Dragon Berry\" width=\"800\" height=\"800\" srcset=\"https:\/\/www.vape4wholesale.com\/wp-content\/uploads\/2023\/03\/RM-Monster-6000-Puffs-Disposable-Vape-Wholesale-Kiwi-Dragon-Berry.jpg 800w, https:\/\/www.vape4wholesale.com\/wp-content\/uploads\/2023\/03\/RM-Monster-6000-Puffs-Disposable-Vape-Wholesale-Kiwi-Dragon-Berry-247x247.jpg 247w, https:\/\/www.vape4wholesale.com\/wp-content\/uploads\/2023\/03\/RM-Monster-6000-Puffs-Disposable-Vape-Wholesale-Kiwi-Dragon-Berry-100x100.jpg 100w, https:\/\/www.vape4wholesale.com\/wp-content\/uploads\/2023\/03\/RM-Monster-6000-Puffs-Disposable-Vape-Wholesale-Kiwi-Dragon-Berry-510x510.jpg 510w, https:\/\/www.vape4wholesale.com\/wp-content\/uploads\/2023\/03\/RM-Monster-6000-Puffs-Disposable-Vape-Wholesale-Kiwi-Dragon-Berry-64x64.jpg 64w, https:\/\/www.vape4wholesale.com\/wp-content\/uploads\/2023\/03\/RM-Monster-6000-Puffs-Disposable-Vape-Wholesale-Kiwi-Dragon-Berry-300x300.jpg 300w, https:\/\/www.vape4wholesale.com\/wp-content\/uploads\/2023\/03\/RM-Monster-6000-Puffs-Disposable-Vape-Wholesale-Kiwi-Dragon-Berry-150x150.jpg 150w, https:\/\/www.vape4wholesale.com\/wp-content\/uploads\/2023\/03\/RM-Monster-6000-Puffs-Disposable-Vape-Wholesale-Kiwi-Dragon-Berry-768x768.jpg 768w\" sizes=\"auto, (max-width: 800px) 100vw, 800px\" \/> <img loading=\"lazy\" decoding=\"async\" class=\"alignnone size-full wp-image-12182\" title=\"RM Monster 6000 bouff\u00e9es Vape jetable en gros Fruits m\u00e9lang\u00e9s\" src=\"https:\/\/www.vape4wholesale.com\/wp-content\/uploads\/2023\/03\/RM-Monster-6000-Puffs-Disposable-Vape-Wholesale-Mixed-Fruit.jpg\" alt=\"RM Monster 6000 bouff\u00e9es Vape jetable en gros Fruits m\u00e9lang\u00e9s\" width=\"800\" height=\"800\" srcset=\"https:\/\/www.vape4wholesale.com\/wp-content\/uploads\/2023\/03\/RM-Monster-6000-Puffs-Disposable-Vape-Wholesale-Mixed-Fruit.jpg 800w, https:\/\/www.vape4wholesale.com\/wp-content\/uploads\/2023\/03\/RM-Monster-6000-Puffs-Disposable-Vape-Wholesale-Mixed-Fruit-247x247.jpg 247w, https:\/\/www.vape4wholesale.com\/wp-content\/uploads\/2023\/03\/RM-Monster-6000-Puffs-Disposable-Vape-Wholesale-Mixed-Fruit-100x100.jpg 100w, https:\/\/www.vape4wholesale.com\/wp-content\/uploads\/2023\/03\/RM-Monster-6000-Puffs-Disposable-Vape-Wholesale-Mixed-Fruit-510x510.jpg 510w, https:\/\/www.vape4wholesale.com\/wp-content\/uploads\/2023\/03\/RM-Monster-6000-Puffs-Disposable-Vape-Wholesale-Mixed-Fruit-64x64.jpg 64w, https:\/\/www.vape4wholesale.com\/wp-content\/uploads\/2023\/03\/RM-Monster-6000-Puffs-Disposable-Vape-Wholesale-Mixed-Fruit-300x300.jpg 300w, https:\/\/www.vape4wholesale.com\/wp-content\/uploads\/2023\/03\/RM-Monster-6000-Puffs-Disposable-Vape-Wholesale-Mixed-Fruit-150x150.jpg 150w, https:\/\/www.vape4wholesale.com\/wp-content\/uploads\/2023\/03\/RM-Monster-6000-Puffs-Disposable-Vape-Wholesale-Mixed-Fruit-768x768.jpg 768w\" sizes=\"auto, (max-width: 800px) 100vw, 800px\" \/> <img loading=\"lazy\" decoding=\"async\" class=\"alignnone size-full wp-image-12189\" title=\"RM Monster 6000 Puffs Vape jetable en gros Watermelon Ice\" src=\"https:\/\/www.vape4wholesale.com\/wp-content\/uploads\/2023\/03\/RM-Monster-6000-Puffs-Disposable-Vape-Wholesale-Watermelon-Ice.jpg\" alt=\"RM Monster 6000 Puffs Vape jetable en gros Watermelon Ice\" width=\"800\" height=\"800\" srcset=\"https:\/\/www.vape4wholesale.com\/wp-content\/uploads\/2023\/03\/RM-Monster-6000-Puffs-Disposable-Vape-Wholesale-Watermelon-Ice.jpg 800w, https:\/\/www.vape4wholesale.com\/wp-content\/uploads\/2023\/03\/RM-Monster-6000-Puffs-Disposable-Vape-Wholesale-Watermelon-Ice-247x247.jpg 247w, https:\/\/www.vape4wholesale.com\/wp-content\/uploads\/2023\/03\/RM-Monster-6000-Puffs-Disposable-Vape-Wholesale-Watermelon-Ice-100x100.jpg 100w, https:\/\/www.vape4wholesale.com\/wp-content\/uploads\/2023\/03\/RM-Monster-6000-Puffs-Disposable-Vape-Wholesale-Watermelon-Ice-510x510.jpg 510w, https:\/\/www.vape4wholesale.com\/wp-content\/uploads\/2023\/03\/RM-Monster-6000-Puffs-Disposable-Vape-Wholesale-Watermelon-Ice-64x64.jpg 64w, https:\/\/www.vape4wholesale.com\/wp-content\/uploads\/2023\/03\/RM-Monster-6000-Puffs-Disposable-Vape-Wholesale-Watermelon-Ice-300x300.jpg 300w, https:\/\/www.vape4wholesale.com\/wp-content\/uploads\/2023\/03\/RM-Monster-6000-Puffs-Disposable-Vape-Wholesale-Watermelon-Ice-150x150.jpg 150w, https:\/\/www.vape4wholesale.com\/wp-content\/uploads\/2023\/03\/RM-Monster-6000-Puffs-Disposable-Vape-Wholesale-Watermelon-Ice-768x768.jpg 768w\" sizes=\"auto, (max-width: 800px) 100vw, 800px\" \/><\/p>","protected":false},"excerpt":{"rendered":"[scf-template id=&#8217;11434&#8242;]\n","protected":false},"featured_media":12186,"comment_status":"open","ping_status":"closed","template":"","meta":[],"pwb-brand":[1285],"product_cat":[869],"product_tag":[285,396,22,24,173],"class_list":{"0":"post-7750","1":"product","2":"type-product","3":"status-publish","4":"has-post-thumbnail","6":"pwb-brand-r-m","7":"product_cat-5000-8000-puffs","8":"product_tag-13-0ml","9":"product_tag-rm","10":"product_tag-disposable","11":"product_tag-wholesale","12":"product_tag-6000-puffs","13":"wcpa_has_options","15":"first","16":"outofstock","17":"shipping-taxable","18":"purchasable","19":"product-type-variable"},"aioseo_notices":[],"brands":[{"id":1285,"name":"R&amp;M","slug":"r-m"}],"_links":{"self":[{"href":"https:\/\/www.vape4wholesale.com\/fr\/wp-json\/wp\/v2\/product\/7750","targetHints":{"allow":["GET"]}}],"collection":[{"href":"https:\/\/www.vape4wholesale.com\/fr\/wp-json\/wp\/v2\/product"}],"about":[{"href":"https:\/\/www.vape4wholesale.com\/fr\/wp-json\/wp\/v2\/types\/product"}],"replies":[{"embeddable":true,"href":"https:\/\/www.vape4wholesale.com\/fr\/wp-json\/wp\/v2\/comments?post=7750"}],"wp:featuredmedia":[{"embeddable":true,"href":"https:\/\/www.vape4wholesale.com\/fr\/wp-json\/wp\/v2\/media\/12186"}],"wp:attachment":[{"href":"https:\/\/www.vape4wholesale.com\/fr\/wp-json\/wp\/v2\/media?parent=7750"}],"wp:term":[{"taxonomy":"pwb-brand","embeddable":true,"href":"https:\/\/www.vape4wholesale.com\/fr\/wp-json\/wp\/v2\/pwb-brand?post=7750"},{"taxonomy":"product_cat","embeddable":true,"href":"https:\/\/www.vape4wholesale.com\/fr\/wp-json\/wp\/v2\/product_cat?post=7750"},{"taxonomy":"product_tag","embeddable":true,"href":"https:\/\/www.vape4wholesale.com\/fr\/wp-json\/wp\/v2\/product_tag?post=7750"}],"curies":[{"name":"wp","href":"https:\/\/api.w.org\/{rel}","templated":true}]}}