{"id":6952,"date":"2023-02-14T08:12:14","date_gmt":"2023-02-14T00:12:14","guid":{"rendered":"https:\/\/www.vape4wholesale.com\/?post_type=product&#038;p=6952"},"modified":"2026-01-26T13:43:06","modified_gmt":"2026-01-26T13:43:06","slug":"randm-sunax-21000-puffs-jetable-vape-wholesale","status":"publish","type":"product","link":"https:\/\/www.vape4wholesale.com\/fr\/product\/randm-sunax-21000-puffs-disposable-vape-wholesale","title":{"rendered":"Randm Sunax 21000 bouff\u00e9es jetables Vape en gros"},"content":{"rendered":"<p><strong><a href=\"https:\/\/www.vape4wholesale.com\/fr\/marque_du_produit\/randm\/\">RandM<\/a> Sunax 21000<\/strong>\u00a0est un dispositif de vapotage jetable avec des dosettes interchangeables. Il est \u00e9galement dot\u00e9 d'un contr\u00f4le de l'\u00e9coulement de l'air et est rechargeable. Il contient 14ml d'e-juice au sel de nicotine 0\/2\/3\/5% et permet de vaper jusqu'\u00e0 7000 bouff\u00e9es par pod. Vous pouvez choisir parmi 12 saveurs. Le contr\u00f4le du flux d'air vous permet de choisir l'endroit qui vous convient le mieux. De plus, il est \u00e9quip\u00e9 d'un port Type-C rechargeable situ\u00e9 \u00e0 l'arri\u00e8re de l'appareil, ce qui vous garantit de terminer la derni\u00e8re goutte d'e-juice dans le r\u00e9servoir \u00e0 tout moment.<\/p>\n<h2><b data-stringify-type=\"bold\">RandM\u00a0<strong>Sunax 21000<\/strong>\u00a0Dispositif \u00e0 usage unique Caract\u00e9ristiques :<\/b><\/h2>\n<p>\u26110\/2\/3\/5% Sel de nicotine.<br \/>\n\u261114ML de E-liquide *3<br \/>\nContr\u00f4le du d\u00e9bit d'air<br \/>\n\u2611Mesh Coil<br \/>\nBatterie rechargeable<br \/>\nBatterie int\u00e9gr\u00e9e de 850 mAh.<br \/>\n12 saveurs disponibles.<br \/>\n5 pi\u00e8ces dans une bo\u00eete de pr\u00e9sentation.<br \/>\n90pcs dans un carton\/ 19KG<\/p>\n<p>Taille du carton : 50.8*49.8*37.2 CM<\/p>\n<h2><b data-stringify-type=\"bold\">Saveurs disponibles :<\/b><\/h2>\n<p>1 Menthe fra\u00eeche<br \/>\n2 Lush Ice<br \/>\n3 beignets \u00e0 la fraise<br \/>\n4 Ours en gomme<br \/>\n5 Limonade rose<br \/>\n6 baies m\u00e9lang\u00e9es<br \/>\n7 Past\u00e8que \u00e0 la fraise<br \/>\n8 Pomme rouge Citron<br \/>\n9 Barbe \u00e0 papa<br \/>\n10.M. bleu<br \/>\n11 Glace de pamplemousse<br \/>\n12.Cola<\/p>\n<p><img loading=\"lazy\" decoding=\"async\" class=\"alignnone size-full wp-image-12453\" title=\"RANDM SUNAX 21000 DISPOSABLE VAPE WHOLESALE (1)\" src=\"https:\/\/www.vape4wholesale.com\/wp-content\/uploads\/2023\/02\/RANDM-SUNAX-21000-DISPOSABLE-VAPE-WHOLESALE-1.jpg\" alt=\"RANDM SUNAX 21000 DISPOSABLE VAPE WHOLESALE (1)\" width=\"590\" height=\"504\" srcset=\"https:\/\/www.vape4wholesale.com\/wp-content\/uploads\/2023\/02\/RANDM-SUNAX-21000-DISPOSABLE-VAPE-WHOLESALE-1.jpg 590w, https:\/\/www.vape4wholesale.com\/wp-content\/uploads\/2023\/02\/RANDM-SUNAX-21000-DISPOSABLE-VAPE-WHOLESALE-1-510x436.jpg 510w, https:\/\/www.vape4wholesale.com\/wp-content\/uploads\/2023\/02\/RANDM-SUNAX-21000-DISPOSABLE-VAPE-WHOLESALE-1-64x55.jpg 64w, https:\/\/www.vape4wholesale.com\/wp-content\/uploads\/2023\/02\/RANDM-SUNAX-21000-DISPOSABLE-VAPE-WHOLESALE-1-300x256.jpg 300w\" sizes=\"auto, (max-width: 590px) 100vw, 590px\" \/> <img loading=\"lazy\" decoding=\"async\" class=\"alignnone size-full wp-image-12457\" title=\"RANDM SUNAX 21000 DISPOSABLE VAPE WHOLESALE (5)\" src=\"https:\/\/www.vape4wholesale.com\/wp-content\/uploads\/2023\/02\/RANDM-SUNAX-21000-DISPOSABLE-VAPE-WHOLESALE-5.jpg\" alt=\"RANDM SUNAX 21000 DISPOSABLE VAPE WHOLESALE (5)\" width=\"590\" height=\"590\" srcset=\"https:\/\/www.vape4wholesale.com\/wp-content\/uploads\/2023\/02\/RANDM-SUNAX-21000-DISPOSABLE-VAPE-WHOLESALE-5.jpg 590w, https:\/\/www.vape4wholesale.com\/wp-content\/uploads\/2023\/02\/RANDM-SUNAX-21000-DISPOSABLE-VAPE-WHOLESALE-5-247x247.jpg 247w, https:\/\/www.vape4wholesale.com\/wp-content\/uploads\/2023\/02\/RANDM-SUNAX-21000-DISPOSABLE-VAPE-WHOLESALE-5-100x100.jpg 100w, https:\/\/www.vape4wholesale.com\/wp-content\/uploads\/2023\/02\/RANDM-SUNAX-21000-DISPOSABLE-VAPE-WHOLESALE-5-510x510.jpg 510w, https:\/\/www.vape4wholesale.com\/wp-content\/uploads\/2023\/02\/RANDM-SUNAX-21000-DISPOSABLE-VAPE-WHOLESALE-5-64x64.jpg 64w, https:\/\/www.vape4wholesale.com\/wp-content\/uploads\/2023\/02\/RANDM-SUNAX-21000-DISPOSABLE-VAPE-WHOLESALE-5-300x300.jpg 300w, https:\/\/www.vape4wholesale.com\/wp-content\/uploads\/2023\/02\/RANDM-SUNAX-21000-DISPOSABLE-VAPE-WHOLESALE-5-150x150.jpg 150w\" sizes=\"auto, (max-width: 590px) 100vw, 590px\" \/> <img loading=\"lazy\" decoding=\"async\" class=\"alignnone size-full wp-image-12463\" title=\"RANDM SUNAX 21000 DISPOSABLE VAPE WHOLESALE (11)\" src=\"https:\/\/www.vape4wholesale.com\/wp-content\/uploads\/2023\/02\/RANDM-SUNAX-21000-DISPOSABLE-VAPE-WHOLESALE-11.jpg\" alt=\"RANDM SUNAX 21000 DISPOSABLE VAPE WHOLESALE (11)\" width=\"590\" height=\"590\" srcset=\"https:\/\/www.vape4wholesale.com\/wp-content\/uploads\/2023\/02\/RANDM-SUNAX-21000-DISPOSABLE-VAPE-WHOLESALE-11.jpg 590w, https:\/\/www.vape4wholesale.com\/wp-content\/uploads\/2023\/02\/RANDM-SUNAX-21000-DISPOSABLE-VAPE-WHOLESALE-11-247x247.jpg 247w, https:\/\/www.vape4wholesale.com\/wp-content\/uploads\/2023\/02\/RANDM-SUNAX-21000-DISPOSABLE-VAPE-WHOLESALE-11-100x100.jpg 100w, https:\/\/www.vape4wholesale.com\/wp-content\/uploads\/2023\/02\/RANDM-SUNAX-21000-DISPOSABLE-VAPE-WHOLESALE-11-510x510.jpg 510w, https:\/\/www.vape4wholesale.com\/wp-content\/uploads\/2023\/02\/RANDM-SUNAX-21000-DISPOSABLE-VAPE-WHOLESALE-11-64x64.jpg 64w, https:\/\/www.vape4wholesale.com\/wp-content\/uploads\/2023\/02\/RANDM-SUNAX-21000-DISPOSABLE-VAPE-WHOLESALE-11-300x300.jpg 300w, https:\/\/www.vape4wholesale.com\/wp-content\/uploads\/2023\/02\/RANDM-SUNAX-21000-DISPOSABLE-VAPE-WHOLESALE-11-150x150.jpg 150w\" sizes=\"auto, (max-width: 590px) 100vw, 590px\" \/> <img loading=\"lazy\" decoding=\"async\" class=\"alignnone size-full wp-image-12464\" title=\"RANDM SUNAX 21000 JETABLE VAPE EN GROS (12)\" src=\"https:\/\/www.vape4wholesale.com\/wp-content\/uploads\/2023\/02\/RANDM-SUNAX-21000-DISPOSABLE-VAPE-WHOLESALE-12.jpg\" alt=\"RANDM SUNAX 21000 JETABLE VAPE EN GROS (12)\" width=\"590\" height=\"590\" srcset=\"https:\/\/www.vape4wholesale.com\/wp-content\/uploads\/2023\/02\/RANDM-SUNAX-21000-DISPOSABLE-VAPE-WHOLESALE-12.jpg 590w, https:\/\/www.vape4wholesale.com\/wp-content\/uploads\/2023\/02\/RANDM-SUNAX-21000-DISPOSABLE-VAPE-WHOLESALE-12-247x247.jpg 247w, https:\/\/www.vape4wholesale.com\/wp-content\/uploads\/2023\/02\/RANDM-SUNAX-21000-DISPOSABLE-VAPE-WHOLESALE-12-100x100.jpg 100w, https:\/\/www.vape4wholesale.com\/wp-content\/uploads\/2023\/02\/RANDM-SUNAX-21000-DISPOSABLE-VAPE-WHOLESALE-12-510x510.jpg 510w, https:\/\/www.vape4wholesale.com\/wp-content\/uploads\/2023\/02\/RANDM-SUNAX-21000-DISPOSABLE-VAPE-WHOLESALE-12-64x64.jpg 64w, https:\/\/www.vape4wholesale.com\/wp-content\/uploads\/2023\/02\/RANDM-SUNAX-21000-DISPOSABLE-VAPE-WHOLESALE-12-300x300.jpg 300w, https:\/\/www.vape4wholesale.com\/wp-content\/uploads\/2023\/02\/RANDM-SUNAX-21000-DISPOSABLE-VAPE-WHOLESALE-12-150x150.jpg 150w\" sizes=\"auto, (max-width: 590px) 100vw, 590px\" \/><\/p>","protected":false},"excerpt":{"rendered":"[scf-template id=&#8217;11434&#8242;]\n","protected":false},"featured_media":12453,"comment_status":"open","ping_status":"closed","template":"","meta":[],"pwb-brand":[1270],"product_cat":[873],"product_tag":[362,22,24,177,272],"class_list":{"0":"post-6952","1":"product","2":"type-product","3":"status-publish","4":"has-post-thumbnail","6":"pwb-brand-randm","7":"product_cat-above-20k-puffs","8":"product_tag-21000-puffs","9":"product_tag-disposable","10":"product_tag-wholesale","11":"product_tag-14-0ml","12":"product_tag-randm","13":"wcpa_has_options","15":"first","16":"outofstock","17":"shipping-taxable","18":"purchasable","19":"product-type-variable"},"aioseo_notices":[],"brands":[{"id":1270,"name":"Randm","slug":"randm"}],"_links":{"self":[{"href":"https:\/\/www.vape4wholesale.com\/fr\/wp-json\/wp\/v2\/product\/6952","targetHints":{"allow":["GET"]}}],"collection":[{"href":"https:\/\/www.vape4wholesale.com\/fr\/wp-json\/wp\/v2\/product"}],"about":[{"href":"https:\/\/www.vape4wholesale.com\/fr\/wp-json\/wp\/v2\/types\/product"}],"replies":[{"embeddable":true,"href":"https:\/\/www.vape4wholesale.com\/fr\/wp-json\/wp\/v2\/comments?post=6952"}],"wp:featuredmedia":[{"embeddable":true,"href":"https:\/\/www.vape4wholesale.com\/fr\/wp-json\/wp\/v2\/media\/12453"}],"wp:attachment":[{"href":"https:\/\/www.vape4wholesale.com\/fr\/wp-json\/wp\/v2\/media?parent=6952"}],"wp:term":[{"taxonomy":"pwb-brand","embeddable":true,"href":"https:\/\/www.vape4wholesale.com\/fr\/wp-json\/wp\/v2\/pwb-brand?post=6952"},{"taxonomy":"product_cat","embeddable":true,"href":"https:\/\/www.vape4wholesale.com\/fr\/wp-json\/wp\/v2\/product_cat?post=6952"},{"taxonomy":"product_tag","embeddable":true,"href":"https:\/\/www.vape4wholesale.com\/fr\/wp-json\/wp\/v2\/product_tag?post=6952"}],"curies":[{"name":"wp","href":"https:\/\/api.w.org\/{rel}","templated":true}]}}