{"id":5848,"date":"2022-07-03T14:32:51","date_gmt":"2022-07-03T06:32:51","guid":{"rendered":"https:\/\/www.vape4wholesale.com\/?post_type=product&#038;p=5848"},"modified":"2026-01-26T13:43:37","modified_gmt":"2026-01-26T13:43:37","slug":"bang-bc5000-jetable-vape-wholesale","status":"publish","type":"product","link":"https:\/\/www.vape4wholesale.com\/fr\/product\/bang-bc5000-disposable-vape-wholesale","title":{"rendered":"Bang BC5000 Vape jetable Vente en gros"},"content":{"rendered":"<p>les <strong>Bang BC5000<\/strong>\u00a0est un vaporisateur jetable rechargeable, \u00e9quip\u00e9 d'une batterie int\u00e9gr\u00e9e de 650 mAh et d'un e-liquide de 13 ml, avec un taux de nicotine de 5%, qui permet de tirer jusqu'\u00e0 5 000 bouff\u00e9es.<\/p>\n<h2>Bang BC5000 Vape \u00e0 usage unique Quick Detail<\/h2>\n<ul>\n<li>Puffs : 5000<\/li>\n<li>Sel de nicotine : 5%<\/li>\n<li>Capacit\u00e9 d'Eliquide : 13ML<\/li>\n<li>R\u00e9sistance : 1,2 ohm Mesh<\/li>\n<li>Poids du corps : 52g<\/li>\n<li>Taille du carton : 52.3*38*28.5cm<\/li>\n<li>Poids du carton : 16.5kg\/ 300 PCS<\/li>\n<li>Port de charge : Type C<\/li>\n<\/ul>\n<h2>Saveurs<\/h2>\n<ol>\n<li>Glace Blue Razz<\/li>\n<li>Glace aux myrtilles<\/li>\n<li>Kiwi Fruit de la passion Goyave<\/li>\n<li>Menthe citronn\u00e9e<\/li>\n<li>Mangue P\u00eache<\/li>\n<li>Glace \u00e0 la p\u00eache<\/li>\n<li>P\u00eache Mangue Past\u00e8que<\/li>\n<li>Glace \u00e0 l'ananas et \u00e0 la noix de coco<\/li>\n<li>Bonbons arc-en-ciel<\/li>\n<li>Raisin Sakura<\/li>\n<li>Pomme acide<\/li>\n<li>Fraise et banane<\/li>\n<li>Glace \u00e0 la fraise<\/li>\n<li>Fraise Kiwi<\/li>\n<li>Fraise Mangue<\/li>\n<li>Past\u00e8que \u00e0 la fraise<\/li>\n<li>Glace aux trois baies<\/li>\n<li>Triple melon<\/li>\n<li>Gomme \u00e0 m\u00e2cher \u00e0 la past\u00e8que<\/li>\n<li>Glace \u00e0 la past\u00e8que<\/li>\n<\/ol>\n<p><img loading=\"lazy\" decoding=\"async\" class=\"alignnone size-full wp-image-15348\" title=\"Bang BC5000 Vape jetable Vente en gros\" src=\"https:\/\/www.vape4wholesale.com\/wp-content\/uploads\/2022\/07\/Bang-BC5000-Disposable-Vape-Wholesale.jpg\" alt=\"Bang BC5000 Vape jetable Vente en gros\" width=\"1080\" height=\"1236\" srcset=\"https:\/\/www.vape4wholesale.com\/wp-content\/uploads\/2022\/07\/Bang-BC5000-Disposable-Vape-Wholesale.jpg 1080w, https:\/\/www.vape4wholesale.com\/wp-content\/uploads\/2022\/07\/Bang-BC5000-Disposable-Vape-Wholesale-510x584.jpg 510w, https:\/\/www.vape4wholesale.com\/wp-content\/uploads\/2022\/07\/Bang-BC5000-Disposable-Vape-Wholesale-64x73.jpg 64w, https:\/\/www.vape4wholesale.com\/wp-content\/uploads\/2022\/07\/Bang-BC5000-Disposable-Vape-Wholesale-262x300.jpg 262w, https:\/\/www.vape4wholesale.com\/wp-content\/uploads\/2022\/07\/Bang-BC5000-Disposable-Vape-Wholesale-895x1024.jpg 895w, https:\/\/www.vape4wholesale.com\/wp-content\/uploads\/2022\/07\/Bang-BC5000-Disposable-Vape-Wholesale-768x879.jpg 768w\" sizes=\"auto, (max-width: 1080px) 100vw, 1080px\" \/><\/p>\n<p>&nbsp;<\/p>\n<p>&nbsp;<\/p>","protected":false},"excerpt":{"rendered":"[scf-template id=&#8217;11434&#8242;]\n","protected":false},"featured_media":13293,"comment_status":"open","ping_status":"closed","template":"","meta":[],"pwb-brand":[1275],"product_cat":[869],"product_tag":[22,24,189,249,285],"class_list":{"0":"post-5848","1":"product","2":"type-product","3":"status-publish","4":"has-post-thumbnail","6":"pwb-brand-bang","7":"product_cat-5000-8000-puffs","8":"product_tag-disposable","9":"product_tag-wholesale","10":"product_tag-5000-puffs","11":"product_tag-bang","12":"product_tag-13-0ml","13":"wcpa_has_options","15":"first","16":"outofstock","17":"shipping-taxable","18":"purchasable","19":"product-type-variable"},"aioseo_notices":[],"brands":[{"id":1275,"name":"Bang","slug":"coup"}],"_links":{"self":[{"href":"https:\/\/www.vape4wholesale.com\/fr\/wp-json\/wp\/v2\/product\/5848","targetHints":{"allow":["GET"]}}],"collection":[{"href":"https:\/\/www.vape4wholesale.com\/fr\/wp-json\/wp\/v2\/product"}],"about":[{"href":"https:\/\/www.vape4wholesale.com\/fr\/wp-json\/wp\/v2\/types\/product"}],"replies":[{"embeddable":true,"href":"https:\/\/www.vape4wholesale.com\/fr\/wp-json\/wp\/v2\/comments?post=5848"}],"wp:featuredmedia":[{"embeddable":true,"href":"https:\/\/www.vape4wholesale.com\/fr\/wp-json\/wp\/v2\/media\/13293"}],"wp:attachment":[{"href":"https:\/\/www.vape4wholesale.com\/fr\/wp-json\/wp\/v2\/media?parent=5848"}],"wp:term":[{"taxonomy":"pwb-brand","embeddable":true,"href":"https:\/\/www.vape4wholesale.com\/fr\/wp-json\/wp\/v2\/pwb-brand?post=5848"},{"taxonomy":"product_cat","embeddable":true,"href":"https:\/\/www.vape4wholesale.com\/fr\/wp-json\/wp\/v2\/product_cat?post=5848"},{"taxonomy":"product_tag","embeddable":true,"href":"https:\/\/www.vape4wholesale.com\/fr\/wp-json\/wp\/v2\/product_tag?post=5848"}],"curies":[{"name":"wp","href":"https:\/\/api.w.org\/{rel}","templated":true}]}}