{"id":5784,"date":"2022-07-27T20:39:18","date_gmt":"2022-07-27T12:39:18","guid":{"rendered":"https:\/\/www.vape4wholesale.com\/?post_type=product&#038;p=5784"},"modified":"2026-01-26T13:43:32","modified_gmt":"2026-01-26T13:43:32","slug":"randm-squid-box-5200-puffs-disposable-vape-wholesale","status":"publish","type":"product","link":"https:\/\/www.vape4wholesale.com\/fr\/product\/randm-squid-box-5200-puffs-disposable-vape-wholesale","title":{"rendered":"RandM Squid Box 5200 Puffs Disposable Vape Wholesale"},"content":{"rendered":"<p><strong><a href=\"https:\/\/www.vape4wholesale.com\/fr\/marque_du_produit\/randm\/\">RandM<\/a> S<\/strong><strong style=\"font-size: 14.4px\">quid Box 5200<\/strong><span style=\"font-size: 14.4px\"> i<\/span><span style=\"font-size: 14.4px\">C'est un dispositif de vape jetable avec un design cool et il est rechargeable. Il contient 12ml d'e-juice au sel de nicotine 0\/2\/3\/5% et permet de vaper jusqu'\u00e0 5200 bouff\u00e9es. Vous pouvez choisir parmi 20 saveurs. Le port Type-C rechargeable situ\u00e9 \u00e0 l'arri\u00e8re de l'appareil vous garantit de finir la derni\u00e8re goutte d'e-juice dans le r\u00e9servoir tout le temps.\u00a0<\/span><\/p>\n<h2><b data-stringify-type=\"bold\">RandM Squid Box 5200 Disposable Vape Features :<\/b><\/h2>\n<p>\u26110\/2\/3\/5% Sel de nicotine.<br \/>\n12ML de E-liquide.<br \/>\n\u2611Mesh Coil<br \/>\nBatterie rechargeable<br \/>\nBatterie int\u00e9gr\u00e9e de 850 mAh.<br \/>\n20 saveurs disponibles.<br \/>\n10 pi\u00e8ces dans une bo\u00eete de pr\u00e9sentation.<br \/>\n240 pi\u00e8ces dans un carton.<\/p>\n<h2><b data-stringify-type=\"bold\">Saveurs disponibles :<\/b><\/h2>\n<p>1. fraise kiwi<br \/>\n2. glace aux myrtilles<br \/>\n3. la glace luxuriante<br \/>\n4. barbe \u00e0 papa<br \/>\n5. baies m\u00e9lang\u00e9es<br \/>\n6. glace \u00e0 la banane<br \/>\n7. litchi fraise<br \/>\n8.Monnaie<br \/>\n9. alo\u00e8s raisin<br \/>\n10. p\u00eache mangue<\/p>\n<p><img loading=\"lazy\" decoding=\"async\" class=\"alignnone size-full wp-image-12851\" title=\"RandM Squid Box 5200 Puffs Disposable Vape Wholesale\" src=\"https:\/\/www.vape4wholesale.com\/wp-content\/uploads\/2022\/07\/RandM-Squid-Box-5200-Puffs-Disposable-Vape-Wholesale.jpg\" alt=\"RandM Squid Box 5200 Puffs Disposable Vape Wholesale\" width=\"590\" height=\"504\" srcset=\"https:\/\/www.vape4wholesale.com\/wp-content\/uploads\/2022\/07\/RandM-Squid-Box-5200-Puffs-Disposable-Vape-Wholesale.jpg 590w, https:\/\/www.vape4wholesale.com\/wp-content\/uploads\/2022\/07\/RandM-Squid-Box-5200-Puffs-Disposable-Vape-Wholesale-510x436.jpg 510w, https:\/\/www.vape4wholesale.com\/wp-content\/uploads\/2022\/07\/RandM-Squid-Box-5200-Puffs-Disposable-Vape-Wholesale-64x55.jpg 64w, https:\/\/www.vape4wholesale.com\/wp-content\/uploads\/2022\/07\/RandM-Squid-Box-5200-Puffs-Disposable-Vape-Wholesale-300x256.jpg 300w\" sizes=\"auto, (max-width: 590px) 100vw, 590px\" \/><img loading=\"lazy\" decoding=\"async\" class=\"alignnone size-full wp-image-12831\" title=\"RandM Squid Box 5200 Puffs Disposable Vape Wholesale Aloe Grape\" src=\"https:\/\/www.vape4wholesale.com\/wp-content\/uploads\/2022\/07\/RandM-Squid-Box-5200-Puffs-Disposable-Vape-Wholesale-Aloe-Grape.jpg\" alt=\"RandM Squid Box 5200 Puffs Disposable Vape Wholesale Aloe Grape\" width=\"590\" height=\"590\" srcset=\"https:\/\/www.vape4wholesale.com\/wp-content\/uploads\/2022\/07\/RandM-Squid-Box-5200-Puffs-Disposable-Vape-Wholesale-Aloe-Grape.jpg 590w, https:\/\/www.vape4wholesale.com\/wp-content\/uploads\/2022\/07\/RandM-Squid-Box-5200-Puffs-Disposable-Vape-Wholesale-Aloe-Grape-247x247.jpg 247w, https:\/\/www.vape4wholesale.com\/wp-content\/uploads\/2022\/07\/RandM-Squid-Box-5200-Puffs-Disposable-Vape-Wholesale-Aloe-Grape-100x100.jpg 100w, https:\/\/www.vape4wholesale.com\/wp-content\/uploads\/2022\/07\/RandM-Squid-Box-5200-Puffs-Disposable-Vape-Wholesale-Aloe-Grape-510x510.jpg 510w, https:\/\/www.vape4wholesale.com\/wp-content\/uploads\/2022\/07\/RandM-Squid-Box-5200-Puffs-Disposable-Vape-Wholesale-Aloe-Grape-64x64.jpg 64w, https:\/\/www.vape4wholesale.com\/wp-content\/uploads\/2022\/07\/RandM-Squid-Box-5200-Puffs-Disposable-Vape-Wholesale-Aloe-Grape-300x300.jpg 300w, https:\/\/www.vape4wholesale.com\/wp-content\/uploads\/2022\/07\/RandM-Squid-Box-5200-Puffs-Disposable-Vape-Wholesale-Aloe-Grape-150x150.jpg 150w\" sizes=\"auto, (max-width: 590px) 100vw, 590px\" \/> <img loading=\"lazy\" decoding=\"async\" class=\"alignnone size-full wp-image-12832\" title=\"RandM Squid Box 5200 Puffs Disposable Vape Wholesale Banana Ice\" src=\"https:\/\/www.vape4wholesale.com\/wp-content\/uploads\/2022\/07\/RandM-Squid-Box-5200-Puffs-Disposable-Vape-Wholesale-Banana-Ice.jpg\" alt=\"RandM Squid Box 5200 Puffs Disposable Vape Wholesale Banana Ice\" width=\"590\" height=\"590\" srcset=\"https:\/\/www.vape4wholesale.com\/wp-content\/uploads\/2022\/07\/RandM-Squid-Box-5200-Puffs-Disposable-Vape-Wholesale-Banana-Ice.jpg 590w, https:\/\/www.vape4wholesale.com\/wp-content\/uploads\/2022\/07\/RandM-Squid-Box-5200-Puffs-Disposable-Vape-Wholesale-Banana-Ice-247x247.jpg 247w, https:\/\/www.vape4wholesale.com\/wp-content\/uploads\/2022\/07\/RandM-Squid-Box-5200-Puffs-Disposable-Vape-Wholesale-Banana-Ice-100x100.jpg 100w, https:\/\/www.vape4wholesale.com\/wp-content\/uploads\/2022\/07\/RandM-Squid-Box-5200-Puffs-Disposable-Vape-Wholesale-Banana-Ice-510x510.jpg 510w, https:\/\/www.vape4wholesale.com\/wp-content\/uploads\/2022\/07\/RandM-Squid-Box-5200-Puffs-Disposable-Vape-Wholesale-Banana-Ice-64x64.jpg 64w, https:\/\/www.vape4wholesale.com\/wp-content\/uploads\/2022\/07\/RandM-Squid-Box-5200-Puffs-Disposable-Vape-Wholesale-Banana-Ice-300x300.jpg 300w, https:\/\/www.vape4wholesale.com\/wp-content\/uploads\/2022\/07\/RandM-Squid-Box-5200-Puffs-Disposable-Vape-Wholesale-Banana-Ice-150x150.jpg 150w\" sizes=\"auto, (max-width: 590px) 100vw, 590px\" \/> <img loading=\"lazy\" decoding=\"async\" class=\"alignnone size-full wp-image-12833\" title=\"RandM Squid Box 5200 Puffs Vape jetable en gros Blueberry Ice\" src=\"https:\/\/www.vape4wholesale.com\/wp-content\/uploads\/2022\/07\/RandM-Squid-Box-5200-Puffs-Disposable-Vape-Wholesale-Blueberry-Ice.jpg\" alt=\"RandM Squid Box 5200 Puffs Vape jetable en gros Blueberry Ice\" width=\"590\" height=\"590\" srcset=\"https:\/\/www.vape4wholesale.com\/wp-content\/uploads\/2022\/07\/RandM-Squid-Box-5200-Puffs-Disposable-Vape-Wholesale-Blueberry-Ice.jpg 590w, https:\/\/www.vape4wholesale.com\/wp-content\/uploads\/2022\/07\/RandM-Squid-Box-5200-Puffs-Disposable-Vape-Wholesale-Blueberry-Ice-247x247.jpg 247w, https:\/\/www.vape4wholesale.com\/wp-content\/uploads\/2022\/07\/RandM-Squid-Box-5200-Puffs-Disposable-Vape-Wholesale-Blueberry-Ice-100x100.jpg 100w, https:\/\/www.vape4wholesale.com\/wp-content\/uploads\/2022\/07\/RandM-Squid-Box-5200-Puffs-Disposable-Vape-Wholesale-Blueberry-Ice-510x510.jpg 510w, https:\/\/www.vape4wholesale.com\/wp-content\/uploads\/2022\/07\/RandM-Squid-Box-5200-Puffs-Disposable-Vape-Wholesale-Blueberry-Ice-64x64.jpg 64w, https:\/\/www.vape4wholesale.com\/wp-content\/uploads\/2022\/07\/RandM-Squid-Box-5200-Puffs-Disposable-Vape-Wholesale-Blueberry-Ice-300x300.jpg 300w, https:\/\/www.vape4wholesale.com\/wp-content\/uploads\/2022\/07\/RandM-Squid-Box-5200-Puffs-Disposable-Vape-Wholesale-Blueberry-Ice-150x150.jpg 150w\" sizes=\"auto, (max-width: 590px) 100vw, 590px\" \/> <img loading=\"lazy\" decoding=\"async\" class=\"alignnone size-full wp-image-12844\" title=\"RandM Squid Box 5200 Puffs Disposable Vape Wholesale Cotton Candy (barbe \u00e0 papa)\" src=\"https:\/\/www.vape4wholesale.com\/wp-content\/uploads\/2022\/07\/RandM-Squid-Box-5200-Puffs-Disposable-Vape-Wholesale-Cotton-Candy.jpg\" alt=\"RandM Squid Box 5200 Puffs Disposable Vape Wholesale Cotton Candy (barbe \u00e0 papa)\" width=\"590\" height=\"590\" srcset=\"https:\/\/www.vape4wholesale.com\/wp-content\/uploads\/2022\/07\/RandM-Squid-Box-5200-Puffs-Disposable-Vape-Wholesale-Cotton-Candy.jpg 590w, https:\/\/www.vape4wholesale.com\/wp-content\/uploads\/2022\/07\/RandM-Squid-Box-5200-Puffs-Disposable-Vape-Wholesale-Cotton-Candy-247x247.jpg 247w, https:\/\/www.vape4wholesale.com\/wp-content\/uploads\/2022\/07\/RandM-Squid-Box-5200-Puffs-Disposable-Vape-Wholesale-Cotton-Candy-100x100.jpg 100w, https:\/\/www.vape4wholesale.com\/wp-content\/uploads\/2022\/07\/RandM-Squid-Box-5200-Puffs-Disposable-Vape-Wholesale-Cotton-Candy-510x510.jpg 510w, https:\/\/www.vape4wholesale.com\/wp-content\/uploads\/2022\/07\/RandM-Squid-Box-5200-Puffs-Disposable-Vape-Wholesale-Cotton-Candy-64x64.jpg 64w, https:\/\/www.vape4wholesale.com\/wp-content\/uploads\/2022\/07\/RandM-Squid-Box-5200-Puffs-Disposable-Vape-Wholesale-Cotton-Candy-300x300.jpg 300w, https:\/\/www.vape4wholesale.com\/wp-content\/uploads\/2022\/07\/RandM-Squid-Box-5200-Puffs-Disposable-Vape-Wholesale-Cotton-Candy-150x150.jpg 150w\" sizes=\"auto, (max-width: 590px) 100vw, 590px\" \/> <img loading=\"lazy\" decoding=\"async\" class=\"alignnone size-full wp-image-12845\" title=\"RandM Squid Box 5200 Puffs Disposable Vape Wholesale Lush Ice\" src=\"https:\/\/www.vape4wholesale.com\/wp-content\/uploads\/2022\/07\/RandM-Squid-Box-5200-Puffs-Disposable-Vape-Wholesale-Lush-Ice.jpg\" alt=\"RandM Squid Box 5200 Puffs Disposable Vape Wholesale Lush Ice\" width=\"590\" height=\"590\" srcset=\"https:\/\/www.vape4wholesale.com\/wp-content\/uploads\/2022\/07\/RandM-Squid-Box-5200-Puffs-Disposable-Vape-Wholesale-Lush-Ice.jpg 590w, https:\/\/www.vape4wholesale.com\/wp-content\/uploads\/2022\/07\/RandM-Squid-Box-5200-Puffs-Disposable-Vape-Wholesale-Lush-Ice-247x247.jpg 247w, https:\/\/www.vape4wholesale.com\/wp-content\/uploads\/2022\/07\/RandM-Squid-Box-5200-Puffs-Disposable-Vape-Wholesale-Lush-Ice-100x100.jpg 100w, https:\/\/www.vape4wholesale.com\/wp-content\/uploads\/2022\/07\/RandM-Squid-Box-5200-Puffs-Disposable-Vape-Wholesale-Lush-Ice-510x510.jpg 510w, https:\/\/www.vape4wholesale.com\/wp-content\/uploads\/2022\/07\/RandM-Squid-Box-5200-Puffs-Disposable-Vape-Wholesale-Lush-Ice-64x64.jpg 64w, https:\/\/www.vape4wholesale.com\/wp-content\/uploads\/2022\/07\/RandM-Squid-Box-5200-Puffs-Disposable-Vape-Wholesale-Lush-Ice-300x300.jpg 300w, https:\/\/www.vape4wholesale.com\/wp-content\/uploads\/2022\/07\/RandM-Squid-Box-5200-Puffs-Disposable-Vape-Wholesale-Lush-Ice-150x150.jpg 150w\" sizes=\"auto, (max-width: 590px) 100vw, 590px\" \/> <img loading=\"lazy\" decoding=\"async\" class=\"alignnone size-full wp-image-12846\" title=\"RandM Squid Box 5200 Puffs Vape jetable Wholesale Mint\" src=\"https:\/\/www.vape4wholesale.com\/wp-content\/uploads\/2022\/07\/RandM-Squid-Box-5200-Puffs-Disposable-Vape-Wholesale-Mint.jpg\" alt=\"RandM Squid Box 5200 Puffs Vape jetable Wholesale Mint\" width=\"590\" height=\"590\" srcset=\"https:\/\/www.vape4wholesale.com\/wp-content\/uploads\/2022\/07\/RandM-Squid-Box-5200-Puffs-Disposable-Vape-Wholesale-Mint.jpg 590w, https:\/\/www.vape4wholesale.com\/wp-content\/uploads\/2022\/07\/RandM-Squid-Box-5200-Puffs-Disposable-Vape-Wholesale-Mint-247x247.jpg 247w, https:\/\/www.vape4wholesale.com\/wp-content\/uploads\/2022\/07\/RandM-Squid-Box-5200-Puffs-Disposable-Vape-Wholesale-Mint-100x100.jpg 100w, https:\/\/www.vape4wholesale.com\/wp-content\/uploads\/2022\/07\/RandM-Squid-Box-5200-Puffs-Disposable-Vape-Wholesale-Mint-510x510.jpg 510w, https:\/\/www.vape4wholesale.com\/wp-content\/uploads\/2022\/07\/RandM-Squid-Box-5200-Puffs-Disposable-Vape-Wholesale-Mint-64x64.jpg 64w, https:\/\/www.vape4wholesale.com\/wp-content\/uploads\/2022\/07\/RandM-Squid-Box-5200-Puffs-Disposable-Vape-Wholesale-Mint-300x300.jpg 300w, https:\/\/www.vape4wholesale.com\/wp-content\/uploads\/2022\/07\/RandM-Squid-Box-5200-Puffs-Disposable-Vape-Wholesale-Mint-150x150.jpg 150w\" sizes=\"auto, (max-width: 590px) 100vw, 590px\" \/> <img loading=\"lazy\" decoding=\"async\" class=\"alignnone size-full wp-image-12847\" title=\"RandM Squid Box 5200 Puffs Vape jetable en gros Mixed Berries\" src=\"https:\/\/www.vape4wholesale.com\/wp-content\/uploads\/2022\/07\/RandM-Squid-Box-5200-Puffs-Disposable-Vape-Wholesale-Mixed-Berries.jpg\" alt=\"RandM Squid Box 5200 Puffs Vape jetable en gros Mixed Berries\" width=\"590\" height=\"590\" srcset=\"https:\/\/www.vape4wholesale.com\/wp-content\/uploads\/2022\/07\/RandM-Squid-Box-5200-Puffs-Disposable-Vape-Wholesale-Mixed-Berries.jpg 590w, https:\/\/www.vape4wholesale.com\/wp-content\/uploads\/2022\/07\/RandM-Squid-Box-5200-Puffs-Disposable-Vape-Wholesale-Mixed-Berries-247x247.jpg 247w, https:\/\/www.vape4wholesale.com\/wp-content\/uploads\/2022\/07\/RandM-Squid-Box-5200-Puffs-Disposable-Vape-Wholesale-Mixed-Berries-100x100.jpg 100w, https:\/\/www.vape4wholesale.com\/wp-content\/uploads\/2022\/07\/RandM-Squid-Box-5200-Puffs-Disposable-Vape-Wholesale-Mixed-Berries-510x510.jpg 510w, https:\/\/www.vape4wholesale.com\/wp-content\/uploads\/2022\/07\/RandM-Squid-Box-5200-Puffs-Disposable-Vape-Wholesale-Mixed-Berries-64x64.jpg 64w, https:\/\/www.vape4wholesale.com\/wp-content\/uploads\/2022\/07\/RandM-Squid-Box-5200-Puffs-Disposable-Vape-Wholesale-Mixed-Berries-300x300.jpg 300w, https:\/\/www.vape4wholesale.com\/wp-content\/uploads\/2022\/07\/RandM-Squid-Box-5200-Puffs-Disposable-Vape-Wholesale-Mixed-Berries-150x150.jpg 150w\" sizes=\"auto, (max-width: 590px) 100vw, 590px\" \/> <img loading=\"lazy\" decoding=\"async\" class=\"alignnone size-full wp-image-12848\" title=\"RandM Squid Box 5200 Puffs Vape jetable en gros Peach Mango\" src=\"https:\/\/www.vape4wholesale.com\/wp-content\/uploads\/2022\/07\/RandM-Squid-Box-5200-Puffs-Disposable-Vape-Wholesale-Peach-Mango.jpg\" alt=\"RandM Squid Box 5200 Puffs Vape jetable en gros Peach Mango\" width=\"590\" height=\"590\" srcset=\"https:\/\/www.vape4wholesale.com\/wp-content\/uploads\/2022\/07\/RandM-Squid-Box-5200-Puffs-Disposable-Vape-Wholesale-Peach-Mango.jpg 590w, https:\/\/www.vape4wholesale.com\/wp-content\/uploads\/2022\/07\/RandM-Squid-Box-5200-Puffs-Disposable-Vape-Wholesale-Peach-Mango-247x247.jpg 247w, https:\/\/www.vape4wholesale.com\/wp-content\/uploads\/2022\/07\/RandM-Squid-Box-5200-Puffs-Disposable-Vape-Wholesale-Peach-Mango-100x100.jpg 100w, https:\/\/www.vape4wholesale.com\/wp-content\/uploads\/2022\/07\/RandM-Squid-Box-5200-Puffs-Disposable-Vape-Wholesale-Peach-Mango-510x510.jpg 510w, https:\/\/www.vape4wholesale.com\/wp-content\/uploads\/2022\/07\/RandM-Squid-Box-5200-Puffs-Disposable-Vape-Wholesale-Peach-Mango-64x64.jpg 64w, https:\/\/www.vape4wholesale.com\/wp-content\/uploads\/2022\/07\/RandM-Squid-Box-5200-Puffs-Disposable-Vape-Wholesale-Peach-Mango-300x300.jpg 300w, https:\/\/www.vape4wholesale.com\/wp-content\/uploads\/2022\/07\/RandM-Squid-Box-5200-Puffs-Disposable-Vape-Wholesale-Peach-Mango-150x150.jpg 150w\" sizes=\"auto, (max-width: 590px) 100vw, 590px\" \/> <img loading=\"lazy\" decoding=\"async\" class=\"alignnone size-full wp-image-12849\" title=\"RandM Squid Box 5200 Puffs Vape jetable en gros Fraise Kiwi\" src=\"https:\/\/www.vape4wholesale.com\/wp-content\/uploads\/2022\/07\/RandM-Squid-Box-5200-Puffs-Disposable-Vape-Wholesale-Strawberry-Kiwi.jpg\" alt=\"RandM Squid Box 5200 Puffs Vape jetable en gros Fraise Kiwi\" width=\"590\" height=\"590\" srcset=\"https:\/\/www.vape4wholesale.com\/wp-content\/uploads\/2022\/07\/RandM-Squid-Box-5200-Puffs-Disposable-Vape-Wholesale-Strawberry-Kiwi.jpg 590w, https:\/\/www.vape4wholesale.com\/wp-content\/uploads\/2022\/07\/RandM-Squid-Box-5200-Puffs-Disposable-Vape-Wholesale-Strawberry-Kiwi-247x247.jpg 247w, https:\/\/www.vape4wholesale.com\/wp-content\/uploads\/2022\/07\/RandM-Squid-Box-5200-Puffs-Disposable-Vape-Wholesale-Strawberry-Kiwi-100x100.jpg 100w, https:\/\/www.vape4wholesale.com\/wp-content\/uploads\/2022\/07\/RandM-Squid-Box-5200-Puffs-Disposable-Vape-Wholesale-Strawberry-Kiwi-510x510.jpg 510w, https:\/\/www.vape4wholesale.com\/wp-content\/uploads\/2022\/07\/RandM-Squid-Box-5200-Puffs-Disposable-Vape-Wholesale-Strawberry-Kiwi-64x64.jpg 64w, https:\/\/www.vape4wholesale.com\/wp-content\/uploads\/2022\/07\/RandM-Squid-Box-5200-Puffs-Disposable-Vape-Wholesale-Strawberry-Kiwi-300x300.jpg 300w, https:\/\/www.vape4wholesale.com\/wp-content\/uploads\/2022\/07\/RandM-Squid-Box-5200-Puffs-Disposable-Vape-Wholesale-Strawberry-Kiwi-150x150.jpg 150w\" sizes=\"auto, (max-width: 590px) 100vw, 590px\" \/> <img loading=\"lazy\" decoding=\"async\" class=\"alignnone size-full wp-image-12850\" title=\"RandM Squid Box 5200 Puffs Vape jetable en gros Fraise Lychee\" src=\"https:\/\/www.vape4wholesale.com\/wp-content\/uploads\/2022\/07\/RandM-Squid-Box-5200-Puffs-Disposable-Vape-Wholesale-Strawberry-Lychee.jpg\" alt=\"RandM Squid Box 5200 Puffs Vape jetable en gros Fraise Lychee\" width=\"590\" height=\"590\" srcset=\"https:\/\/www.vape4wholesale.com\/wp-content\/uploads\/2022\/07\/RandM-Squid-Box-5200-Puffs-Disposable-Vape-Wholesale-Strawberry-Lychee.jpg 590w, https:\/\/www.vape4wholesale.com\/wp-content\/uploads\/2022\/07\/RandM-Squid-Box-5200-Puffs-Disposable-Vape-Wholesale-Strawberry-Lychee-247x247.jpg 247w, https:\/\/www.vape4wholesale.com\/wp-content\/uploads\/2022\/07\/RandM-Squid-Box-5200-Puffs-Disposable-Vape-Wholesale-Strawberry-Lychee-100x100.jpg 100w, https:\/\/www.vape4wholesale.com\/wp-content\/uploads\/2022\/07\/RandM-Squid-Box-5200-Puffs-Disposable-Vape-Wholesale-Strawberry-Lychee-510x510.jpg 510w, https:\/\/www.vape4wholesale.com\/wp-content\/uploads\/2022\/07\/RandM-Squid-Box-5200-Puffs-Disposable-Vape-Wholesale-Strawberry-Lychee-64x64.jpg 64w, https:\/\/www.vape4wholesale.com\/wp-content\/uploads\/2022\/07\/RandM-Squid-Box-5200-Puffs-Disposable-Vape-Wholesale-Strawberry-Lychee-300x300.jpg 300w, https:\/\/www.vape4wholesale.com\/wp-content\/uploads\/2022\/07\/RandM-Squid-Box-5200-Puffs-Disposable-Vape-Wholesale-Strawberry-Lychee-150x150.jpg 150w\" sizes=\"auto, (max-width: 590px) 100vw, 590px\" \/><\/p>","protected":false},"excerpt":{"rendered":"[scf-template id=&#8217;11434&#8242;]\n","protected":false},"featured_media":12851,"comment_status":"open","ping_status":"closed","template":"","meta":[],"pwb-brand":[1270],"product_cat":[869],"product_tag":[22,24,54,272,279],"class_list":{"0":"post-5784","1":"product","2":"type-product","3":"status-publish","4":"has-post-thumbnail","6":"pwb-brand-randm","7":"product_cat-5000-8000-puffs","8":"product_tag-disposable","9":"product_tag-wholesale","10":"product_tag-12-0ml","11":"product_tag-randm","12":"product_tag-5200-puffs","13":"wcpa_has_options","15":"first","16":"outofstock","17":"shipping-taxable","18":"purchasable","19":"product-type-variable"},"aioseo_notices":[],"brands":[{"id":1270,"name":"Randm","slug":"randm"}],"_links":{"self":[{"href":"https:\/\/www.vape4wholesale.com\/fr\/wp-json\/wp\/v2\/product\/5784","targetHints":{"allow":["GET"]}}],"collection":[{"href":"https:\/\/www.vape4wholesale.com\/fr\/wp-json\/wp\/v2\/product"}],"about":[{"href":"https:\/\/www.vape4wholesale.com\/fr\/wp-json\/wp\/v2\/types\/product"}],"replies":[{"embeddable":true,"href":"https:\/\/www.vape4wholesale.com\/fr\/wp-json\/wp\/v2\/comments?post=5784"}],"wp:featuredmedia":[{"embeddable":true,"href":"https:\/\/www.vape4wholesale.com\/fr\/wp-json\/wp\/v2\/media\/12851"}],"wp:attachment":[{"href":"https:\/\/www.vape4wholesale.com\/fr\/wp-json\/wp\/v2\/media?parent=5784"}],"wp:term":[{"taxonomy":"pwb-brand","embeddable":true,"href":"https:\/\/www.vape4wholesale.com\/fr\/wp-json\/wp\/v2\/pwb-brand?post=5784"},{"taxonomy":"product_cat","embeddable":true,"href":"https:\/\/www.vape4wholesale.com\/fr\/wp-json\/wp\/v2\/product_cat?post=5784"},{"taxonomy":"product_tag","embeddable":true,"href":"https:\/\/www.vape4wholesale.com\/fr\/wp-json\/wp\/v2\/product_tag?post=5784"}],"curies":[{"name":"wp","href":"https:\/\/api.w.org\/{rel}","templated":true}]}}