{"id":5525,"date":"2022-08-03T21:23:34","date_gmt":"2022-08-03T13:23:34","guid":{"rendered":"https:\/\/www.vape4wholesale.com\/?post_type=product&#038;p=5525"},"modified":"2026-01-26T13:43:19","modified_gmt":"2026-01-26T13:43:19","slug":"randm-tornado-8000-puffs-jetable-vape-wholesale","status":"publish","type":"product","link":"https:\/\/www.vape4wholesale.com\/fr\/product\/randm-tornado-8000-puffs-disposable-vape-wholesale","title":{"rendered":"RANDM Tornado 8000 Puffs Disposable Vape Wholesale"},"content":{"rendered":"<p><strong><a href=\"https:\/\/www.vape4wholesale.com\/fr\/marque_du_produit\/randm\/\">RandM<\/a> Tornado 8000<\/strong>\u00a0est un dispositif de vape jetable avec contr\u00f4le du flux d'air et il est rechargeable. Il contient 16ml d'e-juice au sel de nicotine 0\/2\/3\/5% et permet de vaper jusqu'\u00e0 8000 bouff\u00e9es. Il y a 31 saveurs \u00e0 choisir. Le contr\u00f4le du flux d'air vous permet de choisir l'endroit qui vous convient le mieux. De plus, il est \u00e9quip\u00e9 d'un port Type-C rechargeable situ\u00e9 \u00e0 l'arri\u00e8re de l'appareil, ce qui vous garantit de finir la derni\u00e8re goutte d'e-juice dans le r\u00e9servoir \u00e0 tout moment.<\/p>\n<h2><b data-stringify-type=\"bold\">RandM Tornado 8000 Dispositif \u00e0 usage unique Caract\u00e9ristiques :<\/b><\/h2>\n<p>\u26110\/2\/3\/5% Sel de nicotine.<br \/>\n\u261116ML de E-liquide.<br \/>\nContr\u00f4le du d\u00e9bit d'air<br \/>\n\u2611Mesh Coil<br \/>\nBatterie rechargeable<br \/>\nBatterie int\u00e9gr\u00e9e de 850 mAh.<br \/>\n\u261131 saveurs disponibles.<br \/>\n10 pi\u00e8ces dans une bo\u00eete de pr\u00e9sentation.<br \/>\n240 pi\u00e8ces dans un carton.<\/p>\n<h2><b data-stringify-type=\"bold\">Saveurs disponibles :<\/b><\/h2>\n<p>1. la glace luxuriante<br \/>\n2. le Blue razz Ice<br \/>\n3. past\u00e8que \u00e0 la fraise<br \/>\n4. limonade \u00e0 la fraise<br \/>\n5. pomme acide<br \/>\n6.Poire de coton<br \/>\n7. les bonbons Skittles<br \/>\n8. Oursons g\u00e9lifi\u00e9s<br \/>\n9. raisin orange<br \/>\n10. cr\u00e8me glac\u00e9e au melon de miel<br \/>\n11. glace au melon<br \/>\n12. melon pomme rouge<br \/>\n13. glace \u00e0 la grenade<br \/>\n14.Banana Ice<br \/>\n15.glace aux myrtilles<br \/>\n16.Cool Mint<br \/>\n17. fraise kiwi<br \/>\n18. p\u00eache mangue<br \/>\n19.Pina Colada<br \/>\n20.cerise litchi<br \/>\n21. chewing-gum \u00e0 la myrtille<br \/>\n22. Melon d'eau<br \/>\n23. Myrtille aigre Framboise<br \/>\n24.glace au raisin<br \/>\n25.myrtille Grenade<br \/>\n26.M. bleu<br \/>\n27. myrtille Framboise<br \/>\n28.glace \u00e0 la fraise<br \/>\n29.cola cerise glac\u00e9<br \/>\n30. Taureau rouge<br \/>\n31. Limonade rose<\/p>\n<p><img loading=\"lazy\" decoding=\"async\" class=\"alignnone size-full wp-image-12739\" title=\"RandM Tornado 8000 Puffs Vape jetable en gros (21)\" src=\"https:\/\/www.vape4wholesale.com\/wp-content\/uploads\/2022\/08\/RandM-Tornado-8000-Puffs-Disposable-Vape-Wholesale-21.jpg\" alt=\"RandM Tornado 8000 Puffs Vape jetable en gros (21)\" width=\"590\" height=\"504\" srcset=\"https:\/\/www.vape4wholesale.com\/wp-content\/uploads\/2022\/08\/RandM-Tornado-8000-Puffs-Disposable-Vape-Wholesale-21.jpg 590w, https:\/\/www.vape4wholesale.com\/wp-content\/uploads\/2022\/08\/RandM-Tornado-8000-Puffs-Disposable-Vape-Wholesale-21-510x436.jpg 510w, https:\/\/www.vape4wholesale.com\/wp-content\/uploads\/2022\/08\/RandM-Tornado-8000-Puffs-Disposable-Vape-Wholesale-21-64x55.jpg 64w, https:\/\/www.vape4wholesale.com\/wp-content\/uploads\/2022\/08\/RandM-Tornado-8000-Puffs-Disposable-Vape-Wholesale-21-300x256.jpg 300w\" sizes=\"auto, (max-width: 590px) 100vw, 590px\" \/> <img loading=\"lazy\" decoding=\"async\" class=\"alignnone size-full wp-image-12738\" title=\"RandM Tornado 8000 Puffs Vape jetable en gros (20)\" src=\"https:\/\/www.vape4wholesale.com\/wp-content\/uploads\/2022\/08\/RandM-Tornado-8000-Puffs-Disposable-Vape-Wholesale-20.jpg\" alt=\"RandM Tornado 8000 Puffs Vape jetable en gros (20)\" width=\"590\" height=\"590\" srcset=\"https:\/\/www.vape4wholesale.com\/wp-content\/uploads\/2022\/08\/RandM-Tornado-8000-Puffs-Disposable-Vape-Wholesale-20.jpg 590w, https:\/\/www.vape4wholesale.com\/wp-content\/uploads\/2022\/08\/RandM-Tornado-8000-Puffs-Disposable-Vape-Wholesale-20-247x247.jpg 247w, https:\/\/www.vape4wholesale.com\/wp-content\/uploads\/2022\/08\/RandM-Tornado-8000-Puffs-Disposable-Vape-Wholesale-20-100x100.jpg 100w, https:\/\/www.vape4wholesale.com\/wp-content\/uploads\/2022\/08\/RandM-Tornado-8000-Puffs-Disposable-Vape-Wholesale-20-510x510.jpg 510w, https:\/\/www.vape4wholesale.com\/wp-content\/uploads\/2022\/08\/RandM-Tornado-8000-Puffs-Disposable-Vape-Wholesale-20-64x64.jpg 64w, https:\/\/www.vape4wholesale.com\/wp-content\/uploads\/2022\/08\/RandM-Tornado-8000-Puffs-Disposable-Vape-Wholesale-20-300x300.jpg 300w, https:\/\/www.vape4wholesale.com\/wp-content\/uploads\/2022\/08\/RandM-Tornado-8000-Puffs-Disposable-Vape-Wholesale-20-150x150.jpg 150w\" sizes=\"auto, (max-width: 590px) 100vw, 590px\" \/> <img loading=\"lazy\" decoding=\"async\" class=\"alignnone size-full wp-image-12737\" title=\"RandM Tornado 8000 Puffs Vape jetable en gros (19)\" src=\"https:\/\/www.vape4wholesale.com\/wp-content\/uploads\/2022\/08\/RandM-Tornado-8000-Puffs-Disposable-Vape-Wholesale-19.jpg\" alt=\"RandM Tornado 8000 Puffs Vape jetable en gros (19)\" width=\"590\" height=\"590\" srcset=\"https:\/\/www.vape4wholesale.com\/wp-content\/uploads\/2022\/08\/RandM-Tornado-8000-Puffs-Disposable-Vape-Wholesale-19.jpg 590w, https:\/\/www.vape4wholesale.com\/wp-content\/uploads\/2022\/08\/RandM-Tornado-8000-Puffs-Disposable-Vape-Wholesale-19-247x247.jpg 247w, https:\/\/www.vape4wholesale.com\/wp-content\/uploads\/2022\/08\/RandM-Tornado-8000-Puffs-Disposable-Vape-Wholesale-19-100x100.jpg 100w, https:\/\/www.vape4wholesale.com\/wp-content\/uploads\/2022\/08\/RandM-Tornado-8000-Puffs-Disposable-Vape-Wholesale-19-510x510.jpg 510w, https:\/\/www.vape4wholesale.com\/wp-content\/uploads\/2022\/08\/RandM-Tornado-8000-Puffs-Disposable-Vape-Wholesale-19-64x64.jpg 64w, https:\/\/www.vape4wholesale.com\/wp-content\/uploads\/2022\/08\/RandM-Tornado-8000-Puffs-Disposable-Vape-Wholesale-19-300x300.jpg 300w, https:\/\/www.vape4wholesale.com\/wp-content\/uploads\/2022\/08\/RandM-Tornado-8000-Puffs-Disposable-Vape-Wholesale-19-150x150.jpg 150w\" sizes=\"auto, (max-width: 590px) 100vw, 590px\" \/> <img loading=\"lazy\" decoding=\"async\" class=\"alignnone size-full wp-image-12729\" title=\"RandM Tornado 8000 Puffs Vape jetable en gros (11)\" src=\"https:\/\/www.vape4wholesale.com\/wp-content\/uploads\/2022\/08\/RandM-Tornado-8000-Puffs-Disposable-Vape-Wholesale-11.jpg\" alt=\"RandM Tornado 8000 Puffs Vape jetable en gros (11)\" width=\"590\" height=\"590\" srcset=\"https:\/\/www.vape4wholesale.com\/wp-content\/uploads\/2022\/08\/RandM-Tornado-8000-Puffs-Disposable-Vape-Wholesale-11.jpg 590w, https:\/\/www.vape4wholesale.com\/wp-content\/uploads\/2022\/08\/RandM-Tornado-8000-Puffs-Disposable-Vape-Wholesale-11-247x247.jpg 247w, https:\/\/www.vape4wholesale.com\/wp-content\/uploads\/2022\/08\/RandM-Tornado-8000-Puffs-Disposable-Vape-Wholesale-11-100x100.jpg 100w, https:\/\/www.vape4wholesale.com\/wp-content\/uploads\/2022\/08\/RandM-Tornado-8000-Puffs-Disposable-Vape-Wholesale-11-510x510.jpg 510w, https:\/\/www.vape4wholesale.com\/wp-content\/uploads\/2022\/08\/RandM-Tornado-8000-Puffs-Disposable-Vape-Wholesale-11-64x64.jpg 64w, https:\/\/www.vape4wholesale.com\/wp-content\/uploads\/2022\/08\/RandM-Tornado-8000-Puffs-Disposable-Vape-Wholesale-11-300x300.jpg 300w, https:\/\/www.vape4wholesale.com\/wp-content\/uploads\/2022\/08\/RandM-Tornado-8000-Puffs-Disposable-Vape-Wholesale-11-150x150.jpg 150w\" sizes=\"auto, (max-width: 590px) 100vw, 590px\" \/> <img loading=\"lazy\" decoding=\"async\" class=\"alignnone size-full wp-image-12730\" title=\"RandM Tornado 8000 Puffs Vape jetable en gros (12)\" src=\"https:\/\/www.vape4wholesale.com\/wp-content\/uploads\/2022\/08\/RandM-Tornado-8000-Puffs-Disposable-Vape-Wholesale-12.jpg\" alt=\"RandM Tornado 8000 Puffs Vape jetable en gros (12)\" width=\"590\" height=\"590\" srcset=\"https:\/\/www.vape4wholesale.com\/wp-content\/uploads\/2022\/08\/RandM-Tornado-8000-Puffs-Disposable-Vape-Wholesale-12.jpg 590w, https:\/\/www.vape4wholesale.com\/wp-content\/uploads\/2022\/08\/RandM-Tornado-8000-Puffs-Disposable-Vape-Wholesale-12-247x247.jpg 247w, https:\/\/www.vape4wholesale.com\/wp-content\/uploads\/2022\/08\/RandM-Tornado-8000-Puffs-Disposable-Vape-Wholesale-12-100x100.jpg 100w, https:\/\/www.vape4wholesale.com\/wp-content\/uploads\/2022\/08\/RandM-Tornado-8000-Puffs-Disposable-Vape-Wholesale-12-510x510.jpg 510w, https:\/\/www.vape4wholesale.com\/wp-content\/uploads\/2022\/08\/RandM-Tornado-8000-Puffs-Disposable-Vape-Wholesale-12-64x64.jpg 64w, https:\/\/www.vape4wholesale.com\/wp-content\/uploads\/2022\/08\/RandM-Tornado-8000-Puffs-Disposable-Vape-Wholesale-12-300x300.jpg 300w, https:\/\/www.vape4wholesale.com\/wp-content\/uploads\/2022\/08\/RandM-Tornado-8000-Puffs-Disposable-Vape-Wholesale-12-150x150.jpg 150w\" sizes=\"auto, (max-width: 590px) 100vw, 590px\" \/> <img loading=\"lazy\" decoding=\"async\" class=\"alignnone size-full wp-image-12728\" title=\"RandM Tornado 8000 Puffs Vape jetable en gros (10)\" src=\"https:\/\/www.vape4wholesale.com\/wp-content\/uploads\/2022\/08\/RandM-Tornado-8000-Puffs-Disposable-Vape-Wholesale-10.jpg\" alt=\"RandM Tornado 8000 Puffs Vape jetable en gros (10)\" width=\"590\" height=\"590\" srcset=\"https:\/\/www.vape4wholesale.com\/wp-content\/uploads\/2022\/08\/RandM-Tornado-8000-Puffs-Disposable-Vape-Wholesale-10.jpg 590w, https:\/\/www.vape4wholesale.com\/wp-content\/uploads\/2022\/08\/RandM-Tornado-8000-Puffs-Disposable-Vape-Wholesale-10-247x247.jpg 247w, https:\/\/www.vape4wholesale.com\/wp-content\/uploads\/2022\/08\/RandM-Tornado-8000-Puffs-Disposable-Vape-Wholesale-10-100x100.jpg 100w, https:\/\/www.vape4wholesale.com\/wp-content\/uploads\/2022\/08\/RandM-Tornado-8000-Puffs-Disposable-Vape-Wholesale-10-510x510.jpg 510w, https:\/\/www.vape4wholesale.com\/wp-content\/uploads\/2022\/08\/RandM-Tornado-8000-Puffs-Disposable-Vape-Wholesale-10-64x64.jpg 64w, https:\/\/www.vape4wholesale.com\/wp-content\/uploads\/2022\/08\/RandM-Tornado-8000-Puffs-Disposable-Vape-Wholesale-10-300x300.jpg 300w, https:\/\/www.vape4wholesale.com\/wp-content\/uploads\/2022\/08\/RandM-Tornado-8000-Puffs-Disposable-Vape-Wholesale-10-150x150.jpg 150w\" sizes=\"auto, (max-width: 590px) 100vw, 590px\" \/> <img loading=\"lazy\" decoding=\"async\" class=\"alignnone size-full wp-image-12727\" title=\"RandM Tornado 8000 Puffs Vape jetable en gros (9)\" src=\"https:\/\/www.vape4wholesale.com\/wp-content\/uploads\/2022\/08\/RandM-Tornado-8000-Puffs-Disposable-Vape-Wholesale-9.jpg\" alt=\"RandM Tornado 8000 Puffs Vape jetable en gros (9)\" width=\"590\" height=\"590\" srcset=\"https:\/\/www.vape4wholesale.com\/wp-content\/uploads\/2022\/08\/RandM-Tornado-8000-Puffs-Disposable-Vape-Wholesale-9.jpg 590w, https:\/\/www.vape4wholesale.com\/wp-content\/uploads\/2022\/08\/RandM-Tornado-8000-Puffs-Disposable-Vape-Wholesale-9-247x247.jpg 247w, https:\/\/www.vape4wholesale.com\/wp-content\/uploads\/2022\/08\/RandM-Tornado-8000-Puffs-Disposable-Vape-Wholesale-9-100x100.jpg 100w, https:\/\/www.vape4wholesale.com\/wp-content\/uploads\/2022\/08\/RandM-Tornado-8000-Puffs-Disposable-Vape-Wholesale-9-510x510.jpg 510w, https:\/\/www.vape4wholesale.com\/wp-content\/uploads\/2022\/08\/RandM-Tornado-8000-Puffs-Disposable-Vape-Wholesale-9-64x64.jpg 64w, https:\/\/www.vape4wholesale.com\/wp-content\/uploads\/2022\/08\/RandM-Tornado-8000-Puffs-Disposable-Vape-Wholesale-9-300x300.jpg 300w, https:\/\/www.vape4wholesale.com\/wp-content\/uploads\/2022\/08\/RandM-Tornado-8000-Puffs-Disposable-Vape-Wholesale-9-150x150.jpg 150w\" sizes=\"auto, (max-width: 590px) 100vw, 590px\" \/> <img loading=\"lazy\" decoding=\"async\" class=\"alignnone size-full wp-image-12736\" title=\"RandM Tornado 8000 Puffs Vape jetable en gros (18)\" src=\"https:\/\/www.vape4wholesale.com\/wp-content\/uploads\/2022\/08\/RandM-Tornado-8000-Puffs-Disposable-Vape-Wholesale-18.jpg\" alt=\"RandM Tornado 8000 Puffs Vape jetable en gros (18)\" width=\"590\" height=\"590\" srcset=\"https:\/\/www.vape4wholesale.com\/wp-content\/uploads\/2022\/08\/RandM-Tornado-8000-Puffs-Disposable-Vape-Wholesale-18.jpg 590w, https:\/\/www.vape4wholesale.com\/wp-content\/uploads\/2022\/08\/RandM-Tornado-8000-Puffs-Disposable-Vape-Wholesale-18-247x247.jpg 247w, https:\/\/www.vape4wholesale.com\/wp-content\/uploads\/2022\/08\/RandM-Tornado-8000-Puffs-Disposable-Vape-Wholesale-18-100x100.jpg 100w, https:\/\/www.vape4wholesale.com\/wp-content\/uploads\/2022\/08\/RandM-Tornado-8000-Puffs-Disposable-Vape-Wholesale-18-510x510.jpg 510w, https:\/\/www.vape4wholesale.com\/wp-content\/uploads\/2022\/08\/RandM-Tornado-8000-Puffs-Disposable-Vape-Wholesale-18-64x64.jpg 64w, https:\/\/www.vape4wholesale.com\/wp-content\/uploads\/2022\/08\/RandM-Tornado-8000-Puffs-Disposable-Vape-Wholesale-18-300x300.jpg 300w, https:\/\/www.vape4wholesale.com\/wp-content\/uploads\/2022\/08\/RandM-Tornado-8000-Puffs-Disposable-Vape-Wholesale-18-150x150.jpg 150w\" sizes=\"auto, (max-width: 590px) 100vw, 590px\" \/><\/p>\n<p>&nbsp;<\/p>\n<p>&nbsp;<\/p>","protected":false},"excerpt":{"rendered":"[scf-template id=&#8217;11434&#8242;]\n","protected":false},"featured_media":12739,"comment_status":"open","ping_status":"closed","template":"","meta":[],"pwb-brand":[1270],"product_cat":[870],"product_tag":[343,22,24,180,342],"class_list":{"0":"post-5525","1":"product","2":"type-product","3":"status-publish","4":"has-post-thumbnail","6":"pwb-brand-randm","7":"product_cat-8000-10000-puffs","8":"product_tag-8000-puffs","9":"product_tag-disposable","10":"product_tag-wholesale","11":"product_tag-randm-tornado","12":"product_tag-16-0ml","13":"wcpa_has_options","15":"first","16":"outofstock","17":"shipping-taxable","18":"purchasable","19":"product-type-variable"},"aioseo_notices":[],"brands":[{"id":1270,"name":"Randm","slug":"randm"}],"_links":{"self":[{"href":"https:\/\/www.vape4wholesale.com\/fr\/wp-json\/wp\/v2\/product\/5525","targetHints":{"allow":["GET"]}}],"collection":[{"href":"https:\/\/www.vape4wholesale.com\/fr\/wp-json\/wp\/v2\/product"}],"about":[{"href":"https:\/\/www.vape4wholesale.com\/fr\/wp-json\/wp\/v2\/types\/product"}],"replies":[{"embeddable":true,"href":"https:\/\/www.vape4wholesale.com\/fr\/wp-json\/wp\/v2\/comments?post=5525"}],"wp:featuredmedia":[{"embeddable":true,"href":"https:\/\/www.vape4wholesale.com\/fr\/wp-json\/wp\/v2\/media\/12739"}],"wp:attachment":[{"href":"https:\/\/www.vape4wholesale.com\/fr\/wp-json\/wp\/v2\/media?parent=5525"}],"wp:term":[{"taxonomy":"pwb-brand","embeddable":true,"href":"https:\/\/www.vape4wholesale.com\/fr\/wp-json\/wp\/v2\/pwb-brand?post=5525"},{"taxonomy":"product_cat","embeddable":true,"href":"https:\/\/www.vape4wholesale.com\/fr\/wp-json\/wp\/v2\/product_cat?post=5525"},{"taxonomy":"product_tag","embeddable":true,"href":"https:\/\/www.vape4wholesale.com\/fr\/wp-json\/wp\/v2\/product_tag?post=5525"}],"curies":[{"name":"wp","href":"https:\/\/api.w.org\/{rel}","templated":true}]}}