{"id":5460,"date":"2022-08-04T09:54:49","date_gmt":"2022-08-04T01:54:49","guid":{"rendered":"https:\/\/www.vape4wholesale.com\/?post_type=product&#038;p=5460"},"modified":"2026-01-26T13:43:15","modified_gmt":"2026-01-26T13:43:15","slug":"randm-tornado-9000-puffs-diposable-vapes-wholesale","status":"publish","type":"product","link":"https:\/\/www.vape4wholesale.com\/fr\/product\/randm-tornado-9000-puffs-diposable-vapes-wholesale","title":{"rendered":"RANDM Tornado 9000 Puffs Diposable Vapes Wholesale"},"content":{"rendered":"<p><strong><a href=\"https:\/\/www.vape4wholesale.com\/fr\/marque_du_produit\/randm\/\">RandM<\/a> Tornado 9000<\/strong>\u00a0est un dispositif de vape jetable avec un design cool et il est rechargeable. Il contient 18ml d'e-juice au sel de nicotine 0\/2\/3\/5% et permet de vaper jusqu'\u00e0 9000 bouff\u00e9es. Il y a 12 saveurs \u00e0 choisir. Le port de recharge situ\u00e9 \u00e0 l'arri\u00e8re de l'appareil vous garantit de finir la derni\u00e8re goutte d'e-juice dans le r\u00e9servoir tout le temps.<\/p>\n<h2><b data-stringify-type=\"bold\">RandM Tornado 9000 Dispositif \u00e0 usage unique Caract\u00e9ristiques :<\/b><\/h2>\n<p>\u26110\/2\/3\/5% Sel de nicotine.<br \/>\n18ML de E-liquide.<br \/>\n\u2611Mesh Coil<br \/>\nBatterie rechargeable<br \/>\nBatterie int\u00e9gr\u00e9e de 850 mAh.<br \/>\n12 saveurs disponibles.<br \/>\n10 pi\u00e8ces dans une bo\u00eete de pr\u00e9sentation.<br \/>\n200 pi\u00e8ces par carton.<\/p>\n<h2><b data-stringify-type=\"bold\">Saveurs disponibles :<\/b><\/h2>\n<p>01# Myrtille Framboise<br \/>\n02# Mr Blue<br \/>\n03# Fraise Past\u00e8que<br \/>\n04# Orange Soda<br \/>\n05# Past\u00e8que Bubble Gum<br \/>\n06# Bonbons arc-en-ciel<br \/>\n07# Limonade rose<br \/>\n08# P\u00eache Mangue Ananas<br \/>\n09# Fraise Banane<br \/>\n10# Lush Ice<br \/>\n11# Dragon noir glac\u00e9<br \/>\n12# Aloe Grape<br \/>\n13# Bleu Razz Ice<br \/>\n14# Kiwi Fruit de la passion Goyave<br \/>\n15# Ours en gomme<br \/>\n16# Baies m\u00e9lang\u00e9es<br \/>\n17# Menthe fra\u00eeche<br \/>\n18# Framboise Past\u00e8que<br \/>\n19# Limonade \u00e0 la p\u00eache<br \/>\n20# Glace \u00e0 la goyave<br \/>\n21# Limonade \u00e0 la fraise<br \/>\n22# Past\u00e8que Brazz Ice<br \/>\n23# Cr\u00e8me de banane<br \/>\n24# Baie de p\u00eache<br \/>\n25# Cr\u00e8me \u00e0 la fraise<br \/>\n26# Bonbons acidul\u00e9s<br \/>\n27# Lemon&amp;Lime<br \/>\n28# Cerisier<br \/>\n29# Cerise p\u00e9tillante<br \/>\n30# Myrtille Cerise Canneberge<br \/>\n31# Vimto<br \/>\n32# Quilles<br \/>\n33# Glace noire<br \/>\n34# Raisin<br \/>\n35# Bluelicious Ice<br \/>\n36# Glace \u00e0 la fraise<br \/>\n37# Blue Razz Kush<br \/>\n38# Ice Pop<br \/>\n39# Myrtille Sour Framboise<br \/>\n40# Ananas<br \/>\n41# Limonade \u00e0 la p\u00eache et \u00e0 la cerise<br \/>\n42# Fraise Framboise Cerise Glace<br \/>\n43# Triple Mango<br \/>\n44# Fraise Framboise Glace<br \/>\n45# Fraise Past\u00e8que Bubblegum<br \/>\n46# Prime Fraise Past\u00e8que<br \/>\n47# Glace \u00e0 la past\u00e8que<br \/>\n48# Glace \u00e0 la myrtille<br \/>\n49# Quilles \u00e0 la past\u00e8que<br \/>\n50# Mangue paille<br \/>\n51# Strawberry Pomp<br \/>\n52# P\u00eache d'\u00e9t\u00e9 glac\u00e9e<br \/>\n53# Cerisier<br \/>\n54# Cerise Cola<br \/>\n55# Prime Past\u00e8que<br \/>\n56# Fraise raisin<br \/>\n57# Sang de tigre<br \/>\n58# Eau min\u00e9rale<\/p>\n<p><img loading=\"lazy\" decoding=\"async\" class=\"alignnone size-full wp-image-12645\" title=\"RandM Tornado 9000 Puffs Vape jetable en gros (1)\" src=\"https:\/\/www.vape4wholesale.com\/wp-content\/uploads\/2022\/08\/RandM-Tornado-9000-Puffs-Disposable-Vape-Wholesale-1.png\" alt=\"RandM Tornado 9000 Puffs Vape jetable en gros (1)\" width=\"590\" height=\"517\" srcset=\"https:\/\/www.vape4wholesale.com\/wp-content\/uploads\/2022\/08\/RandM-Tornado-9000-Puffs-Disposable-Vape-Wholesale-1.png 590w, https:\/\/www.vape4wholesale.com\/wp-content\/uploads\/2022\/08\/RandM-Tornado-9000-Puffs-Disposable-Vape-Wholesale-1-510x447.png 510w\" sizes=\"auto, (max-width: 590px) 100vw, 590px\" \/> \u00a0 \u00a0<img loading=\"lazy\" decoding=\"async\" class=\"alignnone size-full wp-image-12649\" title=\"RandM Tornado 9000 Puffs Vape jetable en gros (5)\" src=\"https:\/\/www.vape4wholesale.com\/wp-content\/uploads\/2022\/08\/RandM-Tornado-9000-Puffs-Disposable-Vape-Wholesale-5.jpg\" alt=\"RandM Tornado 9000 Puffs Vape jetable en gros (5)\" width=\"590\" height=\"590\" srcset=\"https:\/\/www.vape4wholesale.com\/wp-content\/uploads\/2022\/08\/RandM-Tornado-9000-Puffs-Disposable-Vape-Wholesale-5.jpg 590w, https:\/\/www.vape4wholesale.com\/wp-content\/uploads\/2022\/08\/RandM-Tornado-9000-Puffs-Disposable-Vape-Wholesale-5-247x247.jpg 247w, https:\/\/www.vape4wholesale.com\/wp-content\/uploads\/2022\/08\/RandM-Tornado-9000-Puffs-Disposable-Vape-Wholesale-5-100x100.jpg 100w, https:\/\/www.vape4wholesale.com\/wp-content\/uploads\/2022\/08\/RandM-Tornado-9000-Puffs-Disposable-Vape-Wholesale-5-510x510.jpg 510w, https:\/\/www.vape4wholesale.com\/wp-content\/uploads\/2022\/08\/RandM-Tornado-9000-Puffs-Disposable-Vape-Wholesale-5-64x64.jpg 64w, https:\/\/www.vape4wholesale.com\/wp-content\/uploads\/2022\/08\/RandM-Tornado-9000-Puffs-Disposable-Vape-Wholesale-5-300x300.jpg 300w, https:\/\/www.vape4wholesale.com\/wp-content\/uploads\/2022\/08\/RandM-Tornado-9000-Puffs-Disposable-Vape-Wholesale-5-150x150.jpg 150w\" sizes=\"auto, (max-width: 590px) 100vw, 590px\" \/><\/p>\n<h2>POURQUOI NOUS ?<\/h2>\r\n<ul>\r\n<li>Une source de vape r\u00e9elle, digne de confiance et professionnelle.<\/li>\r\n<li>100% Garantie d'authenticit\u00e9 : Nous ne fournissons que des produits originaux et authentiques, nous refusons la contrefa\u00e7on.<\/li>\r\n<li>100% Garantie de livraison : Nous utilisons les meilleurs moyens de transport pour assurer la livraison de votre commande 100%.<\/li>\r\n<li>Nous vous communiquerons le num\u00e9ro de suivi et l'\u00e9tiquette d'exp\u00e9dition apr\u00e8s l'envoi, et nous suivrons les marchandises pour vous jusqu'\u00e0 ce que vous les signiez.<\/li>\r\n<li>Pas de probl\u00e8mes douaniers, pas de droits de douane<\/li>\r\n<\/ul>","protected":false},"excerpt":{"rendered":"<div class=\"wsppc_div_block woocommerce_before_add_to_cart_form\">\r\n<p><strong><span style=\"color: #00a859;\">Passer la douane<\/span> avant livraison &amp; 100% Garantie de livraison, Livraison en 19~25 jours environ.\u00a0<\/strong><\/p>\r\n<\/div>","protected":false},"featured_media":12645,"comment_status":"open","ping_status":"closed","template":"","meta":[],"pwb-brand":[1270],"product_cat":[870],"product_tag":[22,24,180,244,336],"class_list":{"0":"post-5460","1":"product","2":"type-product","3":"status-publish","4":"has-post-thumbnail","6":"pwb-brand-randm","7":"product_cat-8000-10000-puffs","8":"product_tag-disposable","9":"product_tag-wholesale","10":"product_tag-randm-tornado","11":"product_tag-18-0ml","12":"product_tag-9000-puffs","13":"wcpa_has_options","15":"first","16":"outofstock","17":"featured","18":"shipping-taxable","19":"purchasable","20":"product-type-variable"},"aioseo_notices":[],"brands":[{"id":1270,"name":"Randm","slug":"randm"}],"_links":{"self":[{"href":"https:\/\/www.vape4wholesale.com\/fr\/wp-json\/wp\/v2\/product\/5460","targetHints":{"allow":["GET"]}}],"collection":[{"href":"https:\/\/www.vape4wholesale.com\/fr\/wp-json\/wp\/v2\/product"}],"about":[{"href":"https:\/\/www.vape4wholesale.com\/fr\/wp-json\/wp\/v2\/types\/product"}],"replies":[{"embeddable":true,"href":"https:\/\/www.vape4wholesale.com\/fr\/wp-json\/wp\/v2\/comments?post=5460"}],"wp:featuredmedia":[{"embeddable":true,"href":"https:\/\/www.vape4wholesale.com\/fr\/wp-json\/wp\/v2\/media\/12645"}],"wp:attachment":[{"href":"https:\/\/www.vape4wholesale.com\/fr\/wp-json\/wp\/v2\/media?parent=5460"}],"wp:term":[{"taxonomy":"pwb-brand","embeddable":true,"href":"https:\/\/www.vape4wholesale.com\/fr\/wp-json\/wp\/v2\/pwb-brand?post=5460"},{"taxonomy":"product_cat","embeddable":true,"href":"https:\/\/www.vape4wholesale.com\/fr\/wp-json\/wp\/v2\/product_cat?post=5460"},{"taxonomy":"product_tag","embeddable":true,"href":"https:\/\/www.vape4wholesale.com\/fr\/wp-json\/wp\/v2\/product_tag?post=5460"}],"curies":[{"name":"wp","href":"https:\/\/api.w.org\/{rel}","templated":true}]}}