{"id":4681,"date":"2021-05-21T14:04:07","date_gmt":"2021-05-21T06:04:07","guid":{"rendered":"https:\/\/www.vape4wholesale.com\/?post_type=product&#038;p=4681"},"modified":"2026-01-26T13:43:56","modified_gmt":"2026-01-26T13:43:56","slug":"elf-bar-3600-jetable-vape-wholesale","status":"publish","type":"product","link":"https:\/\/www.vape4wholesale.com\/fr\/product\/elf-bar-3600-disposable-vape-wholesale","title":{"rendered":"Elf Bar 3600 Disposable Vape Wholesale"},"content":{"rendered":"<p>les <strong><a href=\"https:\/\/www.vape4wholesale.com\/fr\/marque_du_produit\/bar-des-elfes\/\">Elf Bar<\/a> 3600 Vape jetable<\/strong> est livr\u00e9 avec une batterie rechargeable de 650mAh avec un c\u00e2ble de charge rapide Type-C et 10,6ml pr\u00e9-rempli. En raison de la capacit\u00e9 de l'e-liquide king size, l'Elf bar 3600 peut apporter environ 3600 grandes bouff\u00e9es. L'Elf bar 3600 est un appareil \u00e0 dosette jetable au design fantaisiste avec des couleurs d\u00e9grad\u00e9es \u00e0 choisir tous les jours. De plus, l'Elf bar 3600 Disposable Pod Device adopte une double bobine avanc\u00e9e pour apporter le flux d'air le plus doux et un go\u00fbt brillant. Il vous suffit d'acheter l'Elf bar 3600 Disposable Pod Device et de profiter d'une saveur \u00e9tonnante.<\/p>\n<h2><strong>Elf Bar 3600 Param\u00e8tres de Vape jetables<\/strong><\/h2>\n<ul>\n<li>Taille : \u03c625x112mm<\/li>\n<li>Capacit\u00e9 E-liquide : 10.6ml<\/li>\n<li>Taux de nicotine : 20mg (2%)<\/li>\n<li>Capacit\u00e9 de la batterie : 650mAh<\/li>\n<li>Bouff\u00e9es : 3600 bouff\u00e9es<\/li>\n<\/ul>\n<h2><strong>Caract\u00e9ristiques<\/strong><\/h2>\n<p>Batterie rechargeable de 650mAh et jus pr\u00e9-rempli de 10,6ml<br \/>\nUn go\u00fbt doux issu de la nature<br \/>\nConception rechargeable de type C pour un vapotage de longue dur\u00e9e<br \/>\nDual Coil avanc\u00e9 pour un flux d'air plus doux et un go\u00fbt \u00e9clatant<br \/>\nDesign fantaisiste avec des couleurs d\u00e9grad\u00e9es<\/p>\n<h2><strong>Paquet\/poids<\/strong><\/h2>\n<ul>\n<li>1pc\/ paquet, 10 paquets\/ bo\u00eete<\/li>\n<li>400\/carton, poids : 28kg<\/li>\n<\/ul>\n<h2><strong>Elf Bar 3600 Saveurs<\/strong><\/h2>\n<div class=\"vi-wpvs-option-wrap vi-wpvs-option-wrap-default\" data-attribute_label=\"Banana Ice\" data-attribute_value=\"banana-ice-2\">\n<div class=\"vi-wpvs-option-wrap vi-wpvs-option-wrap-selected\" data-attribute_label=\"Banana Milk\" data-attribute_value=\"banana-milk\">\n<div class=\"vi-wpvs-option-wrap vi-wpvs-option-wrap-selected\" data-attribute_label=\"Banana Milk\" data-attribute_value=\"banana-milk\"><span class=\"vi-wpvs-option vi-wpvs-option-button\">Lait de banane<\/span><\/div>\n<div class=\"vi-wpvs-option-wrap vi-wpvs-option-wrap-default\" data-attribute_label=\"Berry Peach\" data-attribute_value=\"berry-peach\"><span class=\"vi-wpvs-option vi-wpvs-option-button\">P\u00eache aux baies<\/span><\/div>\n<div class=\"vi-wpvs-option-wrap vi-wpvs-option-wrap-default\" data-attribute_label=\"Blue Razz Lemonade\" data-attribute_value=\"blue-razz-lemonade\"><span class=\"vi-wpvs-option vi-wpvs-option-button\">Limonade Blue Razz<\/span><\/div>\n<div class=\"vi-wpvs-option-wrap vi-wpvs-option-wrap-default\" data-attribute_label=\"Jelly Bear\" data-attribute_value=\"jelly-bear\"><span class=\"vi-wpvs-option vi-wpvs-option-button\">Ours en gel\u00e9e<\/span><\/div>\n<div class=\"vi-wpvs-option-wrap vi-wpvs-option-wrap-default\" data-attribute_label=\"Kiwi Passion Fruit Guava\" data-attribute_value=\"kiwi-passion-fruit-guava\"><span class=\"vi-wpvs-option vi-wpvs-option-button\">Kiwi Fruit de la passion Goyave<\/span><\/div>\n<div class=\"vi-wpvs-option-wrap vi-wpvs-option-wrap-default\" data-attribute_label=\"Mango Peach Watermelon\" data-attribute_value=\"mango-peach-watermelon\"><span class=\"vi-wpvs-option vi-wpvs-option-button\">Mangue P\u00eache Past\u00e8que<\/span><\/div>\n<div class=\"vi-wpvs-option-wrap vi-wpvs-option-wrap-default\" data-attribute_label=\"Peach Mango Guava\" data-attribute_value=\"peach-mango-guava\"><span class=\"vi-wpvs-option vi-wpvs-option-button\">P\u00eache Mangue Goyave<\/span><\/div>\n<div class=\"vi-wpvs-option-wrap vi-wpvs-option-wrap-default\" data-attribute_label=\"Pineapple Mango Orange\" data-attribute_value=\"pineapple-mango-orange\"><span class=\"vi-wpvs-option vi-wpvs-option-button\">Ananas Mangue Orange<\/span><\/div>\n<div class=\"vi-wpvs-option-wrap vi-wpvs-option-wrap-default\" data-attribute_label=\"Russian Cream\" data-attribute_value=\"russian-cream\"><span class=\"vi-wpvs-option vi-wpvs-option-button\">Cr\u00e8me russe<\/span><\/div>\n<div class=\"vi-wpvs-option-wrap vi-wpvs-option-wrap-default\" data-attribute_label=\"Sour Apple\" data-attribute_value=\"sour-apple\"><span class=\"vi-wpvs-option vi-wpvs-option-button\">Pomme acide<\/span><\/div>\n<div class=\"vi-wpvs-option-wrap vi-wpvs-option-wrap-default\" data-attribute_label=\"Strawberry Kiwi\" data-attribute_value=\"strawberry-kiwi\"><span class=\"vi-wpvs-option vi-wpvs-option-button\">Fraise Kiwi<\/span><\/div>\n<div class=\"vi-wpvs-option-wrap vi-wpvs-option-wrap-default\" data-attribute_label=\"Watermelon Lemon\" data-attribute_value=\"watermelon-lemon\"><span class=\"vi-wpvs-option vi-wpvs-option-button\">Past\u00e8que Citron<\/span><\/div>\n<\/div>\n<\/div>\n<div data-attribute_label=\"Watermelon Lemon\" data-attribute_value=\"watermelon-lemon\"><\/div>\n<div data-attribute_label=\"Watermelon Lemon\" data-attribute_value=\"watermelon-lemon\">\u00a0 \u00a0\u00a0\u00a0<img loading=\"lazy\" decoding=\"async\" class=\"size-full wp-image-13537 aligncenter\" title=\"ELF BAR 3600 Vape jetable Vente en gros 25\" src=\"https:\/\/www.vape4wholesale.com\/wp-content\/uploads\/2021\/05\/ELF-BAR-3600-Disposable-Vape-Wholesale-25.jpg\" alt=\"ELF BAR 3600 Vape jetable Vente en gros 25\" width=\"1000\" height=\"1000\" srcset=\"https:\/\/www.vape4wholesale.com\/wp-content\/uploads\/2021\/05\/ELF-BAR-3600-Disposable-Vape-Wholesale-25.jpg 1000w, https:\/\/www.vape4wholesale.com\/wp-content\/uploads\/2021\/05\/ELF-BAR-3600-Disposable-Vape-Wholesale-25-247x247.jpg 247w, https:\/\/www.vape4wholesale.com\/wp-content\/uploads\/2021\/05\/ELF-BAR-3600-Disposable-Vape-Wholesale-25-100x100.jpg 100w, https:\/\/www.vape4wholesale.com\/wp-content\/uploads\/2021\/05\/ELF-BAR-3600-Disposable-Vape-Wholesale-25-510x510.jpg 510w, https:\/\/www.vape4wholesale.com\/wp-content\/uploads\/2021\/05\/ELF-BAR-3600-Disposable-Vape-Wholesale-25-64x64.jpg 64w, https:\/\/www.vape4wholesale.com\/wp-content\/uploads\/2021\/05\/ELF-BAR-3600-Disposable-Vape-Wholesale-25-300x300.jpg 300w, https:\/\/www.vape4wholesale.com\/wp-content\/uploads\/2021\/05\/ELF-BAR-3600-Disposable-Vape-Wholesale-25-150x150.jpg 150w, https:\/\/www.vape4wholesale.com\/wp-content\/uploads\/2021\/05\/ELF-BAR-3600-Disposable-Vape-Wholesale-25-768x768.jpg 768w\" sizes=\"auto, (max-width: 1000px) 100vw, 1000px\" \/><\/div>\n<div data-attribute_label=\"Watermelon Lemon\" data-attribute_value=\"watermelon-lemon\"><h2>POURQUOI NOUS ?<\/h2>\r\n<ul>\r\n<li>Une source de vape r\u00e9elle, digne de confiance et professionnelle.<\/li>\r\n<li>100% Garantie d'authenticit\u00e9 : Nous ne fournissons que des produits originaux et authentiques, nous refusons la contrefa\u00e7on.<\/li>\r\n<li>100% Garantie de livraison : Nous utilisons les meilleurs moyens de transport pour assurer la livraison de votre commande 100%.<\/li>\r\n<li>Nous vous communiquerons le num\u00e9ro de suivi et l'\u00e9tiquette d'exp\u00e9dition apr\u00e8s l'envoi, et nous suivrons les marchandises pour vous jusqu'\u00e0 ce que vous les signiez.<\/li>\r\n<li>Pas de probl\u00e8mes douaniers, pas de droits de douane<\/li>\r\n<\/ul><\/div>","protected":false},"excerpt":{"rendered":"<div class=\"wsppc_div_block woocommerce_before_add_to_cart_form\">\r\n<p><strong><span style=\"color: #00a859;\">Passer la douane<\/span> avant livraison &amp; 100% Garantie de livraison, Livraison en 19~25 jours environ.\u00a0<\/strong><\/p>\r\n<\/div>\n<p>100% Original Elf Bar avec QR Code<\/p>","protected":false},"featured_media":13524,"comment_status":"open","ping_status":"closed","template":"","meta":[],"pwb-brand":[1278],"product_cat":[85],"product_tag":[22,24,60,78,158],"class_list":{"0":"post-4681","1":"product","2":"type-product","3":"status-publish","4":"has-post-thumbnail","6":"pwb-brand-elf-bar","7":"product_cat-3000-4000-puffs","8":"product_tag-disposable","9":"product_tag-wholesale","10":"product_tag-elf-bar","11":"product_tag-10-8ml","12":"product_tag-3600-puffs","14":"first","15":"instock","16":"shipping-taxable","17":"purchasable","18":"product-type-variable"},"aioseo_notices":[],"brands":[{"id":1278,"name":"Bar \u00e0 elfes","slug":"bar-des-elfes"}],"_links":{"self":[{"href":"https:\/\/www.vape4wholesale.com\/fr\/wp-json\/wp\/v2\/product\/4681","targetHints":{"allow":["GET"]}}],"collection":[{"href":"https:\/\/www.vape4wholesale.com\/fr\/wp-json\/wp\/v2\/product"}],"about":[{"href":"https:\/\/www.vape4wholesale.com\/fr\/wp-json\/wp\/v2\/types\/product"}],"replies":[{"embeddable":true,"href":"https:\/\/www.vape4wholesale.com\/fr\/wp-json\/wp\/v2\/comments?post=4681"}],"wp:featuredmedia":[{"embeddable":true,"href":"https:\/\/www.vape4wholesale.com\/fr\/wp-json\/wp\/v2\/media\/13524"}],"wp:attachment":[{"href":"https:\/\/www.vape4wholesale.com\/fr\/wp-json\/wp\/v2\/media?parent=4681"}],"wp:term":[{"taxonomy":"pwb-brand","embeddable":true,"href":"https:\/\/www.vape4wholesale.com\/fr\/wp-json\/wp\/v2\/pwb-brand?post=4681"},{"taxonomy":"product_cat","embeddable":true,"href":"https:\/\/www.vape4wholesale.com\/fr\/wp-json\/wp\/v2\/product_cat?post=4681"},{"taxonomy":"product_tag","embeddable":true,"href":"https:\/\/www.vape4wholesale.com\/fr\/wp-json\/wp\/v2\/product_tag?post=4681"}],"curies":[{"name":"wp","href":"https:\/\/api.w.org\/{rel}","templated":true}]}}