{"id":4537,"date":"2021-05-21T11:32:47","date_gmt":"2021-05-21T03:32:47","guid":{"rendered":"https:\/\/www.vape4wholesale.com\/?post_type=product&#038;p=4537"},"modified":"2026-01-26T13:43:58","modified_gmt":"2026-01-26T13:43:58","slug":"elf-bar-lux-800-puffs-jetable-vape-wholesale","status":"publish","type":"product","link":"https:\/\/www.vape4wholesale.com\/fr\/product\/elf-bar-lux-800-puffs-disposable-vape-wholesale","title":{"rendered":"Elf Bar Lux 800 Puffs Vape jetable Wholesale"},"content":{"rendered":"<p>les <strong><a href=\"https:\/\/www.vape4wholesale.com\/fr\/marque_du_produit\/bar-des-elfes\/\">Elf Bar<\/a> Lux 800 Vape<\/strong> Compos\u00e9 d'une batterie de 550mAh et d'un pod pr\u00e9-rempli de 3.2ml, il supporte un maximum de 800 bouff\u00e9es. Le flux d'air pr\u00e9cis fonctionne bien avec un voltage parfait pour vous fournir une saveur d\u00e9cente. Avec un taux de nicotine de 5% et une activation rapide du tirage, cette Elf Bar Lux 800 est un choix d\u00e9cent pour votre vapotage quotidien.<\/p>\n<h2><strong>Elf Bar Lux 800 bouff\u00e9es Param\u00e8tres de Vape jetables<\/strong><\/h2>\n<ul>\n<li>Taille : 16 x 104 mm<\/li>\n<li>Capacit\u00e9 de l'e-juice : 3.2ml<\/li>\n<li>Teneur en nicotine : 5%, 2% SE<\/li>\n<li>Batterie : 550mAh<\/li>\n<li>Puffs : 800 Puffs<\/li>\n<\/ul>\n<h2><strong>Elf Bar Lux 800 Caract\u00e9ristiques<\/strong><\/h2>\n<p>\u00c9l\u00e9gant syst\u00e8me de dosettes jetables pr\u00e9-remplies avec un corps mince<br \/>\nConception compacte et format de poche pour un transport facile<br \/>\nDiff\u00e9rents e-juices savoureux pour une saveur excellente<br \/>\nBatterie int\u00e9gr\u00e9e de 550mAh pour 800 Puffs<br \/>\nPod pr\u00e9-rempli de 3,2 ml avec bobine int\u00e9gr\u00e9e<\/p>\n<h2><strong>Paquet\/poids<\/strong><\/h2>\n<ul>\n<li>1pc\/ paquet, 10 paquets\/ bo\u00eete<\/li>\n<li>400\/ Carton, Poids : 17kg<\/li>\n<\/ul>\n<h2><strong>Saveurs<\/strong><\/h2>\n<div class=\"vi-wpvs-option-wrap vi-wpvs-option-wrap-default\" data-attribute_label=\"Banana Ice\" data-attribute_value=\"banana-ice-2\"><span class=\"vi-wpvs-option vi-wpvs-option-button\">Banane glac\u00e9e<\/span><\/div>\n<div class=\"vi-wpvs-option-wrap vi-wpvs-option-wrap-default\" data-attribute_label=\"Banana Milk\" data-attribute_value=\"banana-milk\"><span class=\"vi-wpvs-option vi-wpvs-option-button\">Lait de banane<\/span><\/div>\n<div class=\"vi-wpvs-option-wrap vi-wpvs-option-wrap-default\" data-attribute_label=\"Blueberry\" data-attribute_value=\"blueberry\"><span class=\"vi-wpvs-option vi-wpvs-option-button\">Myrtille<\/span><\/div>\n<div class=\"vi-wpvs-option-wrap vi-wpvs-option-wrap-default\" data-attribute_label=\"Coffee Tobacco\" data-attribute_value=\"coffee-tobacco\"><span class=\"vi-wpvs-option vi-wpvs-option-button\">Caf\u00e9 Tabac<\/span><\/div>\n<div class=\"vi-wpvs-option-wrap vi-wpvs-option-wrap-default\" data-attribute_label=\"Grape\" data-attribute_value=\"grape\"><span class=\"vi-wpvs-option vi-wpvs-option-button\">Raisin<\/span><\/div>\n<div class=\"vi-wpvs-option-wrap vi-wpvs-option-wrap-default\" data-attribute_label=\"Grapes Energy\" data-attribute_value=\"grapes-energy\"><span class=\"vi-wpvs-option vi-wpvs-option-button\">Raisins \u00c9nergie<\/span><\/div>\n<div class=\"vi-wpvs-option-wrap vi-wpvs-option-wrap-default\" data-attribute_label=\"Kiwi Passion Fruit Guava\" data-attribute_value=\"kiwi-passion-fruit-guava\"><span class=\"vi-wpvs-option vi-wpvs-option-button\">Kiwi Fruit de la passion Goyave<\/span><\/div>\n<div class=\"vi-wpvs-option-wrap vi-wpvs-option-wrap-default\" data-attribute_label=\"Mango\" data-attribute_value=\"mango\"><span class=\"vi-wpvs-option vi-wpvs-option-button\">Mangue<\/span><\/div>\n<div class=\"vi-wpvs-option-wrap vi-wpvs-option-wrap-default\" data-attribute_label=\"Mango Peach Watermelon\" data-attribute_value=\"mango-peach-watermelon\"><span class=\"vi-wpvs-option vi-wpvs-option-button\">Mangue P\u00eache Past\u00e8que<\/span><\/div>\n<div class=\"vi-wpvs-option-wrap vi-wpvs-option-wrap-default\" data-attribute_label=\"Peach Ice\" data-attribute_value=\"peach-ice-2\"><span class=\"vi-wpvs-option vi-wpvs-option-button\">Glace \u00e0 la p\u00eache<\/span><\/div>\n<div class=\"vi-wpvs-option-wrap vi-wpvs-option-wrap-default\" data-attribute_label=\"Peach Mango Guava\" data-attribute_value=\"peach-mango-guava\"><span class=\"vi-wpvs-option vi-wpvs-option-button\">P\u00eache Mangue Goyave<\/span><\/div>\n<div class=\"vi-wpvs-option-wrap vi-wpvs-option-wrap-default\" data-attribute_label=\"Pink Lemonade\" data-attribute_value=\"pink-lemonade\"><span class=\"vi-wpvs-option vi-wpvs-option-button\">Limonade rose<\/span><\/div>\n<div class=\"vi-wpvs-option-wrap vi-wpvs-option-wrap-selected\" data-attribute_label=\"Sour Apple\" data-attribute_value=\"sour-apple\"><span class=\"vi-wpvs-option vi-wpvs-option-button\">Pomme acide<\/span><\/div>\n<div class=\"vi-wpvs-option-wrap vi-wpvs-option-wrap-default\" data-attribute_label=\"Strawberry Banana\" data-attribute_value=\"strawberry-banana\"><span class=\"vi-wpvs-option vi-wpvs-option-button\">Fraise et banane<\/span><\/div>\n<div class=\"vi-wpvs-option-wrap vi-wpvs-option-wrap-default\" data-attribute_label=\"strawberry energy\" data-attribute_value=\"strawberry-energy\"><span class=\"vi-wpvs-option vi-wpvs-option-button\">\u00e9nergie \u00e0 la fraise<\/span><\/div>\n<div class=\"vi-wpvs-option-wrap vi-wpvs-option-wrap-default\" data-attribute_label=\"Strawberry Grape\" data-attribute_value=\"strawberry-grape\"><span class=\"vi-wpvs-option vi-wpvs-option-button\">Fraise Raisin<\/span><\/div>\n<div class=\"vi-wpvs-option-wrap vi-wpvs-option-wrap-default\" data-attribute_label=\"Strawberry Ice\" data-attribute_value=\"strawberry-ice-2\"><span class=\"vi-wpvs-option vi-wpvs-option-button\">Glace \u00e0 la fraise<\/span><\/div>\n<div class=\"vi-wpvs-option-wrap vi-wpvs-option-wrap-hover\" data-attribute_label=\"Watermelon\" data-attribute_value=\"watermelon\"><span class=\"vi-wpvs-option vi-wpvs-option-button\">Past\u00e8que<\/span><\/div>\n<div data-attribute_label=\"Watermelon\" data-attribute_value=\"watermelon\"><\/div>","protected":false},"excerpt":{"rendered":"<div class=\"wsppc_div_block woocommerce_before_add_to_cart_form\">\r\n<p><strong><span style=\"color: #00a859;\">Passer la douane<\/span> avant livraison &amp; 100% Garantie de livraison, Livraison en 19~25 jours environ.\u00a0<\/strong><\/p>\r\n<\/div>\n<p>100% Original Elf Bar avec QR Code<\/p>","protected":false},"featured_media":26794,"comment_status":"open","ping_status":"closed","template":"","meta":[],"pwb-brand":[1278],"product_cat":[48],"product_tag":[60,87,90,22,24],"class_list":{"0":"post-4537","1":"product","2":"type-product","3":"status-publish","4":"has-post-thumbnail","6":"pwb-brand-elf-bar","7":"product_cat-below-2000-puffs","8":"product_tag-elf-bar","9":"product_tag-3-2ml","10":"product_tag-800-puffs","11":"product_tag-disposable","12":"product_tag-wholesale","14":"first","15":"instock","16":"shipping-taxable","17":"purchasable","18":"product-type-variable"},"aioseo_notices":[],"brands":[{"id":1278,"name":"Bar \u00e0 elfes","slug":"bar-des-elfes"}],"_links":{"self":[{"href":"https:\/\/www.vape4wholesale.com\/fr\/wp-json\/wp\/v2\/product\/4537","targetHints":{"allow":["GET"]}}],"collection":[{"href":"https:\/\/www.vape4wholesale.com\/fr\/wp-json\/wp\/v2\/product"}],"about":[{"href":"https:\/\/www.vape4wholesale.com\/fr\/wp-json\/wp\/v2\/types\/product"}],"replies":[{"embeddable":true,"href":"https:\/\/www.vape4wholesale.com\/fr\/wp-json\/wp\/v2\/comments?post=4537"}],"wp:featuredmedia":[{"embeddable":true,"href":"https:\/\/www.vape4wholesale.com\/fr\/wp-json\/wp\/v2\/media\/26794"}],"wp:attachment":[{"href":"https:\/\/www.vape4wholesale.com\/fr\/wp-json\/wp\/v2\/media?parent=4537"}],"wp:term":[{"taxonomy":"pwb-brand","embeddable":true,"href":"https:\/\/www.vape4wholesale.com\/fr\/wp-json\/wp\/v2\/pwb-brand?post=4537"},{"taxonomy":"product_cat","embeddable":true,"href":"https:\/\/www.vape4wholesale.com\/fr\/wp-json\/wp\/v2\/product_cat?post=4537"},{"taxonomy":"product_tag","embeddable":true,"href":"https:\/\/www.vape4wholesale.com\/fr\/wp-json\/wp\/v2\/product_tag?post=4537"}],"curies":[{"name":"wp","href":"https:\/\/api.w.org\/{rel}","templated":true}]}}