{"id":3519,"date":"2021-05-18T21:03:19","date_gmt":"2021-05-18T13:03:19","guid":{"rendered":"https:\/\/www.vape4wholesale.com\/?post_type=product&#038;p=3519"},"modified":"2026-01-26T13:44:02","modified_gmt":"2026-01-26T13:44:02","slug":"elf-bar-2500-jetable-vape-wholesale","status":"publish","type":"product","link":"https:\/\/www.vape4wholesale.com\/fr\/product\/elf-bar-2500-disposable-vape-wholesale","title":{"rendered":"Elf Bar 2500 Disposable Vape Wholesale"},"content":{"rendered":"<p><a href=\"https:\/\/www.vape4wholesale.com\/fr\/marque_du_produit\/bar-des-elfes\/\">Elf Bar<\/a> 2500 Vape jetable est livr\u00e9 avec une batterie de 1400mAh et 8 ml d'e-juice avec diff\u00e9rents ar\u00f4mes. Il contient 5% ou 2% salt nic, supporte jusqu'\u00e0 2500 bouff\u00e9es.<\/p>\n<p><span class=\"src\" data-group=\"0-0\">Il peut fournir une puissance stable et un go\u00fbt riche \u00e0 chaque bouff\u00e9e.<\/span><span class=\"src\" data-group=\"0-1\">\u00a0vous offre l'exp\u00e9rience la plus douce et la plus riche d'une e-cigarette jetable.<\/span><\/p>\n<h2>Elf Bar 2500 Disposable Vape Quick Detail<\/h2>\n<p>Taille : 108 x 23 mm<br \/>\nCapacit\u00e9 E-liquide : 8ml<br \/>\nTeneur en nicotine : 5%\/2%\/2%SE<br \/>\nCapacit\u00e9 de la batterie : 1400mAh<br \/>\nPuffs : 2500 Puffs<\/p>\n<h2>Avantages<\/h2>\n<p>La structure verticale \u00e0 double bobine garantit la puret\u00e9 de l'ar\u00f4me.<br \/>\nPlus grande capacit\u00e9 de batterie et plus grande capacit\u00e9 d'e-liquide<br \/>\nD\u00e9grad\u00e9s \u00e9l\u00e9gants et toucher doux<br \/>\nDes saveurs plus fructueuses pour r\u00e9pondre \u00e0 des besoins diff\u00e9rents<\/p>\n<h2>Saveurs<\/h2>\n<p>Lait de banane<br \/>\nLimonade Blue Razz<br \/>\nP\u00eache juteuse<br \/>\nLimonade rose<br \/>\nGlace \u00e0 la fraise<br \/>\nPomme acide<br \/>\nMelon \u00e0 la noix de coco<br \/>\nP\u00eache Mangue Goyave<br \/>\nMangue P\u00eache Past\u00e8que<br \/>\nL'\u00e9nergie du raisin<\/p>\n<p><img loading=\"lazy\" decoding=\"async\" class=\"alignnone size-full wp-image-26795\" title=\"Elf Bar 2500 Vape jetable en gros emball\u00e9 (16)\" src=\"https:\/\/www.vape4wholesale.com\/wp-content\/uploads\/2021\/05\/Elf-Bar-2500-Disposable-Vape-Wholesale_Packed-16-1.jpg\" alt=\"Elf Bar 2500 Vape jetable en gros emball\u00e9 (16)\" width=\"600\" height=\"600\" srcset=\"https:\/\/www.vape4wholesale.com\/wp-content\/uploads\/2021\/05\/Elf-Bar-2500-Disposable-Vape-Wholesale_Packed-16-1.jpg 600w, https:\/\/www.vape4wholesale.com\/wp-content\/uploads\/2021\/05\/Elf-Bar-2500-Disposable-Vape-Wholesale_Packed-16-1-300x300.jpg 300w, https:\/\/www.vape4wholesale.com\/wp-content\/uploads\/2021\/05\/Elf-Bar-2500-Disposable-Vape-Wholesale_Packed-16-1-150x150.jpg 150w, https:\/\/www.vape4wholesale.com\/wp-content\/uploads\/2021\/05\/Elf-Bar-2500-Disposable-Vape-Wholesale_Packed-16-1-12x12.jpg 12w, https:\/\/www.vape4wholesale.com\/wp-content\/uploads\/2021\/05\/Elf-Bar-2500-Disposable-Vape-Wholesale_Packed-16-1-247x247.jpg 247w, https:\/\/www.vape4wholesale.com\/wp-content\/uploads\/2021\/05\/Elf-Bar-2500-Disposable-Vape-Wholesale_Packed-16-1-510x510.jpg 510w, https:\/\/www.vape4wholesale.com\/wp-content\/uploads\/2021\/05\/Elf-Bar-2500-Disposable-Vape-Wholesale_Packed-16-1-100x100.jpg 100w\" sizes=\"auto, (max-width: 600px) 100vw, 600px\" \/><\/p>","protected":false},"excerpt":{"rendered":"<div class=\"wsppc_div_block woocommerce_before_add_to_cart_form\">\r\n<p><strong><span style=\"color: #00a859;\">Passer la douane<\/span> avant livraison &amp; 100% Garantie de livraison, Livraison en 19~25 jours environ.\u00a0<\/strong><\/p>\r\n<\/div>","protected":false},"featured_media":26795,"comment_status":"open","ping_status":"closed","template":"","meta":[],"pwb-brand":[1278],"product_cat":[25],"product_tag":[60,70,22,24,27],"class_list":{"0":"post-3519","1":"product","2":"type-product","3":"status-publish","4":"has-post-thumbnail","6":"pwb-brand-elf-bar","7":"product_cat-2000-3000-puffs","8":"product_tag-elf-bar","9":"product_tag-8-0ml","10":"product_tag-disposable","11":"product_tag-wholesale","12":"product_tag-2500-puffs","14":"first","15":"instock","16":"shipping-taxable","17":"purchasable","18":"product-type-variable"},"aioseo_notices":[],"brands":[{"id":1278,"name":"Bar \u00e0 elfes","slug":"bar-des-elfes"}],"_links":{"self":[{"href":"https:\/\/www.vape4wholesale.com\/fr\/wp-json\/wp\/v2\/product\/3519","targetHints":{"allow":["GET"]}}],"collection":[{"href":"https:\/\/www.vape4wholesale.com\/fr\/wp-json\/wp\/v2\/product"}],"about":[{"href":"https:\/\/www.vape4wholesale.com\/fr\/wp-json\/wp\/v2\/types\/product"}],"replies":[{"embeddable":true,"href":"https:\/\/www.vape4wholesale.com\/fr\/wp-json\/wp\/v2\/comments?post=3519"}],"wp:featuredmedia":[{"embeddable":true,"href":"https:\/\/www.vape4wholesale.com\/fr\/wp-json\/wp\/v2\/media\/26795"}],"wp:attachment":[{"href":"https:\/\/www.vape4wholesale.com\/fr\/wp-json\/wp\/v2\/media?parent=3519"}],"wp:term":[{"taxonomy":"pwb-brand","embeddable":true,"href":"https:\/\/www.vape4wholesale.com\/fr\/wp-json\/wp\/v2\/pwb-brand?post=3519"},{"taxonomy":"product_cat","embeddable":true,"href":"https:\/\/www.vape4wholesale.com\/fr\/wp-json\/wp\/v2\/product_cat?post=3519"},{"taxonomy":"product_tag","embeddable":true,"href":"https:\/\/www.vape4wholesale.com\/fr\/wp-json\/wp\/v2\/product_tag?post=3519"}],"curies":[{"name":"wp","href":"https:\/\/api.w.org\/{rel}","templated":true}]}}