{"id":30010,"date":"2026-03-27T23:07:19","date_gmt":"2026-03-27T15:07:19","guid":{"rendered":"https:\/\/www.vape4wholesale.com\/?post_type=product&#038;p=30010"},"modified":"2026-03-28T08:52:11","modified_gmt":"2026-03-28T00:52:11","slug":"fumot-digital-box-12000-12k-europe-warehouse","status":"publish","type":"product","link":"https:\/\/www.vape4wholesale.com\/fr\/product\/fumot-digital-box-12000-12k-europe-warehouse","title":{"rendered":"Fumot Digital Box 12000 (12K) Europe Warehouse"},"content":{"rendered":"<p>La Fumot Digital Box 12000 est une vape jetable rechargeable de grande capacit\u00e9, con\u00e7ue pour une utilisation prolong\u00e9e et des performances constantes. Pr\u00e9-remplie de 20 ml d'e-liquide, elle d\u00e9livre jusqu'\u00e0 12 000 bouff\u00e9es dans des conditions de test et est disponible en quatre taux de nicotine-0%, 2%, 3% et 5% pour r\u00e9pondre \u00e0 un large \u00e9ventail de pr\u00e9f\u00e9rences.<\/p>\n<p>Dot\u00e9 d'un \u00e9cran LED vibrant, l'appareil fournit des informations en temps r\u00e9el \u00e0 la fois sur le niveau de la batterie et l'\u00e9tat de l'e-liquide, garantissant que les utilisateurs restent inform\u00e9s en un coup d'\u0153il. La technologie mesh coil de 0,8\u03a9 garantit une chauffe homog\u00e8ne et une diffusion riche en saveurs, tandis que la batterie rechargeable int\u00e9gr\u00e9e de 550mAh et le port de charge moderne Type-C permettent une recharge rapide et sans tracas. Avec une s\u00e9lection vari\u00e9e de 56 saveurs - des m\u00e9langes de fruits et des options menthol\u00e9es aux vari\u00e9t\u00e9s inspir\u00e9es des boissons et du tabac - la Digital Box 12000 associe une technologie de pointe \u00e0 un design ax\u00e9 sur l'utilisateur pour une exp\u00e9rience de vapotage haut de gamme.<\/p>\n<p>En outre, nous fournissons ce produit \u00e0 partir de notre entrep\u00f4t europ\u00e9en, ce qui garantit une livraison rapide et fiable dans la plupart des pays europ\u00e9ens dans un d\u00e9lai d'environ une semaine \u00e0 10 jours.<\/p>\n<h2><strong>Caract\u00e9ristiques techniques de la Fumot Digital Box 12000<\/strong><\/h2>\n<div class=\"ds-scroll-area ds-scroll-area--show-on-focus-within _1210dd7 c03cafe9\">\n<div class=\"ds-scroll-area__gutters\">\n<div class=\"ds-scroll-area__vertical-gutter\"><\/div>\n<\/div>\n<table>\n<thead>\n<tr>\n<th>Param\u00e8tres<\/th>\n<th>Sp\u00e9cifications<\/th>\n<\/tr>\n<\/thead>\n<tbody>\n<tr>\n<td><strong>Capacit\u00e9 en e-liquide<\/strong><\/td>\n<td>20ml<\/td>\n<\/tr>\n<tr>\n<td><strong>Nombre de bouff\u00e9es<\/strong><\/td>\n<td>Jusqu'\u00e0 12 000 bouff\u00e9es (dans des conditions d'essai)<\/td>\n<\/tr>\n<tr>\n<td><strong>Options d'intensit\u00e9 de la nicotine<\/strong><\/td>\n<td>0%, 2%, 3%, 5%<\/td>\n<\/tr>\n<tr>\n<td><strong>Capacit\u00e9 de la batterie<\/strong><\/td>\n<td>550mAh (batterie rechargeable int\u00e9gr\u00e9e)<\/td>\n<\/tr>\n<tr>\n<td><strong>Port de charge<\/strong><\/td>\n<td>Type-C<\/td>\n<\/tr>\n<tr>\n<td><strong>Type de bobine<\/strong><\/td>\n<td>Bobine de maille<\/td>\n<\/tr>\n<tr>\n<td><strong>R\u00e9sistance de la bobine<\/strong><\/td>\n<td>0.8\u03a9<\/td>\n<\/tr>\n<tr>\n<td><strong>Affichage<\/strong><\/td>\n<td>Affichage LED (indique le niveau de la batterie et le niveau d'e-liquide)<\/td>\n<\/tr>\n<tr>\n<td><strong>Options de saveur<\/strong><\/td>\n<td>56 saveurs<\/td>\n<\/tr>\n<tr>\n<td><strong>Rechargeable<\/strong><\/td>\n<td>Oui<\/td>\n<\/tr>\n<\/tbody>\n<\/table>\n<p>&nbsp;<\/p>\n<h2><strong>Saveurs disponibles<\/strong><\/h2>\n<p>1. Menthe fra\u00eeche<br \/>\n2. Glace \u00e0 la cerise<br \/>\n3. Cola \u00e0 la cerise<br \/>\n4. Glace de raisin<br \/>\n5. Glace luxuriante<br \/>\n6. Sucettes glac\u00e9es<br \/>\n7. Glace \u00e0 la fraise<br \/>\n8. Limonade rose<br \/>\n9. Mangue sur glace<br \/>\n10. Baies m\u00e9lang\u00e9es<br \/>\n11. Donut \u00e0 la fraise<br \/>\n12. Fraise Raisin<br \/>\n13. Myrtille Framboise<br \/>\n14. Past\u00e8que \u00e0 la fraise<br \/>\n15. Banane fraise<br \/>\n16. Glace \u00e0 la past\u00e8que<br \/>\n17. Dr Blue<br \/>\n18. Myrtille sur glace<br \/>\n19. Kiwi Fruit de la passion Goyave<br \/>\n20. Fraise Kiwi<br \/>\n21. P\u00eache Mangue<br \/>\n22. Glace de p\u00eache<br \/>\n23. Glace \u00e0 la pomme rouge<br \/>\n24. Bubblegum \u00e0 la myrtille<br \/>\n25. Limonade aux baies<br \/>\n26. Blue Razz Lemonade<br \/>\n27. Bluesour Framboise<br \/>\n28. Red Bull \u00e0 la fraise<br \/>\n29. Explosion de pommes et de baies<br \/>\n30. Gomme \u00e0 m\u00e2cher \u00e0 la past\u00e8que<br \/>\n31. Past\u00e8que \u00e0 la framboise<br \/>\n32. Glace noire<br \/>\n33. Myrtille Cerise Canneberge<br \/>\n34. Strawberry Pomp (Grenade)<br \/>\n35. Vimto<br \/>\n36. Baie de cerise<br \/>\n37. Citron &amp; Lime<br \/>\n38. Bingo Crush<br \/>\n39. Bleuet Kiwi<br \/>\n40. Pomme cannelle<br \/>\n41. Banane glac\u00e9e<br \/>\n42. Glace au fruit du dragon<br \/>\n43. Fusion fruit\u00e9e<br \/>\n44. Menthe raisin<br \/>\n45. Amour 66<br \/>\n46. Glace \u00e0 l'ananas<br \/>\n47. Glace \u00e9nerg\u00e9tique rouge<br \/>\n48. Deux pommes<br \/>\n49. Tabac<br \/>\n50. Glace au cola<br \/>\n51. Ice Tea Lemon Ice<br \/>\n52. Ice Tea Peach Ice<br \/>\n53. Ours en gomme Blue Razz<br \/>\n54. Mojito cubain au menthol<br \/>\n55. Chewing-gum Juicy Fruit<br \/>\n56. Ribena Gummy Lemon<\/p>\n<\/div>\n<h2><strong>Emballage et poids<\/strong><\/h2>\n<ul>\n<li>0,095 KG\/PCS, simple avec petit emballage<\/li>\n<li>10 PCS dans une bo\u00eete moyenne<\/li>\n<li>200 pi\u00e8ces en carton<\/li>\n<\/ul>\n<figure id=\"attachment_26810\" aria-describedby=\"caption-attachment-26810\" style=\"width: 800px\" class=\"wp-caption alignnone\"><img loading=\"lazy\" decoding=\"async\" class=\"wp-image-26810 size-full\" title=\"Fumot Digital Box 12000 Vape jetable en gros Strawberry Donut\" src=\"https:\/\/www.vape4wholesale.com\/wp-content\/uploads\/2023\/10\/Fumot-Digital-12000-Disposable-Vape-Wholesale-Strawberry-Donut-1.jpg\" alt=\"Fumot Digital Box 12000 Vape jetable en gros Strawberry Donut\" width=\"800\" height=\"800\" srcset=\"https:\/\/www.vape4wholesale.com\/wp-content\/uploads\/2023\/10\/Fumot-Digital-12000-Disposable-Vape-Wholesale-Strawberry-Donut-1.jpg 800w, https:\/\/www.vape4wholesale.com\/wp-content\/uploads\/2023\/10\/Fumot-Digital-12000-Disposable-Vape-Wholesale-Strawberry-Donut-1-300x300.jpg 300w, https:\/\/www.vape4wholesale.com\/wp-content\/uploads\/2023\/10\/Fumot-Digital-12000-Disposable-Vape-Wholesale-Strawberry-Donut-1-150x150.jpg 150w, https:\/\/www.vape4wholesale.com\/wp-content\/uploads\/2023\/10\/Fumot-Digital-12000-Disposable-Vape-Wholesale-Strawberry-Donut-1-768x768.jpg 768w, https:\/\/www.vape4wholesale.com\/wp-content\/uploads\/2023\/10\/Fumot-Digital-12000-Disposable-Vape-Wholesale-Strawberry-Donut-1-12x12.jpg 12w, https:\/\/www.vape4wholesale.com\/wp-content\/uploads\/2023\/10\/Fumot-Digital-12000-Disposable-Vape-Wholesale-Strawberry-Donut-1-247x247.jpg 247w, https:\/\/www.vape4wholesale.com\/wp-content\/uploads\/2023\/10\/Fumot-Digital-12000-Disposable-Vape-Wholesale-Strawberry-Donut-1-510x510.jpg 510w, https:\/\/www.vape4wholesale.com\/wp-content\/uploads\/2023\/10\/Fumot-Digital-12000-Disposable-Vape-Wholesale-Strawberry-Donut-1-100x100.jpg 100w\" sizes=\"auto, (max-width: 800px) 100vw, 800px\" \/><figcaption id=\"caption-attachment-26810\" class=\"wp-caption-text\">Fumot Digital Box 12000 Vape jetable en gros Strawberry Donut<\/figcaption><\/figure>\n<p>&nbsp;<\/p>\n<h2>POURQUOI NOUS ?<\/h2>\r\n<ul>\r\n<li>Une source de vape r\u00e9elle, digne de confiance et professionnelle.<\/li>\r\n<li>100% Garantie d'authenticit\u00e9 : Nous ne fournissons que des produits originaux et authentiques, nous refusons la contrefa\u00e7on.<\/li>\r\n<li>100% Garantie de livraison : Nous utilisons les meilleurs moyens de transport pour assurer la livraison de votre commande 100%.<\/li>\r\n<li>Nous vous communiquerons le num\u00e9ro de suivi et l'\u00e9tiquette d'exp\u00e9dition apr\u00e8s l'envoi, et nous suivrons les marchandises pour vous jusqu'\u00e0 ce que vous les signiez.<\/li>\r\n<li>Pas de probl\u00e8mes douaniers, pas de droits de douane<\/li>\r\n<\/ul>","protected":false},"excerpt":{"rendered":"<p><b><span style=\"color: #00a859;\">Livraison gratuite<\/span>\u00a0depuis l'entrep\u00f4t europ\u00e9en, d\u00e9lai de livraison de 7 \u00e0 15 jours ouvrables.<\/b><\/p>\r\n<div class=\"wsppc_div_block woocommerce_before_add_to_cart_form\">\r\n<p><strong>D\u00e9douanement avant livraison &amp; Garantie de livraison \u00e0 100%<\/strong><\/p>\r\n<\/div>","protected":false},"featured_media":26805,"comment_status":"open","ping_status":"closed","template":"","meta":[],"pwb-brand":[1269],"product_cat":[938],"product_tag":[22,24,172,556],"class_list":{"0":"post-30010","1":"product","2":"type-product","3":"status-publish","4":"has-post-thumbnail","6":"pwb-brand-fumot","7":"product_cat-europe-warehouse","8":"product_tag-disposable","9":"product_tag-wholesale","10":"product_tag-20-0ml","11":"product_tag-12000-puffs","12":"product_shipping_class-eu-warehouse","13":"wcpa_has_options","15":"first","16":"instock","17":"shipping-taxable","18":"purchasable","19":"product-type-variable"},"aioseo_notices":[],"brands":[{"id":1269,"name":"Fumot","slug":"fumot"}],"_links":{"self":[{"href":"https:\/\/www.vape4wholesale.com\/fr\/wp-json\/wp\/v2\/product\/30010","targetHints":{"allow":["GET"]}}],"collection":[{"href":"https:\/\/www.vape4wholesale.com\/fr\/wp-json\/wp\/v2\/product"}],"about":[{"href":"https:\/\/www.vape4wholesale.com\/fr\/wp-json\/wp\/v2\/types\/product"}],"replies":[{"embeddable":true,"href":"https:\/\/www.vape4wholesale.com\/fr\/wp-json\/wp\/v2\/comments?post=30010"}],"wp:featuredmedia":[{"embeddable":true,"href":"https:\/\/www.vape4wholesale.com\/fr\/wp-json\/wp\/v2\/media\/26805"}],"wp:attachment":[{"href":"https:\/\/www.vape4wholesale.com\/fr\/wp-json\/wp\/v2\/media?parent=30010"}],"wp:term":[{"taxonomy":"pwb-brand","embeddable":true,"href":"https:\/\/www.vape4wholesale.com\/fr\/wp-json\/wp\/v2\/pwb-brand?post=30010"},{"taxonomy":"product_cat","embeddable":true,"href":"https:\/\/www.vape4wholesale.com\/fr\/wp-json\/wp\/v2\/product_cat?post=30010"},{"taxonomy":"product_tag","embeddable":true,"href":"https:\/\/www.vape4wholesale.com\/fr\/wp-json\/wp\/v2\/product_tag?post=30010"}],"curies":[{"name":"wp","href":"https:\/\/api.w.org\/{rel}","templated":true}]}}