{"id":25164,"date":"2025-10-21T11:22:55","date_gmt":"2025-10-21T03:22:55","guid":{"rendered":"https:\/\/www.vape4wholesale.com\/?post_type=product&#038;p=25164"},"modified":"2026-04-27T05:09:58","modified_gmt":"2026-04-26T21:09:58","slug":"happ-bar-mt50000-jetable-vape-wholesale","status":"publish","type":"product","link":"https:\/\/www.vape4wholesale.com\/fr\/product\/happ-bar-mt50000-disposable-vape-wholesale","title":{"rendered":"Happ Bar MT50000 Vape jetable Vente en gros"},"content":{"rendered":"<p class=\"ds-markdown-paragraph\">Les\u00a0<a title=\"Happ Bar\" href=\"https:\/\/www.vape4wholesale.com\/fr\/marque_du_produit\/joyeux-bar\/\" target=\"_blank\" rel=\"noopener\"><strong>Happ Bar<\/strong><\/a> MT50000 est un dispositif r\u00e9volutionnaire de vapotage jetable con\u00e7u pour une endurance et des performances in\u00e9gal\u00e9es. Avec une capacit\u00e9 de 50 000 bouff\u00e9es, cet appareil est con\u00e7u pour durer, offrant une exp\u00e9rience de vapotage exceptionnelle sans n\u00e9cessiter de remplacements fr\u00e9quents.<\/p>\n<p class=\"ds-markdown-paragraph\">Dot\u00e9 d'une g\u00e9n\u00e9reuse capacit\u00e9 de e-liquide pr\u00e9-rempli de 45ml et d'une puissante batterie rechargeable de 650mAh (via un port Type-C pratique), le Happ Bar MT50000 vous assure une saveur et une production de vapeur constantes de la premi\u00e8re \u00e0 la derni\u00e8re bouff\u00e9e. La bobine int\u00e9gr\u00e9e de 1,0 ohm permet une aspiration douce et satisfaisante, parfaitement \u00e9quilibr\u00e9e en termes d'intensit\u00e9 de saveur et de volume de vapeur.<\/p>\n<p class=\"ds-markdown-paragraph\">Choisissez votre taux de nicotine pr\u00e9f\u00e9r\u00e9 2% ou 5% pour correspondre \u00e0 votre style de vapotage personnel. L'appareil comprend \u00e9galement un \u00e9cran LCD pratique qui affiche en temps r\u00e9el l'autonomie de la batterie et le niveau d'e-liquide, pour que vous gardiez toujours le contr\u00f4le.<\/p>\n<p class=\"ds-markdown-paragraph\">Avec un choix de 15 saveurs excitantes, il y en a pour tous les palais. Que vous ayez envie d'un profil fruit\u00e9, glac\u00e9 ou classique, le Happ Bar MT50000 offre un go\u00fbt riche et durable \u00e0 chaque bouff\u00e9e.<\/p>\n<h2 class=\"ds-markdown-paragraph\"><strong>Caract\u00e9ristiques de la barre Happ MT50000<\/strong><\/h2>\n<ul>\n<li class=\"ds-markdown-paragraph\">\u2705\u00a0<strong>50 000 bouff\u00e9es<\/strong>\u00a0- Dur\u00e9e de vie ultra-longue<\/li>\n<li class=\"ds-markdown-paragraph\">\u2705\u00a0<strong>Options de nicotine :<\/strong>\u00a02% ou 5%<\/li>\n<li class=\"ds-markdown-paragraph\">\u2705\u00a0<strong>Batterie rechargeable 650mAh<\/strong> - Chargement de type C pris en charge<\/li>\n<li class=\"ds-markdown-paragraph\">\u2705\u00a0<strong>Capacit\u00e9 de 45ml de E-Liquide<\/strong><\/li>\n<li class=\"ds-markdown-paragraph\">\u2705\u00a0<strong>Bobine 1.0ohm<\/strong>\u00a0- Optimis\u00e9 pour la production de saveurs et de nuages<\/li>\n<li class=\"ds-markdown-paragraph\">\u2705\u00a0<strong>\u00c9cran LCD<\/strong>\u00a0- Affiche les niveaux de batterie et d'e-liquide<\/li>\n<li class=\"ds-markdown-paragraph\">\u2705\u00a0<strong>15 saveurs disponibles<\/strong>\u00a0- Une vari\u00e9t\u00e9 pour tous les go\u00fbts<\/li>\n<\/ul>\n<h2><strong>Saveurs disponibles<\/strong><\/h2>\n<ol>\n<li>Glace \u00e0 la fraise<\/li>\n<li>Fraise Kiwi<\/li>\n<li>Glace \u00e0 la fraise bleue<\/li>\n<li>Glace \u00e0 la past\u00e8que<\/li>\n<li>Rhum ananas, noix de coco et citron vert<\/li>\n<li>Dragon noir \u00e0 la fraise<\/li>\n<li>Bombe \u00e0 la cerise<\/li>\n<li>R\u00eave d'\u00e9t\u00e9<\/li>\n<li>Past\u00e8que noix de coco<\/li>\n<li>Fraise et banane<\/li>\n<li>Amour 66<\/li>\n<li>Gr\u00eale de p\u00eache<\/li>\n<li>Gr\u00eale de citron<\/li>\n<li>Cola Ice<\/li>\n<li>Paradis de la noix de coco<\/li>\n<\/ol>\n<h2><strong>D\u00e9tails de l'emballage<\/strong><\/h2>\n<ul>\n<li>1\/ Bo\u00eete individuelle<\/li>\n<li>10\/ Displaybox<\/li>\n<li>100\/ Carton<\/li>\n<\/ul>\n<figure id=\"attachment_25165\" aria-describedby=\"caption-attachment-25165\" style=\"width: 800px\" class=\"wp-caption alignnone\"><img loading=\"lazy\" decoding=\"async\" class=\"size-full wp-image-25165\" title=\"Happ Bar MT50000 Bo\u00eete d&#039;emballage jetable pour Vape\" src=\"https:\/\/www.vape4wholesale.com\/wp-content\/uploads\/2025\/10\/Happ-Bar-MT50000-Disposable-Vape_Packing-Box.webp\" alt=\"Happ Bar MT50000 Bo\u00eete d&#039;emballage jetable pour Vape\" width=\"800\" height=\"800\" srcset=\"https:\/\/www.vape4wholesale.com\/wp-content\/uploads\/2025\/10\/Happ-Bar-MT50000-Disposable-Vape_Packing-Box.webp 800w, https:\/\/www.vape4wholesale.com\/wp-content\/uploads\/2025\/10\/Happ-Bar-MT50000-Disposable-Vape_Packing-Box-247x247.webp 247w, https:\/\/www.vape4wholesale.com\/wp-content\/uploads\/2025\/10\/Happ-Bar-MT50000-Disposable-Vape_Packing-Box-100x100.webp 100w, https:\/\/www.vape4wholesale.com\/wp-content\/uploads\/2025\/10\/Happ-Bar-MT50000-Disposable-Vape_Packing-Box-510x510.webp 510w, https:\/\/www.vape4wholesale.com\/wp-content\/uploads\/2025\/10\/Happ-Bar-MT50000-Disposable-Vape_Packing-Box-300x300.webp 300w, https:\/\/www.vape4wholesale.com\/wp-content\/uploads\/2025\/10\/Happ-Bar-MT50000-Disposable-Vape_Packing-Box-150x150.webp 150w, https:\/\/www.vape4wholesale.com\/wp-content\/uploads\/2025\/10\/Happ-Bar-MT50000-Disposable-Vape_Packing-Box-768x768.webp 768w, https:\/\/www.vape4wholesale.com\/wp-content\/uploads\/2025\/10\/Happ-Bar-MT50000-Disposable-Vape_Packing-Box-12x12.webp 12w, https:\/\/www.vape4wholesale.com\/wp-content\/uploads\/2025\/10\/Happ-Bar-MT50000-Disposable-Vape_Packing-Box-64x64.webp 64w\" sizes=\"auto, (max-width: 800px) 100vw, 800px\" \/><figcaption id=\"caption-attachment-25165\" class=\"wp-caption-text\">Happ Bar MT50000 Bo\u00eete d'emballage jetable pour Vape<\/figcaption><\/figure>\n<figure id=\"attachment_25166\" aria-describedby=\"caption-attachment-25166\" style=\"width: 1000px\" class=\"wp-caption alignnone\"><img loading=\"lazy\" decoding=\"async\" class=\"size-full wp-image-25166\" title=\"Happ Bar MT50000 Vape jetable Vente en gros\" src=\"https:\/\/www.vape4wholesale.com\/wp-content\/uploads\/2025\/10\/Happ-Bar-MT50000-Disposable-Vape-Wholesale.webp\" alt=\"Happ Bar MT50000 Vape jetable Vente en gros\" width=\"1000\" height=\"560\" srcset=\"https:\/\/www.vape4wholesale.com\/wp-content\/uploads\/2025\/10\/Happ-Bar-MT50000-Disposable-Vape-Wholesale.webp 1000w, https:\/\/www.vape4wholesale.com\/wp-content\/uploads\/2025\/10\/Happ-Bar-MT50000-Disposable-Vape-Wholesale-510x286.webp 510w, https:\/\/www.vape4wholesale.com\/wp-content\/uploads\/2025\/10\/Happ-Bar-MT50000-Disposable-Vape-Wholesale-300x168.webp 300w, https:\/\/www.vape4wholesale.com\/wp-content\/uploads\/2025\/10\/Happ-Bar-MT50000-Disposable-Vape-Wholesale-768x430.webp 768w, https:\/\/www.vape4wholesale.com\/wp-content\/uploads\/2025\/10\/Happ-Bar-MT50000-Disposable-Vape-Wholesale-18x10.webp 18w, https:\/\/www.vape4wholesale.com\/wp-content\/uploads\/2025\/10\/Happ-Bar-MT50000-Disposable-Vape-Wholesale-64x36.webp 64w\" sizes=\"auto, (max-width: 1000px) 100vw, 1000px\" \/><figcaption id=\"caption-attachment-25166\" class=\"wp-caption-text\">Happ Bar MT50000 Vape jetable Vente en gros<\/figcaption><\/figure>\n<h2>POURQUOI NOUS ?<\/h2>\r\n<ul>\r\n<li>Une source de vape r\u00e9elle, digne de confiance et professionnelle.<\/li>\r\n<li>100% Garantie d'authenticit\u00e9 : Nous ne fournissons que des produits originaux et authentiques, nous refusons la contrefa\u00e7on.<\/li>\r\n<li>100% Garantie de livraison : Nous utilisons les meilleurs moyens de transport pour assurer la livraison de votre commande 100%.<\/li>\r\n<li>Nous vous communiquerons le num\u00e9ro de suivi et l'\u00e9tiquette d'exp\u00e9dition apr\u00e8s l'envoi, et nous suivrons les marchandises pour vous jusqu'\u00e0 ce que vous les signiez.<\/li>\r\n<li>Pas de probl\u00e8mes douaniers, pas de droits de douane<\/li>\r\n<\/ul>","protected":false},"excerpt":{"rendered":"<p><b><span style=\"color: #00a859;\">Free shipping<\/span>\u00a0from Europe warehouse, 7-15 working days delivery time.<\/b><\/p>\r\n<div class=\"wsppc_div_block woocommerce_before_add_to_cart_form\">\r\n<p><strong>Clear customs before delivery &amp; 100% Delivery Guarantee<\/strong><\/p>\r\n<\/div>","protected":false},"featured_media":25183,"comment_status":"open","ping_status":"closed","template":"","meta":[],"pwb-brand":[1267],"product_cat":[938],"product_tag":[964,1035,1082,22,24],"class_list":{"0":"post-25164","1":"product","2":"type-product","3":"status-publish","4":"has-post-thumbnail","6":"pwb-brand-happ-bar","7":"product_cat-europe-warehouse","8":"product_tag-45-0ml","9":"product_tag-happ-bar","10":"product_tag-50000-puffs","11":"product_tag-disposable","12":"product_tag-wholesale","13":"product_shipping_class-eu-warehouse","14":"wcpa_has_options","16":"first","17":"instock","18":"featured","19":"shipping-taxable","20":"purchasable","21":"product-type-variable"},"aioseo_notices":[],"brands":[{"id":1267,"name":"Happ Bar","slug":"joyeux-bar"}],"_links":{"self":[{"href":"https:\/\/www.vape4wholesale.com\/fr\/wp-json\/wp\/v2\/product\/25164","targetHints":{"allow":["GET"]}}],"collection":[{"href":"https:\/\/www.vape4wholesale.com\/fr\/wp-json\/wp\/v2\/product"}],"about":[{"href":"https:\/\/www.vape4wholesale.com\/fr\/wp-json\/wp\/v2\/types\/product"}],"replies":[{"embeddable":true,"href":"https:\/\/www.vape4wholesale.com\/fr\/wp-json\/wp\/v2\/comments?post=25164"}],"wp:featuredmedia":[{"embeddable":true,"href":"https:\/\/www.vape4wholesale.com\/fr\/wp-json\/wp\/v2\/media\/25183"}],"wp:attachment":[{"href":"https:\/\/www.vape4wholesale.com\/fr\/wp-json\/wp\/v2\/media?parent=25164"}],"wp:term":[{"taxonomy":"pwb-brand","embeddable":true,"href":"https:\/\/www.vape4wholesale.com\/fr\/wp-json\/wp\/v2\/pwb-brand?post=25164"},{"taxonomy":"product_cat","embeddable":true,"href":"https:\/\/www.vape4wholesale.com\/fr\/wp-json\/wp\/v2\/product_cat?post=25164"},{"taxonomy":"product_tag","embeddable":true,"href":"https:\/\/www.vape4wholesale.com\/fr\/wp-json\/wp\/v2\/product_tag?post=25164"}],"curies":[{"name":"wp","href":"https:\/\/api.w.org\/{rel}","templated":true}]}}