{"id":23613,"date":"2025-07-23T00:46:15","date_gmt":"2025-07-22T16:46:15","guid":{"rendered":"https:\/\/www.vape4wholesale.com\/?post_type=product&#038;p=23613"},"modified":"2026-04-28T14:02:29","modified_gmt":"2026-04-28T06:02:29","slug":"happ-bar-gr50000-jetable-vape-wholesale","status":"publish","type":"product","link":"https:\/\/www.vape4wholesale.com\/fr\/product\/happ-bar-gr50000-disposable-vape-wholesale","title":{"rendered":"Happ Bar GR50000 Disposable Vape Wholesale"},"content":{"rendered":"<p class=\"ds-markdown-paragraph\"><strong><a title=\"Happ Bar\" href=\"\/fr\/marque_du_produit\/joyeux-bar\/\" target=\"_blank\" rel=\"noopener\">Happ Bar<\/a> GR50000<\/strong>\u00a0est un dispositif de vapotage jetable innovant dot\u00e9 d'un syst\u00e8me r\u00e9volutionnaire 2 en 1 \u00e0 double ar\u00f4me. Gr\u00e2ce \u00e0 son bouton unique de commutation de saveur positionn\u00e9 entre les deux options, les utilisateurs peuvent profiter de deux saveurs distinctes simultan\u00e9ment - une innovation in\u00e9dite dans l'industrie.<\/p>\n<p class=\"ds-markdown-paragraph\">Conservant le design caract\u00e9ristique de la s\u00e9rie GR, il est dot\u00e9 d'une partie centrale ergonomique en retrait pour une meilleure prise en main. Sous la partie centrale, un \u00e9cran int\u00e9gr\u00e9 permet une lecture pr\u00e9cise et en temps r\u00e9el des niveaux d'e-liquide et de batterie. \u00c0 l'arri\u00e8re, un contr\u00f4leur de r\u00e9glage des saveurs permet de passer d'un go\u00fbt \u00e0 l'autre en toute transparence.<\/p>\n<p>Con\u00e7ue pour la long\u00e9vit\u00e9 et la polyvalence, la Happ Bar GR50000 offre une impressionnante capacit\u00e9 de 50 000 bouff\u00e9es aliment\u00e9e par une batterie rechargeable de 650mAh (charge Type-C prise en charge). Ses deux r\u00e9servoirs d'e-liquide de 23mL (46mL au total) offrent une utilisation prolong\u00e9e, tandis que la bobine mesh de 1,0\u03a9 assure une production de saveur riche et constante.<\/p>\n<h2 class=\"ds-markdown-paragraph\"><strong>Happ Bar GR50000 Vape jetable D\u00e9tails rapides<\/strong><\/h2>\n<ul>\n<li class=\"ds-markdown-paragraph\"><strong>Puffs :<\/strong>\u00a050,000<\/li>\n<li class=\"ds-markdown-paragraph\"><strong>Nicotine :<\/strong> 2% \/ 5%<\/li>\n<li class=\"ds-markdown-paragraph\"><strong>Batterie :<\/strong>\u00a0650mAh (Type-C rechargeable)<\/li>\n<li class=\"ds-markdown-paragraph\"><strong>E-liquide :<\/strong> 23mL + 23mL (deux r\u00e9servoirs)<\/li>\n<li class=\"ds-markdown-paragraph\"><strong>Bobine :<\/strong> Double bobine 1.0\u03a9 mesh Coil<\/li>\n<li class=\"ds-markdown-paragraph\"><strong>Saveurs :<\/strong> 12 paires<\/li>\n<li class=\"ds-markdown-paragraph\"><strong>L'innovation :<\/strong>\u00a0Vaporisation simultan\u00e9e 2 en 1 \u00e0 double saveur<\/li>\n<li class=\"ds-markdown-paragraph\"><strong>Affichage :<\/strong>\u00a0Indicateur d'e-liquide et de batterie<\/li>\n<li class=\"ds-markdown-paragraph\"><strong>Conception :<\/strong>\u00a0Poign\u00e9e ergonomique avec contr\u00f4le de la saveur<\/li>\n<\/ul>\n<h2><strong>Saveurs disponibles<\/strong><\/h2>\n<p>Glace \u00e0 la past\u00e8que \/ Banane \u00e0 la fraise<br \/>\nRaisin glac\u00e9 \/ Fraise kiwi<br \/>\nCola Ice \/ Fizzy Cherry<br \/>\nGlace \u00e0 la fraise \/ P\u00eache \u00e0 la mangue Past\u00e8que<br \/>\nFruits tropicaux \/ Fraise Past\u00e8que<br \/>\nRed Bull \/ Cool Mint<br \/>\nFraise Vanille Cola \/ Ananas Noix de Coco<br \/>\nPast\u00e8que framboise \/ Love 66<br \/>\nMr Blue \/ Lemon Ice<br \/>\nFraise Framboise Cerise \/ P\u00eache Monstre<br \/>\nGlace dragon noir \/ glace p\u00eache<br \/>\nP\u00eache Mangue Ananas \/ Glace Vanille<\/p>\n<figure id=\"attachment_23641\" aria-describedby=\"caption-attachment-23641\" style=\"width: 1616px\" class=\"wp-caption alignnone\"><img loading=\"lazy\" decoding=\"async\" class=\"size-full wp-image-23641\" title=\"Happ Bar GR50000 Disposable Vape Wholesale 14\" src=\"https:\/\/www.vape4wholesale.com\/wp-content\/uploads\/2025\/07\/Happ-Bar-GR50000-Disposable-Vape-Wholesale_14.webp\" alt=\"Happ Bar GR50000 Disposable Vape Wholesale 14\" width=\"1616\" height=\"800\" srcset=\"https:\/\/www.vape4wholesale.com\/wp-content\/uploads\/2025\/07\/Happ-Bar-GR50000-Disposable-Vape-Wholesale_14.webp 1616w, https:\/\/www.vape4wholesale.com\/wp-content\/uploads\/2025\/07\/Happ-Bar-GR50000-Disposable-Vape-Wholesale_14-510x252.webp 510w, https:\/\/www.vape4wholesale.com\/wp-content\/uploads\/2025\/07\/Happ-Bar-GR50000-Disposable-Vape-Wholesale_14-300x149.webp 300w, https:\/\/www.vape4wholesale.com\/wp-content\/uploads\/2025\/07\/Happ-Bar-GR50000-Disposable-Vape-Wholesale_14-1024x507.webp 1024w, https:\/\/www.vape4wholesale.com\/wp-content\/uploads\/2025\/07\/Happ-Bar-GR50000-Disposable-Vape-Wholesale_14-768x380.webp 768w, https:\/\/www.vape4wholesale.com\/wp-content\/uploads\/2025\/07\/Happ-Bar-GR50000-Disposable-Vape-Wholesale_14-1536x760.webp 1536w, https:\/\/www.vape4wholesale.com\/wp-content\/uploads\/2025\/07\/Happ-Bar-GR50000-Disposable-Vape-Wholesale_14-18x9.webp 18w, https:\/\/www.vape4wholesale.com\/wp-content\/uploads\/2025\/07\/Happ-Bar-GR50000-Disposable-Vape-Wholesale_14-64x32.webp 64w\" sizes=\"auto, (max-width: 1616px) 100vw, 1616px\" \/><figcaption id=\"caption-attachment-23641\" class=\"wp-caption-text\">Happ Bar GR50000 Disposable Vape Wholesale<\/figcaption><\/figure>\n<h2>POURQUOI NOUS ?<\/h2>\r\n<ul>\r\n<li>Une source de vape r\u00e9elle, digne de confiance et professionnelle.<\/li>\r\n<li>100% Garantie d'authenticit\u00e9 : Nous ne fournissons que des produits originaux et authentiques, nous refusons la contrefa\u00e7on.<\/li>\r\n<li>100% Garantie de livraison : Nous utilisons les meilleurs moyens de transport pour assurer la livraison de votre commande 100%.<\/li>\r\n<li>Nous vous communiquerons le num\u00e9ro de suivi et l'\u00e9tiquette d'exp\u00e9dition apr\u00e8s l'envoi, et nous suivrons les marchandises pour vous jusqu'\u00e0 ce que vous les signiez.<\/li>\r\n<li>Pas de probl\u00e8mes douaniers, pas de droits de douane<\/li>\r\n<\/ul>","protected":false},"excerpt":{"rendered":"<p><b><span style=\"color: #00a859;\">Livraison gratuite<\/span>\u00a0depuis l'entrep\u00f4t europ\u00e9en, d\u00e9lai de livraison de 7 \u00e0 15 jours ouvrables.<\/b><\/p>\r\n<div class=\"wsppc_div_block woocommerce_before_add_to_cart_form\">\r\n<p><strong>D\u00e9douanement avant livraison &amp; Garantie de livraison \u00e0 100%<\/strong><\/p>\r\n<\/div>","protected":false},"featured_media":23640,"comment_status":"open","ping_status":"closed","template":"","meta":[],"pwb-brand":[1267],"product_cat":[938],"product_tag":[1035,1082,1210,22,24],"class_list":{"0":"post-23613","1":"product","2":"type-product","3":"status-publish","4":"has-post-thumbnail","6":"pwb-brand-happ-bar","7":"product_cat-europe-warehouse","8":"product_tag-happ-bar","9":"product_tag-50000-puffs","10":"product_tag-46-0ml","11":"product_tag-disposable","12":"product_tag-wholesale","13":"product_shipping_class-eu-warehouse","14":"wcpa_has_options","16":"first","17":"instock","18":"featured","19":"shipping-taxable","20":"purchasable","21":"product-type-variable"},"aioseo_notices":[],"brands":[{"id":1267,"name":"Happ Bar","slug":"joyeux-bar"}],"_links":{"self":[{"href":"https:\/\/www.vape4wholesale.com\/fr\/wp-json\/wp\/v2\/product\/23613","targetHints":{"allow":["GET"]}}],"collection":[{"href":"https:\/\/www.vape4wholesale.com\/fr\/wp-json\/wp\/v2\/product"}],"about":[{"href":"https:\/\/www.vape4wholesale.com\/fr\/wp-json\/wp\/v2\/types\/product"}],"replies":[{"embeddable":true,"href":"https:\/\/www.vape4wholesale.com\/fr\/wp-json\/wp\/v2\/comments?post=23613"}],"wp:featuredmedia":[{"embeddable":true,"href":"https:\/\/www.vape4wholesale.com\/fr\/wp-json\/wp\/v2\/media\/23640"}],"wp:attachment":[{"href":"https:\/\/www.vape4wholesale.com\/fr\/wp-json\/wp\/v2\/media?parent=23613"}],"wp:term":[{"taxonomy":"pwb-brand","embeddable":true,"href":"https:\/\/www.vape4wholesale.com\/fr\/wp-json\/wp\/v2\/pwb-brand?post=23613"},{"taxonomy":"product_cat","embeddable":true,"href":"https:\/\/www.vape4wholesale.com\/fr\/wp-json\/wp\/v2\/product_cat?post=23613"},{"taxonomy":"product_tag","embeddable":true,"href":"https:\/\/www.vape4wholesale.com\/fr\/wp-json\/wp\/v2\/product_tag?post=23613"}],"curies":[{"name":"wp","href":"https:\/\/api.w.org\/{rel}","templated":true}]}}