{"id":23021,"date":"2025-06-26T23:11:15","date_gmt":"2025-06-26T15:11:15","guid":{"rendered":"https:\/\/www.vape4wholesale.com\/?post_type=product&#038;p=23021"},"modified":"2026-03-30T11:11:35","modified_gmt":"2026-03-30T03:11:35","slug":"bang-box-3in1-80k-puffs-disposable-vape-wholesale","status":"publish","type":"product","link":"https:\/\/www.vape4wholesale.com\/fr\/product\/bang-box-3in1-80k-puffs-disposable-vape-wholesale","title":{"rendered":"Bang Box 3in1 80K Puffs Disposable Vape Wholesale"},"content":{"rendered":"<p><a href=\"https:\/\/www.vape4wholesale.com\/fr\/marque_du_produit\/coup\/\" target=\"_blank\" rel=\"noopener\">Bang<\/a> Box 3in1 80K Vape jetable r\u00e9volutionne l'exp\u00e9rience du vapotage gr\u00e2ce \u00e0 son syst\u00e8me innovant de pods 3-en-1. Dot\u00e9 de trois dosettes int\u00e9gr\u00e9es et d'un embout rotatif, il permet de passer instantan\u00e9ment d'un ar\u00f4me \u00e0 l'autre sans avoir besoin de plusieurs appareils. Avec une impressionnante capacit\u00e9 de 80 000 bouff\u00e9es, un e-liquide de 60 ml et une batterie Type-C rechargeable de 850 mAh, cet appareil est con\u00e7u pour une utilisation prolong\u00e9e et sans souci. L'\u00e9cran intelligent vous informe en temps r\u00e9el des niveaux d'e-liquide et de la dur\u00e9e de vie de la batterie, pour que vous ne soyez jamais pris au d\u00e9pourvu.<\/p>\n<p>Profitez d'une exp\u00e9rience sur mesure gr\u00e2ce \u00e0 deux types de taux de nicotine (20 mg ou 50 mg) et \u00e0 12 saveurs merveilleuses, allant des m\u00e9langes fruit\u00e9s aux m\u00e9langes glac\u00e9s. La conception compacte et \u00e9tanche offre des bouff\u00e9es douces et savoureuses sans boutons ni r\u00e9glages compliqu\u00e9s - juste une pure commodit\u00e9. Que vous soyez un amateur d'ar\u00f4mes ou un gros vapoteur, la Bang Box 3in1 s'adapte \u00e0 vos pr\u00e9f\u00e9rences sans effort.<\/p>\n<h2 class=\"ds-markdown-paragraph\">Bang Box 3in1 80K Vape jetable D\u00e9tails rapides<\/h2>\n<ul>\n<li class=\"ds-markdown-paragraph\">Bouff\u00e9es : Jusqu'\u00e0 80 000<\/li>\n<li class=\"ds-markdown-paragraph\">Capacit\u00e9 en e-liquide : 60mL (pr\u00e9-rempli)<\/li>\n<li class=\"ds-markdown-paragraph\">Batterie : 850mAh rechargeable (Type-C)<\/li>\n<li class=\"ds-markdown-paragraph\">Taux de nicotine : 20mg (2%) \/ 50mg (5%)<\/li>\n<li class=\"ds-markdown-paragraph\">Saveurs : 12 options uniques<\/li>\n<li class=\"ds-markdown-paragraph\">\u00c9cran : \u00c9cran intelligent (niveau d'e-liquide et de batterie)<\/li>\n<li class=\"ds-markdown-paragraph\">Caract\u00e9ristiques principales : 3 en 1 triple ar\u00f4mes<\/li>\n<li class=\"ds-markdown-paragraph\">Design : Compact, \u00e9tanche, sans bouton<\/li>\n<li class=\"ds-markdown-paragraph\">Id\u00e9al pour : Vari\u00e9t\u00e9 de saveurs et vaporisation de longue dur\u00e9e<\/li>\n<\/ul>\n<h2>Saveurs disponibles<\/h2>\n<p>1) Fraise-banane \/ Framboise-melon d'eau \/Love 666<br \/>\n2) Fruits tropicaux \/ Fraise \/ Past\u00e8que \/ Citron \/ P\u00eache<br \/>\n3) Fraise Vanille Cola \/ Pomme acide Framboise \/ Citron vert<br \/>\n4) Double raisin \/ Fraise mangue \/ Bleuet framboise acidul\u00e9e glace<br \/>\n5) Glace \u00e0 la past\u00e8que\/cr\u00e8me glac\u00e9e \u00e0 la fraise\/triple melon<br \/>\n6) Soda au citron cola \/ Gomme \u00e0 la past\u00e8que \/ Glace Dragon noir<br \/>\n7) Glace triple baie \/ Mangue p\u00eache \/ Fraise kiwi<br \/>\n8) Fraise glac\u00e9e \/ Fraise past\u00e8que \/ Ananas mangue p\u00eache<br \/>\n9) Ananas noix de coco \/Fraise framboise bonbon \/Blue Razz Ice<br \/>\n10) Citron vert \/ Mangue P\u00eache Past\u00e8que \/ Glace Myrtille<br \/>\n11) Past\u00e8que Ice \/Red Bull \/Strawberry Kiwi<br \/>\n12) Fraise Kiwi \/ Mangue acide Ananas \/ Fraise Red Bull<\/p>\n<figure id=\"attachment_23023\" aria-describedby=\"caption-attachment-23023\" style=\"width: 800px\" class=\"wp-caption alignnone\"><img loading=\"lazy\" decoding=\"async\" class=\"size-full wp-image-23023\" title=\"Bang Box 3in1 80K Puffs Disposable Vape Wholesale\" src=\"https:\/\/www.vape4wholesale.com\/wp-content\/uploads\/2025\/06\/Bang-Box-3in1-80K-Puffs-Disposable-Vape-Wholesale-1.webp\" alt=\"Bang Box 3in1 80K Puffs Disposable Vape Wholesale\" width=\"800\" height=\"1422\" srcset=\"https:\/\/www.vape4wholesale.com\/wp-content\/uploads\/2025\/06\/Bang-Box-3in1-80K-Puffs-Disposable-Vape-Wholesale-1.webp 800w, https:\/\/www.vape4wholesale.com\/wp-content\/uploads\/2025\/06\/Bang-Box-3in1-80K-Puffs-Disposable-Vape-Wholesale-1-510x907.webp 510w, https:\/\/www.vape4wholesale.com\/wp-content\/uploads\/2025\/06\/Bang-Box-3in1-80K-Puffs-Disposable-Vape-Wholesale-1-169x300.webp 169w, https:\/\/www.vape4wholesale.com\/wp-content\/uploads\/2025\/06\/Bang-Box-3in1-80K-Puffs-Disposable-Vape-Wholesale-1-576x1024.webp 576w, https:\/\/www.vape4wholesale.com\/wp-content\/uploads\/2025\/06\/Bang-Box-3in1-80K-Puffs-Disposable-Vape-Wholesale-1-768x1365.webp 768w, https:\/\/www.vape4wholesale.com\/wp-content\/uploads\/2025\/06\/Bang-Box-3in1-80K-Puffs-Disposable-Vape-Wholesale-1-7x12.webp 7w, https:\/\/www.vape4wholesale.com\/wp-content\/uploads\/2025\/06\/Bang-Box-3in1-80K-Puffs-Disposable-Vape-Wholesale-1-64x114.webp 64w\" sizes=\"auto, (max-width: 800px) 100vw, 800px\" \/><figcaption id=\"caption-attachment-23023\" class=\"wp-caption-text\">Bang Box 3in1 80K Puffs Disposable Vape Wholesale<\/figcaption><\/figure>\n<h2>POURQUOI NOUS ?<\/h2>\r\n<ul>\r\n<li>Une source de vape r\u00e9elle, digne de confiance et professionnelle.<\/li>\r\n<li>100% Garantie d'authenticit\u00e9 : Nous ne fournissons que des produits originaux et authentiques, nous refusons la contrefa\u00e7on.<\/li>\r\n<li>100% Garantie de livraison : Nous utilisons les meilleurs moyens de transport pour assurer la livraison de votre commande 100%.<\/li>\r\n<li>Nous vous communiquerons le num\u00e9ro de suivi et l'\u00e9tiquette d'exp\u00e9dition apr\u00e8s l'envoi, et nous suivrons les marchandises pour vous jusqu'\u00e0 ce que vous les signiez.<\/li>\r\n<li>Pas de probl\u00e8mes douaniers, pas de droits de douane<\/li>\r\n<\/ul>","protected":false},"excerpt":{"rendered":"<div class=\"wsppc_div_block woocommerce_before_add_to_cart_form\">\r\n<p><strong><span style=\"color: #00a859;\">Passer la douane<\/span> avant livraison &amp; 100% Garantie de livraison, Livraison en 19~25 jours environ.\u00a0<\/strong><\/p>\r\n<\/div>","protected":false},"featured_media":22971,"comment_status":"open","ping_status":"closed","template":"","meta":[],"pwb-brand":[1275],"product_cat":[873],"product_tag":[249,1182,1197,22,24],"class_list":{"0":"post-23021","1":"product","2":"type-product","3":"status-publish","4":"has-post-thumbnail","6":"pwb-brand-bang","7":"product_cat-above-20k-puffs","8":"product_tag-bang","9":"product_tag-60-0ml","10":"product_tag-80000-puffs","11":"product_tag-disposable","12":"product_tag-wholesale","13":"wcpa_has_options","15":"first","16":"instock","17":"featured","18":"shipping-taxable","19":"purchasable","20":"product-type-variable"},"aioseo_notices":[],"brands":[{"id":1275,"name":"Bang","slug":"coup"}],"_links":{"self":[{"href":"https:\/\/www.vape4wholesale.com\/fr\/wp-json\/wp\/v2\/product\/23021","targetHints":{"allow":["GET"]}}],"collection":[{"href":"https:\/\/www.vape4wholesale.com\/fr\/wp-json\/wp\/v2\/product"}],"about":[{"href":"https:\/\/www.vape4wholesale.com\/fr\/wp-json\/wp\/v2\/types\/product"}],"replies":[{"embeddable":true,"href":"https:\/\/www.vape4wholesale.com\/fr\/wp-json\/wp\/v2\/comments?post=23021"}],"wp:featuredmedia":[{"embeddable":true,"href":"https:\/\/www.vape4wholesale.com\/fr\/wp-json\/wp\/v2\/media\/22971"}],"wp:attachment":[{"href":"https:\/\/www.vape4wholesale.com\/fr\/wp-json\/wp\/v2\/media?parent=23021"}],"wp:term":[{"taxonomy":"pwb-brand","embeddable":true,"href":"https:\/\/www.vape4wholesale.com\/fr\/wp-json\/wp\/v2\/pwb-brand?post=23021"},{"taxonomy":"product_cat","embeddable":true,"href":"https:\/\/www.vape4wholesale.com\/fr\/wp-json\/wp\/v2\/product_cat?post=23021"},{"taxonomy":"product_tag","embeddable":true,"href":"https:\/\/www.vape4wholesale.com\/fr\/wp-json\/wp\/v2\/product_tag?post=23021"}],"curies":[{"name":"wp","href":"https:\/\/api.w.org\/{rel}","templated":true}]}}