{"id":23004,"date":"2025-06-26T19:48:47","date_gmt":"2025-06-26T11:48:47","guid":{"rendered":"https:\/\/www.vape4wholesale.com\/?post_type=product&#038;p=23004"},"modified":"2026-01-27T15:53:30","modified_gmt":"2026-01-27T15:53:30","slug":"lavie-twins-max-70000-puffs-jetable-vape-wholesale","status":"publish","type":"product","link":"https:\/\/www.vape4wholesale.com\/fr\/product\/lavie-twins-max-70000-puffs-disposable-vape-wholesale","title":{"rendered":"Lavie Twins Max 70000 Puffs Vape jetable Wholesale"},"content":{"rendered":"<p class=\"ds-markdown-paragraph\">les <a title=\"Lavie\" href=\"https:\/\/www.vape4wholesale.com\/fr\/marque_du_produit\/lavie\/\" target=\"_blank\" rel=\"noopener\"><strong>Lavie<\/strong><\/a> Twins Max 70000 Puffs vaping jetable con\u00e7u pour les vapoteurs qui exigent de la vari\u00e9t\u00e9 et de l'endurance, cet appareil de pointe d\u00e9livre un nombre impressionnant de 70 000 bouff\u00e9es gr\u00e2ce \u00e0 son \u00e9norme capacit\u00e9 d'e-liquide de 60mL (2x30mL). La batterie Type-C rechargeable de 850mAh garantit une utilisation prolong\u00e9e, tandis que le design l\u00e9ger de 122g le rend parfait pour le vapotage en d\u00e9placement. Choisissez entre les taux de nicotine 2% ou 5% selon vos pr\u00e9f\u00e9rences, et profitez d'un tirage doux et satisfaisant \u00e0 chaque fois.<\/p>\n<p class=\"ds-markdown-paragraph\">Ce qui le distingue, c'est son syst\u00e8me r\u00e9volutionnaire \u00e0 double ar\u00f4me. Il suffit d'appuyer sur l'embout d'avant en arri\u00e8re pour passer instantan\u00e9ment d'un ar\u00f4me \u00e0 l'autre, sans avoir \u00e0 transporter plusieurs appareils. Avec 12 options d'ar\u00f4mes passionnantes, vous pouvez explorer des combinaisons de go\u00fbts infinies, des fruits sucr\u00e9s aux menthols rafra\u00eechissants. Que vous soyez un amateur d'ar\u00f4mes ou un gros vapoteur, ce design 2-en-1 offre une polyvalence et un plaisir in\u00e9gal\u00e9s. L'\u00e9cran intelligent permet de suivre en temps r\u00e9el les niveaux de batterie et d'e-liquide.<\/p>\n<p class=\"ds-markdown-paragraph\">Id\u00e9al pour les voyageurs et les vapoteurs d'un jour, il associe des performances durables \u00e0 des fonctionnalit\u00e9s innovantes. Sa construction \u00e9tanche et son fonctionnement convivial en font un choix fiable pour les d\u00e9butants comme pour les utilisateurs exp\u00e9riment\u00e9s. Si vous \u00eates \u00e0 la recherche d'une vape jetable qui tienne vraiment la distance tout en offrant une excitation \u00e0 double saveur, le Lavie Twins Max est votre partenaire id\u00e9al.<\/p>\n<h2>Lavie Twins Max 70000 Puffs Vape jetable Quick Details<\/h2>\n<table style=\"border-collapse: collapse;width: 587.27pt\" border=\"0\" width=\"783\" cellspacing=\"0\" cellpadding=\"0\">\n<tbody>\n<tr style=\"height: 25.00pt\">\n<td class=\"et2\" style=\"height: 25.00pt;width: 141.75pt\" width=\"189\" height=\"33\"><strong>Fonctionnalit\u00e9<\/strong><\/td>\n<td class=\"et3\" style=\"width: 445.50pt\" width=\"594\"><strong>Sp\u00e9cifications<\/strong><\/td>\n<\/tr>\n<tr style=\"height: 25.00pt\">\n<td class=\"et4\" style=\"height: 25.00pt;width: 141.75pt\" width=\"189\" height=\"33\">Puffs<\/td>\n<td class=\"et5\" style=\"width: 445.50pt\" width=\"594\">Jusqu'\u00e0 70 000<\/td>\n<\/tr>\n<tr style=\"height: 25.00pt\">\n<td class=\"et4\" style=\"height: 25.00pt;width: 141.75pt\" width=\"189\" height=\"33\">Capacit\u00e9 en e-liquide<\/td>\n<td class=\"et5\" style=\"width: 445.50pt\" width=\"594\">60mL (2 r\u00e9servoirs doubles de 30mL)<\/td>\n<\/tr>\n<tr style=\"height: 25.00pt\">\n<td class=\"et4\" style=\"height: 25.00pt;width: 141.75pt\" width=\"189\" height=\"33\">Batterie<\/td>\n<td class=\"et5\" style=\"width: 445.50pt\" width=\"594\">850mAh (rechargeable)<\/td>\n<\/tr>\n<tr style=\"height: 25.00pt\">\n<td class=\"et4\" style=\"height: 25.00pt;width: 141.75pt\" width=\"189\" height=\"33\">Port de charge<\/td>\n<td class=\"et5\" style=\"width: 445.50pt\" width=\"594\">Type-C<\/td>\n<\/tr>\n<tr style=\"height: 25.00pt\">\n<td class=\"et4\" style=\"height: 25.00pt;width: 141.75pt\" width=\"189\" height=\"33\">Intensit\u00e9 de la nicotine<\/td>\n<td class=\"et5\" style=\"width: 445.50pt\" width=\"594\">2% \/ 5%<\/td>\n<\/tr>\n<tr style=\"height: 25.00pt\">\n<td class=\"et4\" style=\"height: 25.00pt;width: 141.75pt\" width=\"189\" height=\"33\">Poids<\/td>\n<td class=\"et5\" style=\"width: 445.50pt\" width=\"594\">122g<\/td>\n<\/tr>\n<tr style=\"height: 25.00pt\">\n<td class=\"et4\" style=\"height: 25.00pt;width: 141.75pt\" width=\"189\" height=\"33\">Options de saveur<\/td>\n<td class=\"et5\" style=\"width: 445.50pt\" width=\"594\">12 saveurs doubles uniques<\/td>\n<\/tr>\n<tr style=\"height: 25.00pt\">\n<td class=\"et4\" style=\"height: 25.00pt;width: 141.75pt\" width=\"189\" height=\"33\">Innovation cl\u00e9<\/td>\n<td class=\"et5\" style=\"width: 445.50pt\" width=\"594\">Embout Push-Switch pour un changement d'ar\u00f4me instantan\u00e9<\/td>\n<\/tr>\n<tr style=\"height: 25.00pt\">\n<td class=\"et6\" style=\"height: 25.00pt\" height=\"33\">Afficheur intelligent<\/td>\n<td>Suivi en temps r\u00e9el des niveaux de batterie et d'e-liquide pour un vapotage en toute s\u00e9r\u00e9nit\u00e9<\/td>\n<\/tr>\n<\/tbody>\n<\/table>\n<h2>Saveurs disponibles<\/h2>\n<p>Baies m\u00e9lang\u00e9es et cerise p\u00e9tillante<br \/>\nRed Bull lce &amp; Fraise Mangue<br \/>\nGlace \u00e0 la past\u00e8que et citron-citron vert<br \/>\nRaisin violet et pomme double<br \/>\nRed Bull Fraise &amp; Cassis lce<br \/>\nCocount lce \u00e0 la banane et \u00e0 l'ananas de Strawberny<br \/>\nFraise, past\u00e8que, chewing-gum et fruits m\u00e9lang\u00e9s<br \/>\nBarbe \u00e0 papa \u00e0 la cerise p\u00e9tillante et \u00e0 la myrtille<br \/>\nGlace triple melon et past\u00e8que framboise<br \/>\nLce myrtille &amp; lce dragon noir<br \/>\nLimonade Blue Razz et melon d'eau Bubblegum<br \/>\nFraise Past\u00e8que &amp; Myrtille Framboise<\/p>\n<h2>D\u00e9tails de l'emballage<\/h2>\n<ul>\n<li>1\/ Bo\u00eete individuelle<\/li>\n<li>10\/ Bo\u00eete de pr\u00e9sentation<\/li>\n<li>200\/ Carton<\/li>\n<\/ul>\n<p>&nbsp;<\/p>\n<p>&nbsp;<\/p>\n<figure id=\"attachment_22996\" aria-describedby=\"caption-attachment-22996\" style=\"width: 800px\" class=\"wp-caption alignnone\"><img loading=\"lazy\" decoding=\"async\" class=\"size-full wp-image-22996\" title=\"Lavie Twins Max 70K Puffs Double Flavors Vape jetable Red Bull Ice&amp; Strawberry Mango\" src=\"https:\/\/www.vape4wholesale.com\/wp-content\/uploads\/2025\/06\/Lavie-Twins-Max-70K-Puffs-Double-Flavors-Disposable-Vape-Red-Bull-Ice-Strawberry-Mango.webp\" alt=\"Lavie Twins Max 70K Puffs Double Flavors Vape jetable Red Bull Ice&amp; Strawberry Mango\" width=\"800\" height=\"800\" srcset=\"https:\/\/www.vape4wholesale.com\/wp-content\/uploads\/2025\/06\/Lavie-Twins-Max-70K-Puffs-Double-Flavors-Disposable-Vape-Red-Bull-Ice-Strawberry-Mango.webp 800w, https:\/\/www.vape4wholesale.com\/wp-content\/uploads\/2025\/06\/Lavie-Twins-Max-70K-Puffs-Double-Flavors-Disposable-Vape-Red-Bull-Ice-Strawberry-Mango-247x247.webp 247w, https:\/\/www.vape4wholesale.com\/wp-content\/uploads\/2025\/06\/Lavie-Twins-Max-70K-Puffs-Double-Flavors-Disposable-Vape-Red-Bull-Ice-Strawberry-Mango-100x100.webp 100w, https:\/\/www.vape4wholesale.com\/wp-content\/uploads\/2025\/06\/Lavie-Twins-Max-70K-Puffs-Double-Flavors-Disposable-Vape-Red-Bull-Ice-Strawberry-Mango-510x510.webp 510w, https:\/\/www.vape4wholesale.com\/wp-content\/uploads\/2025\/06\/Lavie-Twins-Max-70K-Puffs-Double-Flavors-Disposable-Vape-Red-Bull-Ice-Strawberry-Mango-300x300.webp 300w, https:\/\/www.vape4wholesale.com\/wp-content\/uploads\/2025\/06\/Lavie-Twins-Max-70K-Puffs-Double-Flavors-Disposable-Vape-Red-Bull-Ice-Strawberry-Mango-150x150.webp 150w, https:\/\/www.vape4wholesale.com\/wp-content\/uploads\/2025\/06\/Lavie-Twins-Max-70K-Puffs-Double-Flavors-Disposable-Vape-Red-Bull-Ice-Strawberry-Mango-768x768.webp 768w, https:\/\/www.vape4wholesale.com\/wp-content\/uploads\/2025\/06\/Lavie-Twins-Max-70K-Puffs-Double-Flavors-Disposable-Vape-Red-Bull-Ice-Strawberry-Mango-12x12.webp 12w, https:\/\/www.vape4wholesale.com\/wp-content\/uploads\/2025\/06\/Lavie-Twins-Max-70K-Puffs-Double-Flavors-Disposable-Vape-Red-Bull-Ice-Strawberry-Mango-64x64.webp 64w\" sizes=\"auto, (max-width: 800px) 100vw, 800px\" \/><figcaption id=\"caption-attachment-22996\" class=\"wp-caption-text\">Lavie Twins Max 70K Puffs Double Flavors Vape jetable Red Bull Ice&amp; Strawberry Mango<\/figcaption><\/figure>\n<figure id=\"attachment_22990\" aria-describedby=\"caption-attachment-22990\" style=\"width: 1100px\" class=\"wp-caption alignnone\"><img loading=\"lazy\" decoding=\"async\" class=\"wp-image-22990 size-full\" title=\"Lavie Twins Max 70K Puffs Double Flavors Jetable Wholesale Vape\" src=\"https:\/\/www.vape4wholesale.com\/wp-content\/uploads\/2025\/06\/Lavie-Twins-Max-70K-Puffs-Double-Flavors-Disposable-Wholesale-Vape.webp\" alt=\"Lavie Twins Max 70K Puffs Double Flavors Jetable Wholesale Vape\" width=\"1100\" height=\"619\" srcset=\"https:\/\/www.vape4wholesale.com\/wp-content\/uploads\/2025\/06\/Lavie-Twins-Max-70K-Puffs-Double-Flavors-Disposable-Wholesale-Vape.webp 1100w, https:\/\/www.vape4wholesale.com\/wp-content\/uploads\/2025\/06\/Lavie-Twins-Max-70K-Puffs-Double-Flavors-Disposable-Wholesale-Vape-510x287.webp 510w, https:\/\/www.vape4wholesale.com\/wp-content\/uploads\/2025\/06\/Lavie-Twins-Max-70K-Puffs-Double-Flavors-Disposable-Wholesale-Vape-300x169.webp 300w, https:\/\/www.vape4wholesale.com\/wp-content\/uploads\/2025\/06\/Lavie-Twins-Max-70K-Puffs-Double-Flavors-Disposable-Wholesale-Vape-1024x576.webp 1024w, https:\/\/www.vape4wholesale.com\/wp-content\/uploads\/2025\/06\/Lavie-Twins-Max-70K-Puffs-Double-Flavors-Disposable-Wholesale-Vape-768x432.webp 768w, https:\/\/www.vape4wholesale.com\/wp-content\/uploads\/2025\/06\/Lavie-Twins-Max-70K-Puffs-Double-Flavors-Disposable-Wholesale-Vape-18x10.webp 18w, https:\/\/www.vape4wholesale.com\/wp-content\/uploads\/2025\/06\/Lavie-Twins-Max-70K-Puffs-Double-Flavors-Disposable-Wholesale-Vape-64x36.webp 64w\" sizes=\"auto, (max-width: 1100px) 100vw, 1100px\" \/><figcaption id=\"caption-attachment-22990\" class=\"wp-caption-text\">Lavie Twins Max 70K Puffs Double Flavors Jetable Wholesale Vape<\/figcaption><\/figure>\n<h2>POURQUOI NOUS ?<\/h2>\r\n<ul>\r\n<li>Une source de vape r\u00e9elle, digne de confiance et professionnelle.<\/li>\r\n<li>100% Garantie d'authenticit\u00e9 : Nous ne fournissons que des produits originaux et authentiques, nous refusons la contrefa\u00e7on.<\/li>\r\n<li>100% Garantie de livraison : Nous utilisons les meilleurs moyens de transport pour assurer la livraison de votre commande 100%.<\/li>\r\n<li>Nous vous communiquerons le num\u00e9ro de suivi et l'\u00e9tiquette d'exp\u00e9dition apr\u00e8s l'envoi, et nous suivrons les marchandises pour vous jusqu'\u00e0 ce que vous les signiez.<\/li>\r\n<li>Pas de probl\u00e8mes douaniers, pas de droits de douane<\/li>\r\n<\/ul>","protected":false},"excerpt":{"rendered":"<div class=\"wsppc_div_block woocommerce_before_add_to_cart_form\">\r\n<p><strong><span style=\"color: #00a859;\">Clear customs<\/span> before delivery &amp; 100% Delivery Guarantee, Delivery in 19~25 days around.\u00a0<\/strong><\/p>\r\n<\/div>","protected":false},"featured_media":23001,"comment_status":"open","ping_status":"closed","template":"","meta":[],"pwb-brand":[1277],"product_cat":[873],"product_tag":[22,24,37,1181,1182],"class_list":{"0":"post-23004","1":"product","2":"type-product","3":"status-publish","4":"has-post-thumbnail","6":"pwb-brand-lavie","7":"product_cat-above-20k-puffs","8":"product_tag-disposable","9":"product_tag-wholesale","10":"product_tag-lavie","11":"product_tag-70000-puffs","12":"product_tag-60-0ml","13":"wcpa_has_options","15":"first","16":"instock","17":"featured","18":"shipping-taxable","19":"purchasable","20":"product-type-variable"},"aioseo_notices":[],"brands":[{"id":1277,"name":"Lavie","slug":"lavie"}],"_links":{"self":[{"href":"https:\/\/www.vape4wholesale.com\/fr\/wp-json\/wp\/v2\/product\/23004","targetHints":{"allow":["GET"]}}],"collection":[{"href":"https:\/\/www.vape4wholesale.com\/fr\/wp-json\/wp\/v2\/product"}],"about":[{"href":"https:\/\/www.vape4wholesale.com\/fr\/wp-json\/wp\/v2\/types\/product"}],"replies":[{"embeddable":true,"href":"https:\/\/www.vape4wholesale.com\/fr\/wp-json\/wp\/v2\/comments?post=23004"}],"wp:featuredmedia":[{"embeddable":true,"href":"https:\/\/www.vape4wholesale.com\/fr\/wp-json\/wp\/v2\/media\/23001"}],"wp:attachment":[{"href":"https:\/\/www.vape4wholesale.com\/fr\/wp-json\/wp\/v2\/media?parent=23004"}],"wp:term":[{"taxonomy":"pwb-brand","embeddable":true,"href":"https:\/\/www.vape4wholesale.com\/fr\/wp-json\/wp\/v2\/pwb-brand?post=23004"},{"taxonomy":"product_cat","embeddable":true,"href":"https:\/\/www.vape4wholesale.com\/fr\/wp-json\/wp\/v2\/product_cat?post=23004"},{"taxonomy":"product_tag","embeddable":true,"href":"https:\/\/www.vape4wholesale.com\/fr\/wp-json\/wp\/v2\/product_tag?post=23004"}],"curies":[{"name":"wp","href":"https:\/\/api.w.org\/{rel}","templated":true}]}}