{"id":22419,"date":"2025-05-28T14:12:30","date_gmt":"2025-05-28T06:12:30","guid":{"rendered":"https:\/\/www.vape4wholesale.com\/?post_type=product&#038;p=22419"},"modified":"2026-01-26T13:39:03","modified_gmt":"2026-01-26T13:39:03","slug":"fizzy-nova-plus-40000-puffs-jetable-vape-wholesale","status":"publish","type":"product","link":"https:\/\/www.vape4wholesale.com\/fr\/product\/fizzy-nova-plus-40000-puffs-disposable-vape-wholesale","title":{"rendered":"Fizzy Nova Plus 40000 Puffs Vape jetable Wholesale"},"content":{"rendered":"<p class=\"ds-markdown-paragraph\"><a title=\"P\u00e9tillant\" href=\"https:\/\/www.vape4wholesale.com\/fr\/marque_du_produit\/petillant\/\" target=\"_blank\" rel=\"noopener\">P\u00e9tillant<\/a> Nova Plus 40000 bouff\u00e9es de vape jetable am\u00e9lior\u00e9e de la <a title=\"Fizzy Nova 20000 Puffs\" href=\"https:\/\/www.vape4wholesale.com\/fr\/produit\/fizzy-nova-20000-puffs-jetable-vape-wholesale\/\" target=\"_blank\" rel=\"noopener\">Nova 20K<\/a>Il combine une capacit\u00e9 exceptionnelle et une technologie de pointe. Avec un r\u00e9servoir d'e-liquide pr\u00e9-rempli de 40 ml et une batterie rechargeable de 850 mAh (via le port Type-C), il offre une capacit\u00e9 impressionnante de 40 000 bouff\u00e9es, parfaite pour un plaisir prolong\u00e9 sans remplacements fr\u00e9quents.<\/p>\n<p class=\"ds-markdown-paragraph\">Au-del\u00e0 de son endurance, le Fizzy Nova Plus am\u00e9liore le contr\u00f4le et la polyvalence. Le r\u00e9glage bi-mode (ECO &amp; BOOST) permet de passer en douceur d'une bouff\u00e9e \u00e9conome en \u00e9nergie \u00e0 un d\u00e9bit puissant, en fonction des humeurs et des besoins. De plus, le r\u00e9glage du flux d'air vous permet d'affiner votre tirage, que vous pr\u00e9f\u00e9riez un tirage serr\u00e9 de la bouche aux poumons ou une exp\u00e9rience a\u00e9r\u00e9e des poumons directs.<\/p>\n<p class=\"ds-markdown-paragraph\">Pour couronner le tout, la commodit\u00e9 rencontre l'innovation gr\u00e2ce \u00e0 l'\u00e9cran LED int\u00e9gr\u00e9, qui permet de contr\u00f4ler en temps r\u00e9el les niveaux d'e-liquide et l'\u00e9tat de la batterie. Compact mais dot\u00e9 de nombreuses fonctionnalit\u00e9s, le Fizzy Nova Plus est con\u00e7u pour les vapoteurs qui refusent tout compromis. Il offre une long\u00e9vit\u00e9, une personnalisation et des performances in\u00e9gal\u00e9es dans un seul appareil \u00e9l\u00e9gant.<\/p>\n<h2>Fizzy Nova Plus 40000 Puffs Vape jetable Quick Details<\/h2>\n<ul>\n<li>Bouff\u00e9es:40000 bouff\u00e9es<\/li>\n<li>Bobine de maille<\/li>\n<li>Mode r\u00e9glable : ECO &amp; BOOST<\/li>\n<li>Contr\u00f4le du d\u00e9bit d'air<\/li>\n<li>Eliquide : 40ml<\/li>\n<li>Batterie : 850 mAh<\/li>\n<li>Nicotine:2%\/ 5%<\/li>\n<li>Rechargeable:Type-C<\/li>\n<li>Affichage LED Niveau de batterie et d'Eliquide<\/li>\n<\/ul>\n<h2>Saveurs disponibles<\/h2>\n<p>1. Glace \u00e0 la fraise<br \/>\n2. Noix de coco aux myrtilles<br \/>\n3. Fraise Kiwi<br \/>\n4. Glace aux myrtilles<br \/>\n5. Glace \u00e0 la past\u00e8que<br \/>\n6. P\u00eache Mangue Past\u00e8que<br \/>\n7. Kiwi Fruit de la passion Goyave<br \/>\n8. Framboise-citron<br \/>\n9. Triple baie<br \/>\n10. Glace de p\u00eache<br \/>\n11. Raisin-citron vert<br \/>\n12. Blue Razz Lemonade<\/p>\n<h2>D\u00e9tails de l'emballage<\/h2>\n<p>Poids brut : 120g\/pc<br \/>\nTaille du produit : 52.5*24.5*104.3mm<br \/>\nQTY:180pcs\/ ctn,10pcs\/box<br \/>\nPoids : 22kg\/ctn<\/p>\n<figure id=\"attachment_22408\" aria-describedby=\"caption-attachment-22408\" style=\"width: 800px\" class=\"wp-caption alignnone\"><img loading=\"lazy\" decoding=\"async\" class=\"size-full wp-image-22408\" title=\"Fizzy Nova Plus 40000 Puffs Vape jetable Wholesale (1)\" src=\"https:\/\/www.vape4wholesale.com\/wp-content\/uploads\/2025\/05\/Fizzy-Nova-Plus-40000-Puffs-Disposable-Vape-Wholesale-1.jpg\" alt=\"Fizzy Nova Plus 40000 Puffs Vape jetable Wholesale (1)\" width=\"800\" height=\"800\" srcset=\"https:\/\/www.vape4wholesale.com\/wp-content\/uploads\/2025\/05\/Fizzy-Nova-Plus-40000-Puffs-Disposable-Vape-Wholesale-1.jpg 800w, https:\/\/www.vape4wholesale.com\/wp-content\/uploads\/2025\/05\/Fizzy-Nova-Plus-40000-Puffs-Disposable-Vape-Wholesale-1-247x247.jpg 247w, https:\/\/www.vape4wholesale.com\/wp-content\/uploads\/2025\/05\/Fizzy-Nova-Plus-40000-Puffs-Disposable-Vape-Wholesale-1-100x100.jpg 100w, https:\/\/www.vape4wholesale.com\/wp-content\/uploads\/2025\/05\/Fizzy-Nova-Plus-40000-Puffs-Disposable-Vape-Wholesale-1-510x510.jpg 510w, https:\/\/www.vape4wholesale.com\/wp-content\/uploads\/2025\/05\/Fizzy-Nova-Plus-40000-Puffs-Disposable-Vape-Wholesale-1-300x300.jpg 300w, https:\/\/www.vape4wholesale.com\/wp-content\/uploads\/2025\/05\/Fizzy-Nova-Plus-40000-Puffs-Disposable-Vape-Wholesale-1-150x150.jpg 150w, https:\/\/www.vape4wholesale.com\/wp-content\/uploads\/2025\/05\/Fizzy-Nova-Plus-40000-Puffs-Disposable-Vape-Wholesale-1-768x768.jpg 768w, https:\/\/www.vape4wholesale.com\/wp-content\/uploads\/2025\/05\/Fizzy-Nova-Plus-40000-Puffs-Disposable-Vape-Wholesale-1-12x12.jpg 12w, https:\/\/www.vape4wholesale.com\/wp-content\/uploads\/2025\/05\/Fizzy-Nova-Plus-40000-Puffs-Disposable-Vape-Wholesale-1-64x64.jpg 64w\" sizes=\"auto, (max-width: 800px) 100vw, 800px\" \/><figcaption id=\"caption-attachment-22408\" class=\"wp-caption-text\">Fizzy Nova Plus 40000 Puffs Vape jetable Wholesale<\/figcaption><\/figure>\n<h2>POURQUOI NOUS ?<\/h2>\r\n<ul>\r\n<li>Une source de vape r\u00e9elle, digne de confiance et professionnelle.<\/li>\r\n<li>100% Garantie d'authenticit\u00e9 : Nous ne fournissons que des produits originaux et authentiques, nous refusons la contrefa\u00e7on.<\/li>\r\n<li>100% Garantie de livraison : Nous utilisons les meilleurs moyens de transport pour assurer la livraison de votre commande 100%.<\/li>\r\n<li>Nous vous communiquerons le num\u00e9ro de suivi et l'\u00e9tiquette d'exp\u00e9dition apr\u00e8s l'envoi, et nous suivrons les marchandises pour vous jusqu'\u00e0 ce que vous les signiez.<\/li>\r\n<li>Pas de probl\u00e8mes douaniers, pas de droits de douane<\/li>\r\n<\/ul>","protected":false},"excerpt":{"rendered":"<p><b><span style=\"color: #00a859;\">Free shipping<\/span>\u00a0from Europe warehouse, 7-15 working days delivery time.<\/b><\/p>\r\n<div class=\"wsppc_div_block woocommerce_before_add_to_cart_form\">\r\n<p><strong>Clear customs before delivery &amp; 100% Delivery Guarantee<\/strong><\/p>\r\n<\/div>","protected":false},"featured_media":22465,"comment_status":"open","ping_status":"closed","template":"","meta":[],"pwb-brand":[1268],"product_cat":[938],"product_tag":[22,24,948,1016,1026],"class_list":{"0":"post-22419","1":"product","2":"type-product","3":"status-publish","4":"has-post-thumbnail","6":"pwb-brand-fizzy","7":"product_cat-europe-warehouse","8":"product_tag-disposable","9":"product_tag-wholesale","10":"product_tag-fizzy","11":"product_tag-40000-puffs","12":"product_tag-40-0ml","13":"product_shipping_class-eu-warehouse","14":"wcpa_has_options","16":"first","17":"instock","18":"featured","19":"shipping-taxable","20":"purchasable","21":"product-type-variable"},"aioseo_notices":[],"brands":[{"id":1268,"name":"P\u00e9tillant","slug":"petillant"}],"_links":{"self":[{"href":"https:\/\/www.vape4wholesale.com\/fr\/wp-json\/wp\/v2\/product\/22419","targetHints":{"allow":["GET"]}}],"collection":[{"href":"https:\/\/www.vape4wholesale.com\/fr\/wp-json\/wp\/v2\/product"}],"about":[{"href":"https:\/\/www.vape4wholesale.com\/fr\/wp-json\/wp\/v2\/types\/product"}],"replies":[{"embeddable":true,"href":"https:\/\/www.vape4wholesale.com\/fr\/wp-json\/wp\/v2\/comments?post=22419"}],"wp:featuredmedia":[{"embeddable":true,"href":"https:\/\/www.vape4wholesale.com\/fr\/wp-json\/wp\/v2\/media\/22465"}],"wp:attachment":[{"href":"https:\/\/www.vape4wholesale.com\/fr\/wp-json\/wp\/v2\/media?parent=22419"}],"wp:term":[{"taxonomy":"pwb-brand","embeddable":true,"href":"https:\/\/www.vape4wholesale.com\/fr\/wp-json\/wp\/v2\/pwb-brand?post=22419"},{"taxonomy":"product_cat","embeddable":true,"href":"https:\/\/www.vape4wholesale.com\/fr\/wp-json\/wp\/v2\/product_cat?post=22419"},{"taxonomy":"product_tag","embeddable":true,"href":"https:\/\/www.vape4wholesale.com\/fr\/wp-json\/wp\/v2\/product_tag?post=22419"}],"curies":[{"name":"wp","href":"https:\/\/api.w.org\/{rel}","templated":true}]}}