{"id":22135,"date":"2025-05-15T16:49:29","date_gmt":"2025-05-15T08:49:29","guid":{"rendered":"https:\/\/www.vape4wholesale.com\/?post_type=product&#038;p=22135"},"modified":"2026-01-26T13:39:05","modified_gmt":"2026-01-26T13:39:05","slug":"happ-bar-twin-pod-35000-jetable-vape","status":"publish","type":"product","link":"https:\/\/www.vape4wholesale.com\/fr\/produit\/happ-bar-twin-pod-35000-jetable-vape","title":{"rendered":"Happ Bar Twin Pod 35000 Vape jetable"},"content":{"rendered":"<p class=\"ds-markdown-paragraph\">Les <a title=\"Happ Bar\" href=\"https:\/\/www.vape4wholesale.com\/fr\/marque_du_produit\/joyeux-bar\/\"><strong>Happ Bar<\/strong> <\/a>Twin Pod 35000 Disposable Vape est le nec plus ultra des dispositifs \u00e0 double ar\u00f4me. Avec une capacit\u00e9 impressionnante de 35 000 bouff\u00e9es, cet appareil am\u00e9lior\u00e9 est dot\u00e9 de deux r\u00e9servoirs de 18 ml et d'un embout rotatif qui permet de passer d'un ar\u00f4me \u00e0 l'autre sans effort. Aliment\u00e9 par une batterie rechargeable Type-C de 650mAh et des bobines \u00e0 double mesh (1,0ohm), il offre une vapeur douce et riche et des performances durables.<\/p>\n<p class=\"ds-markdown-paragraph\">Il est propos\u00e9 avec des taux de nicotine de 2% et 5% pour le choix et un design d\u00e9grad\u00e9 \u00e9l\u00e9gant avec un \u00e9cran LED pour une exp\u00e9rience de vapotage styl\u00e9e. Le syst\u00e8me \u00e0 double r\u00e9servoir \u00e9limine le besoin d'utiliser plusieurs appareils, tandis que la capacit\u00e9 accrue d'e-liquide garantit une utilisation prolong\u00e9e. Parfait pour les vapoteurs qui recherchent la vari\u00e9t\u00e9 et la commodit\u00e9 sans compromettre la saveur ou la qualit\u00e9 de la vapeur.<\/p>\n<p class=\"ds-markdown-paragraph\">Con\u00e7u pour la portabilit\u00e9 et la performance, il allie l'innovation \u00e0 la praticit\u00e9. Son design accrocheur, sa longue dur\u00e9e de vie de la batterie et sa technologie \u00e0 double ar\u00f4me en font un choix exceptionnel pour vaper toute la journ\u00e9e. Am\u00e9liorez votre exp\u00e9rience d\u00e8s aujourd'hui avec cette vape jetable de grande capacit\u00e9 et dot\u00e9e de nombreuses fonctionnalit\u00e9s !<\/p>\n<h2 class=\"ds-markdown-paragraph\"><strong>Happ Bar Twin Pod 35000 Vape jetable Quick Details<\/strong><\/h2>\n<ul>\n<li>\n<p class=\"ds-markdown-paragraph\"><strong>Puffs :<\/strong>\u00a035,000<\/p>\n<\/li>\n<li>\n<p class=\"ds-markdown-paragraph\"><strong>Nicotine :<\/strong>\u00a02% ou 5% (en option)<\/p>\n<\/li>\n<li>\n<p class=\"ds-markdown-paragraph\"><strong>Batterie :<\/strong>\u00a0650mAh (Type-C rechargeable)<\/p>\n<\/li>\n<li>\n<p class=\"ds-markdown-paragraph\"><strong>Capacit\u00e9 d'e-liquide :<\/strong> 36ML-18mL + 18mL (double r\u00e9servoir)<\/p>\n<\/li>\n<li>\n<p class=\"ds-markdown-paragraph\"><strong>Bobine :<\/strong>\u00a0Dual Mesh (1.0ohm)<\/p>\n<\/li>\n<li>\n<p class=\"ds-markdown-paragraph\"><strong>Conception :<\/strong>\u00a0Couleurs d\u00e9grad\u00e9es + affichage LED<\/p>\n<\/li>\n<\/ul>\n<h2><strong>Pourquoi choisir Happ Bar Twin Pod 35000 ?<\/strong><\/h2>\n<ul>\n<li class=\"ds-markdown-paragraph\">Deux ar\u00f4mes dans un seul appareil - Passez d'un ar\u00f4me \u00e0 l'autre sans effort en tournant l'embout.<\/li>\n<li class=\"ds-markdown-paragraph\">Plus durable et plus \u00e9conomique - Une plus grande capacit\u00e9 d'e-juice signifie moins de remplacements.<\/li>\n<li class=\"ds-markdown-paragraph\">Hits doux et savoureux - Les bobines avanc\u00e9es \u00e0 double maille am\u00e9liorent la vapeur et le go\u00fbt.<\/li>\n<li class=\"ds-markdown-paragraph\">Design accrocheur - Se d\u00e9marquer avec une finition d\u00e9grad\u00e9e vibrante et un affichage LED.<\/li>\n<\/ul>\n<h2><strong>Saveurs disponibles<\/strong><\/h2>\n<ol>\n<li>Glace p\u00eache-mangue-ananas-fraise<\/li>\n<li>Limonade Blue Razz et glace \u00e0 la p\u00eache<\/li>\n<li>Fraise, kiwi et glace luxuriante<\/li>\n<li>Fondant \u00e0 la framboise et double pomme<\/li>\n<li>Glace \u00e0 la past\u00e8que et citron vert<\/li>\n<li>Glace \u00e0 la myrtille, \u00e0 la framboise, au citron et \u00e0 la cerise<\/li>\n<li>Fraise Vanille Coca &amp; Baies m\u00e9lang\u00e9es<\/li>\n<li>Chewing-gum \u00e0 la myrtille, \u00e0 la cerise, \u00e0 la canneberge et \u00e0 la past\u00e8que<\/li>\n<li>Fraise, banane et glace au cola<\/li>\n<li>Ananas, noix de coco et glace aux myrtilles<\/li>\n<li>Red Bull Ice &amp; Hami Melon<\/li>\n<li>Glace de raisin et p\u00eache de pomme<\/li>\n<\/ol>\n<figure id=\"attachment_22120\" aria-describedby=\"caption-attachment-22120\" style=\"width: 800px\" class=\"wp-caption alignnone\"><img loading=\"lazy\" decoding=\"async\" class=\"size-full wp-image-22120\" title=\"Happ Bar Twin Pod 35000 Blueberry Cherry Cranberry &amp; Watermelon Bubble Gum\" src=\"https:\/\/www.vape4wholesale.com\/wp-content\/uploads\/2025\/05\/Happ-Bar-Twin-Pod-35000-Blueberry-Cherry-Cranberry-Watermelon-Bubble-Gum.webp\" alt=\"Happ Bar Twin Pod 35000 Blueberry Cherry Cranberry &amp; Watermelon Bubble Gum\" width=\"800\" height=\"800\" srcset=\"https:\/\/www.vape4wholesale.com\/wp-content\/uploads\/2025\/05\/Happ-Bar-Twin-Pod-35000-Blueberry-Cherry-Cranberry-Watermelon-Bubble-Gum.webp 800w, https:\/\/www.vape4wholesale.com\/wp-content\/uploads\/2025\/05\/Happ-Bar-Twin-Pod-35000-Blueberry-Cherry-Cranberry-Watermelon-Bubble-Gum-247x247.webp 247w, https:\/\/www.vape4wholesale.com\/wp-content\/uploads\/2025\/05\/Happ-Bar-Twin-Pod-35000-Blueberry-Cherry-Cranberry-Watermelon-Bubble-Gum-100x100.webp 100w, https:\/\/www.vape4wholesale.com\/wp-content\/uploads\/2025\/05\/Happ-Bar-Twin-Pod-35000-Blueberry-Cherry-Cranberry-Watermelon-Bubble-Gum-510x510.webp 510w, https:\/\/www.vape4wholesale.com\/wp-content\/uploads\/2025\/05\/Happ-Bar-Twin-Pod-35000-Blueberry-Cherry-Cranberry-Watermelon-Bubble-Gum-300x300.webp 300w, https:\/\/www.vape4wholesale.com\/wp-content\/uploads\/2025\/05\/Happ-Bar-Twin-Pod-35000-Blueberry-Cherry-Cranberry-Watermelon-Bubble-Gum-150x150.webp 150w, https:\/\/www.vape4wholesale.com\/wp-content\/uploads\/2025\/05\/Happ-Bar-Twin-Pod-35000-Blueberry-Cherry-Cranberry-Watermelon-Bubble-Gum-768x768.webp 768w, https:\/\/www.vape4wholesale.com\/wp-content\/uploads\/2025\/05\/Happ-Bar-Twin-Pod-35000-Blueberry-Cherry-Cranberry-Watermelon-Bubble-Gum-12x12.webp 12w, https:\/\/www.vape4wholesale.com\/wp-content\/uploads\/2025\/05\/Happ-Bar-Twin-Pod-35000-Blueberry-Cherry-Cranberry-Watermelon-Bubble-Gum-64x64.webp 64w\" sizes=\"auto, (max-width: 800px) 100vw, 800px\" \/><figcaption id=\"caption-attachment-22120\" class=\"wp-caption-text\">Happ Bar Twin Pod 35000 Blueberry Cherry Cranberry &amp; Watermelon Bubble Gum<\/figcaption><\/figure>\n<h2>POURQUOI NOUS ?<\/h2>\r\n<ul>\r\n<li>Une source de vape r\u00e9elle, digne de confiance et professionnelle.<\/li>\r\n<li>100% Garantie d'authenticit\u00e9 : Nous ne fournissons que des produits originaux et authentiques, nous refusons la contrefa\u00e7on.<\/li>\r\n<li>100% Garantie de livraison : Nous utilisons les meilleurs moyens de transport pour assurer la livraison de votre commande 100%.<\/li>\r\n<li>Nous vous communiquerons le num\u00e9ro de suivi et l'\u00e9tiquette d'exp\u00e9dition apr\u00e8s l'envoi, et nous suivrons les marchandises pour vous jusqu'\u00e0 ce que vous les signiez.<\/li>\r\n<li>Pas de probl\u00e8mes douaniers, pas de droits de douane<\/li>\r\n<\/ul>","protected":false},"excerpt":{"rendered":"<p><b><span style=\"color: #00a859;\">Free shipping<\/span>\u00a0from Europe warehouse, 7-15 working days delivery time.<\/b><\/p>\r\n<div class=\"wsppc_div_block woocommerce_before_add_to_cart_form\">\r\n<p><strong>Clear customs before delivery &amp; 100% Delivery Guarantee<\/strong><\/p>\r\n<\/div>","protected":false},"featured_media":22122,"comment_status":"open","ping_status":"closed","template":"","meta":[],"pwb-brand":[1267],"product_cat":[938],"product_tag":[22,24,849,1023,1035],"class_list":{"0":"post-22135","1":"product","2":"type-product","3":"status-publish","4":"has-post-thumbnail","6":"pwb-brand-happ-bar","7":"product_cat-europe-warehouse","8":"product_tag-disposable","9":"product_tag-wholesale","10":"product_tag-36-0ml","11":"product_tag-35000-puffs","12":"product_tag-happ-bar","13":"product_shipping_class-eu-warehouse","14":"wcpa_has_options","16":"first","17":"instock","18":"featured","19":"shipping-taxable","20":"purchasable","21":"product-type-variable"},"aioseo_notices":[],"brands":[{"id":1267,"name":"Happ Bar","slug":"joyeux-bar"}],"_links":{"self":[{"href":"https:\/\/www.vape4wholesale.com\/fr\/wp-json\/wp\/v2\/product\/22135","targetHints":{"allow":["GET"]}}],"collection":[{"href":"https:\/\/www.vape4wholesale.com\/fr\/wp-json\/wp\/v2\/product"}],"about":[{"href":"https:\/\/www.vape4wholesale.com\/fr\/wp-json\/wp\/v2\/types\/product"}],"replies":[{"embeddable":true,"href":"https:\/\/www.vape4wholesale.com\/fr\/wp-json\/wp\/v2\/comments?post=22135"}],"wp:featuredmedia":[{"embeddable":true,"href":"https:\/\/www.vape4wholesale.com\/fr\/wp-json\/wp\/v2\/media\/22122"}],"wp:attachment":[{"href":"https:\/\/www.vape4wholesale.com\/fr\/wp-json\/wp\/v2\/media?parent=22135"}],"wp:term":[{"taxonomy":"pwb-brand","embeddable":true,"href":"https:\/\/www.vape4wholesale.com\/fr\/wp-json\/wp\/v2\/pwb-brand?post=22135"},{"taxonomy":"product_cat","embeddable":true,"href":"https:\/\/www.vape4wholesale.com\/fr\/wp-json\/wp\/v2\/product_cat?post=22135"},{"taxonomy":"product_tag","embeddable":true,"href":"https:\/\/www.vape4wholesale.com\/fr\/wp-json\/wp\/v2\/product_tag?post=22135"}],"curies":[{"name":"wp","href":"https:\/\/api.w.org\/{rel}","templated":true}]}}