{"id":21243,"date":"2025-04-06T18:29:57","date_gmt":"2025-04-06T10:29:57","guid":{"rendered":"https:\/\/www.vape4wholesale.com\/?post_type=product&#038;p=21243"},"modified":"2026-03-15T22:35:46","modified_gmt":"2026-03-15T14:35:46","slug":"fumot-tornado-25000-puffs-jetable-vape-wholesale","status":"publish","type":"product","link":"https:\/\/www.vape4wholesale.com\/fr\/produit\/fumot-tornado-25000-puffs-jetable-vape-wholesale","title":{"rendered":"Fumot Tornado 25000 bouff\u00e9es Vape jetable en gros"},"content":{"rendered":"<p>Le Fumot Tornado 25000 red\u00e9finit le vapotage jetable avec son \u00e9norme capacit\u00e9 d'e-liquide de 20 ml et ses 25 000 bouff\u00e9es. Con\u00e7u pour \u00eatre \u00e0 la fois pratique et performant, cet appareil avanc\u00e9 est dot\u00e9 d'une batterie rechargeable de 700mAh avec charge rapide Type-C, vous assurant de ne jamais \u00eatre \u00e0 court d'\u00e9nergie de mani\u00e8re inattendue. Les utilisateurs peuvent choisir parmi les options de taux de nicotine 0%, 2%, 3% ou 5%, toutes d\u00e9livr\u00e9es par un syst\u00e8me avanc\u00e9 de bobine \u00e0 double maille qui produit une saveur exceptionnellement riche et des nuages de vapeur denses.<\/p>\n<p>Ce qui distingue vraiment le Tornado 25000, c'est son \u00e9cran tactile TFT de 1,77 pouce, qui indique clairement les niveaux d'e-liquide en temps r\u00e9el et l'\u00e9tat de la batterie, pour un vapotage en toute s\u00e9r\u00e9nit\u00e9. Les commandes tactiles intuitives permettent d'ajuster facilement la puissance en seulement 3 clics, tandis que les 26 saveurs disponibles r\u00e9pondent \u00e0 toutes les pr\u00e9f\u00e9rences gustatives, des profils fruit\u00e9s aux profils inspir\u00e9s des desserts. Le design \u00e9l\u00e9gant et ergonomique allie portabilit\u00e9 et fonctionnalit\u00e9 haut de gamme, ce qui le rend id\u00e9al pour une utilisation tout au long de la journ\u00e9e, que vous soyez \u00e0 la maison ou \u00e0 l'ext\u00e9rieur.<\/p>\n<h2><strong>Fumot Tornado 25000 Vape jetable D\u00e9tails rapides<\/strong><\/h2>\n<ul>\n<li>0% 2% 3% 5% Nicotine<\/li>\n<li>Batterie rechargeable 700mah<\/li>\n<li>Bouff\u00e9es:25000 bouff\u00e9es<\/li>\n<li>Capacit\u00e9 : 20ml<\/li>\n<li>Interrupteur \u00e0 effleurement<\/li>\n<li>\u00c9cran TFT de 1,77<\/li>\n<li>Puissance R\u00e9gl\u00e9e en appuyant trois fois sur l'\u00e9cran tactile<\/li>\n<li>Afficheur avec indicateur d'huile et de batterie<\/li>\n<li>Port de type C<\/li>\n<li>26 saveurs disponibles<\/li>\n<li>Maille double<\/li>\n<\/ul>\n<h2><strong>Saveurs disponibles<\/strong><\/h2>\n<p>1. Banane glac\u00e9e<br \/>\n2. Past\u00e8que \u00e0 la fraise<br \/>\n3. Monnaie de Miami<br \/>\n4. Myrtille Framboise<br \/>\n5. Glace noire<br \/>\n6. Glace gommeuse blanche<br \/>\n7. Glace \u00e0 la past\u00e8que<br \/>\n8. P\u00eache juteuse glac\u00e9e<br \/>\n9. Limonade rose<br \/>\n10. Fraise Mangue<br \/>\n11. P\u00eache Mangue Past\u00e8que<br \/>\n12. Raisin Citron<br \/>\n13. L'explosion de l'arc-en-ciel tropical<br \/>\n14. Bombe \u00e0 la cerise<br \/>\n15. Bonbons \u00e0 la fraise et \u00e0 la menthe<br \/>\n16. Double pomme<br \/>\n17. Myrtille sur glace<br \/>\n18. Glace \u00e0 la fraise<br \/>\n19. Glace luxuriante<br \/>\n20. Glace \u00e0 l'ananas<br \/>\n21. Glace de raisin<br \/>\n22. Dr Blue<br \/>\n23. Kiwi Fruit de la passion Goyave<br \/>\n24. Cola \u00e0 la cerise<br \/>\n25. Menthe fra\u00eeche<br \/>\n26. Red Bull \u00e0 la fraise<\/p>\n<h2><strong>D\u00e9tails de l'emballage<\/strong><\/h2>\n<ul>\n<li>160 pi\u00e8ces dans un carton<\/li>\n<li>Chaque carton : 18,5 kg<\/li>\n<\/ul>\n<figure id=\"attachment_21274\" aria-describedby=\"caption-attachment-21274\" style=\"width: 800px\" class=\"wp-caption alignnone\"><img loading=\"lazy\" decoding=\"async\" class=\"size-full wp-image-21274\" title=\"Fumot Tornado 25000 bouff\u00e9es Vape jetable\" src=\"https:\/\/www.vape4wholesale.com\/wp-content\/uploads\/2025\/04\/Fumot-Tornado-25000-Puffs-Disposable-Vape.webp\" alt=\"Fumot Tornado 25000 bouff\u00e9es Vape jetable\" width=\"800\" height=\"800\" srcset=\"https:\/\/www.vape4wholesale.com\/wp-content\/uploads\/2025\/04\/Fumot-Tornado-25000-Puffs-Disposable-Vape.webp 800w, https:\/\/www.vape4wholesale.com\/wp-content\/uploads\/2025\/04\/Fumot-Tornado-25000-Puffs-Disposable-Vape-247x247.webp 247w, https:\/\/www.vape4wholesale.com\/wp-content\/uploads\/2025\/04\/Fumot-Tornado-25000-Puffs-Disposable-Vape-100x100.webp 100w, https:\/\/www.vape4wholesale.com\/wp-content\/uploads\/2025\/04\/Fumot-Tornado-25000-Puffs-Disposable-Vape-510x510.webp 510w\" sizes=\"auto, (max-width: 800px) 100vw, 800px\" \/><figcaption id=\"caption-attachment-21274\" class=\"wp-caption-text\">Fumot Tornado 25000 bouff\u00e9es Vape jetable<\/figcaption><\/figure>\n<h2>POURQUOI NOUS ?<\/h2>\r\n<ul>\r\n<li>Une source de vape r\u00e9elle, digne de confiance et professionnelle.<\/li>\r\n<li>100% Garantie d'authenticit\u00e9 : Nous ne fournissons que des produits originaux et authentiques, nous refusons la contrefa\u00e7on.<\/li>\r\n<li>100% Garantie de livraison : Nous utilisons les meilleurs moyens de transport pour assurer la livraison de votre commande 100%.<\/li>\r\n<li>Nous vous communiquerons le num\u00e9ro de suivi et l'\u00e9tiquette d'exp\u00e9dition apr\u00e8s l'envoi, et nous suivrons les marchandises pour vous jusqu'\u00e0 ce que vous les signiez.<\/li>\r\n<li>Pas de probl\u00e8mes douaniers, pas de droits de douane<\/li>\r\n<\/ul>","protected":false},"excerpt":{"rendered":"<div class=\"wsppc_div_block woocommerce_before_add_to_cart_form\">\r\n<p><strong><span style=\"color: #00a859;\">Clear customs<\/span> before delivery &amp; 100% Delivery Guarantee, Delivery in 19~25 days around.\u00a0<\/strong><\/p>\r\n<\/div>","protected":false},"featured_media":21271,"comment_status":"open","ping_status":"closed","template":"","meta":[],"pwb-brand":[1269],"product_cat":[873],"product_tag":[22,24,172,592,915],"class_list":{"0":"post-21243","1":"product","2":"type-product","3":"status-publish","4":"has-post-thumbnail","6":"pwb-brand-fumot","7":"product_cat-above-20k-puffs","8":"product_tag-disposable","9":"product_tag-wholesale","10":"product_tag-20-0ml","11":"product_tag-fumot","12":"product_tag-25000-puffs","13":"wcpa_has_options","15":"first","16":"instock","17":"featured","18":"shipping-taxable","19":"purchasable","20":"product-type-variable"},"aioseo_notices":[],"brands":[{"id":1269,"name":"Fumot","slug":"fumot"}],"_links":{"self":[{"href":"https:\/\/www.vape4wholesale.com\/fr\/wp-json\/wp\/v2\/product\/21243","targetHints":{"allow":["GET"]}}],"collection":[{"href":"https:\/\/www.vape4wholesale.com\/fr\/wp-json\/wp\/v2\/product"}],"about":[{"href":"https:\/\/www.vape4wholesale.com\/fr\/wp-json\/wp\/v2\/types\/product"}],"replies":[{"embeddable":true,"href":"https:\/\/www.vape4wholesale.com\/fr\/wp-json\/wp\/v2\/comments?post=21243"}],"wp:featuredmedia":[{"embeddable":true,"href":"https:\/\/www.vape4wholesale.com\/fr\/wp-json\/wp\/v2\/media\/21271"}],"wp:attachment":[{"href":"https:\/\/www.vape4wholesale.com\/fr\/wp-json\/wp\/v2\/media?parent=21243"}],"wp:term":[{"taxonomy":"pwb-brand","embeddable":true,"href":"https:\/\/www.vape4wholesale.com\/fr\/wp-json\/wp\/v2\/pwb-brand?post=21243"},{"taxonomy":"product_cat","embeddable":true,"href":"https:\/\/www.vape4wholesale.com\/fr\/wp-json\/wp\/v2\/product_cat?post=21243"},{"taxonomy":"product_tag","embeddable":true,"href":"https:\/\/www.vape4wholesale.com\/fr\/wp-json\/wp\/v2\/product_tag?post=21243"}],"curies":[{"name":"wp","href":"https:\/\/api.w.org\/{rel}","templated":true}]}}