{"id":20283,"date":"2025-02-26T13:55:39","date_gmt":"2025-02-26T05:55:39","guid":{"rendered":"https:\/\/www.vape4wholesale.com\/?post_type=product&#038;p=20283"},"modified":"2026-01-27T15:43:12","modified_gmt":"2026-01-27T15:43:12","slug":"uwin-crystal-twins-40k-jetable-vape-wholesale","status":"publish","type":"product","link":"https:\/\/www.vape4wholesale.com\/fr\/produit\/uwin-crystal-twins-40k-jetable-vape-wholesale","title":{"rendered":"Uwin Crystal Twins 40K Vape jetable en gros"},"content":{"rendered":"<p>Les\u00a0<a title=\"Uwin\" href=\"https:\/\/www.vape4wholesale.com\/fr\/marque_du_produit\/uwin\/\" target=\"_blank\" rel=\"noopener\">Uwin<\/a> Crystal Twins 40K red\u00e9finit l'exp\u00e9rience de la vape jetable gr\u00e2ce \u00e0 son embout rotatif r\u00e9volutionnaire, qui permet aux utilisateurs de passer en toute transparence d'un ar\u00f4me \u00e0 l'autre dans un seul et m\u00eame appareil. Ce design innovant n'ajoute pas seulement de la polyvalence, mais garantit \u00e9galement une exp\u00e9rience de vapotage fra\u00eeche et excitante \u00e0 chaque fois. Que vous ayez envie d'une explosion fruit\u00e9e ou d'une douceur cr\u00e9meuse, cet appareil r\u00e9pond \u00e0 vos pr\u00e9f\u00e9rences sans effort. Avec une capacit\u00e9 de 40 000 bouff\u00e9es et un volume g\u00e9n\u00e9reux de 30 ml d'e-liquide, il est con\u00e7u pour offrir une satisfaction durable sans compromis.<\/p>\n<p>Con\u00e7ue pour \u00eatre \u00e0 la fois performante et pratique, la Uwin Crystal Twins 40K est aliment\u00e9e par une batterie rechargeable au cobalt de 850mAh dot\u00e9e d'un port Type-C pour une recharge rapide et efficace. Associ\u00e9 \u00e0 un coil mesh de 0,6 ohm, il garantit une production de vapeur fluide et constante, ainsi qu'une livraison de saveurs riches. Disponible dans les taux de nicotine 0%, 2%, 3% et 5%, cet appareil r\u00e9pond \u00e0 un large \u00e9ventail de pr\u00e9f\u00e9rences, ce qui le rend id\u00e9al pour les utilisateurs occasionnels et les vapoteurs chevronn\u00e9s. De plus, avec un choix de 12 saveurs all\u00e9chantes, il y en a pour tous les go\u00fbts.<\/p>\n<p>Parfait pour les acheteurs en gros, l'Uwin Crystal Twins 40K est pr\u00e9sent\u00e9 dans un emballage pratique, avec 10 pi\u00e8ces par bo\u00eete et 160 pi\u00e8ces par carton (18,5 kg par carton). La combinaison d'un design innovant, de performances haut de gamme et d'un rapport qualit\u00e9-prix exceptionnel en fait un choix de premier ordre pour les d\u00e9taillants et les amateurs de vapotage. Am\u00e9liorez votre exp\u00e9rience de vapotage d\u00e8s aujourd'hui avec les Uwin Crystal Twins 40K - o\u00f9 les doubles saveurs rencontrent une commodit\u00e9 in\u00e9gal\u00e9e.<\/p>\n<h2>Uwin Crystal Twins 40K Vape jetable Caract\u00e9ristiques principales<\/h2>\n<ul>\n<li>Syst\u00e8me \u00e0 double ar\u00f4me : Tournez l'embout pour profiter de deux ar\u00f4mes diff\u00e9rents dans un seul appareil.<\/li>\n<li>Nombre massif de bouff\u00e9es : D\u00e9livre jusqu'\u00e0 40 000 bouff\u00e9es, garantissant un plaisir durable.<\/li>\n<li>Capacit\u00e9 g\u00e9n\u00e9reuse en e-liquide : \u00c9quip\u00e9 d'une capacit\u00e9 de 30 ml d'e-liquide pour une utilisation prolong\u00e9e.<\/li>\n<li>Batterie rechargeable : Aliment\u00e9 par une batterie rechargeable au cobalt de 850mAh avec un port Type-C pour un chargement rapide et pratique.<\/li>\n<li>Bobine mesh avanc\u00e9e : Comprend une bobine de 0,6 ohm pour une production de vapeur homog\u00e8ne et r\u00e9guli\u00e8re.<\/li>\n<li>Plusieurs options de nicotine : Disponible en 0%, 2%, 3% et 5% pour r\u00e9pondre \u00e0 vos pr\u00e9f\u00e9rences.<\/li>\n<li>Large choix d'ar\u00f4mes : Choisissez parmi 12 saveurs passionnantes pour r\u00e9pondre \u00e0 vos go\u00fbts.<\/li>\n<\/ul>\n<h2>Saveurs disponibles<\/h2>\n<ul>\n<li>1. myrtille sur glace\/ p\u00eache d'\u00e9t\u00e9 sur glace<\/li>\n<li>2. kiwi fruit de la passion goyave\/ myrtille framboise<\/li>\n<li>3. fraise, kiwi, raisin glac\u00e9<\/li>\n<li>4. kiwi fruit de la passion goyave\/ deux pommes<\/li>\n<li>5. fraise past\u00e8que\/ citron citron vert<\/li>\n<li>6. myrtille framboise\/ cerise glace<\/li>\n<li>7.fraise framboise cerise\/ M. bleu<\/li>\n<li>8. p\u00eache mangue ananas\/ Red Bull<\/li>\n<li>9. past\u00e8que glac\u00e9e\/ baies m\u00e9lang\u00e9es<\/li>\n<li>10. fraise banane\/ amour 66\uff08Passion Fruit Melon Ice\uff09<\/li>\n<\/ul>\n<h2><strong>D\u00e9tails de l'emballage<\/strong><\/h2>\n<ol>\n<li>10 pi\u00e8ces par bo\u00eete<\/li>\n<li>160 pi\u00e8ces par carton<\/li>\n<li>Poids du carton : 18,5 kg<\/li>\n<\/ol>\n<figure id=\"attachment_20293\" aria-describedby=\"caption-attachment-20293\" style=\"width: 800px\" class=\"wp-caption alignnone\"><img loading=\"lazy\" decoding=\"async\" class=\"size-full wp-image-20293\" title=\"Uwin Crystal Twins 40K Vape jetable Fraise Kiwi Raisin Glace\" src=\"https:\/\/www.vape4wholesale.com\/wp-content\/uploads\/2025\/02\/Uwin-Crystal-Twins-40K-Disposable-Vape-Strawberry-Kiwi_Grape-Ice.webp\" alt=\"Uwin Crystal Twins 40K Vape jetable Fraise Kiwi Raisin Glace\" width=\"800\" height=\"800\" srcset=\"https:\/\/www.vape4wholesale.com\/wp-content\/uploads\/2025\/02\/Uwin-Crystal-Twins-40K-Disposable-Vape-Strawberry-Kiwi_Grape-Ice.webp 800w, https:\/\/www.vape4wholesale.com\/wp-content\/uploads\/2025\/02\/Uwin-Crystal-Twins-40K-Disposable-Vape-Strawberry-Kiwi_Grape-Ice-247x247.webp 247w, https:\/\/www.vape4wholesale.com\/wp-content\/uploads\/2025\/02\/Uwin-Crystal-Twins-40K-Disposable-Vape-Strawberry-Kiwi_Grape-Ice-100x100.webp 100w, https:\/\/www.vape4wholesale.com\/wp-content\/uploads\/2025\/02\/Uwin-Crystal-Twins-40K-Disposable-Vape-Strawberry-Kiwi_Grape-Ice-510x510.webp 510w, https:\/\/www.vape4wholesale.com\/wp-content\/uploads\/2025\/02\/Uwin-Crystal-Twins-40K-Disposable-Vape-Strawberry-Kiwi_Grape-Ice-64x64.webp 64w, https:\/\/www.vape4wholesale.com\/wp-content\/uploads\/2025\/02\/Uwin-Crystal-Twins-40K-Disposable-Vape-Strawberry-Kiwi_Grape-Ice-300x300.webp 300w, https:\/\/www.vape4wholesale.com\/wp-content\/uploads\/2025\/02\/Uwin-Crystal-Twins-40K-Disposable-Vape-Strawberry-Kiwi_Grape-Ice-150x150.webp 150w, https:\/\/www.vape4wholesale.com\/wp-content\/uploads\/2025\/02\/Uwin-Crystal-Twins-40K-Disposable-Vape-Strawberry-Kiwi_Grape-Ice-768x768.webp 768w, https:\/\/www.vape4wholesale.com\/wp-content\/uploads\/2025\/02\/Uwin-Crystal-Twins-40K-Disposable-Vape-Strawberry-Kiwi_Grape-Ice-12x12.webp 12w\" sizes=\"auto, (max-width: 800px) 100vw, 800px\" \/><figcaption id=\"caption-attachment-20293\" class=\"wp-caption-text\">Uwin Crystal Twins 40K Vape jetable en gros<\/figcaption><\/figure>\n<figure id=\"attachment_20294\" aria-describedby=\"caption-attachment-20294\" style=\"width: 905px\" class=\"wp-caption alignnone\"><img loading=\"lazy\" decoding=\"async\" class=\"size-large wp-image-20294\" title=\"Uwin Crystal Twins 40K Vape jetable en gros\" src=\"https:\/\/www.vape4wholesale.com\/wp-content\/uploads\/2025\/02\/Uwin-Crystal-Twins-40K-Disposable-Vape-Wholesale-905x1024.webp\" alt=\"Uwin Crystal Twins 40K Vape jetable en gros\" width=\"905\" height=\"1024\" srcset=\"https:\/\/www.vape4wholesale.com\/wp-content\/uploads\/2025\/02\/Uwin-Crystal-Twins-40K-Disposable-Vape-Wholesale-905x1024.webp 905w, https:\/\/www.vape4wholesale.com\/wp-content\/uploads\/2025\/02\/Uwin-Crystal-Twins-40K-Disposable-Vape-Wholesale-510x577.webp 510w, https:\/\/www.vape4wholesale.com\/wp-content\/uploads\/2025\/02\/Uwin-Crystal-Twins-40K-Disposable-Vape-Wholesale-64x72.webp 64w, https:\/\/www.vape4wholesale.com\/wp-content\/uploads\/2025\/02\/Uwin-Crystal-Twins-40K-Disposable-Vape-Wholesale-265x300.webp 265w, https:\/\/www.vape4wholesale.com\/wp-content\/uploads\/2025\/02\/Uwin-Crystal-Twins-40K-Disposable-Vape-Wholesale-768x869.webp 768w, https:\/\/www.vape4wholesale.com\/wp-content\/uploads\/2025\/02\/Uwin-Crystal-Twins-40K-Disposable-Vape-Wholesale-11x12.webp 11w, https:\/\/www.vape4wholesale.com\/wp-content\/uploads\/2025\/02\/Uwin-Crystal-Twins-40K-Disposable-Vape-Wholesale.webp 1000w\" sizes=\"auto, (max-width: 905px) 100vw, 905px\" \/><figcaption id=\"caption-attachment-20294\" class=\"wp-caption-text\">Uwin Crystal Twins 40K Vape jetable en gros<\/figcaption><\/figure>\n<h2>POURQUOI NOUS ?<\/h2>\r\n<ul>\r\n<li>Une source de vape r\u00e9elle, digne de confiance et professionnelle.<\/li>\r\n<li>100% Garantie d'authenticit\u00e9 : Nous ne fournissons que des produits originaux et authentiques, nous refusons la contrefa\u00e7on.<\/li>\r\n<li>100% Garantie de livraison : Nous utilisons les meilleurs moyens de transport pour assurer la livraison de votre commande 100%.<\/li>\r\n<li>Nous vous communiquerons le num\u00e9ro de suivi et l'\u00e9tiquette d'exp\u00e9dition apr\u00e8s l'envoi, et nous suivrons les marchandises pour vous jusqu'\u00e0 ce que vous les signiez.<\/li>\r\n<li>Pas de probl\u00e8mes douaniers, pas de droits de douane<\/li>\r\n<\/ul>","protected":false},"excerpt":{"rendered":"<div class=\"wsppc_div_block woocommerce_before_add_to_cart_form\">\r\n<p><strong><span style=\"color: #00a859;\">Clear customs<\/span> before delivery &amp; 100% Delivery Guarantee, Delivery in 19~25 days around.\u00a0<\/strong><\/p>\r\n<\/div>","protected":false},"featured_media":20288,"comment_status":"open","ping_status":"closed","template":"","meta":[],"pwb-brand":[1274],"product_cat":[873],"product_tag":[683,936,1016,22,24],"class_list":{"0":"post-20283","1":"product","2":"type-product","3":"status-publish","4":"has-post-thumbnail","6":"pwb-brand-uwin","7":"product_cat-above-20k-puffs","8":"product_tag-30-0ml","9":"product_tag-uwin","10":"product_tag-40000-puffs","11":"product_tag-disposable","12":"product_tag-wholesale","13":"wcpa_has_options","15":"first","16":"instock","17":"featured","18":"shipping-taxable","19":"purchasable","20":"product-type-variable"},"aioseo_notices":[],"brands":[{"id":1274,"name":"Uwin","slug":"uwin"}],"_links":{"self":[{"href":"https:\/\/www.vape4wholesale.com\/fr\/wp-json\/wp\/v2\/product\/20283","targetHints":{"allow":["GET"]}}],"collection":[{"href":"https:\/\/www.vape4wholesale.com\/fr\/wp-json\/wp\/v2\/product"}],"about":[{"href":"https:\/\/www.vape4wholesale.com\/fr\/wp-json\/wp\/v2\/types\/product"}],"replies":[{"embeddable":true,"href":"https:\/\/www.vape4wholesale.com\/fr\/wp-json\/wp\/v2\/comments?post=20283"}],"wp:featuredmedia":[{"embeddable":true,"href":"https:\/\/www.vape4wholesale.com\/fr\/wp-json\/wp\/v2\/media\/20288"}],"wp:attachment":[{"href":"https:\/\/www.vape4wholesale.com\/fr\/wp-json\/wp\/v2\/media?parent=20283"}],"wp:term":[{"taxonomy":"pwb-brand","embeddable":true,"href":"https:\/\/www.vape4wholesale.com\/fr\/wp-json\/wp\/v2\/pwb-brand?post=20283"},{"taxonomy":"product_cat","embeddable":true,"href":"https:\/\/www.vape4wholesale.com\/fr\/wp-json\/wp\/v2\/product_cat?post=20283"},{"taxonomy":"product_tag","embeddable":true,"href":"https:\/\/www.vape4wholesale.com\/fr\/wp-json\/wp\/v2\/product_tag?post=20283"}],"curies":[{"name":"wp","href":"https:\/\/api.w.org\/{rel}","templated":true}]}}