{"id":18888,"date":"2025-01-07T12:11:21","date_gmt":"2025-01-07T04:11:21","guid":{"rendered":"https:\/\/www.vape4wholesale.com\/?post_type=product&#038;p=18888"},"modified":"2026-04-14T15:44:39","modified_gmt":"2026-04-14T07:44:39","slug":"happ-bar-ck36000-jetable-vape-wholesale","status":"publish","type":"product","link":"https:\/\/www.vape4wholesale.com\/fr\/product\/happ-bar-ck36000-disposable-vape-wholesale","title":{"rendered":"Happ Bar CK36000 Vape jetable Vente en gros"},"content":{"rendered":"<p>Les <a title=\"Happ Bar\" href=\"https:\/\/www.vape4wholesale.com\/fr\/marque_du_produit\/joyeux-bar\/\">Happ Bar<\/a> Le CK36000 est une vape jetable esth\u00e9tiquement agr\u00e9able avec une forme triangulaire et une bande noire qui court de haut en bas avec un \u00e9cran cach\u00e9 dans la section centrale de l'appareil, ce qui lui donne un aspect distinctif.<\/p>\n<p>Il est \u00e9quip\u00e9 d'une batterie rechargeable de 650mAh et d'un pod surdimensionn\u00e9 de 40ml qui permet \u00e0 cet appareil de supporter jusqu'\u00e0 36 000 bouff\u00e9es.<\/p>\n<p>Il est disponible dans les taux de nicotine 2% et 5%, et il y a 13 ar\u00f4mes diff\u00e9rents \u00e0 choisir.<\/p>\n<h2>Barre Happ CK36000 Quick Detail<\/h2>\n<ul>\n<li>Bouff\u00e9es : Jusqu'\u00e0 36 000<\/li>\n<li>Teneur en nicotine : 2%, 5%<\/li>\n<li>Capacit\u00e9 de la batterie : 650mAh<\/li>\n<li>Port de charge : Typpe C<\/li>\n<li>R\u00e9sistance : 1,0 ohm<\/li>\n<li>Capacit\u00e9 d'Eliquide : 40ml<\/li>\n<\/ul>\n<h2>Saveurs disponibles<\/h2>\n<ol>\n<li>Glace \u00e0 la cerise<\/li>\n<li>Cola Ice<\/li>\n<li>Citron vert<\/li>\n<li>Amour 66<\/li>\n<li>Mamba<\/li>\n<li>M. Bleu<\/li>\n<li>Glace \u00e0 la p\u00eache<\/li>\n<li>Pomme acide<\/li>\n<li>Fraise et banane<\/li>\n<li>Glace \u00e0 la fraise<\/li>\n<li>Fraise Kiwi<\/li>\n<li>Coca-Cola \u00e0 la fraise et \u00e0 la vanille<\/li>\n<li>Glace \u00e0 la past\u00e8que<\/li>\n<li>Kiwi Fruit de la passion<\/li>\n<li>Myrtille Groseille<\/li>\n<li>P\u00eache Myrtille<\/li>\n<\/ol>\n<figure id=\"attachment_18791\" aria-describedby=\"caption-attachment-18791\" style=\"width: 800px\" class=\"wp-caption alignnone\"><img loading=\"lazy\" decoding=\"async\" class=\"wp-image-18791 size-full\" title=\"Happ Bar CK36000 Vape jetable Vente en gros\" src=\"https:\/\/www.vape4wholesale.com\/wp-content\/uploads\/2025\/01\/Happ-Bar-CK36000-Disposable-Vape-Wholesale.webp\" alt=\"Happ Bar CK36000 Vape jetable Vente en gros\" width=\"800\" height=\"800\" srcset=\"https:\/\/www.vape4wholesale.com\/wp-content\/uploads\/2025\/01\/Happ-Bar-CK36000-Disposable-Vape-Wholesale.webp 800w, https:\/\/www.vape4wholesale.com\/wp-content\/uploads\/2025\/01\/Happ-Bar-CK36000-Disposable-Vape-Wholesale-247x247.webp 247w, https:\/\/www.vape4wholesale.com\/wp-content\/uploads\/2025\/01\/Happ-Bar-CK36000-Disposable-Vape-Wholesale-100x100.webp 100w, https:\/\/www.vape4wholesale.com\/wp-content\/uploads\/2025\/01\/Happ-Bar-CK36000-Disposable-Vape-Wholesale-510x510.webp 510w, https:\/\/www.vape4wholesale.com\/wp-content\/uploads\/2025\/01\/Happ-Bar-CK36000-Disposable-Vape-Wholesale-64x64.webp 64w, https:\/\/www.vape4wholesale.com\/wp-content\/uploads\/2025\/01\/Happ-Bar-CK36000-Disposable-Vape-Wholesale-300x300.webp 300w, https:\/\/www.vape4wholesale.com\/wp-content\/uploads\/2025\/01\/Happ-Bar-CK36000-Disposable-Vape-Wholesale-150x150.webp 150w, https:\/\/www.vape4wholesale.com\/wp-content\/uploads\/2025\/01\/Happ-Bar-CK36000-Disposable-Vape-Wholesale-768x768.webp 768w, https:\/\/www.vape4wholesale.com\/wp-content\/uploads\/2025\/01\/Happ-Bar-CK36000-Disposable-Vape-Wholesale-12x12.webp 12w\" sizes=\"auto, (max-width: 800px) 100vw, 800px\" \/><figcaption id=\"caption-attachment-18791\" class=\"wp-caption-text\">Happ Bar CK36000 Vape jetable Vente en gros<\/figcaption><\/figure>\n<h2>POURQUOI NOUS ?<\/h2>\r\n<ul>\r\n<li>Une source de vape r\u00e9elle, digne de confiance et professionnelle.<\/li>\r\n<li>100% Garantie d'authenticit\u00e9 : Nous ne fournissons que des produits originaux et authentiques, nous refusons la contrefa\u00e7on.<\/li>\r\n<li>100% Garantie de livraison : Nous utilisons les meilleurs moyens de transport pour assurer la livraison de votre commande 100%.<\/li>\r\n<li>Nous vous communiquerons le num\u00e9ro de suivi et l'\u00e9tiquette d'exp\u00e9dition apr\u00e8s l'envoi, et nous suivrons les marchandises pour vous jusqu'\u00e0 ce que vous les signiez.<\/li>\r\n<li>Pas de probl\u00e8mes douaniers, pas de droits de douane<\/li>\r\n<\/ul>","protected":false},"excerpt":{"rendered":"<p><span style=\"color: #00a859;\"><strong>Ce produit a \u00e9t\u00e9 mis \u00e0 jour en 40K Puffs et renomm\u00e9 CK40000. Si vous achetez par ce lien, nous vous enverrons la derni\u00e8re version 40K.<\/strong><\/span><\/p>\n<p><b><span style=\"color: #00a859;\">Livraison gratuite<\/span>\u00a0depuis l'entrep\u00f4t europ\u00e9en, d\u00e9lai de livraison de 7 \u00e0 15 jours ouvrables.<\/b><\/p>\r\n<div class=\"wsppc_div_block woocommerce_before_add_to_cart_form\">\r\n<p><strong>D\u00e9douanement avant livraison &amp; Garantie de livraison \u00e0 100%<\/strong><\/p>\r\n<\/div>","protected":false},"featured_media":18796,"comment_status":"open","ping_status":"closed","template":"","meta":[],"pwb-brand":[1267],"product_cat":[938],"product_tag":[988,1026,1035,22,24],"class_list":{"0":"post-18888","1":"product","2":"type-product","3":"status-publish","4":"has-post-thumbnail","6":"pwb-brand-happ-bar","7":"product_cat-europe-warehouse","8":"product_tag-36000-puffs","9":"product_tag-40-0ml","10":"product_tag-happ-bar","11":"product_tag-disposable","12":"product_tag-wholesale","13":"product_shipping_class-eu-warehouse","14":"wcpa_has_options","16":"first","17":"instock","18":"featured","19":"shipping-taxable","20":"purchasable","21":"product-type-variable"},"aioseo_notices":[],"brands":[{"id":1267,"name":"Happ Bar","slug":"joyeux-bar"}],"_links":{"self":[{"href":"https:\/\/www.vape4wholesale.com\/fr\/wp-json\/wp\/v2\/product\/18888","targetHints":{"allow":["GET"]}}],"collection":[{"href":"https:\/\/www.vape4wholesale.com\/fr\/wp-json\/wp\/v2\/product"}],"about":[{"href":"https:\/\/www.vape4wholesale.com\/fr\/wp-json\/wp\/v2\/types\/product"}],"replies":[{"embeddable":true,"href":"https:\/\/www.vape4wholesale.com\/fr\/wp-json\/wp\/v2\/comments?post=18888"}],"wp:featuredmedia":[{"embeddable":true,"href":"https:\/\/www.vape4wholesale.com\/fr\/wp-json\/wp\/v2\/media\/18796"}],"wp:attachment":[{"href":"https:\/\/www.vape4wholesale.com\/fr\/wp-json\/wp\/v2\/media?parent=18888"}],"wp:term":[{"taxonomy":"pwb-brand","embeddable":true,"href":"https:\/\/www.vape4wholesale.com\/fr\/wp-json\/wp\/v2\/pwb-brand?post=18888"},{"taxonomy":"product_cat","embeddable":true,"href":"https:\/\/www.vape4wholesale.com\/fr\/wp-json\/wp\/v2\/product_cat?post=18888"},{"taxonomy":"product_tag","embeddable":true,"href":"https:\/\/www.vape4wholesale.com\/fr\/wp-json\/wp\/v2\/product_tag?post=18888"}],"curies":[{"name":"wp","href":"https:\/\/api.w.org\/{rel}","templated":true}]}}