{"id":18856,"date":"2025-01-07T11:31:25","date_gmt":"2025-01-07T03:31:25","guid":{"rendered":"https:\/\/www.vape4wholesale.com\/?post_type=product&#038;p=18856"},"modified":"2026-01-27T13:49:54","modified_gmt":"2026-01-27T13:49:54","slug":"happ-bar-gr20000-jetable-vape-wholesale","status":"publish","type":"product","link":"https:\/\/www.vape4wholesale.com\/fr\/produit\/happ-bar-gr20000-jetable-vape-wholesale","title":{"rendered":"Happ Bar GR20000 Vape jetable Vente en gros"},"content":{"rendered":"<p>Les <a title=\"Happ Bar\" href=\"https:\/\/www.vape4wholesale.com\/fr\/marque_du_produit\/joyeux-bar\/\">Happ Bar<\/a> GR20000 est un vaporisateur jetable au design unique. Il int\u00e8gre 25 ml d'eliquide et une batterie rechargeable de 650 mAh, qui peut supporter jusqu'\u00e0 20 000 bouff\u00e9es.<\/p>\n<p>Il est \u00e9quip\u00e9 d'un petit \u00e9cran qui indique avec pr\u00e9cision la puissance actuelle de la batterie et l'eliquide restant. Il a un look tr\u00e8s unique avec un design moul\u00e9 bicolore et un corps ergonomique. En attendant, il utilise une nouvelle g\u00e9n\u00e9ration de mesh coil, ce qui fait du GR2000 une meilleure exp\u00e9rience et un meilleur go\u00fbt.<\/p>\n<h2>Happ Bar GR20000 Vape jetable Quick Detail<\/h2>\n<ul>\n<li>Bouff\u00e9es : Jusqu'\u00e0 20 000<\/li>\n<li>Teneur en nicotine : 2%, 5%<\/li>\n<li>Capacit\u00e9 de la batterie : 650mAh<\/li>\n<li>Port de charge : Typpe C<\/li>\n<li>R\u00e9sistance : 1,0 ohm<\/li>\n<li>Capacit\u00e9 d'Eliquide : 25ml<\/li>\n<\/ul>\n<h2>Saveurs disponibles<\/h2>\n<ol>\n<li>Ours en gomme Blue Razz<\/li>\n<li>Myrtille Cerise Canneberge<\/li>\n<li>Glace aux myrtilles<\/li>\n<li>Myrtille Framboise<\/li>\n<li>Glace \u00e0 la cerise<\/li>\n<li>Noix de coco et citron<\/li>\n<li>Melon Hami<\/li>\n<li>Kiwi Fruit de la passion Goyave<\/li>\n<li>Gr\u00eale de citron<\/li>\n<li>Mangue monstre<\/li>\n<li>Ananas noix de coco<\/li>\n<li>Melon d'eau \u00e0 la framboise<\/li>\n<li>Fraise et banane<\/li>\n<li>Glace \u00e0 la fraise<\/li>\n<li>Fraise Kiwi<\/li>\n<li>Fraise Framboise<\/li>\n<li>Coca-Cola \u00e0 la fraise et \u00e0 la vanille<\/li>\n<li>Glace \u00e0 la past\u00e8que<\/li>\n<\/ol>\n<figure id=\"attachment_18817\" aria-describedby=\"caption-attachment-18817\" style=\"width: 800px\" class=\"wp-caption alignnone\"><img loading=\"lazy\" decoding=\"async\" class=\"size-full wp-image-18817\" title=\"Happ Bar GR20000 Vape jetable Vente en gros\" src=\"https:\/\/www.vape4wholesale.com\/wp-content\/uploads\/2025\/01\/Happ-Bar-GR20000-Disposable-Vape-Wholesale.webp\" alt=\"Happ Bar GR20000 Vape jetable Vente en gros\" width=\"800\" height=\"800\" srcset=\"https:\/\/www.vape4wholesale.com\/wp-content\/uploads\/2025\/01\/Happ-Bar-GR20000-Disposable-Vape-Wholesale.webp 800w, https:\/\/www.vape4wholesale.com\/wp-content\/uploads\/2025\/01\/Happ-Bar-GR20000-Disposable-Vape-Wholesale-247x247.webp 247w, https:\/\/www.vape4wholesale.com\/wp-content\/uploads\/2025\/01\/Happ-Bar-GR20000-Disposable-Vape-Wholesale-100x100.webp 100w, https:\/\/www.vape4wholesale.com\/wp-content\/uploads\/2025\/01\/Happ-Bar-GR20000-Disposable-Vape-Wholesale-510x510.webp 510w, https:\/\/www.vape4wholesale.com\/wp-content\/uploads\/2025\/01\/Happ-Bar-GR20000-Disposable-Vape-Wholesale-64x64.webp 64w, https:\/\/www.vape4wholesale.com\/wp-content\/uploads\/2025\/01\/Happ-Bar-GR20000-Disposable-Vape-Wholesale-300x300.webp 300w, https:\/\/www.vape4wholesale.com\/wp-content\/uploads\/2025\/01\/Happ-Bar-GR20000-Disposable-Vape-Wholesale-150x150.webp 150w, https:\/\/www.vape4wholesale.com\/wp-content\/uploads\/2025\/01\/Happ-Bar-GR20000-Disposable-Vape-Wholesale-768x768.webp 768w, https:\/\/www.vape4wholesale.com\/wp-content\/uploads\/2025\/01\/Happ-Bar-GR20000-Disposable-Vape-Wholesale-12x12.webp 12w\" sizes=\"auto, (max-width: 800px) 100vw, 800px\" \/><figcaption id=\"caption-attachment-18817\" class=\"wp-caption-text\">Happ Bar GR20000 Vape jetable Vente en gros<\/figcaption><\/figure>\n<h2>POURQUOI NOUS ?<\/h2>\r\n<ul>\r\n<li>Une source de vape r\u00e9elle, digne de confiance et professionnelle.<\/li>\r\n<li>100% Garantie d'authenticit\u00e9 : Nous ne fournissons que des produits originaux et authentiques, nous refusons la contrefa\u00e7on.<\/li>\r\n<li>100% Garantie de livraison : Nous utilisons les meilleurs moyens de transport pour assurer la livraison de votre commande 100%.<\/li>\r\n<li>Nous vous communiquerons le num\u00e9ro de suivi et l'\u00e9tiquette d'exp\u00e9dition apr\u00e8s l'envoi, et nous suivrons les marchandises pour vous jusqu'\u00e0 ce que vous les signiez.<\/li>\r\n<li>Pas de probl\u00e8mes douaniers, pas de droits de douane<\/li>\r\n<\/ul>\n<p>&nbsp;<\/p>\n<p>&nbsp;<\/p>","protected":false},"excerpt":{"rendered":"<p><b><span style=\"color: #00a859;\">Free shipping<\/span>\u00a0from Europe warehouse, 7-15 working days delivery time.<\/b><\/p>\r\n<div class=\"wsppc_div_block woocommerce_before_add_to_cart_form\">\r\n<p><strong>Clear customs before delivery &amp; 100% Delivery Guarantee<\/strong><\/p>\r\n<\/div>\n<p><span style=\"color: #ff0000;\"><strong>Note : Ce produit a \u00e9t\u00e9 mis \u00e0 jour pour devenir <a href=\"https:\/\/www.vape4wholesale.com\/fr\/produit\/happ-bar-gr30000-jetable-vape-wholesale\/\" target=\"_blank\" rel=\"noopener\">GR30000<\/a>, \u2192 <a href=\"https:\/\/www.vape4wholesale.com\/fr\/produit\/happ-bar-gr30000-jetable-vape-wholesale\/\" target=\"_blank\" rel=\"noopener\">Veuillez cliquer pour commander la nouvelle version.<\/a><\/strong><\/span><\/p>","protected":false},"featured_media":18821,"comment_status":"open","ping_status":"closed","template":"","meta":[],"pwb-brand":[1267],"product_cat":[938],"product_tag":[22,24,692,794,1035],"class_list":{"0":"post-18856","1":"product","2":"type-product","3":"status-publish","4":"has-post-thumbnail","6":"pwb-brand-happ-bar","7":"product_cat-europe-warehouse","8":"product_tag-disposable","9":"product_tag-wholesale","10":"product_tag-25-0ml","11":"product_tag-20000-puffs","12":"product_tag-happ-bar","13":"product_shipping_class-eu-warehouse","14":"wcpa_has_options","16":"first","17":"instock","18":"shipping-taxable","19":"purchasable","20":"product-type-variable"},"aioseo_notices":[],"brands":[{"id":1267,"name":"Happ Bar","slug":"joyeux-bar"}],"_links":{"self":[{"href":"https:\/\/www.vape4wholesale.com\/fr\/wp-json\/wp\/v2\/product\/18856","targetHints":{"allow":["GET"]}}],"collection":[{"href":"https:\/\/www.vape4wholesale.com\/fr\/wp-json\/wp\/v2\/product"}],"about":[{"href":"https:\/\/www.vape4wholesale.com\/fr\/wp-json\/wp\/v2\/types\/product"}],"replies":[{"embeddable":true,"href":"https:\/\/www.vape4wholesale.com\/fr\/wp-json\/wp\/v2\/comments?post=18856"}],"wp:featuredmedia":[{"embeddable":true,"href":"https:\/\/www.vape4wholesale.com\/fr\/wp-json\/wp\/v2\/media\/18821"}],"wp:attachment":[{"href":"https:\/\/www.vape4wholesale.com\/fr\/wp-json\/wp\/v2\/media?parent=18856"}],"wp:term":[{"taxonomy":"pwb-brand","embeddable":true,"href":"https:\/\/www.vape4wholesale.com\/fr\/wp-json\/wp\/v2\/pwb-brand?post=18856"},{"taxonomy":"product_cat","embeddable":true,"href":"https:\/\/www.vape4wholesale.com\/fr\/wp-json\/wp\/v2\/product_cat?post=18856"},{"taxonomy":"product_tag","embeddable":true,"href":"https:\/\/www.vape4wholesale.com\/fr\/wp-json\/wp\/v2\/product_tag?post=18856"}],"curies":[{"name":"wp","href":"https:\/\/api.w.org\/{rel}","templated":true}]}}