{"id":18581,"date":"2024-12-23T12:29:39","date_gmt":"2024-12-23T04:29:39","guid":{"rendered":"https:\/\/www.vape4wholesale.com\/?post_type=product&#038;p=18581"},"modified":"2026-01-26T13:39:48","modified_gmt":"2026-01-26T13:39:48","slug":"zzooy-firzen-35000-puffs-jetable-vape-wholesale","status":"publish","type":"product","link":"https:\/\/www.vape4wholesale.com\/fr\/product\/zzooy-firzen-35000-puffs-disposable-vape-wholesale","title":{"rendered":"Zooy Firzen 35000 Puffs Vape jetable Wholesale"},"content":{"rendered":"<p>les <a title=\"Zooy\" href=\"https:\/\/www.vape4wholesale.com\/fr\/marque_du_produit\/zoologie\/\"><strong>Zooy<\/strong><\/a> Firzen 35000 est dot\u00e9 d'un syst\u00e8me de r\u00e9glage de la fra\u00eecheur et de la nicotine \u00e0 trois niveaux. Construit avec une dosette d'ejuice de 30 ml et une batterie rechargeable de 650 mAh, il peut supporter jusqu'\u00e0 35 000 bouff\u00e9es.<\/p>\n<p>Le Zooy Firzen est fabriqu\u00e9 en m\u00e9tal et son aspect plat le fait ressortir, en vapotant pendant que le fond affiche diff\u00e9rentes couleurs, avec une lumi\u00e8re rouge qui s'allume pour indiquer que vous \u00eates sur un r\u00e9glage low-cool, low-nicotine. La lumi\u00e8re verte s'allume pour indiquer que vous utilisez le r\u00e9glage moyennement froid, moyennement nicotin\u00e9. Une lumi\u00e8re bleue indique que vous utilisez le r\u00e9glage \"high cool\" et \"high nicotine\".<\/p>\n<p>Comment changer les param\u00e8tres de Zooy Firezen ? C'est tr\u00e8s simple, il suffit de cliquer deux fois pour passer au niveau suivant.<\/p>\n<h2>Zooy Firzen 35000 Vape jetable D\u00e9tails rapides<\/h2>\n<ul>\n<li>Soutien \u00e0 Puffs : 35,000<\/li>\n<li>Fonction principale : fra\u00eecheur et contr\u00f4le de la nicotine<\/li>\n<li>Eliquide : 30ml<\/li>\n<li>Capacit\u00e9 de la batterie : 650mah<\/li>\n<li>Poids corporel : 90g<\/li>\n<li>Taille du corps : 103,5*45*21mm<\/li>\n<li>1.0+1.0 ohm double Mesh Coil<\/li>\n<li>3 couleurs de lumi\u00e8re LGB<\/li>\n<li>TYPE-C Rechargeable<\/li>\n<\/ul>\n<h2>Saveurs disponibles<\/h2>\n<ul>\n<li>01. Glace de melon d'eau<\/li>\n<li>02. Aloe Grape<\/li>\n<li>03. Banane fraise<\/li>\n<li>04. Fraise Framboise Kiwi<\/li>\n<li>05. Limonade \u00e0 la myrtille et \u00e0 la framboise<\/li>\n<li>06. Ananas noix de coco<\/li>\n<li>07. Menthol<\/li>\n<li>08. La past\u00e8que \u00e0 la fraise<\/li>\n<li>09. Baies m\u00e9lang\u00e9es<\/li>\n<li>10. M\u00fbre de canneberge<\/li>\n<\/ul>\n<h2>D\u00e9tails de l'emballage<\/h2>\n<ul>\n<li>1pc\/bo\u00eete individuelle<\/li>\n<li>10 pcs\/bo\u00eete de pr\u00e9sentation<\/li>\n<li>200 pcs\/carton<\/li>\n<li>20kg\/ Carton<\/li>\n<\/ul>\n<figure id=\"attachment_18582\" aria-describedby=\"caption-attachment-18582\" style=\"width: 800px\" class=\"wp-caption alignnone\"><img loading=\"lazy\" decoding=\"async\" class=\"size-full wp-image-18582\" title=\"Zooy Firzen 35000 Puffs Vape jetable Wholesale\" src=\"https:\/\/www.vape4wholesale.com\/wp-content\/uploads\/2024\/12\/Zooy-Firzen-35000-Puffs-Disposable-Vape-Wholesale.webp\" alt=\"Zooy Firzen 35000 Puffs Vape jetable Wholesale\" width=\"800\" height=\"800\" srcset=\"https:\/\/www.vape4wholesale.com\/wp-content\/uploads\/2024\/12\/Zooy-Firzen-35000-Puffs-Disposable-Vape-Wholesale.webp 800w, https:\/\/www.vape4wholesale.com\/wp-content\/uploads\/2024\/12\/Zooy-Firzen-35000-Puffs-Disposable-Vape-Wholesale-247x247.webp 247w, https:\/\/www.vape4wholesale.com\/wp-content\/uploads\/2024\/12\/Zooy-Firzen-35000-Puffs-Disposable-Vape-Wholesale-100x100.webp 100w, https:\/\/www.vape4wholesale.com\/wp-content\/uploads\/2024\/12\/Zooy-Firzen-35000-Puffs-Disposable-Vape-Wholesale-510x510.webp 510w, https:\/\/www.vape4wholesale.com\/wp-content\/uploads\/2024\/12\/Zooy-Firzen-35000-Puffs-Disposable-Vape-Wholesale-64x64.webp 64w, https:\/\/www.vape4wholesale.com\/wp-content\/uploads\/2024\/12\/Zooy-Firzen-35000-Puffs-Disposable-Vape-Wholesale-300x300.webp 300w, https:\/\/www.vape4wholesale.com\/wp-content\/uploads\/2024\/12\/Zooy-Firzen-35000-Puffs-Disposable-Vape-Wholesale-150x150.webp 150w, https:\/\/www.vape4wholesale.com\/wp-content\/uploads\/2024\/12\/Zooy-Firzen-35000-Puffs-Disposable-Vape-Wholesale-768x768.webp 768w, https:\/\/www.vape4wholesale.com\/wp-content\/uploads\/2024\/12\/Zooy-Firzen-35000-Puffs-Disposable-Vape-Wholesale-12x12.webp 12w\" sizes=\"auto, (max-width: 800px) 100vw, 800px\" \/><figcaption id=\"caption-attachment-18582\" class=\"wp-caption-text\">Zooy Firzen 35000 Puffs Vape jetable Wholesale<\/figcaption><\/figure>\n<figure id=\"attachment_18583\" aria-describedby=\"caption-attachment-18583\" style=\"width: 800px\" class=\"wp-caption alignnone\"><img loading=\"lazy\" decoding=\"async\" class=\"wp-image-18583 size-full\" title=\"Zooy Firzen 35000 Puffs Vape jetable Wholesale Display Box\" src=\"https:\/\/www.vape4wholesale.com\/wp-content\/uploads\/2024\/12\/Zooy-Firzen-35000-Puffs-Disposable-Vape-Wholesale-Display-Box.webp\" alt=\"Zooy Firzen 35000 Puffs Vape jetable Wholesale Display Box\" width=\"800\" height=\"800\" srcset=\"https:\/\/www.vape4wholesale.com\/wp-content\/uploads\/2024\/12\/Zooy-Firzen-35000-Puffs-Disposable-Vape-Wholesale-Display-Box.webp 800w, https:\/\/www.vape4wholesale.com\/wp-content\/uploads\/2024\/12\/Zooy-Firzen-35000-Puffs-Disposable-Vape-Wholesale-Display-Box-247x247.webp 247w, https:\/\/www.vape4wholesale.com\/wp-content\/uploads\/2024\/12\/Zooy-Firzen-35000-Puffs-Disposable-Vape-Wholesale-Display-Box-100x100.webp 100w, https:\/\/www.vape4wholesale.com\/wp-content\/uploads\/2024\/12\/Zooy-Firzen-35000-Puffs-Disposable-Vape-Wholesale-Display-Box-510x510.webp 510w, https:\/\/www.vape4wholesale.com\/wp-content\/uploads\/2024\/12\/Zooy-Firzen-35000-Puffs-Disposable-Vape-Wholesale-Display-Box-64x64.webp 64w, https:\/\/www.vape4wholesale.com\/wp-content\/uploads\/2024\/12\/Zooy-Firzen-35000-Puffs-Disposable-Vape-Wholesale-Display-Box-300x300.webp 300w, https:\/\/www.vape4wholesale.com\/wp-content\/uploads\/2024\/12\/Zooy-Firzen-35000-Puffs-Disposable-Vape-Wholesale-Display-Box-150x150.webp 150w, https:\/\/www.vape4wholesale.com\/wp-content\/uploads\/2024\/12\/Zooy-Firzen-35000-Puffs-Disposable-Vape-Wholesale-Display-Box-768x768.webp 768w, https:\/\/www.vape4wholesale.com\/wp-content\/uploads\/2024\/12\/Zooy-Firzen-35000-Puffs-Disposable-Vape-Wholesale-Display-Box-12x12.webp 12w\" sizes=\"auto, (max-width: 800px) 100vw, 800px\" \/><figcaption id=\"caption-attachment-18583\" class=\"wp-caption-text\">Zooy Firzen 35000 Puffs Vape jetable Wholesale Display Box<\/figcaption><\/figure>\n<h2>POURQUOI NOUS ?<\/h2>\r\n<ul>\r\n<li>Une source de vape r\u00e9elle, digne de confiance et professionnelle.<\/li>\r\n<li>100% Garantie d'authenticit\u00e9 : Nous ne fournissons que des produits originaux et authentiques, nous refusons la contrefa\u00e7on.<\/li>\r\n<li>100% Garantie de livraison : Nous utilisons les meilleurs moyens de transport pour assurer la livraison de votre commande 100%.<\/li>\r\n<li>Nous vous communiquerons le num\u00e9ro de suivi et l'\u00e9tiquette d'exp\u00e9dition apr\u00e8s l'envoi, et nous suivrons les marchandises pour vous jusqu'\u00e0 ce que vous les signiez.<\/li>\r\n<li>Pas de probl\u00e8mes douaniers, pas de droits de douane<\/li>\r\n<\/ul>","protected":false},"excerpt":{"rendered":"<div class=\"wsppc_div_block woocommerce_before_add_to_cart_form\">\r\n<p><strong><span style=\"color: #00a859;\">Clear customs<\/span> before delivery &amp; 100% Delivery Guarantee, Delivery in 19~25 days around.\u00a0<\/strong><\/p>\r\n<\/div>","protected":false},"featured_media":18582,"comment_status":"open","ping_status":"closed","template":"","meta":[],"pwb-brand":[1273],"product_cat":[873],"product_tag":[22,24,1022,1023,1024],"class_list":{"0":"post-18581","1":"product","2":"type-product","3":"status-publish","4":"has-post-thumbnail","6":"pwb-brand-zooy","7":"product_cat-above-20k-puffs","8":"product_tag-disposable","9":"product_tag-wholesale","10":"product_tag-zooy","11":"product_tag-35000-puffs","12":"product_tag-30-ml","13":"wcpa_has_options","15":"first","16":"instock","17":"shipping-taxable","18":"purchasable","19":"product-type-variable"},"aioseo_notices":[],"brands":[{"id":1273,"name":"Zooy","slug":"zoologie"}],"_links":{"self":[{"href":"https:\/\/www.vape4wholesale.com\/fr\/wp-json\/wp\/v2\/product\/18581","targetHints":{"allow":["GET"]}}],"collection":[{"href":"https:\/\/www.vape4wholesale.com\/fr\/wp-json\/wp\/v2\/product"}],"about":[{"href":"https:\/\/www.vape4wholesale.com\/fr\/wp-json\/wp\/v2\/types\/product"}],"replies":[{"embeddable":true,"href":"https:\/\/www.vape4wholesale.com\/fr\/wp-json\/wp\/v2\/comments?post=18581"}],"wp:featuredmedia":[{"embeddable":true,"href":"https:\/\/www.vape4wholesale.com\/fr\/wp-json\/wp\/v2\/media\/18582"}],"wp:attachment":[{"href":"https:\/\/www.vape4wholesale.com\/fr\/wp-json\/wp\/v2\/media?parent=18581"}],"wp:term":[{"taxonomy":"pwb-brand","embeddable":true,"href":"https:\/\/www.vape4wholesale.com\/fr\/wp-json\/wp\/v2\/pwb-brand?post=18581"},{"taxonomy":"product_cat","embeddable":true,"href":"https:\/\/www.vape4wholesale.com\/fr\/wp-json\/wp\/v2\/product_cat?post=18581"},{"taxonomy":"product_tag","embeddable":true,"href":"https:\/\/www.vape4wholesale.com\/fr\/wp-json\/wp\/v2\/product_tag?post=18581"}],"curies":[{"name":"wp","href":"https:\/\/api.w.org\/{rel}","templated":true}]}}