{"id":18528,"date":"2024-12-22T15:16:59","date_gmt":"2024-12-22T07:16:59","guid":{"rendered":"https:\/\/www.vape4wholesale.com\/?post_type=product&#038;p=18528"},"modified":"2026-01-27T13:55:14","modified_gmt":"2026-01-27T13:55:14","slug":"waspe-fihp-30000-30k-puffs-disposable-vape-wholesale","status":"publish","type":"product","link":"https:\/\/www.vape4wholesale.com\/fr\/product\/waspe-fihp-30000-30k-puffs-disposable-vape-wholesale","title":{"rendered":"WASPE FIHP 30000 30K Puffs Disposable Vape Wholesale"},"content":{"rendered":"<p>Les <strong><a title=\"WASPE\" href=\"https:\/\/www.vape4wholesale.com\/fr\/marque_du_produit\/guepe\/\">WASPE<\/a> FIHP 30000 30K<\/strong> Puffs Disposable Vape est con\u00e7u pour les vapoteurs qui recherchent la qualit\u00e9 et la long\u00e9vit\u00e9. Cet appareil innovant offre une autonomie impressionnante de 30 000 bouff\u00e9es en mode normal et de 15 000 bouff\u00e9es en mode puls\u00e9, ce qui garantit une exp\u00e9rience de vapotage de longue dur\u00e9e sans qu'il soit n\u00e9cessaire de le remplacer fr\u00e9quemment.<\/p>\n<p>La WASPE FIHP 30K a une capacit\u00e9 impressionnante de 28 ml d'e-liquide et offre des options de nicotine flexibles de 0%, 2% et 5% pour r\u00e9pondre \u00e0 toutes les pr\u00e9f\u00e9rences. Son double syst\u00e8me de bobines (1ohm + 1ohm) am\u00e9liore l'intensit\u00e9 des saveurs et la production de vapeur pour une inhalation satisfaisante \u00e0 chaque fois.<\/p>\n<p>L'appareil est dot\u00e9 d'une batterie rechargeable de 850mAh qui peut \u00eatre recharg\u00e9e via le port Type-C pour une mise en marche rapide et efficace. Le flux d'air r\u00e9glable permet de personnaliser facilement votre style de vapotage pour qu'il corresponde \u00e0 votre style de vapotage. En outre, l'\u00e9cran LED int\u00e9gr\u00e9 facilite le suivi de vos statistiques de vapotage et le design compact assure la portabilit\u00e9.<\/p>\n<p>Ce dispositif porte \u00e9galement le nom de WASPE FX 30000 BOX, WASPE FW 30000 BOX et WASPE FIHP 30K.<\/p>\n<h2>WASPE FIHP 30000 30K Puffs Disposable Vape Quick Details<strong><br \/>\n<\/strong><\/h2>\n<ul>\n<li>Mode r\u00e9gulier : 30000 bouff\u00e9es<\/li>\n<li>Mode puls\u00e9 : 15 000 bouff\u00e9es<\/li>\n<li>Bobine Dual Mesh : 1ohm+1ohm<\/li>\n<li>E-liquide:28ml<\/li>\n<li>Nicotine:0%\/2%\/5%<\/li>\n<li>Batterie:850mah<\/li>\n<li>D\u00e9bit d'air r\u00e9glable<\/li>\n<li>Rechargeable:Type-C<\/li>\n<li>Affichage LED<\/li>\n<\/ul>\n<h2>Saveurs disponibles<\/h2>\n<ul>\n<li>01. Mangue \u00e0 la fraise<\/li>\n<li>02. Baies m\u00e9lang\u00e9es<\/li>\n<li>03. La glace de melon d'eau<\/li>\n<li>04. La past\u00e8que \u00e0 la fraise<\/li>\n<li>05. Red Bull \u00e0 la fraise<\/li>\n<li>06. Kiwi Fruit de la Passion Goyave<\/li>\n<li>07. Grape Ice<\/li>\n<li>08. Double Apple Ice<\/li>\n<li>09. Myrtille Framboise<\/li>\n<li>10. Past\u00e8que Mangue P\u00eache<\/li>\n<li>11. Glace aux myrtilles<\/li>\n<li>12. Baie de p\u00eache<\/li>\n<li>13. Fraise kiwi<\/li>\n<li>14. Glace \u00e0 la cerise<\/li>\n<li>15. Fraise Framboise Cerise<\/li>\n<li>16. Past\u00e8que Bubblegum<\/li>\n<\/ul>\n<h2>D\u00e9tails de l'emballage<\/h2>\n<ul>\n<li>Poids du produit : 107g\/pcs<\/li>\n<li>Taille du produit : 61*31*115mm<\/li>\n<li>Taille du carton : 650*330*240mm<\/li>\n<li>QT\u00c9 : 200pcs\/ctn, 10pcs\/box<\/li>\n<li>Poids : 23 kg<\/li>\n<\/ul>\n<figure id=\"attachment_18529\" aria-describedby=\"caption-attachment-18529\" style=\"width: 800px\" class=\"wp-caption alignnone\"><img loading=\"lazy\" decoding=\"async\" class=\"size-full wp-image-18529\" title=\"WASPE FIHP 30000 30K Puffs Disposable Vape Wholesale\" src=\"https:\/\/www.vape4wholesale.com\/wp-content\/uploads\/2024\/12\/WASPE-FIHP-30000-30K-Puffs-Disposable-Vape-Wholesale.webp\" alt=\"WASPE FIHP 30000 30K Puffs Disposable Vape Wholesale\" width=\"800\" height=\"800\" srcset=\"https:\/\/www.vape4wholesale.com\/wp-content\/uploads\/2024\/12\/WASPE-FIHP-30000-30K-Puffs-Disposable-Vape-Wholesale.webp 800w, https:\/\/www.vape4wholesale.com\/wp-content\/uploads\/2024\/12\/WASPE-FIHP-30000-30K-Puffs-Disposable-Vape-Wholesale-247x247.webp 247w, https:\/\/www.vape4wholesale.com\/wp-content\/uploads\/2024\/12\/WASPE-FIHP-30000-30K-Puffs-Disposable-Vape-Wholesale-100x100.webp 100w, https:\/\/www.vape4wholesale.com\/wp-content\/uploads\/2024\/12\/WASPE-FIHP-30000-30K-Puffs-Disposable-Vape-Wholesale-510x510.webp 510w\" sizes=\"auto, (max-width: 800px) 100vw, 800px\" \/><figcaption id=\"caption-attachment-18529\" class=\"wp-caption-text\">WASPE FIHP 30000 30K Puffs Disposable Vape Wholesale<\/figcaption><\/figure>\n<figure id=\"attachment_18531\" aria-describedby=\"caption-attachment-18531\" style=\"width: 800px\" class=\"wp-caption alignnone\"><img loading=\"lazy\" decoding=\"async\" class=\"size-full wp-image-18531\" title=\"WASPE FIHP 30000 30K Puffs Disposable Vape Wholesale 3\" src=\"https:\/\/www.vape4wholesale.com\/wp-content\/uploads\/2024\/12\/WASPE-FIHP-30000-30K-Puffs-Disposable-Vape-Wholesale-3.webp\" alt=\"WASPE FIHP 30000 30K Puffs Disposable Vape Wholesale 3\" width=\"800\" height=\"800\" srcset=\"https:\/\/www.vape4wholesale.com\/wp-content\/uploads\/2024\/12\/WASPE-FIHP-30000-30K-Puffs-Disposable-Vape-Wholesale-3.webp 800w, https:\/\/www.vape4wholesale.com\/wp-content\/uploads\/2024\/12\/WASPE-FIHP-30000-30K-Puffs-Disposable-Vape-Wholesale-3-247x247.webp 247w, https:\/\/www.vape4wholesale.com\/wp-content\/uploads\/2024\/12\/WASPE-FIHP-30000-30K-Puffs-Disposable-Vape-Wholesale-3-100x100.webp 100w, https:\/\/www.vape4wholesale.com\/wp-content\/uploads\/2024\/12\/WASPE-FIHP-30000-30K-Puffs-Disposable-Vape-Wholesale-3-510x510.webp 510w, https:\/\/www.vape4wholesale.com\/wp-content\/uploads\/2024\/12\/WASPE-FIHP-30000-30K-Puffs-Disposable-Vape-Wholesale-3-64x64.webp 64w, https:\/\/www.vape4wholesale.com\/wp-content\/uploads\/2024\/12\/WASPE-FIHP-30000-30K-Puffs-Disposable-Vape-Wholesale-3-300x300.webp 300w, https:\/\/www.vape4wholesale.com\/wp-content\/uploads\/2024\/12\/WASPE-FIHP-30000-30K-Puffs-Disposable-Vape-Wholesale-3-150x150.webp 150w, https:\/\/www.vape4wholesale.com\/wp-content\/uploads\/2024\/12\/WASPE-FIHP-30000-30K-Puffs-Disposable-Vape-Wholesale-3-768x768.webp 768w, https:\/\/www.vape4wholesale.com\/wp-content\/uploads\/2024\/12\/WASPE-FIHP-30000-30K-Puffs-Disposable-Vape-Wholesale-3-12x12.webp 12w\" sizes=\"auto, (max-width: 800px) 100vw, 800px\" \/><figcaption id=\"caption-attachment-18531\" class=\"wp-caption-text\">WASPE FIHP 30000 30K Puffs Vape Packing jetable<\/figcaption><\/figure>\n<h2>POURQUOI NOUS ?<\/h2>\r\n<ul>\r\n<li>Une source de vape r\u00e9elle, digne de confiance et professionnelle.<\/li>\r\n<li>100% Garantie d'authenticit\u00e9 : Nous ne fournissons que des produits originaux et authentiques, nous refusons la contrefa\u00e7on.<\/li>\r\n<li>100% Garantie de livraison : Nous utilisons les meilleurs moyens de transport pour assurer la livraison de votre commande 100%.<\/li>\r\n<li>Nous vous communiquerons le num\u00e9ro de suivi et l'\u00e9tiquette d'exp\u00e9dition apr\u00e8s l'envoi, et nous suivrons les marchandises pour vous jusqu'\u00e0 ce que vous les signiez.<\/li>\r\n<li>Pas de probl\u00e8mes douaniers, pas de droits de douane<\/li>\r\n<\/ul>","protected":false},"excerpt":{"rendered":"<div class=\"wsppc_div_block woocommerce_before_add_to_cart_form\">\r\n<p><strong><span style=\"color: #00a859;\">Passer la douane<\/span> avant livraison &amp; 100% Garantie de livraison, Livraison en 19~25 jours environ.\u00a0<\/strong><\/p>\r\n<\/div>","protected":false},"featured_media":18529,"comment_status":"open","ping_status":"closed","template":"","meta":[],"pwb-brand":[1272],"product_cat":[873],"product_tag":[24,793,850,999,22],"class_list":{"0":"post-18528","1":"product","2":"type-product","3":"status-publish","4":"has-post-thumbnail","6":"pwb-brand-waspe","7":"product_cat-above-20k-puffs","8":"product_tag-wholesale","9":"product_tag-28-0ml","10":"product_tag-30000-puffs","11":"product_tag-waspe","12":"product_tag-disposable","13":"wcpa_has_options","15":"first","16":"outofstock","17":"shipping-taxable","18":"purchasable","19":"product-type-variable"},"aioseo_notices":[],"brands":[{"id":1272,"name":"Gu\u00eape","slug":"guepe"}],"_links":{"self":[{"href":"https:\/\/www.vape4wholesale.com\/fr\/wp-json\/wp\/v2\/product\/18528","targetHints":{"allow":["GET"]}}],"collection":[{"href":"https:\/\/www.vape4wholesale.com\/fr\/wp-json\/wp\/v2\/product"}],"about":[{"href":"https:\/\/www.vape4wholesale.com\/fr\/wp-json\/wp\/v2\/types\/product"}],"replies":[{"embeddable":true,"href":"https:\/\/www.vape4wholesale.com\/fr\/wp-json\/wp\/v2\/comments?post=18528"}],"wp:featuredmedia":[{"embeddable":true,"href":"https:\/\/www.vape4wholesale.com\/fr\/wp-json\/wp\/v2\/media\/18529"}],"wp:attachment":[{"href":"https:\/\/www.vape4wholesale.com\/fr\/wp-json\/wp\/v2\/media?parent=18528"}],"wp:term":[{"taxonomy":"pwb-brand","embeddable":true,"href":"https:\/\/www.vape4wholesale.com\/fr\/wp-json\/wp\/v2\/pwb-brand?post=18528"},{"taxonomy":"product_cat","embeddable":true,"href":"https:\/\/www.vape4wholesale.com\/fr\/wp-json\/wp\/v2\/product_cat?post=18528"},{"taxonomy":"product_tag","embeddable":true,"href":"https:\/\/www.vape4wholesale.com\/fr\/wp-json\/wp\/v2\/product_tag?post=18528"}],"curies":[{"name":"wp","href":"https:\/\/api.w.org\/{rel}","templated":true}]}}