{"id":18017,"date":"2024-12-10T10:25:05","date_gmt":"2024-12-10T02:25:05","guid":{"rendered":"https:\/\/www.vape4wholesale.com\/?post_type=product&#038;p=18017"},"modified":"2026-02-10T06:11:00","modified_gmt":"2026-02-09T22:11:00","slug":"vapsolo-triple-3in1-30000-puffs-jetable-vape-wholesale","status":"publish","type":"product","link":"https:\/\/www.vape4wholesale.com\/fr\/produit\/vapsolo-triple-3in1-30000-puffs-jetable-vape-wholesale","title":{"rendered":"Vapsolo Triple 3in1 30000 bouff\u00e9es Vape jetable Wholesale"},"content":{"rendered":"<p>Les <a title=\"Vapsolo\" href=\"\/fr\/marque_du_produit\/vapsolo\/\">Vapsolo<\/a> Triple 3in1 : 3 ar\u00f4mes dans un dispositif de vaporisation jetable \u00e0 \u00e9cran LCD, pouvant supporter jusqu'\u00e0 30000 bouff\u00e9es.<\/p>\n<p>Il a une forme triangulaire et l'embout sup\u00e9rieur peut \u00eatre tourn\u00e9 pour passer d'un ar\u00f4me \u00e0 l'autre.<\/p>\n<p>Commandez en vrac notre large s\u00e9lection de 10 saveurs de Vapsolo Triple 3in1 30K puffs disposable vape avec le meilleur prix et une livraison rapide.<\/p>\n<p>Regarder la <a title=\"Vid\u00e9o Vapesolo Triple 3in1\" href=\"https:\/\/youtu.be\/-PFrvuWt1GQ?si=f67BAwgB0PaSDQy0\" target=\"_blank\" rel=\"noopener\">Vid\u00e9o Vapesolo Triple 3in1<\/a> pour en savoir plus sur les caract\u00e9ristiques de ce produit.<\/p>\n<h2>Vapsolo Triple 3in1 30000 bouff\u00e9es Vape jetable Quick Details<\/h2>\n<ul>\n<li>E-liquide : 45ml<\/li>\n<li>Nicotine:2%, 5%<\/li>\n<li>Batterie : 850mAh<\/li>\n<li>Chargement de type C<\/li>\n<li>10pcs par bo\u00eete de pr\u00e9sentation<\/li>\n<\/ul>\n<h2>Saveurs disponibles<\/h2>\n<p>1. melon d'eau glac\u00e9&amp; taureau rouge&amp; fraise kiwi<br \/>\n2. citron vert, fraise, past\u00e8que et glace \u00e0 la myrtille<br \/>\n3. fraise-banane&amp; framboise-melon d'eau&amp; citron-citron vert<br \/>\n4. fraise kiwi&amp; mangue acide ananas&amp; Red bull<br \/>\n5. fruits tropicaux&amp; past\u00e8que fraise&amp; p\u00eache citron<br \/>\n6.ananas noix de coco&amp; fraise banane&amp; Blue razz<br \/>\n7.fraise framboise&amp; triple melon &amp; mangue acide ananas<br \/>\n8. past\u00e8que framboise&amp; p\u00eache mangue&amp; kiwi fraise<br \/>\n9.coca vanille fraise&amp; framboise myrtille&amp; citron vert<br \/>\n10. glace \u00e0 la past\u00e8que&amp; glace \u00e0 la fraise&amp; triple melon<\/p>\n<p><span style=\"color: #00a859;\"><strong>Saveurs suppl\u00e9mentaires<\/strong><\/span><\/p>\n<p>11.Kiwi Passions Fruit&amp; Love 66&amp; Vanilla<br \/>\n12.P\u00eache glac\u00e9e &amp; fruit du dragon Glace &amp; m\u00e9lange de fruits<br \/>\n13.p\u00eache baie&amp; glace noire&amp; fraise des bois vanille cola<br \/>\n14.Bluberry Sour Framboise&amp; Fraise Mangue&amp; Citron Cola<br \/>\n15.cassis glac\u00e9&amp; limonade rose&amp; kiwi fruit de la passion goyave<\/p>\n<h2>D\u00e9tails de l'emballage<\/h2>\n<ul>\n<li>1\/Bo\u00eete individuelle<\/li>\n<li>10\/ Pack<\/li>\n<li>200\/ Carton<\/li>\n<li>26kg\/ Carton<\/li>\n<\/ul>\n<figure id=\"attachment_18139\" aria-describedby=\"caption-attachment-18139\" style=\"width: 800px\" class=\"wp-caption alignnone\"><img loading=\"lazy\" decoding=\"async\" class=\"size-full wp-image-18139\" title=\"Vapsolo Triple 3in1 30000 bouff\u00e9es Vape jetable en gros WATERMELON ICE RED BULL STRAWBERRY KIWI\" src=\"https:\/\/www.vape4wholesale.com\/wp-content\/uploads\/2024\/12\/Vapsolo-Triple-3in1-30000-Puffs-Disposable-Vape-Wholesale-WATERMELON-ICE-RED-BULL-STRAWBERRY-KIWI.jpg\" alt=\"Vapsolo Triple 3in1 30000 bouff\u00e9es Vape jetable en gros WATERMELON ICE RED BULL STRAWBERRY KIWI\" width=\"800\" height=\"800\" srcset=\"https:\/\/www.vape4wholesale.com\/wp-content\/uploads\/2024\/12\/Vapsolo-Triple-3in1-30000-Puffs-Disposable-Vape-Wholesale-WATERMELON-ICE-RED-BULL-STRAWBERRY-KIWI.jpg 800w, https:\/\/www.vape4wholesale.com\/wp-content\/uploads\/2024\/12\/Vapsolo-Triple-3in1-30000-Puffs-Disposable-Vape-Wholesale-WATERMELON-ICE-RED-BULL-STRAWBERRY-KIWI-247x247.jpg 247w, https:\/\/www.vape4wholesale.com\/wp-content\/uploads\/2024\/12\/Vapsolo-Triple-3in1-30000-Puffs-Disposable-Vape-Wholesale-WATERMELON-ICE-RED-BULL-STRAWBERRY-KIWI-100x100.jpg 100w, https:\/\/www.vape4wholesale.com\/wp-content\/uploads\/2024\/12\/Vapsolo-Triple-3in1-30000-Puffs-Disposable-Vape-Wholesale-WATERMELON-ICE-RED-BULL-STRAWBERRY-KIWI-510x510.jpg 510w, https:\/\/www.vape4wholesale.com\/wp-content\/uploads\/2024\/12\/Vapsolo-Triple-3in1-30000-Puffs-Disposable-Vape-Wholesale-WATERMELON-ICE-RED-BULL-STRAWBERRY-KIWI-64x64.jpg 64w, https:\/\/www.vape4wholesale.com\/wp-content\/uploads\/2024\/12\/Vapsolo-Triple-3in1-30000-Puffs-Disposable-Vape-Wholesale-WATERMELON-ICE-RED-BULL-STRAWBERRY-KIWI-300x300.jpg 300w, https:\/\/www.vape4wholesale.com\/wp-content\/uploads\/2024\/12\/Vapsolo-Triple-3in1-30000-Puffs-Disposable-Vape-Wholesale-WATERMELON-ICE-RED-BULL-STRAWBERRY-KIWI-150x150.jpg 150w, https:\/\/www.vape4wholesale.com\/wp-content\/uploads\/2024\/12\/Vapsolo-Triple-3in1-30000-Puffs-Disposable-Vape-Wholesale-WATERMELON-ICE-RED-BULL-STRAWBERRY-KIWI-768x768.jpg 768w, https:\/\/www.vape4wholesale.com\/wp-content\/uploads\/2024\/12\/Vapsolo-Triple-3in1-30000-Puffs-Disposable-Vape-Wholesale-WATERMELON-ICE-RED-BULL-STRAWBERRY-KIWI-12x12.jpg 12w\" sizes=\"auto, (max-width: 800px) 100vw, 800px\" \/><figcaption id=\"caption-attachment-18139\" class=\"wp-caption-text\">Vapsolo Triple 3in1 30000 bouff\u00e9es Vape jetable Wholesale<\/figcaption><\/figure>\n<figure id=\"attachment_18018\" aria-describedby=\"caption-attachment-18018\" style=\"width: 800px\" class=\"wp-caption alignnone\"><img loading=\"lazy\" decoding=\"async\" class=\"size-full wp-image-18018\" title=\"Vapsolo Triple 3in1 30000 bouff\u00e9es Vape jetable en gros (2)\" src=\"https:\/\/www.vape4wholesale.com\/wp-content\/uploads\/2024\/12\/Vapsolo-Triple-3in1-30000-Puffs-Disposable-Vape-Wholesale-2.jpg\" alt=\"Vapsolo Triple 3in1 30000 bouff\u00e9es Vape jetable en gros (2)\" width=\"800\" height=\"800\" srcset=\"https:\/\/www.vape4wholesale.com\/wp-content\/uploads\/2024\/12\/Vapsolo-Triple-3in1-30000-Puffs-Disposable-Vape-Wholesale-2.jpg 800w, https:\/\/www.vape4wholesale.com\/wp-content\/uploads\/2024\/12\/Vapsolo-Triple-3in1-30000-Puffs-Disposable-Vape-Wholesale-2-247x247.jpg 247w, https:\/\/www.vape4wholesale.com\/wp-content\/uploads\/2024\/12\/Vapsolo-Triple-3in1-30000-Puffs-Disposable-Vape-Wholesale-2-100x100.jpg 100w, https:\/\/www.vape4wholesale.com\/wp-content\/uploads\/2024\/12\/Vapsolo-Triple-3in1-30000-Puffs-Disposable-Vape-Wholesale-2-510x510.jpg 510w, https:\/\/www.vape4wholesale.com\/wp-content\/uploads\/2024\/12\/Vapsolo-Triple-3in1-30000-Puffs-Disposable-Vape-Wholesale-2-64x64.jpg 64w, https:\/\/www.vape4wholesale.com\/wp-content\/uploads\/2024\/12\/Vapsolo-Triple-3in1-30000-Puffs-Disposable-Vape-Wholesale-2-300x300.jpg 300w, https:\/\/www.vape4wholesale.com\/wp-content\/uploads\/2024\/12\/Vapsolo-Triple-3in1-30000-Puffs-Disposable-Vape-Wholesale-2-150x150.jpg 150w, https:\/\/www.vape4wholesale.com\/wp-content\/uploads\/2024\/12\/Vapsolo-Triple-3in1-30000-Puffs-Disposable-Vape-Wholesale-2-768x768.jpg 768w, https:\/\/www.vape4wholesale.com\/wp-content\/uploads\/2024\/12\/Vapsolo-Triple-3in1-30000-Puffs-Disposable-Vape-Wholesale-2-12x12.jpg 12w\" sizes=\"auto, (max-width: 800px) 100vw, 800px\" \/><figcaption id=\"caption-attachment-18018\" class=\"wp-caption-text\">Vapsolo Triple 3in1 30000 bouff\u00e9es Vape jetable Wholesale<\/figcaption><\/figure>\n<h2>POURQUOI NOUS ?<\/h2>\r\n<ul>\r\n<li>Une source de vape r\u00e9elle, digne de confiance et professionnelle.<\/li>\r\n<li>100% Garantie d'authenticit\u00e9 : Nous ne fournissons que des produits originaux et authentiques, nous refusons la contrefa\u00e7on.<\/li>\r\n<li>100% Garantie de livraison : Nous utilisons les meilleurs moyens de transport pour assurer la livraison de votre commande 100%.<\/li>\r\n<li>Nous vous communiquerons le num\u00e9ro de suivi et l'\u00e9tiquette d'exp\u00e9dition apr\u00e8s l'envoi, et nous suivrons les marchandises pour vous jusqu'\u00e0 ce que vous les signiez.<\/li>\r\n<li>Pas de probl\u00e8mes douaniers, pas de droits de douane<\/li>\r\n<\/ul>","protected":false},"excerpt":{"rendered":"<p>This product has been upgraded to 60K (60000 Puffs), so we will ship the <strong><span style=\"color: #ff6600;\">Vapsolo Triple 60K<\/span><\/strong> if you order this link.<\/p>\n<p><b><span style=\"color: #00a859;\">Free shipping<\/span>\u00a0from Europe warehouse, 7-15 working days delivery time.<\/b><\/p>\r\n<div class=\"wsppc_div_block woocommerce_before_add_to_cart_form\">\r\n<p><strong>Clear customs before delivery &amp; 100% Delivery Guarantee<\/strong><\/p>\r\n<\/div>","protected":false},"featured_media":21019,"comment_status":"open","ping_status":"closed","template":"","meta":[],"pwb-brand":[1271],"product_cat":[938],"product_tag":[22,24,850,899,964],"class_list":{"0":"post-18017","1":"product","2":"type-product","3":"status-publish","4":"has-post-thumbnail","6":"pwb-brand-vapsolo","7":"product_cat-europe-warehouse","8":"product_tag-disposable","9":"product_tag-wholesale","10":"product_tag-30000-puffs","11":"product_tag-vapsolo","12":"product_tag-45-0ml","13":"product_shipping_class-eu-warehouse","14":"wcpa_has_options","16":"first","17":"instock","18":"shipping-taxable","19":"purchasable","20":"product-type-variable"},"aioseo_notices":[],"brands":[{"id":1271,"name":"Vapsolo","slug":"vapsolo"}],"_links":{"self":[{"href":"https:\/\/www.vape4wholesale.com\/fr\/wp-json\/wp\/v2\/product\/18017","targetHints":{"allow":["GET"]}}],"collection":[{"href":"https:\/\/www.vape4wholesale.com\/fr\/wp-json\/wp\/v2\/product"}],"about":[{"href":"https:\/\/www.vape4wholesale.com\/fr\/wp-json\/wp\/v2\/types\/product"}],"replies":[{"embeddable":true,"href":"https:\/\/www.vape4wholesale.com\/fr\/wp-json\/wp\/v2\/comments?post=18017"}],"wp:featuredmedia":[{"embeddable":true,"href":"https:\/\/www.vape4wholesale.com\/fr\/wp-json\/wp\/v2\/media\/21019"}],"wp:attachment":[{"href":"https:\/\/www.vape4wholesale.com\/fr\/wp-json\/wp\/v2\/media?parent=18017"}],"wp:term":[{"taxonomy":"pwb-brand","embeddable":true,"href":"https:\/\/www.vape4wholesale.com\/fr\/wp-json\/wp\/v2\/pwb-brand?post=18017"},{"taxonomy":"product_cat","embeddable":true,"href":"https:\/\/www.vape4wholesale.com\/fr\/wp-json\/wp\/v2\/product_cat?post=18017"},{"taxonomy":"product_tag","embeddable":true,"href":"https:\/\/www.vape4wholesale.com\/fr\/wp-json\/wp\/v2\/product_tag?post=18017"}],"curies":[{"name":"wp","href":"https:\/\/api.w.org\/{rel}","templated":true}]}}