{"id":16797,"date":"2024-07-23T10:59:00","date_gmt":"2024-07-23T02:59:00","guid":{"rendered":"https:\/\/www.vape4wholesale.com\/?post_type=product&#038;p=16797"},"modified":"2026-01-27T14:44:18","modified_gmt":"2026-01-27T14:44:18","slug":"vapsolo-feed-bar-shisha-15000-jetable-vape-wholesale","status":"publish","type":"product","link":"https:\/\/www.vape4wholesale.com\/fr\/product\/vapsolo-feed-bar-shisha-15000-disposable-vape-wholesale","title":{"rendered":"Vapsolo Feed Bar Shisha 15000 Disposable Vape Wholesale"},"content":{"rendered":"<p>Le Vapsolo Feed Bar Shisha 15000 est une vape jetable sophistiqu\u00e9e et exceptionnelle de type Shisha, envelopp\u00e9e de cuir et dot\u00e9e d'un \u00e9cran d'affichage num\u00e9rique indiquant le niveau de puissance actuel et le pourcentage d'e-liquide restant.<\/p>\n<p>Il est livr\u00e9 avec 25 ml d'eliquide, une batterie rechargeable de 650 mAh avec une r\u00e9sistance de 0,6 ohms pour vous garantir la meilleure saveur et plus de fum\u00e9e. Il supporte jusqu'\u00e0 15 000 bouff\u00e9es.<\/p>\n<p>Commandez en vrac notre large s\u00e9lection de 10 ar\u00f4mes de Vapsolo DG18000 au meilleur prix et avec une livraison rapide.<\/p>\n<h2><strong>Vapsolo Feed Bar Shisha 15000 bouff\u00e9es D\u00e9tails rapides :<\/strong><\/h2>\n<ul>\n<li>Batterie int\u00e9gr\u00e9e de 650mAh<\/li>\n<li>Batterie rechargeable (port Type-C)<\/li>\n<li>Capacit\u00e9 de jus : 25ml<\/li>\n<li>Une alimentation \u00e9lectrique efficace et coh\u00e9rente<\/li>\n<li>R\u00e9sistance de la bobine : 0.6\u03a9<\/li>\n<li>0% , 2% Taux de nicotine<\/li>\n<li>Satisfaire pr\u00e8s de 15000 bouff\u00e9es<\/li>\n<li>Bobine de maille<\/li>\n<li>Deux gousses<\/li>\n<li>Protection : Surchauffe, court-circuit<\/li>\n<\/ul>\n<h2><strong>Saveurs disponibles :<\/strong><\/h2>\n<ol>\n<li>Glace aux baies<\/li>\n<li>Glace au cassis<\/li>\n<li>Limonade Blue Razz<\/li>\n<li>Gomme \u00e0 la myrtille<\/li>\n<li>Fiesta de cerises<\/li>\n<li>Raisin Menthe<\/li>\n<li>Menthe citronn\u00e9e<\/li>\n<li>Glace luxuriante<\/li>\n<li>L'amour magique<\/li>\n<li>Glace \u00e0 la mangue<\/li>\n<li>Glace \u00e0 la p\u00eache<\/li>\n<li>Fraise Kiwi<\/li>\n<li>Punch aux fraises<\/li>\n<li>Fruits Sweetpassion<\/li>\n<li>Deux pommes<\/li>\n<\/ol>\n<h2><strong>D\u00e9tails de l'emballage :<\/strong><\/h2>\n<p>1pcs par bo\u00eete individuelle<br data-filtered=\"filtered\" \/>10 pi\u00e8ces par bo\u00eete centrale<br data-filtered=\"filtered\" \/>200pcs par carton\/ 19kg<\/p>\n<figure id=\"attachment_16798\" aria-describedby=\"caption-attachment-16798\" style=\"width: 600px\" class=\"wp-caption alignnone\"><img loading=\"lazy\" decoding=\"async\" class=\"size-full wp-image-16798\" title=\"Vapsolo Feed Bar Shisha 15000 Vape jetable Wholesale GRAPE MINT\" src=\"https:\/\/www.vape4wholesale.com\/wp-content\/uploads\/2024\/09\/Vapsolo-Feed-Bar-Shisha-15000-Disposable-Vape-Wholesale-GRAPE-MINT.png\" alt=\"Vapsolo Feed Bar Shisha 15000 Vape jetable Wholesale GRAPE MINT\" width=\"600\" height=\"600\" srcset=\"https:\/\/www.vape4wholesale.com\/wp-content\/uploads\/2024\/09\/Vapsolo-Feed-Bar-Shisha-15000-Disposable-Vape-Wholesale-GRAPE-MINT.png 600w, https:\/\/www.vape4wholesale.com\/wp-content\/uploads\/2024\/09\/Vapsolo-Feed-Bar-Shisha-15000-Disposable-Vape-Wholesale-GRAPE-MINT-247x247.png 247w, https:\/\/www.vape4wholesale.com\/wp-content\/uploads\/2024\/09\/Vapsolo-Feed-Bar-Shisha-15000-Disposable-Vape-Wholesale-GRAPE-MINT-100x100.png 100w, https:\/\/www.vape4wholesale.com\/wp-content\/uploads\/2024\/09\/Vapsolo-Feed-Bar-Shisha-15000-Disposable-Vape-Wholesale-GRAPE-MINT-510x510.png 510w, https:\/\/www.vape4wholesale.com\/wp-content\/uploads\/2024\/09\/Vapsolo-Feed-Bar-Shisha-15000-Disposable-Vape-Wholesale-GRAPE-MINT-64x64.png 64w, https:\/\/www.vape4wholesale.com\/wp-content\/uploads\/2024\/09\/Vapsolo-Feed-Bar-Shisha-15000-Disposable-Vape-Wholesale-GRAPE-MINT-300x300.png 300w, https:\/\/www.vape4wholesale.com\/wp-content\/uploads\/2024\/09\/Vapsolo-Feed-Bar-Shisha-15000-Disposable-Vape-Wholesale-GRAPE-MINT-150x150.png 150w, https:\/\/www.vape4wholesale.com\/wp-content\/uploads\/2024\/09\/Vapsolo-Feed-Bar-Shisha-15000-Disposable-Vape-Wholesale-GRAPE-MINT-12x12.png 12w\" sizes=\"auto, (max-width: 600px) 100vw, 600px\" \/><figcaption id=\"caption-attachment-16798\" class=\"wp-caption-text\">Vapsolo Feed Bar Shisha 15000 Disposable Vape Wholesale<\/figcaption><\/figure>\n<h2>POURQUOI NOUS ?<\/h2>\r\n<ul>\r\n<li>Une source de vape r\u00e9elle, digne de confiance et professionnelle.<\/li>\r\n<li>100% Garantie d'authenticit\u00e9 : Nous ne fournissons que des produits originaux et authentiques, nous refusons la contrefa\u00e7on.<\/li>\r\n<li>100% Garantie de livraison : Nous utilisons les meilleurs moyens de transport pour assurer la livraison de votre commande 100%.<\/li>\r\n<li>Nous vous communiquerons le num\u00e9ro de suivi et l'\u00e9tiquette d'exp\u00e9dition apr\u00e8s l'envoi, et nous suivrons les marchandises pour vous jusqu'\u00e0 ce que vous les signiez.<\/li>\r\n<li>Pas de probl\u00e8mes douaniers, pas de droits de douane<\/li>\r\n<\/ul>\n<p>&nbsp;<\/p>","protected":false},"excerpt":{"rendered":"<p><b><span style=\"color: #00a859;\">Livraison gratuite<\/span>\u00a0depuis l'entrep\u00f4t europ\u00e9en, d\u00e9lai de livraison de 7 \u00e0 15 jours ouvrables.<\/b><\/p>\r\n<div class=\"wsppc_div_block woocommerce_before_add_to_cart_form\">\r\n<p><strong>D\u00e9douanement avant livraison &amp; Garantie de livraison \u00e0 100%<\/strong><\/p>\r\n<\/div>","protected":false},"featured_media":16798,"comment_status":"open","ping_status":"closed","template":"","meta":[],"pwb-brand":[1271],"product_cat":[872],"product_tag":[24,684,692,726,899,22],"class_list":{"0":"post-16797","1":"product","2":"type-product","3":"status-publish","4":"has-post-thumbnail","6":"pwb-brand-vapsolo","7":"product_cat-15k-20k-puffs","8":"product_tag-wholesale","9":"product_tag-15000-puffs","10":"product_tag-25-0ml","11":"product_tag-shisha","12":"product_tag-vapsolo","13":"product_tag-disposable","14":"product_shipping_class-vapsolo-cn-eu","15":"wcpa_has_options","17":"first","18":"instock","19":"shipping-taxable","20":"purchasable","21":"product-type-variable"},"aioseo_notices":[],"brands":[{"id":1271,"name":"Vapsolo","slug":"vapsolo"}],"_links":{"self":[{"href":"https:\/\/www.vape4wholesale.com\/fr\/wp-json\/wp\/v2\/product\/16797","targetHints":{"allow":["GET"]}}],"collection":[{"href":"https:\/\/www.vape4wholesale.com\/fr\/wp-json\/wp\/v2\/product"}],"about":[{"href":"https:\/\/www.vape4wholesale.com\/fr\/wp-json\/wp\/v2\/types\/product"}],"replies":[{"embeddable":true,"href":"https:\/\/www.vape4wholesale.com\/fr\/wp-json\/wp\/v2\/comments?post=16797"}],"wp:featuredmedia":[{"embeddable":true,"href":"https:\/\/www.vape4wholesale.com\/fr\/wp-json\/wp\/v2\/media\/16798"}],"wp:attachment":[{"href":"https:\/\/www.vape4wholesale.com\/fr\/wp-json\/wp\/v2\/media?parent=16797"}],"wp:term":[{"taxonomy":"pwb-brand","embeddable":true,"href":"https:\/\/www.vape4wholesale.com\/fr\/wp-json\/wp\/v2\/pwb-brand?post=16797"},{"taxonomy":"product_cat","embeddable":true,"href":"https:\/\/www.vape4wholesale.com\/fr\/wp-json\/wp\/v2\/product_cat?post=16797"},{"taxonomy":"product_tag","embeddable":true,"href":"https:\/\/www.vape4wholesale.com\/fr\/wp-json\/wp\/v2\/product_tag?post=16797"}],"curies":[{"name":"wp","href":"https:\/\/api.w.org\/{rel}","templated":true}]}}