{"id":16608,"date":"2024-08-06T10:57:00","date_gmt":"2024-08-06T02:57:00","guid":{"rendered":"https:\/\/www.vape4wholesale.com\/?post_type=product&#038;p=16608"},"modified":"2026-01-26T13:40:16","modified_gmt":"2026-01-26T13:40:16","slug":"bang-king-coloor-20000-puffs-double-crystal-jetable-vape-wholesale","status":"publish","type":"product","link":"https:\/\/www.vape4wholesale.com\/fr\/product\/bang-king-coloor-20000-puffs-double-crystal-disposable-vape-wholesale","title":{"rendered":"Bang King Coloor 20000 Puffs Double Crystal Disposable Vape Wholesale"},"content":{"rendered":"<p class=\"detail_name themes_products_title\">La Bang King Coloor 20000 Double Crystal Vape est dot\u00e9e d'un \u00e9cran LED intelligent et d'un beau design, elle contient 25ml d'eliquide et une batterie rechargeable de 650mah qui permet de tirer jusqu'\u00e0 20 000 bouff\u00e9es.<\/p>\n<p>l'\u00e9cran LED affiche la puissance et le niveau d'eliquide, 0% 2% 3% 5% nicotine au choix.<\/p>\n<p>Commandez en vrac notre large s\u00e9lection de 12 saveurs de Bang King Coloor 20000 double crystal au meilleur prix et avec une livraison rapide.<\/p>\n<h2>Bang King Coloor 20000 Puffs Double Crystal Quick Details<\/h2>\n<ul>\n<li>Nicotine:0% 2% 3% 5%<\/li>\n<li>Bouff\u00e9es:20000<\/li>\n<li>Capacit\u00e9 : 25ml<\/li>\n<li>12 saveurs disponibles<\/li>\n<li>1.0ohm Mesh Coil<\/li>\n<li>650mah Rechargeable<\/li>\n<li>Fonctions de l'\u00e9cran \u00e0 diodes \u00e9lectroluminescentes : affichage du liquide et affichage de la puissance<\/li>\n<li>200 pi\u00e8ces dans un carton.<\/li>\n<\/ul>\n<h2>Saveurs disponibles<\/h2>\n<p>1. pomme acide framboise<br \/>\n2. glace \u00e0 la p\u00eache<br \/>\n3. fruits m\u00e9lang\u00e9s<br \/>\n4. past\u00e8que \u00e0 la fraise<br \/>\n5. glace \u00e0 la past\u00e8que<br \/>\n6. glace de raisin<br \/>\n7. glace aux myrtilles<br \/>\n8. Blue Razz<br \/>\n9. mangue fraise<br \/>\n10. kiwi fruit de la passion goyave<br \/>\n11. boisson \u00e9nerg\u00e9tique<br \/>\n12.fraise kiwi<\/p>\n<figure id=\"attachment_16614\" aria-describedby=\"caption-attachment-16614\" style=\"width: 800px\" class=\"wp-caption alignnone\"><img loading=\"lazy\" decoding=\"async\" class=\"wp-image-16614 size-full\" title=\"Bang King Coloor 20000 Bouff\u00e9es Double Cristal Jetable Vape en Gros Sour Apple Raspberry\" src=\"https:\/\/www.vape4wholesale.com\/wp-content\/uploads\/2024\/08\/Bang-King-Coloor-20000-Puffs-Double-Crystal-Disposable-Vape-Wholesale-Sour-Apple-Raspberry.webp\" alt=\"Bang King Coloor 20000 Bouff\u00e9es Double Cristal Jetable Vape en Gros Sour Apple Raspberry\" width=\"800\" height=\"800\" srcset=\"https:\/\/www.vape4wholesale.com\/wp-content\/uploads\/2024\/08\/Bang-King-Coloor-20000-Puffs-Double-Crystal-Disposable-Vape-Wholesale-Sour-Apple-Raspberry.webp 800w, https:\/\/www.vape4wholesale.com\/wp-content\/uploads\/2024\/08\/Bang-King-Coloor-20000-Puffs-Double-Crystal-Disposable-Vape-Wholesale-Sour-Apple-Raspberry-247x247.webp 247w, https:\/\/www.vape4wholesale.com\/wp-content\/uploads\/2024\/08\/Bang-King-Coloor-20000-Puffs-Double-Crystal-Disposable-Vape-Wholesale-Sour-Apple-Raspberry-100x100.webp 100w, https:\/\/www.vape4wholesale.com\/wp-content\/uploads\/2024\/08\/Bang-King-Coloor-20000-Puffs-Double-Crystal-Disposable-Vape-Wholesale-Sour-Apple-Raspberry-510x510.webp 510w, https:\/\/www.vape4wholesale.com\/wp-content\/uploads\/2024\/08\/Bang-King-Coloor-20000-Puffs-Double-Crystal-Disposable-Vape-Wholesale-Sour-Apple-Raspberry-64x64.webp 64w, https:\/\/www.vape4wholesale.com\/wp-content\/uploads\/2024\/08\/Bang-King-Coloor-20000-Puffs-Double-Crystal-Disposable-Vape-Wholesale-Sour-Apple-Raspberry-300x300.webp 300w, https:\/\/www.vape4wholesale.com\/wp-content\/uploads\/2024\/08\/Bang-King-Coloor-20000-Puffs-Double-Crystal-Disposable-Vape-Wholesale-Sour-Apple-Raspberry-150x150.webp 150w, https:\/\/www.vape4wholesale.com\/wp-content\/uploads\/2024\/08\/Bang-King-Coloor-20000-Puffs-Double-Crystal-Disposable-Vape-Wholesale-Sour-Apple-Raspberry-768x768.webp 768w, https:\/\/www.vape4wholesale.com\/wp-content\/uploads\/2024\/08\/Bang-King-Coloor-20000-Puffs-Double-Crystal-Disposable-Vape-Wholesale-Sour-Apple-Raspberry-12x12.webp 12w\" sizes=\"auto, (max-width: 800px) 100vw, 800px\" \/><figcaption id=\"caption-attachment-16614\" class=\"wp-caption-text\">Bang King Coloor 20000 Puffs Double Crystal Disposable Vape Wholesale<\/figcaption><\/figure>\n<figure id=\"attachment_16615\" aria-describedby=\"caption-attachment-16615\" style=\"width: 800px\" class=\"wp-caption alignnone\"><img loading=\"lazy\" decoding=\"async\" class=\"wp-image-16615 size-full\" title=\"Bang King Coloor 20000 bouff\u00e9es Double Crystal Vape jetable Wholesale Packing box\" src=\"https:\/\/www.vape4wholesale.com\/wp-content\/uploads\/2024\/08\/Bang-King-Coloor-20000-Puffs-Double-Crystal-Disposable-Vape-Wholesale-Packing-box.webp\" alt=\"Bang King Coloor 20000 bouff\u00e9es Double Crystal Vape jetable Wholesale Packing box\" width=\"800\" height=\"800\" srcset=\"https:\/\/www.vape4wholesale.com\/wp-content\/uploads\/2024\/08\/Bang-King-Coloor-20000-Puffs-Double-Crystal-Disposable-Vape-Wholesale-Packing-box.webp 800w, https:\/\/www.vape4wholesale.com\/wp-content\/uploads\/2024\/08\/Bang-King-Coloor-20000-Puffs-Double-Crystal-Disposable-Vape-Wholesale-Packing-box-247x247.webp 247w, https:\/\/www.vape4wholesale.com\/wp-content\/uploads\/2024\/08\/Bang-King-Coloor-20000-Puffs-Double-Crystal-Disposable-Vape-Wholesale-Packing-box-100x100.webp 100w, https:\/\/www.vape4wholesale.com\/wp-content\/uploads\/2024\/08\/Bang-King-Coloor-20000-Puffs-Double-Crystal-Disposable-Vape-Wholesale-Packing-box-510x510.webp 510w\" sizes=\"auto, (max-width: 800px) 100vw, 800px\" \/><figcaption id=\"caption-attachment-16615\" class=\"wp-caption-text\">Bang King Coloor 20000 Bouff\u00e9es Double Cristal Bo\u00eete d'emballage de Vape jetable<\/figcaption><\/figure>\n<h2>POURQUOI NOUS ?<\/h2>\r\n<ul>\r\n<li>Une source de vape r\u00e9elle, digne de confiance et professionnelle.<\/li>\r\n<li>100% Garantie d'authenticit\u00e9 : Nous ne fournissons que des produits originaux et authentiques, nous refusons la contrefa\u00e7on.<\/li>\r\n<li>100% Garantie de livraison : Nous utilisons les meilleurs moyens de transport pour assurer la livraison de votre commande 100%.<\/li>\r\n<li>Nous vous communiquerons le num\u00e9ro de suivi et l'\u00e9tiquette d'exp\u00e9dition apr\u00e8s l'envoi, et nous suivrons les marchandises pour vous jusqu'\u00e0 ce que vous les signiez.<\/li>\r\n<li>Pas de probl\u00e8mes douaniers, pas de droits de douane<\/li>\r\n<\/ul>","protected":false},"excerpt":{"rendered":"<div class=\"wsppc_div_block woocommerce_before_add_to_cart_form\">\r\n<p><strong><span style=\"color: #00a859;\">Passer la douane<\/span> avant livraison &amp; 100% Garantie de livraison, Livraison en 19~25 jours environ.\u00a0<\/strong><\/p>\r\n<\/div>","protected":false},"featured_media":16618,"comment_status":"open","ping_status":"closed","template":"","meta":[],"pwb-brand":[1275],"product_cat":[873],"product_tag":[22,24,249,692,794],"class_list":{"0":"post-16608","1":"product","2":"type-product","3":"status-publish","4":"has-post-thumbnail","6":"pwb-brand-bang","7":"product_cat-above-20k-puffs","8":"product_tag-disposable","9":"product_tag-wholesale","10":"product_tag-bang","11":"product_tag-25-0ml","12":"product_tag-20000-puffs","13":"wcpa_has_options","15":"first","16":"instock","17":"shipping-taxable","18":"purchasable","19":"product-type-variable"},"aioseo_notices":[],"brands":[{"id":1275,"name":"Bang","slug":"coup"}],"_links":{"self":[{"href":"https:\/\/www.vape4wholesale.com\/fr\/wp-json\/wp\/v2\/product\/16608","targetHints":{"allow":["GET"]}}],"collection":[{"href":"https:\/\/www.vape4wholesale.com\/fr\/wp-json\/wp\/v2\/product"}],"about":[{"href":"https:\/\/www.vape4wholesale.com\/fr\/wp-json\/wp\/v2\/types\/product"}],"replies":[{"embeddable":true,"href":"https:\/\/www.vape4wholesale.com\/fr\/wp-json\/wp\/v2\/comments?post=16608"}],"wp:featuredmedia":[{"embeddable":true,"href":"https:\/\/www.vape4wholesale.com\/fr\/wp-json\/wp\/v2\/media\/16618"}],"wp:attachment":[{"href":"https:\/\/www.vape4wholesale.com\/fr\/wp-json\/wp\/v2\/media?parent=16608"}],"wp:term":[{"taxonomy":"pwb-brand","embeddable":true,"href":"https:\/\/www.vape4wholesale.com\/fr\/wp-json\/wp\/v2\/pwb-brand?post=16608"},{"taxonomy":"product_cat","embeddable":true,"href":"https:\/\/www.vape4wholesale.com\/fr\/wp-json\/wp\/v2\/product_cat?post=16608"},{"taxonomy":"product_tag","embeddable":true,"href":"https:\/\/www.vape4wholesale.com\/fr\/wp-json\/wp\/v2\/product_tag?post=16608"}],"curies":[{"name":"wp","href":"https:\/\/api.w.org\/{rel}","templated":true}]}}