{"id":16538,"date":"2024-08-01T08:35:00","date_gmt":"2024-08-01T00:35:00","guid":{"rendered":"https:\/\/www.vape4wholesale.com\/?post_type=product&#038;p=16538"},"modified":"2026-01-26T13:40:18","modified_gmt":"2026-01-26T13:40:18","slug":"bang-king-25000-jetable-vape-wholesale","status":"publish","type":"product","link":"https:\/\/www.vape4wholesale.com\/fr\/product\/bang-king-25000-disposable-vape-wholesale","title":{"rendered":"Bang King 25000 Vape jetable Vente en gros"},"content":{"rendered":"<p>Le Bang King 25000 est con\u00e7u pour les vapoteurs \u00e0 la recherche de performances exceptionnelles et de commodit\u00e9. Il supporte jusqu'\u00e0 25 000 bouff\u00e9es et est dot\u00e9 de deux dosettes de 23 ml. Disponible en 2% et 5% nicotine. Le syst\u00e8me de double dosette r\u00e9duit l'accumulation de carbone et restaure la saveur. en utilisant la charge Type-C.<\/p>\n<p>Choisissez parmi les options de nicotine 0%, 2%, 3%, ou 5%, et profitez d'une combustion douce gr\u00e2ce \u00e0 la bobine mesh de 1,0 ohm. Le port de charge Type-C assure des recharges rapides, et avec 12 saveurs d\u00e9licieuses disponibles.<\/p>\n<p>Commandez en vrac notre large s\u00e9lection de 12 saveurs de Bang King 25000 avec une livraison rapide et au meilleur prix.<\/p>\n<h2><strong>Bang King 25000 Vape jetable <\/strong><strong>Caract\u00e9ristiques<\/strong><\/h2>\n<ul>\n<li>Bouff\u00e9es : 25000 bouff\u00e9es<\/li>\n<li>Batterie : 650 mAh rechargeable<\/li>\n<li>23 ml d'e-liquide pr\u00e9-rempli (2 PODS, 11.5ml+11.5ml)<\/li>\n<li>0%, 2%, 3%, 5% Teneur en nicotine<\/li>\n<li>1.0 ohm Mesh Coil<\/li>\n<li>Port de charge de type C<\/li>\n<li>12 saveurs disponibles<\/li>\n<\/ul>\n<h2><strong>Liste des ar\u00f4mes<\/strong><\/h2>\n<ol>\n<li>Glace Blue Razz<\/li>\n<li>Glace \u00e0 la p\u00eache juteuse<\/li>\n<li>Past\u00e8que \u00e0 la fraise<\/li>\n<li>Glace \u00e0 la past\u00e8que<\/li>\n<li>Fraise et banane<\/li>\n<li>Glace \u00e0 la pomme acide<\/li>\n<li>Glace aux trois baies<\/li>\n<li>Fruits tropicaux<\/li>\n<li>Bombe \u00e0 la cerise<\/li>\n<li>Glace de raisin<\/li>\n<li>P\u00eache Mangue<\/li>\n<li>Fraise Mangue<\/li>\n<\/ol>\n<figure id=\"attachment_16589\" aria-describedby=\"caption-attachment-16589\" style=\"width: 800px\" class=\"wp-caption alignnone\"><img loading=\"lazy\" decoding=\"async\" class=\"size-full wp-image-16589\" title=\"Bang King 25000 bouff\u00e9es Vape jetable en gros FRUIT TROPICAL\" src=\"https:\/\/www.vape4wholesale.com\/wp-content\/uploads\/2024\/08\/Bang-King-25000-Puffs-Disposable-Vape-Wholesale-TROPICAL-FRUIT.jpg\" alt=\"Bang King 25000 bouff\u00e9es Vape jetable en gros FRUIT TROPICAL\" width=\"800\" height=\"800\" srcset=\"https:\/\/www.vape4wholesale.com\/wp-content\/uploads\/2024\/08\/Bang-King-25000-Puffs-Disposable-Vape-Wholesale-TROPICAL-FRUIT.jpg 800w, https:\/\/www.vape4wholesale.com\/wp-content\/uploads\/2024\/08\/Bang-King-25000-Puffs-Disposable-Vape-Wholesale-TROPICAL-FRUIT-247x247.jpg 247w, https:\/\/www.vape4wholesale.com\/wp-content\/uploads\/2024\/08\/Bang-King-25000-Puffs-Disposable-Vape-Wholesale-TROPICAL-FRUIT-100x100.jpg 100w, https:\/\/www.vape4wholesale.com\/wp-content\/uploads\/2024\/08\/Bang-King-25000-Puffs-Disposable-Vape-Wholesale-TROPICAL-FRUIT-510x510.jpg 510w, https:\/\/www.vape4wholesale.com\/wp-content\/uploads\/2024\/08\/Bang-King-25000-Puffs-Disposable-Vape-Wholesale-TROPICAL-FRUIT-64x64.jpg 64w, https:\/\/www.vape4wholesale.com\/wp-content\/uploads\/2024\/08\/Bang-King-25000-Puffs-Disposable-Vape-Wholesale-TROPICAL-FRUIT-300x300.jpg 300w, https:\/\/www.vape4wholesale.com\/wp-content\/uploads\/2024\/08\/Bang-King-25000-Puffs-Disposable-Vape-Wholesale-TROPICAL-FRUIT-150x150.jpg 150w, https:\/\/www.vape4wholesale.com\/wp-content\/uploads\/2024\/08\/Bang-King-25000-Puffs-Disposable-Vape-Wholesale-TROPICAL-FRUIT-768x768.jpg 768w, https:\/\/www.vape4wholesale.com\/wp-content\/uploads\/2024\/08\/Bang-King-25000-Puffs-Disposable-Vape-Wholesale-TROPICAL-FRUIT-12x12.jpg 12w\" sizes=\"auto, (max-width: 800px) 100vw, 800px\" \/><figcaption id=\"caption-attachment-16589\" class=\"wp-caption-text\">Bang King 25000 bouff\u00e9es Vape jetable en gros<\/figcaption><\/figure>\n<h2>POURQUOI NOUS ?<\/h2>\r\n<ul>\r\n<li>Une source de vape r\u00e9elle, digne de confiance et professionnelle.<\/li>\r\n<li>100% Garantie d'authenticit\u00e9 : Nous ne fournissons que des produits originaux et authentiques, nous refusons la contrefa\u00e7on.<\/li>\r\n<li>100% Garantie de livraison : Nous utilisons les meilleurs moyens de transport pour assurer la livraison de votre commande 100%.<\/li>\r\n<li>Nous vous communiquerons le num\u00e9ro de suivi et l'\u00e9tiquette d'exp\u00e9dition apr\u00e8s l'envoi, et nous suivrons les marchandises pour vous jusqu'\u00e0 ce que vous les signiez.<\/li>\r\n<li>Pas de probl\u00e8mes douaniers, pas de droits de douane<\/li>\r\n<\/ul>","protected":false},"excerpt":{"rendered":"<div class=\"wsppc_div_block woocommerce_before_add_to_cart_form\">\r\n<p><strong><span style=\"color: #00a859;\">Passer la douane<\/span> avant livraison &amp; 100% Garantie de livraison, Livraison en 19~25 jours environ.\u00a0<\/strong><\/p>\r\n<\/div>","protected":false},"featured_media":16579,"comment_status":"open","ping_status":"closed","template":"","meta":[],"pwb-brand":[1275],"product_cat":[873],"product_tag":[22,24,249,557,915],"class_list":{"0":"post-16538","1":"product","2":"type-product","3":"status-publish","4":"has-post-thumbnail","6":"pwb-brand-bang","7":"product_cat-above-20k-puffs","8":"product_tag-disposable","9":"product_tag-wholesale","10":"product_tag-bang","11":"product_tag-23-0ml","12":"product_tag-25000-puffs","13":"wcpa_has_options","15":"first","16":"instock","17":"featured","18":"shipping-taxable","19":"purchasable","20":"product-type-variable"},"aioseo_notices":[],"brands":[{"id":1275,"name":"Bang","slug":"coup"}],"_links":{"self":[{"href":"https:\/\/www.vape4wholesale.com\/fr\/wp-json\/wp\/v2\/product\/16538","targetHints":{"allow":["GET"]}}],"collection":[{"href":"https:\/\/www.vape4wholesale.com\/fr\/wp-json\/wp\/v2\/product"}],"about":[{"href":"https:\/\/www.vape4wholesale.com\/fr\/wp-json\/wp\/v2\/types\/product"}],"replies":[{"embeddable":true,"href":"https:\/\/www.vape4wholesale.com\/fr\/wp-json\/wp\/v2\/comments?post=16538"}],"wp:featuredmedia":[{"embeddable":true,"href":"https:\/\/www.vape4wholesale.com\/fr\/wp-json\/wp\/v2\/media\/16579"}],"wp:attachment":[{"href":"https:\/\/www.vape4wholesale.com\/fr\/wp-json\/wp\/v2\/media?parent=16538"}],"wp:term":[{"taxonomy":"pwb-brand","embeddable":true,"href":"https:\/\/www.vape4wholesale.com\/fr\/wp-json\/wp\/v2\/pwb-brand?post=16538"},{"taxonomy":"product_cat","embeddable":true,"href":"https:\/\/www.vape4wholesale.com\/fr\/wp-json\/wp\/v2\/product_cat?post=16538"},{"taxonomy":"product_tag","embeddable":true,"href":"https:\/\/www.vape4wholesale.com\/fr\/wp-json\/wp\/v2\/product_tag?post=16538"}],"curies":[{"name":"wp","href":"https:\/\/api.w.org\/{rel}","templated":true}]}}