{"id":16512,"date":"2024-07-31T23:32:00","date_gmt":"2024-07-31T15:32:00","guid":{"rendered":"https:\/\/www.vape4wholesale.com\/?post_type=product&#038;p=16512"},"modified":"2026-01-26T13:40:20","modified_gmt":"2026-01-26T13:40:20","slug":"bang-king-coloor-30000-puffs-jetable-vape-wholesale","status":"publish","type":"product","link":"https:\/\/www.vape4wholesale.com\/fr\/product\/bang-king-coloor-30000-puffs-disposable-vape-wholesale","title":{"rendered":"Bang King Coloor 30000 Puffs Vape jetable Wholesale"},"content":{"rendered":"<p>Le Bang King Coloor 30000 Puffs est dot\u00e9 d'un double go\u00fbt con\u00e7u pour une exp\u00e9rience de vapotage exceptionnelle. Il est \u00e9quip\u00e9 d'une bobine de 1.0ohm et contient 36ml d'e-liquide.<\/p>\n<p>Disponible dans les taux de nicotine 0%, 2%, 3%, et 5%, r\u00e9pondant \u00e0 diverses pr\u00e9f\u00e9rences et besoins. La batterie rechargeable de 550mAh avec support de charge Type-C vous assure de pouvoir recharger rapidement et efficacement votre vape, la gardant pr\u00eate \u00e0 l'emploi \u00e0 tout moment.<\/p>\n<p>TheBang 30000 Puffs est con\u00e7u pour les d\u00e9butants et les vapoteurs exp\u00e9riment\u00e9s, combinant une grande capacit\u00e9, une facilit\u00e9 d'utilisation et une technologie avanc\u00e9e. Sa saveur exceptionnelle et son design convivial en font un choix de premier ordre sur le march\u00e9 du vapotage. Obtenez le meilleur prix de gros et une livraison rapide de Vape4Wholesale.<\/p>\n<h2><strong>Bang King Coloor 30000 Puffs Caract\u00e9ristiques<\/strong><\/h2>\n<ul>\n<li>Bouff\u00e9es : Jusqu'\u00e0 30000 bouff\u00e9es<\/li>\n<li>Noyau : Bobine en maille 1.0ohm<\/li>\n<li>E-liquide : 36ml<\/li>\n<li>Nicotine : 0%\/ 2%\/ 3%\/ 5%<\/li>\n<li>Batterie : 550mAh<\/li>\n<li>Rechargeable : Type-C<\/li>\n<li>Afficheur num\u00e9rique LCD<\/li>\n<li>Double go\u00fbt<\/li>\n<li>Bang 30000 Puffs<\/li>\n<\/ul>\n<h2><strong>Liste des ar\u00f4mes<\/strong><\/h2>\n<ul>\n<li>Glace \u00e0 la past\u00e8que et menthe \u00e0 la myrtille<\/li>\n<li>Glace \u00e0 la past\u00e8que, fraise et mangue<\/li>\n<li>Fraise Past\u00e8que &amp; Kiwi Fruit de la passion Goyave<\/li>\n<li>Glace \u00e0 la fraise, \u00e0 la past\u00e8que et au raisin<\/li>\n<li>Glace aux myrtilles et glace au dragon noir<\/li>\n<li>Glace aux myrtilles, fraises et bananes<\/li>\n<li>Red Bull et past\u00e8que \u00e0 la myrtille<\/li>\n<li>Red Bull et bonbons \u00e0 la past\u00e8que<\/li>\n<li>Myrtille Framboise &amp; P\u00eache Mangue Past\u00e8que<\/li>\n<li>Myrtille, framboise et m\u00e9lange de fruits moul\u00e9s<\/li>\n<li>Glace \u00e0 la fraise, au kiwi et \u00e0 la p\u00eache<\/li>\n<li>Fraise, kiwi et pomme acide, framboise<\/li>\n<\/ul>\n<figure id=\"attachment_16526\" aria-describedby=\"caption-attachment-16526\" style=\"width: 800px\" class=\"wp-caption alignnone\"><img loading=\"lazy\" decoding=\"async\" class=\"wp-image-16526 size-full\" title=\"Bang King Coloor 30000 Puffs Vape jetable Wholesale (2)\" src=\"https:\/\/www.vape4wholesale.com\/wp-content\/uploads\/2024\/07\/Bang-King-Coloor-30000-Puffs-Disposable-Vape-Wholesale-2.jpg\" alt=\"Bang King Coloor 30000 Puffs Vape jetable Wholesale (2)\" width=\"800\" height=\"800\" srcset=\"https:\/\/www.vape4wholesale.com\/wp-content\/uploads\/2024\/07\/Bang-King-Coloor-30000-Puffs-Disposable-Vape-Wholesale-2.jpg 800w, https:\/\/www.vape4wholesale.com\/wp-content\/uploads\/2024\/07\/Bang-King-Coloor-30000-Puffs-Disposable-Vape-Wholesale-2-247x247.jpg 247w, https:\/\/www.vape4wholesale.com\/wp-content\/uploads\/2024\/07\/Bang-King-Coloor-30000-Puffs-Disposable-Vape-Wholesale-2-100x100.jpg 100w, https:\/\/www.vape4wholesale.com\/wp-content\/uploads\/2024\/07\/Bang-King-Coloor-30000-Puffs-Disposable-Vape-Wholesale-2-510x510.jpg 510w\" sizes=\"auto, (max-width: 800px) 100vw, 800px\" \/><figcaption id=\"caption-attachment-16526\" class=\"wp-caption-text\">Bang King Coloor 30000 Puffs Vape jetable Wholesale<\/figcaption><\/figure>\n<p><img loading=\"lazy\" decoding=\"async\" class=\"alignnone size-full wp-image-16527\" title=\"Bang King Coloor 30000 Puffs Vape jetable Wholesale (3)\" src=\"https:\/\/www.vape4wholesale.com\/wp-content\/uploads\/2024\/07\/Bang-King-Coloor-30000-Puffs-Disposable-Vape-Wholesale-3.jpg\" alt=\"Bang King Coloor 30000 Puffs Vape jetable Wholesale (3)\" width=\"800\" height=\"800\" srcset=\"https:\/\/www.vape4wholesale.com\/wp-content\/uploads\/2024\/07\/Bang-King-Coloor-30000-Puffs-Disposable-Vape-Wholesale-3.jpg 800w, https:\/\/www.vape4wholesale.com\/wp-content\/uploads\/2024\/07\/Bang-King-Coloor-30000-Puffs-Disposable-Vape-Wholesale-3-247x247.jpg 247w, https:\/\/www.vape4wholesale.com\/wp-content\/uploads\/2024\/07\/Bang-King-Coloor-30000-Puffs-Disposable-Vape-Wholesale-3-100x100.jpg 100w, https:\/\/www.vape4wholesale.com\/wp-content\/uploads\/2024\/07\/Bang-King-Coloor-30000-Puffs-Disposable-Vape-Wholesale-3-510x510.jpg 510w\" sizes=\"auto, (max-width: 800px) 100vw, 800px\" \/><\/p>\n<h2>POURQUOI NOUS ?<\/h2>\r\n<ul>\r\n<li>Une source de vape r\u00e9elle, digne de confiance et professionnelle.<\/li>\r\n<li>100% Garantie d'authenticit\u00e9 : Nous ne fournissons que des produits originaux et authentiques, nous refusons la contrefa\u00e7on.<\/li>\r\n<li>100% Garantie de livraison : Nous utilisons les meilleurs moyens de transport pour assurer la livraison de votre commande 100%.<\/li>\r\n<li>Nous vous communiquerons le num\u00e9ro de suivi et l'\u00e9tiquette d'exp\u00e9dition apr\u00e8s l'envoi, et nous suivrons les marchandises pour vous jusqu'\u00e0 ce que vous les signiez.<\/li>\r\n<li>Pas de probl\u00e8mes douaniers, pas de droits de douane<\/li>\r\n<\/ul>","protected":false},"excerpt":{"rendered":"<div class=\"wsppc_div_block woocommerce_before_add_to_cart_form\">\r\n<p><strong><span style=\"color: #00a859;\">Passer la douane<\/span> avant livraison &amp; 100% Garantie de livraison, Livraison en 19~25 jours environ.\u00a0<\/strong><\/p>\r\n<\/div>","protected":false},"featured_media":16537,"comment_status":"open","ping_status":"closed","template":"","meta":[],"pwb-brand":[1275],"product_cat":[873],"product_tag":[22,24,249,849,850],"class_list":{"0":"post-16512","1":"product","2":"type-product","3":"status-publish","4":"has-post-thumbnail","6":"pwb-brand-bang","7":"product_cat-above-20k-puffs","8":"product_tag-disposable","9":"product_tag-wholesale","10":"product_tag-bang","11":"product_tag-36-0ml","12":"product_tag-30000-puffs","13":"wcpa_has_options","15":"first","16":"instock","17":"shipping-taxable","18":"purchasable","19":"product-type-variable"},"aioseo_notices":[],"brands":[{"id":1275,"name":"Bang","slug":"coup"}],"_links":{"self":[{"href":"https:\/\/www.vape4wholesale.com\/fr\/wp-json\/wp\/v2\/product\/16512","targetHints":{"allow":["GET"]}}],"collection":[{"href":"https:\/\/www.vape4wholesale.com\/fr\/wp-json\/wp\/v2\/product"}],"about":[{"href":"https:\/\/www.vape4wholesale.com\/fr\/wp-json\/wp\/v2\/types\/product"}],"replies":[{"embeddable":true,"href":"https:\/\/www.vape4wholesale.com\/fr\/wp-json\/wp\/v2\/comments?post=16512"}],"wp:featuredmedia":[{"embeddable":true,"href":"https:\/\/www.vape4wholesale.com\/fr\/wp-json\/wp\/v2\/media\/16537"}],"wp:attachment":[{"href":"https:\/\/www.vape4wholesale.com\/fr\/wp-json\/wp\/v2\/media?parent=16512"}],"wp:term":[{"taxonomy":"pwb-brand","embeddable":true,"href":"https:\/\/www.vape4wholesale.com\/fr\/wp-json\/wp\/v2\/pwb-brand?post=16512"},{"taxonomy":"product_cat","embeddable":true,"href":"https:\/\/www.vape4wholesale.com\/fr\/wp-json\/wp\/v2\/product_cat?post=16512"},{"taxonomy":"product_tag","embeddable":true,"href":"https:\/\/www.vape4wholesale.com\/fr\/wp-json\/wp\/v2\/product_tag?post=16512"}],"curies":[{"name":"wp","href":"https:\/\/api.w.org\/{rel}","templated":true}]}}