{"id":16486,"date":"2024-07-30T21:08:00","date_gmt":"2024-07-30T13:08:00","guid":{"rendered":"https:\/\/www.vape4wholesale.com\/?post_type=product&#038;p=16486"},"modified":"2026-01-26T13:40:22","modified_gmt":"2026-01-26T13:40:22","slug":"bang-25000-puffs-jetable-vape-wholesale","status":"publish","type":"product","link":"https:\/\/www.vape4wholesale.com\/fr\/product\/bang-25000-puffs-disposable-vape-wholesale","title":{"rendered":"Bang 25000 Puffs Vape jetable Wholesale"},"content":{"rendered":"<p>Le Bang 25000 est une vape disaposable au design agr\u00e9able, avec affichage de la batterie et du niveau d'e-juice. Il est \u00e9quip\u00e9 d'une batterie rechargeable de 650mAh et de 25ml d'e-liquide, ce qui permet d'obtenir jusqu'\u00e0 25000 bouff\u00e9es.<\/p>\n<p>Commandez en vrac notre large s\u00e9lection de 10 saveurs de Bang 25000 disaposable vape au meilleur prix et avec une livraison rapide.<\/p>\n<h2><strong>Bang 25000 Puffs Disposable Vape D\u00e9tails :<\/strong><\/h2>\n<ul>\n<li>Batterie rechargeable 650mah<\/li>\n<li>25ml d'e-liquide pr\u00e9-rempli<\/li>\n<li>0\/2\/3\/5% taux de nicotine<\/li>\n<li>Jusqu'\u00e0 25 000 bouff\u00e9es<\/li>\n<li>bobine mesh 1.0 ohm<\/li>\n<li>Port de charge de type C<\/li>\n<\/ul>\n<h2><strong>Bang 25000 Puffs Saveurs optionnelles :<\/strong><\/h2>\n<ul>\n<li>Glace aux myrtilles<\/li>\n<li>Myrtille Framboise<\/li>\n<li>Myrtille Menthe<\/li>\n<li>Glace de raisin<\/li>\n<li>Past\u00e8que \u00e0 la fraise<\/li>\n<li>Fraise Kiwi<\/li>\n<li>Gomme melon d'eau<\/li>\n<li>Sang de tigre<\/li>\n<li>Glace \u00e0 la past\u00e8que<\/li>\n<li>Glace \u00e0 la fraise<\/li>\n<li>Mangue P\u00eache<\/li>\n<li>M\u00e9lange de fruits<\/li>\n<\/ul>\n<figure id=\"attachment_16498\" aria-describedby=\"caption-attachment-16498\" style=\"width: 800px\" class=\"wp-caption alignnone\"><img loading=\"lazy\" decoding=\"async\" class=\"size-full wp-image-16498\" title=\"Bang 25000 bouff\u00e9es Vapeur jetable en gros sang de tigre\" src=\"https:\/\/www.vape4wholesale.com\/wp-content\/uploads\/2024\/07\/Bang-25000-Puffs-Disposable-Vape-Wholesale-Tiger-blood.jpg\" alt=\"Bang 25000 bouff\u00e9es Vapeur jetable en gros sang de tigre\" width=\"800\" height=\"800\" srcset=\"https:\/\/www.vape4wholesale.com\/wp-content\/uploads\/2024\/07\/Bang-25000-Puffs-Disposable-Vape-Wholesale-Tiger-blood.jpg 800w, https:\/\/www.vape4wholesale.com\/wp-content\/uploads\/2024\/07\/Bang-25000-Puffs-Disposable-Vape-Wholesale-Tiger-blood-247x247.jpg 247w, https:\/\/www.vape4wholesale.com\/wp-content\/uploads\/2024\/07\/Bang-25000-Puffs-Disposable-Vape-Wholesale-Tiger-blood-100x100.jpg 100w, https:\/\/www.vape4wholesale.com\/wp-content\/uploads\/2024\/07\/Bang-25000-Puffs-Disposable-Vape-Wholesale-Tiger-blood-510x510.jpg 510w, https:\/\/www.vape4wholesale.com\/wp-content\/uploads\/2024\/07\/Bang-25000-Puffs-Disposable-Vape-Wholesale-Tiger-blood-64x64.jpg 64w, https:\/\/www.vape4wholesale.com\/wp-content\/uploads\/2024\/07\/Bang-25000-Puffs-Disposable-Vape-Wholesale-Tiger-blood-300x300.jpg 300w, https:\/\/www.vape4wholesale.com\/wp-content\/uploads\/2024\/07\/Bang-25000-Puffs-Disposable-Vape-Wholesale-Tiger-blood-150x150.jpg 150w, https:\/\/www.vape4wholesale.com\/wp-content\/uploads\/2024\/07\/Bang-25000-Puffs-Disposable-Vape-Wholesale-Tiger-blood-768x768.jpg 768w, https:\/\/www.vape4wholesale.com\/wp-content\/uploads\/2024\/07\/Bang-25000-Puffs-Disposable-Vape-Wholesale-Tiger-blood-12x12.jpg 12w\" sizes=\"auto, (max-width: 800px) 100vw, 800px\" \/><figcaption id=\"caption-attachment-16498\" class=\"wp-caption-text\">Bang 25000 Puffs Vape jetable Wholesale<\/figcaption><\/figure>\n<h2>POURQUOI NOUS ?<\/h2>\r\n<ul>\r\n<li>Une source de vape r\u00e9elle, digne de confiance et professionnelle.<\/li>\r\n<li>100% Garantie d'authenticit\u00e9 : Nous ne fournissons que des produits originaux et authentiques, nous refusons la contrefa\u00e7on.<\/li>\r\n<li>100% Garantie de livraison : Nous utilisons les meilleurs moyens de transport pour assurer la livraison de votre commande 100%.<\/li>\r\n<li>Nous vous communiquerons le num\u00e9ro de suivi et l'\u00e9tiquette d'exp\u00e9dition apr\u00e8s l'envoi, et nous suivrons les marchandises pour vous jusqu'\u00e0 ce que vous les signiez.<\/li>\r\n<li>Pas de probl\u00e8mes douaniers, pas de droits de douane<\/li>\r\n<\/ul>","protected":false},"excerpt":{"rendered":"<div class=\"wsppc_div_block woocommerce_before_add_to_cart_form\">\r\n<p><strong><span style=\"color: #00a859;\">Passer la douane<\/span> avant livraison &amp; 100% Garantie de livraison, Livraison en 19~25 jours environ.\u00a0<\/strong><\/p>\r\n<\/div>","protected":false},"featured_media":16492,"comment_status":"open","ping_status":"closed","template":"","meta":[],"pwb-brand":[1275],"product_cat":[873],"product_tag":[692,915,22,24,249],"class_list":{"0":"post-16486","1":"product","2":"type-product","3":"status-publish","4":"has-post-thumbnail","6":"pwb-brand-bang","7":"product_cat-above-20k-puffs","8":"product_tag-25-0ml","9":"product_tag-25000-puffs","10":"product_tag-disposable","11":"product_tag-wholesale","12":"product_tag-bang","13":"wcpa_has_options","15":"first","16":"instock","17":"featured","18":"shipping-taxable","19":"purchasable","20":"product-type-variable"},"aioseo_notices":[],"brands":[{"id":1275,"name":"Bang","slug":"coup"}],"_links":{"self":[{"href":"https:\/\/www.vape4wholesale.com\/fr\/wp-json\/wp\/v2\/product\/16486","targetHints":{"allow":["GET"]}}],"collection":[{"href":"https:\/\/www.vape4wholesale.com\/fr\/wp-json\/wp\/v2\/product"}],"about":[{"href":"https:\/\/www.vape4wholesale.com\/fr\/wp-json\/wp\/v2\/types\/product"}],"replies":[{"embeddable":true,"href":"https:\/\/www.vape4wholesale.com\/fr\/wp-json\/wp\/v2\/comments?post=16486"}],"wp:featuredmedia":[{"embeddable":true,"href":"https:\/\/www.vape4wholesale.com\/fr\/wp-json\/wp\/v2\/media\/16492"}],"wp:attachment":[{"href":"https:\/\/www.vape4wholesale.com\/fr\/wp-json\/wp\/v2\/media?parent=16486"}],"wp:term":[{"taxonomy":"pwb-brand","embeddable":true,"href":"https:\/\/www.vape4wholesale.com\/fr\/wp-json\/wp\/v2\/pwb-brand?post=16486"},{"taxonomy":"product_cat","embeddable":true,"href":"https:\/\/www.vape4wholesale.com\/fr\/wp-json\/wp\/v2\/product_cat?post=16486"},{"taxonomy":"product_tag","embeddable":true,"href":"https:\/\/www.vape4wholesale.com\/fr\/wp-json\/wp\/v2\/product_tag?post=16486"}],"curies":[{"name":"wp","href":"https:\/\/api.w.org\/{rel}","templated":true}]}}