{"id":16414,"date":"2024-07-23T14:13:00","date_gmt":"2024-07-23T06:13:00","guid":{"rendered":"https:\/\/www.vape4wholesale.com\/?post_type=product&#038;p=16414"},"modified":"2026-02-02T07:02:18","modified_gmt":"2026-02-02T07:02:18","slug":"vapsolo-viking-12000-puffs-jetable-vape-wholesale","status":"publish","type":"product","link":"https:\/\/www.vape4wholesale.com\/fr\/product\/vapsolo-viking-12000-puffs-disposable-vape-wholesale","title":{"rendered":"Vapsolo Viking 12000 bouff\u00e9es Vape jetable en gros"},"content":{"rendered":"<p>Les <a href=\"\/fr\/marque_du_produit\/vapsolo\/\">VapSolo<\/a> Viking 12000 est une vape jetable au design unique, \u00e9quip\u00e9e d'une mesh coil, d'un e-liquide pr\u00e9-rempli de 22ml et d'une batterie rechargeable de type C de 650mAh. Il est dot\u00e9 d'un contr\u00f4le de flux d'air \u00e0 4 niveaux et d'un \u00e9cran d'affichage LCD qui vous permet de voir la capacit\u00e9 restante de la batterie et de l'e-liquide.<\/p>\n<p>Commandez en vrac notre large s\u00e9lection de 15 saveurs de la vape jetable Vapsolo Viking 12000 au meilleur prix et avec une livraison rapide.<\/p>\n<div>\n<h2>Vapsolo Viking 12000 bouff\u00e9es Vape jetable Quick Detail<\/h2>\n<ul>\n<li>Bouff\u00e9e : Jusqu'\u00e0 12 000 bouff\u00e9es<\/li>\n<li>Liquide : 22 ml pr\u00e9-rempli<\/li>\n<li>Nicotine : 2%\/5%<\/li>\n<li>Batterie : 650mAh rechargeable<\/li>\n<li>Noyau : Bobine en maille 1,0 \u03a9<\/li>\n<li>Pr\u00e9-rempli +bobine en tissu*2<\/li>\n<li>Rechargeable, port de charge de type C<\/li>\n<li>Contr\u00f4le du flux d'air : 4 niveaux<\/li>\n<li>Affichage de la puissance et de l'e-juice<\/li>\n<\/ul>\n<\/div>\n<div>\n<div class=\"wmkc-template-12\">\n<h2 class=\"wmkc-white\">Saveurs disponibles<\/h2>\n<\/div>\n<ol>\n<li>Myrtille Framboise<\/li>\n<li>Myrtille<\/li>\n<li>Cerise p\u00e9tillante<\/li>\n<li>Glace \u00e0 la past\u00e8que<\/li>\n<li>Fraise Kiwi<\/li>\n<li>Past\u00e8que \u00e0 la fraise<\/li>\n<li>R\u00eave d'\u00e9t\u00e9<\/li>\n<li>Myrtille Cerise Canneberge<\/li>\n<li>Citron vert<\/li>\n<li>Ours en gomme<\/li>\n<li>Fraise et banane<\/li>\n<li>Menthe fra\u00eeche<\/li>\n<li>Glace \u00e0 la fraise et \u00e0 la framboise<\/li>\n<li>P\u00eache au citron<\/li>\n<li>Glace aux pommes rouges<\/li>\n<\/ol>\n<\/div>\n<h2>D\u00e9tails de l'emballage :<\/h2>\n<ul>\n<li>200pcs\/ctn;10cs\/box<\/li>\n<li>Poids\uff1a85g\/pcs<\/li>\n<li>18.6kg\/ctn<\/li>\n<li>Taille du carton : 44*43*26.5CM<\/li>\n<\/ul>\n<figure id=\"attachment_16422\" aria-describedby=\"caption-attachment-16422\" style=\"width: 800px\" class=\"wp-caption alignnone\"><img loading=\"lazy\" decoding=\"async\" class=\"size-full wp-image-16422\" title=\"Vapsolo Viking 12000 bouff\u00e9es Vape jetable en gros Lemon Peach\" src=\"https:\/\/www.vape4wholesale.com\/wp-content\/uploads\/2024\/07\/Vapsolo-Viking-12000-Puffs-Disposable-Vape-Wholesale-Lemon-Peach.jpg\" alt=\"Vapsolo Viking 12000 bouff\u00e9es Vape jetable en gros Lemon Peach\" width=\"800\" height=\"800\" srcset=\"https:\/\/www.vape4wholesale.com\/wp-content\/uploads\/2024\/07\/Vapsolo-Viking-12000-Puffs-Disposable-Vape-Wholesale-Lemon-Peach.jpg 800w, https:\/\/www.vape4wholesale.com\/wp-content\/uploads\/2024\/07\/Vapsolo-Viking-12000-Puffs-Disposable-Vape-Wholesale-Lemon-Peach-247x247.jpg 247w, https:\/\/www.vape4wholesale.com\/wp-content\/uploads\/2024\/07\/Vapsolo-Viking-12000-Puffs-Disposable-Vape-Wholesale-Lemon-Peach-100x100.jpg 100w, https:\/\/www.vape4wholesale.com\/wp-content\/uploads\/2024\/07\/Vapsolo-Viking-12000-Puffs-Disposable-Vape-Wholesale-Lemon-Peach-510x510.jpg 510w, https:\/\/www.vape4wholesale.com\/wp-content\/uploads\/2024\/07\/Vapsolo-Viking-12000-Puffs-Disposable-Vape-Wholesale-Lemon-Peach-64x64.jpg 64w, https:\/\/www.vape4wholesale.com\/wp-content\/uploads\/2024\/07\/Vapsolo-Viking-12000-Puffs-Disposable-Vape-Wholesale-Lemon-Peach-300x300.jpg 300w, https:\/\/www.vape4wholesale.com\/wp-content\/uploads\/2024\/07\/Vapsolo-Viking-12000-Puffs-Disposable-Vape-Wholesale-Lemon-Peach-150x150.jpg 150w, https:\/\/www.vape4wholesale.com\/wp-content\/uploads\/2024\/07\/Vapsolo-Viking-12000-Puffs-Disposable-Vape-Wholesale-Lemon-Peach-768x768.jpg 768w, https:\/\/www.vape4wholesale.com\/wp-content\/uploads\/2024\/07\/Vapsolo-Viking-12000-Puffs-Disposable-Vape-Wholesale-Lemon-Peach-12x12.jpg 12w\" sizes=\"auto, (max-width: 800px) 100vw, 800px\" \/><figcaption id=\"caption-attachment-16422\" class=\"wp-caption-text\">Vapsolo Viking 12000 bouff\u00e9es Vape jetable en gros<\/figcaption><\/figure>\n<h2>POURQUOI NOUS ?<\/h2>\r\n<ul>\r\n<li>Une source de vape r\u00e9elle, digne de confiance et professionnelle.<\/li>\r\n<li>100% Garantie d'authenticit\u00e9 : Nous ne fournissons que des produits originaux et authentiques, nous refusons la contrefa\u00e7on.<\/li>\r\n<li>100% Garantie de livraison : Nous utilisons les meilleurs moyens de transport pour assurer la livraison de votre commande 100%.<\/li>\r\n<li>Nous vous communiquerons le num\u00e9ro de suivi et l'\u00e9tiquette d'exp\u00e9dition apr\u00e8s l'envoi, et nous suivrons les marchandises pour vous jusqu'\u00e0 ce que vous les signiez.<\/li>\r\n<li>Pas de probl\u00e8mes douaniers, pas de droits de douane<\/li>\r\n<\/ul>","protected":false},"excerpt":{"rendered":"<p><b><span style=\"color: #00a859;\">Livraison gratuite<\/span>\u00a0depuis l'entrep\u00f4t europ\u00e9en, d\u00e9lai de livraison de 7 \u00e0 15 jours ouvrables.<\/b><\/p>\r\n<div class=\"wsppc_div_block woocommerce_before_add_to_cart_form\">\r\n<p><strong>D\u00e9douanement avant livraison &amp; Garantie de livraison \u00e0 100%<\/strong><\/p>\r\n<\/div>","protected":false},"featured_media":16419,"comment_status":"open","ping_status":"closed","template":"","meta":[],"pwb-brand":[1271],"product_cat":[871],"product_tag":[877,899,22,24,556],"class_list":{"0":"post-16414","1":"product","2":"type-product","3":"status-publish","4":"has-post-thumbnail","6":"pwb-brand-vapsolo","7":"product_cat-10-15k-puffs","8":"product_tag-22-0ml","9":"product_tag-vapsolo","10":"product_tag-disposable","11":"product_tag-wholesale","12":"product_tag-12000-puffs","13":"product_shipping_class-vapsolo-cn-eu","14":"wcpa_has_options","16":"first","17":"outofstock","18":"shipping-taxable","19":"purchasable","20":"product-type-variable"},"aioseo_notices":[],"brands":[{"id":1271,"name":"Vapsolo","slug":"vapsolo"}],"_links":{"self":[{"href":"https:\/\/www.vape4wholesale.com\/fr\/wp-json\/wp\/v2\/product\/16414","targetHints":{"allow":["GET"]}}],"collection":[{"href":"https:\/\/www.vape4wholesale.com\/fr\/wp-json\/wp\/v2\/product"}],"about":[{"href":"https:\/\/www.vape4wholesale.com\/fr\/wp-json\/wp\/v2\/types\/product"}],"replies":[{"embeddable":true,"href":"https:\/\/www.vape4wholesale.com\/fr\/wp-json\/wp\/v2\/comments?post=16414"}],"wp:featuredmedia":[{"embeddable":true,"href":"https:\/\/www.vape4wholesale.com\/fr\/wp-json\/wp\/v2\/media\/16419"}],"wp:attachment":[{"href":"https:\/\/www.vape4wholesale.com\/fr\/wp-json\/wp\/v2\/media?parent=16414"}],"wp:term":[{"taxonomy":"pwb-brand","embeddable":true,"href":"https:\/\/www.vape4wholesale.com\/fr\/wp-json\/wp\/v2\/pwb-brand?post=16414"},{"taxonomy":"product_cat","embeddable":true,"href":"https:\/\/www.vape4wholesale.com\/fr\/wp-json\/wp\/v2\/product_cat?post=16414"},{"taxonomy":"product_tag","embeddable":true,"href":"https:\/\/www.vape4wholesale.com\/fr\/wp-json\/wp\/v2\/product_tag?post=16414"}],"curies":[{"name":"wp","href":"https:\/\/api.w.org\/{rel}","templated":true}]}}