{"id":16152,"date":"2024-07-03T09:36:00","date_gmt":"2024-07-03T01:36:00","guid":{"rendered":"https:\/\/www.vape4wholesale.com\/?post_type=product&#038;p=16152"},"modified":"2026-01-26T13:40:43","modified_gmt":"2026-01-26T13:40:43","slug":"fihp-shisha-narguile-15000-pro-jetable-vape-wholesale","status":"publish","type":"product","link":"https:\/\/www.vape4wholesale.com\/fr\/product\/fihp-shisha-hookah-15000-pro-disposable-vape-wholesale","title":{"rendered":"FIHP Shisha Hookah 15000 Pro Disposable Vape Wholesale"},"content":{"rendered":"<p>Le FIHP Shisha Hookah 15000 est un vape Shisha Hookah jetable au design agr\u00e9able, il est \u00e9quip\u00e9 d'un \u00e9cran LED, d'une batterie rechargeable de 650mah et de 20ml d'eliquide, ce qui permet d'obtenir un maximum de 15000 bouff\u00e9es.<\/p>\n<p>Commandez en vrac nos 10 saveurs de FIHP Shisha Hookah 15000 Pro au meilleur prix et avec une livraison rapide.<\/p>\n<h2><strong>FIHP Shisha Hookah 15000 Pro Caract\u00e9ristiques<\/strong><\/h2>\n<p>Bouff\u00e9es : 15 000 bouff\u00e9es, garantissant une utilisation durable.<br \/>\nNoyau : Equip\u00e9 d'une bobine de 0.6ohm pour une diffusion optimale de la saveur.<br \/>\nE-liquide : Contient 22ml d'e-liquide de qualit\u00e9 sup\u00e9rieure, con\u00e7u pour une saveur riche et constante.<br \/>\nNicotine : Faible teneur en nicotine (6 mg), pour une exp\u00e9rience de vapotage en douceur.<br \/>\nBatterie : Batterie puissante de 650mAh pour une utilisation prolong\u00e9e.<br \/>\nRechargeable : Port Type-C pour une recharge rapide et pratique.<br \/>\nAffichage : L'affichage LED permet de contr\u00f4ler facilement la dur\u00e9e de vie et l'utilisation de la batterie.<\/p>\n<h2><strong>Liste des ar\u00f4mes<\/strong><\/h2>\n<p>Glace \u00e0 la past\u00e8que<br \/>\nGlace du dragon noir<br \/>\nMyrtille Framboise<br \/>\nFraise Kiwi<br \/>\nBaies m\u00e9lang\u00e9es<br \/>\nPast\u00e8que \u00e0 la fraise<br \/>\nPina Colada<br \/>\nPeachy Mango Pineapple<br \/>\nKiwi Fruit de la passion Goyave<br \/>\nFraise Framboise Cerise<\/p>\n<figure id=\"attachment_16168\" aria-describedby=\"caption-attachment-16168\" style=\"width: 800px\" class=\"wp-caption alignnone\"><img loading=\"lazy\" decoding=\"async\" class=\"wp-image-16168 size-full\" title=\"FIHP Shisha Hookah 15000 Pro Disposable Vape Wholesale (6)\" src=\"https:\/\/www.vape4wholesale.com\/wp-content\/uploads\/2024\/07\/FIHP-Shisha-Hookah-15000-Pro-Disposable-Vape-Wholesale-6.webp\" alt=\"FIHP Shisha Hookah 15000 Pro Disposable Vape Wholesale (6)\" width=\"800\" height=\"800\" srcset=\"https:\/\/www.vape4wholesale.com\/wp-content\/uploads\/2024\/07\/FIHP-Shisha-Hookah-15000-Pro-Disposable-Vape-Wholesale-6.webp 800w, https:\/\/www.vape4wholesale.com\/wp-content\/uploads\/2024\/07\/FIHP-Shisha-Hookah-15000-Pro-Disposable-Vape-Wholesale-6-247x247.webp 247w, https:\/\/www.vape4wholesale.com\/wp-content\/uploads\/2024\/07\/FIHP-Shisha-Hookah-15000-Pro-Disposable-Vape-Wholesale-6-100x100.webp 100w, https:\/\/www.vape4wholesale.com\/wp-content\/uploads\/2024\/07\/FIHP-Shisha-Hookah-15000-Pro-Disposable-Vape-Wholesale-6-510x510.webp 510w, https:\/\/www.vape4wholesale.com\/wp-content\/uploads\/2024\/07\/FIHP-Shisha-Hookah-15000-Pro-Disposable-Vape-Wholesale-6-64x64.webp 64w, https:\/\/www.vape4wholesale.com\/wp-content\/uploads\/2024\/07\/FIHP-Shisha-Hookah-15000-Pro-Disposable-Vape-Wholesale-6-300x300.webp 300w, https:\/\/www.vape4wholesale.com\/wp-content\/uploads\/2024\/07\/FIHP-Shisha-Hookah-15000-Pro-Disposable-Vape-Wholesale-6-150x150.webp 150w, https:\/\/www.vape4wholesale.com\/wp-content\/uploads\/2024\/07\/FIHP-Shisha-Hookah-15000-Pro-Disposable-Vape-Wholesale-6-768x768.webp 768w\" sizes=\"auto, (max-width: 800px) 100vw, 800px\" \/><figcaption id=\"caption-attachment-16168\" class=\"wp-caption-text\">FIHP Shisha Hookah 15000 Pro Disposable Vape Wholesale<\/figcaption><\/figure>\n<p><img loading=\"lazy\" decoding=\"async\" class=\"alignnone size-full wp-image-16175\" title=\"FIHP Shisha Hookah 15000 Pro Disposable Vape Wholesale (13)\" src=\"https:\/\/www.vape4wholesale.com\/wp-content\/uploads\/2024\/07\/FIHP-Shisha-Hookah-15000-Pro-Disposable-Vape-Wholesale-13.webp\" alt=\"FIHP Shisha Hookah 15000 Pro Disposable Vape Wholesale (13)\" width=\"800\" height=\"800\" srcset=\"https:\/\/www.vape4wholesale.com\/wp-content\/uploads\/2024\/07\/FIHP-Shisha-Hookah-15000-Pro-Disposable-Vape-Wholesale-13.webp 800w, https:\/\/www.vape4wholesale.com\/wp-content\/uploads\/2024\/07\/FIHP-Shisha-Hookah-15000-Pro-Disposable-Vape-Wholesale-13-247x247.webp 247w, https:\/\/www.vape4wholesale.com\/wp-content\/uploads\/2024\/07\/FIHP-Shisha-Hookah-15000-Pro-Disposable-Vape-Wholesale-13-100x100.webp 100w, https:\/\/www.vape4wholesale.com\/wp-content\/uploads\/2024\/07\/FIHP-Shisha-Hookah-15000-Pro-Disposable-Vape-Wholesale-13-510x510.webp 510w, https:\/\/www.vape4wholesale.com\/wp-content\/uploads\/2024\/07\/FIHP-Shisha-Hookah-15000-Pro-Disposable-Vape-Wholesale-13-64x64.webp 64w, https:\/\/www.vape4wholesale.com\/wp-content\/uploads\/2024\/07\/FIHP-Shisha-Hookah-15000-Pro-Disposable-Vape-Wholesale-13-300x300.webp 300w, https:\/\/www.vape4wholesale.com\/wp-content\/uploads\/2024\/07\/FIHP-Shisha-Hookah-15000-Pro-Disposable-Vape-Wholesale-13-150x150.webp 150w, https:\/\/www.vape4wholesale.com\/wp-content\/uploads\/2024\/07\/FIHP-Shisha-Hookah-15000-Pro-Disposable-Vape-Wholesale-13-768x768.webp 768w\" sizes=\"auto, (max-width: 800px) 100vw, 800px\" \/> <img loading=\"lazy\" decoding=\"async\" class=\"alignnone size-full wp-image-16163\" title=\"FIHP Shisha Hookah 15000 Pro Disposable Vape Wholesale (1)\" src=\"https:\/\/www.vape4wholesale.com\/wp-content\/uploads\/2024\/07\/FIHP-Shisha-Hookah-15000-Pro-Disposable-Vape-Wholesale-1.webp\" alt=\"FIHP Shisha Hookah 15000 Pro Disposable Vape Wholesale (1)\" width=\"800\" height=\"800\" srcset=\"https:\/\/www.vape4wholesale.com\/wp-content\/uploads\/2024\/07\/FIHP-Shisha-Hookah-15000-Pro-Disposable-Vape-Wholesale-1.webp 800w, https:\/\/www.vape4wholesale.com\/wp-content\/uploads\/2024\/07\/FIHP-Shisha-Hookah-15000-Pro-Disposable-Vape-Wholesale-1-247x247.webp 247w, https:\/\/www.vape4wholesale.com\/wp-content\/uploads\/2024\/07\/FIHP-Shisha-Hookah-15000-Pro-Disposable-Vape-Wholesale-1-100x100.webp 100w, https:\/\/www.vape4wholesale.com\/wp-content\/uploads\/2024\/07\/FIHP-Shisha-Hookah-15000-Pro-Disposable-Vape-Wholesale-1-510x510.webp 510w, https:\/\/www.vape4wholesale.com\/wp-content\/uploads\/2024\/07\/FIHP-Shisha-Hookah-15000-Pro-Disposable-Vape-Wholesale-1-64x64.webp 64w, https:\/\/www.vape4wholesale.com\/wp-content\/uploads\/2024\/07\/FIHP-Shisha-Hookah-15000-Pro-Disposable-Vape-Wholesale-1-300x300.webp 300w, https:\/\/www.vape4wholesale.com\/wp-content\/uploads\/2024\/07\/FIHP-Shisha-Hookah-15000-Pro-Disposable-Vape-Wholesale-1-150x150.webp 150w, https:\/\/www.vape4wholesale.com\/wp-content\/uploads\/2024\/07\/FIHP-Shisha-Hookah-15000-Pro-Disposable-Vape-Wholesale-1-768x768.webp 768w\" sizes=\"auto, (max-width: 800px) 100vw, 800px\" \/><\/p>\n<h2>POURQUOI NOUS ?<\/h2>\r\n<ul>\r\n<li>Une source de vape r\u00e9elle, digne de confiance et professionnelle.<\/li>\r\n<li>100% Garantie d'authenticit\u00e9 : Nous ne fournissons que des produits originaux et authentiques, nous refusons la contrefa\u00e7on.<\/li>\r\n<li>100% Garantie de livraison : Nous utilisons les meilleurs moyens de transport pour assurer la livraison de votre commande 100%.<\/li>\r\n<li>Nous vous communiquerons le num\u00e9ro de suivi et l'\u00e9tiquette d'exp\u00e9dition apr\u00e8s l'envoi, et nous suivrons les marchandises pour vous jusqu'\u00e0 ce que vous les signiez.<\/li>\r\n<li>Pas de probl\u00e8mes douaniers, pas de droits de douane<\/li>\r\n<\/ul>","protected":false},"excerpt":{"rendered":"<div class=\"wsppc_div_block woocommerce_before_add_to_cart_form\">\r\n<p><strong><span style=\"color: #00a859;\">Passer la douane<\/span> avant livraison &amp; 100% Garantie de livraison, Livraison en 19~25 jours environ.\u00a0<\/strong><\/p>\r\n<\/div>","protected":false},"featured_media":16166,"comment_status":"open","ping_status":"closed","template":"","meta":[],"pwb-brand":[1279],"product_cat":[871],"product_tag":[22,24,684,877,878],"class_list":{"0":"post-16152","1":"product","2":"type-product","3":"status-publish","4":"has-post-thumbnail","6":"pwb-brand-fihp","7":"product_cat-10-15k-puffs","8":"product_tag-disposable","9":"product_tag-wholesale","10":"product_tag-15000-puffs","11":"product_tag-22-0ml","12":"product_tag-fihp","14":"first","15":"instock","16":"shipping-taxable","17":"purchasable","18":"product-type-variable"},"aioseo_notices":[],"brands":[{"id":1279,"name":"FIHP","slug":"fihp"}],"_links":{"self":[{"href":"https:\/\/www.vape4wholesale.com\/fr\/wp-json\/wp\/v2\/product\/16152","targetHints":{"allow":["GET"]}}],"collection":[{"href":"https:\/\/www.vape4wholesale.com\/fr\/wp-json\/wp\/v2\/product"}],"about":[{"href":"https:\/\/www.vape4wholesale.com\/fr\/wp-json\/wp\/v2\/types\/product"}],"replies":[{"embeddable":true,"href":"https:\/\/www.vape4wholesale.com\/fr\/wp-json\/wp\/v2\/comments?post=16152"}],"wp:featuredmedia":[{"embeddable":true,"href":"https:\/\/www.vape4wholesale.com\/fr\/wp-json\/wp\/v2\/media\/16166"}],"wp:attachment":[{"href":"https:\/\/www.vape4wholesale.com\/fr\/wp-json\/wp\/v2\/media?parent=16152"}],"wp:term":[{"taxonomy":"pwb-brand","embeddable":true,"href":"https:\/\/www.vape4wholesale.com\/fr\/wp-json\/wp\/v2\/pwb-brand?post=16152"},{"taxonomy":"product_cat","embeddable":true,"href":"https:\/\/www.vape4wholesale.com\/fr\/wp-json\/wp\/v2\/product_cat?post=16152"},{"taxonomy":"product_tag","embeddable":true,"href":"https:\/\/www.vape4wholesale.com\/fr\/wp-json\/wp\/v2\/product_tag?post=16152"}],"curies":[{"name":"wp","href":"https:\/\/api.w.org\/{rel}","templated":true}]}}