{"id":16121,"date":"2024-07-02T15:07:00","date_gmt":"2024-07-02T07:07:00","guid":{"rendered":"https:\/\/www.vape4wholesale.com\/?post_type=product&#038;p=16121"},"modified":"2026-01-27T14:55:36","modified_gmt":"2026-01-27T14:55:36","slug":"fihp-monster-shisha-12000-bouffees-jetables-vape-en-gros","status":"publish","type":"product","link":"https:\/\/www.vape4wholesale.com\/fr\/product\/fihp-monster-shisha-12000-puffs-disposable-vape-wholesale","title":{"rendered":"FIHP Monster Shisha 12000 bouff\u00e9es Vape jetable Wholesale"},"content":{"rendered":"<p>Le FIHP Monster est un vape Shisha Hookah jetable au design agr\u00e9able, il est livr\u00e9 avec un habillage en cuir color\u00e9 et un \u00e9cran LED. Il est \u00e9quip\u00e9 d'une batterie rechargeable de 650mah et d'un eliquide de 20ml, ce qui permet d'obtenir 12000 bouff\u00e9es maximum.<\/p>\n<p>Commandez en vrac nos 10 saveurs de FIHP Monster au meilleur prix et avec une livraison rapide.<\/p>\n<h2><strong>FIHP Monster Shisha 12000 bouff\u00e9es Caract\u00e9ristiques du produit<\/strong><\/h2>\n<ul>\n<li><strong>Puffs<\/strong>: Profitez de 12 000 bouff\u00e9es par appareil, pour une satisfaction durable.<\/li>\n<li><strong>C\u0153ur de m\u00e9tier<\/strong>: \u00c9quip\u00e9 d'une bobine de pointe \u00e0 0,6 ohm pour une production de vapeur r\u00e9guli\u00e8re et sans \u00e0-coups.<\/li>\n<li><strong>E-liquide<\/strong>: Contient un g\u00e9n\u00e9reux 22ml d'e-liquide par appareil, con\u00e7u pour une saveur riche et un plaisir prolong\u00e9.<\/li>\n<li><strong>Nicotine<\/strong>: Faible teneur en nicotine (6 mg), id\u00e9ale pour ceux qui recherchent une exp\u00e9rience de vapotage plus douce.<\/li>\n<li><strong>Batterie<\/strong>: Aliment\u00e9 par une batterie robuste de 650mAh, il garantit la fiabilit\u00e9 et une utilisation prolong\u00e9e.<\/li>\n<li><strong>Rechargeable<\/strong>: La capacit\u00e9 de charge rapide de type C permet des recharges pratiques et rapides.<\/li>\n<li><strong>Affichage LED<\/strong>: Comprend un \u00e9cran LED intuitif pour une visibilit\u00e9 claire de la dur\u00e9e de vie de la batterie et des statistiques d'utilisation.<\/li>\n<\/ul>\n<h2><strong>Liste des ar\u00f4mes<\/strong><\/h2>\n<ol>\n<li><strong>Glace \u00e0 la past\u00e8que<\/strong>: Melon d'eau croquant avec un fini glac\u00e9 et rafra\u00eechissant, parfait pour les journ\u00e9es chaudes.<\/li>\n<li><strong>Glace de raisin<\/strong>: Des raisins juteux combin\u00e9s \u00e0 une touche de menthol rafra\u00eechissant, une vape d\u00e9licieuse tout au long de la journ\u00e9e.<\/li>\n<li><strong>Myrtille Framboise<\/strong>: Un m\u00e9lange harmonieux de myrtilles sucr\u00e9es et de framboises acidul\u00e9es, une explosion fruit\u00e9e.<\/li>\n<li><strong>Fraise Kiwi<\/strong>: Des fraises m\u00fbres associ\u00e9es \u00e0 un kiwi acidul\u00e9, une combinaison classique.<\/li>\n<li><strong>Baies m\u00e9lang\u00e9es<\/strong>: Assortiment de baies d\u00e9bordant de douceur naturelle, un r\u00eave pour les amateurs de baies.<\/li>\n<li><strong>Past\u00e8que \u00e0 la fraise<\/strong>: Des fraises sucr\u00e9es m\u00e9lang\u00e9es \u00e0 de la past\u00e8que juteuse, un favori de l'\u00e9t\u00e9.<\/li>\n<li><strong>Past\u00e8que Bubblegum<\/strong>: Une past\u00e8que juteuse infus\u00e9e d'un ar\u00f4me nostalgique de bubblegum, une g\u00e2terie ludique.<\/li>\n<li><strong>Peachy Mango Pineapple<\/strong>: Paradis tropical avec des mangues m\u00fbres, des p\u00eaches succulentes et des ananas acidul\u00e9s.<\/li>\n<li><strong>Kiwi Fruit de la passion Goyave<\/strong>: M\u00e9lange exotique de kiwi, de fruit de la passion et de goyave pour une \u00e9vasion tropicale.<\/li>\n<li><strong>Fraise Framboise Cerise<\/strong>: M\u00e9lange vibrant de fraises, de framboises et de cerises, d\u00e9bordant de bienfaits fruit\u00e9s.<\/li>\n<\/ol>\n<figure id=\"attachment_16133\" aria-describedby=\"caption-attachment-16133\" style=\"width: 800px\" class=\"wp-caption alignnone\"><img loading=\"lazy\" decoding=\"async\" class=\"wp-image-16133 size-full\" title=\"FIHP Monster Shisha 12000 bouff\u00e9es Vape jetable en gros (12)\" src=\"https:\/\/www.vape4wholesale.com\/wp-content\/uploads\/2024\/07\/FIHP-Monster-Shisha-12000-Puffs-Disposable-Vape-Wholesale-12.webp\" alt=\"FIHP Monster Shisha 12000 bouff\u00e9es Vape jetable en gros (12)\" width=\"800\" height=\"800\" srcset=\"https:\/\/www.vape4wholesale.com\/wp-content\/uploads\/2024\/07\/FIHP-Monster-Shisha-12000-Puffs-Disposable-Vape-Wholesale-12.webp 800w, https:\/\/www.vape4wholesale.com\/wp-content\/uploads\/2024\/07\/FIHP-Monster-Shisha-12000-Puffs-Disposable-Vape-Wholesale-12-247x247.webp 247w, https:\/\/www.vape4wholesale.com\/wp-content\/uploads\/2024\/07\/FIHP-Monster-Shisha-12000-Puffs-Disposable-Vape-Wholesale-12-100x100.webp 100w, https:\/\/www.vape4wholesale.com\/wp-content\/uploads\/2024\/07\/FIHP-Monster-Shisha-12000-Puffs-Disposable-Vape-Wholesale-12-510x510.webp 510w, https:\/\/www.vape4wholesale.com\/wp-content\/uploads\/2024\/07\/FIHP-Monster-Shisha-12000-Puffs-Disposable-Vape-Wholesale-12-64x64.webp 64w, https:\/\/www.vape4wholesale.com\/wp-content\/uploads\/2024\/07\/FIHP-Monster-Shisha-12000-Puffs-Disposable-Vape-Wholesale-12-300x300.webp 300w, https:\/\/www.vape4wholesale.com\/wp-content\/uploads\/2024\/07\/FIHP-Monster-Shisha-12000-Puffs-Disposable-Vape-Wholesale-12-150x150.webp 150w, https:\/\/www.vape4wholesale.com\/wp-content\/uploads\/2024\/07\/FIHP-Monster-Shisha-12000-Puffs-Disposable-Vape-Wholesale-12-768x768.webp 768w\" sizes=\"auto, (max-width: 800px) 100vw, 800px\" \/><figcaption id=\"caption-attachment-16133\" class=\"wp-caption-text\">FIHP Monster Shisha 12000 bouff\u00e9es Vape jetable Wholesale<\/figcaption><\/figure>\n<p><img loading=\"lazy\" decoding=\"async\" class=\"alignnone size-full wp-image-16135\" title=\"FIHP Monster Shisha 12000 bouff\u00e9es Vape jetable Wholesale\" src=\"https:\/\/www.vape4wholesale.com\/wp-content\/uploads\/2024\/07\/FIHP-Monster-Shisha-12000-Puffs-Disposable-Vape-Wholesale.webp\" alt=\"FIHP Monster Shisha 12000 bouff\u00e9es Vape jetable Wholesale\" width=\"800\" height=\"800\" srcset=\"https:\/\/www.vape4wholesale.com\/wp-content\/uploads\/2024\/07\/FIHP-Monster-Shisha-12000-Puffs-Disposable-Vape-Wholesale.webp 800w, https:\/\/www.vape4wholesale.com\/wp-content\/uploads\/2024\/07\/FIHP-Monster-Shisha-12000-Puffs-Disposable-Vape-Wholesale-247x247.webp 247w, https:\/\/www.vape4wholesale.com\/wp-content\/uploads\/2024\/07\/FIHP-Monster-Shisha-12000-Puffs-Disposable-Vape-Wholesale-100x100.webp 100w, https:\/\/www.vape4wholesale.com\/wp-content\/uploads\/2024\/07\/FIHP-Monster-Shisha-12000-Puffs-Disposable-Vape-Wholesale-510x510.webp 510w, https:\/\/www.vape4wholesale.com\/wp-content\/uploads\/2024\/07\/FIHP-Monster-Shisha-12000-Puffs-Disposable-Vape-Wholesale-64x64.webp 64w, https:\/\/www.vape4wholesale.com\/wp-content\/uploads\/2024\/07\/FIHP-Monster-Shisha-12000-Puffs-Disposable-Vape-Wholesale-300x300.webp 300w, https:\/\/www.vape4wholesale.com\/wp-content\/uploads\/2024\/07\/FIHP-Monster-Shisha-12000-Puffs-Disposable-Vape-Wholesale-150x150.webp 150w, https:\/\/www.vape4wholesale.com\/wp-content\/uploads\/2024\/07\/FIHP-Monster-Shisha-12000-Puffs-Disposable-Vape-Wholesale-768x768.webp 768w\" sizes=\"auto, (max-width: 800px) 100vw, 800px\" \/> <img loading=\"lazy\" decoding=\"async\" class=\"alignnone size-full wp-image-16134\" title=\"FIHP Monster Shisha 12000 bouff\u00e9es Vape jetable Wholesale (13)\" src=\"https:\/\/www.vape4wholesale.com\/wp-content\/uploads\/2024\/07\/FIHP-Monster-Shisha-12000-Puffs-Disposable-Vape-Wholesale-13.webp\" alt=\"FIHP Monster Shisha 12000 bouff\u00e9es Vape jetable Wholesale (13)\" width=\"800\" height=\"800\" srcset=\"https:\/\/www.vape4wholesale.com\/wp-content\/uploads\/2024\/07\/FIHP-Monster-Shisha-12000-Puffs-Disposable-Vape-Wholesale-13.webp 800w, https:\/\/www.vape4wholesale.com\/wp-content\/uploads\/2024\/07\/FIHP-Monster-Shisha-12000-Puffs-Disposable-Vape-Wholesale-13-247x247.webp 247w, https:\/\/www.vape4wholesale.com\/wp-content\/uploads\/2024\/07\/FIHP-Monster-Shisha-12000-Puffs-Disposable-Vape-Wholesale-13-100x100.webp 100w, https:\/\/www.vape4wholesale.com\/wp-content\/uploads\/2024\/07\/FIHP-Monster-Shisha-12000-Puffs-Disposable-Vape-Wholesale-13-510x510.webp 510w, https:\/\/www.vape4wholesale.com\/wp-content\/uploads\/2024\/07\/FIHP-Monster-Shisha-12000-Puffs-Disposable-Vape-Wholesale-13-64x64.webp 64w, https:\/\/www.vape4wholesale.com\/wp-content\/uploads\/2024\/07\/FIHP-Monster-Shisha-12000-Puffs-Disposable-Vape-Wholesale-13-300x300.webp 300w, https:\/\/www.vape4wholesale.com\/wp-content\/uploads\/2024\/07\/FIHP-Monster-Shisha-12000-Puffs-Disposable-Vape-Wholesale-13-150x150.webp 150w, https:\/\/www.vape4wholesale.com\/wp-content\/uploads\/2024\/07\/FIHP-Monster-Shisha-12000-Puffs-Disposable-Vape-Wholesale-13-768x768.webp 768w\" sizes=\"auto, (max-width: 800px) 100vw, 800px\" \/><\/p>\n<h2>POURQUOI NOUS ?<\/h2>\r\n<ul>\r\n<li>Une source de vape r\u00e9elle, digne de confiance et professionnelle.<\/li>\r\n<li>100% Garantie d'authenticit\u00e9 : Nous ne fournissons que des produits originaux et authentiques, nous refusons la contrefa\u00e7on.<\/li>\r\n<li>100% Garantie de livraison : Nous utilisons les meilleurs moyens de transport pour assurer la livraison de votre commande 100%.<\/li>\r\n<li>Nous vous communiquerons le num\u00e9ro de suivi et l'\u00e9tiquette d'exp\u00e9dition apr\u00e8s l'envoi, et nous suivrons les marchandises pour vous jusqu'\u00e0 ce que vous les signiez.<\/li>\r\n<li>Pas de probl\u00e8mes douaniers, pas de droits de douane<\/li>\r\n<\/ul>","protected":false},"excerpt":{"rendered":"<div class=\"wsppc_div_block woocommerce_before_add_to_cart_form\">\r\n<p><strong><span style=\"color: #00a859;\">Passer la douane<\/span> avant livraison &amp; 100% Garantie de livraison, Livraison en 19~25 jours environ.\u00a0<\/strong><\/p>\r\n<\/div>","protected":false},"featured_media":16124,"comment_status":"open","ping_status":"closed","template":"","meta":[],"pwb-brand":[1279],"product_cat":[871],"product_tag":[22,24,556,877,878],"class_list":{"0":"post-16121","1":"product","2":"type-product","3":"status-publish","4":"has-post-thumbnail","6":"pwb-brand-fihp","7":"product_cat-10-15k-puffs","8":"product_tag-disposable","9":"product_tag-wholesale","10":"product_tag-12000-puffs","11":"product_tag-22-0ml","12":"product_tag-fihp","14":"first","15":"instock","16":"shipping-taxable","17":"purchasable","18":"product-type-variable"},"aioseo_notices":[],"brands":[{"id":1279,"name":"FIHP","slug":"fihp"}],"_links":{"self":[{"href":"https:\/\/www.vape4wholesale.com\/fr\/wp-json\/wp\/v2\/product\/16121","targetHints":{"allow":["GET"]}}],"collection":[{"href":"https:\/\/www.vape4wholesale.com\/fr\/wp-json\/wp\/v2\/product"}],"about":[{"href":"https:\/\/www.vape4wholesale.com\/fr\/wp-json\/wp\/v2\/types\/product"}],"replies":[{"embeddable":true,"href":"https:\/\/www.vape4wholesale.com\/fr\/wp-json\/wp\/v2\/comments?post=16121"}],"wp:featuredmedia":[{"embeddable":true,"href":"https:\/\/www.vape4wholesale.com\/fr\/wp-json\/wp\/v2\/media\/16124"}],"wp:attachment":[{"href":"https:\/\/www.vape4wholesale.com\/fr\/wp-json\/wp\/v2\/media?parent=16121"}],"wp:term":[{"taxonomy":"pwb-brand","embeddable":true,"href":"https:\/\/www.vape4wholesale.com\/fr\/wp-json\/wp\/v2\/pwb-brand?post=16121"},{"taxonomy":"product_cat","embeddable":true,"href":"https:\/\/www.vape4wholesale.com\/fr\/wp-json\/wp\/v2\/product_cat?post=16121"},{"taxonomy":"product_tag","embeddable":true,"href":"https:\/\/www.vape4wholesale.com\/fr\/wp-json\/wp\/v2\/product_tag?post=16121"}],"curies":[{"name":"wp","href":"https:\/\/api.w.org\/{rel}","templated":true}]}}