{"id":16094,"date":"2024-07-01T18:17:00","date_gmt":"2024-07-01T10:17:00","guid":{"rendered":"https:\/\/www.vape4wholesale.com\/?post_type=product&#038;p=16094"},"modified":"2026-01-27T14:58:52","modified_gmt":"2026-01-27T14:58:52","slug":"breze-stiik-king-max-pro-18000-puffs-dtl-jetable-vape-wholesale","status":"publish","type":"product","link":"https:\/\/www.vape4wholesale.com\/fr\/product\/breze-stiik-king-max-pro-18000-puffs-dtl-disposable-vape-wholesale","title":{"rendered":"Breze Stiik King Max Pro 18000 bouff\u00e9es DTL Vape jetable en gros"},"content":{"rendered":"<p>Le Breze Stiik King Max Pro est un vaporisateur jetable commutable DTL\/RDL, il est \u00e9quip\u00e9 d'un \u00e9cran LED pour afficher le niveau de la batterie et de l'e-liquide. Il est construit avec 24ml d'e-liquide et une batterie rechargeable de 600mah qui permet de tirer jusqu'\u00e0 18000 bouff\u00e9es.<\/p>\n<h2><strong>Breze Stiik King Max Pro 18000 bouff\u00e9es DTL Vape jetable Caract\u00e9ristiques principales<\/strong><\/h2>\n<ul>\n<li>18000 bouff\u00e9es : Profitez d'un voyage de vapotage de longue dur\u00e9e avec un nombre impressionnant de bouff\u00e9es.<\/li>\n<li>Batterie de 600mAh : Une alimentation fiable qui garantit votre satisfaction tout au long de la journ\u00e9e.<\/li>\n<li>Capacit\u00e9 de 24 ml d'e-liquide : Une quantit\u00e9 g\u00e9n\u00e9reuse d'e-liquide pour un plaisir ininterrompu.<\/li>\n<li>34x120mm Dimensions : Compact et portable, parfait pour une utilisation en d\u00e9placement.<\/li>\n<li>Affichage LED : Restez inform\u00e9 gr\u00e2ce aux indicateurs de niveau de batterie et de liquide en temps r\u00e9el.<\/li>\n<li>Poign\u00e9e en cuir luxueux : La finition en cuir souple offre une prise en main confortable et \u00e9l\u00e9gante.<\/li>\n<li>Bobine Sub-Ohm Mesh : D\u00e9couvrez les saveurs les plus pures avec notre bobine sub-ohm mesh, id\u00e9ale pour le vapotage DTL (Direct-to-Lung).<\/li>\n<li>Flux d'air r\u00e9glable : Personnalisez votre tirage gr\u00e2ce au syst\u00e8me de d\u00e9bit d'air r\u00e9glable.<\/li>\n<li>Nicotine : 0%, 1%, 2%<\/li>\n<\/ul>\n<h2><strong>Liste des ar\u00f4mes<\/strong><\/h2>\n<ol>\n<li>Limonade Blue Raz<\/li>\n<li>Barbe \u00e0 papa<\/li>\n<li>Pomme P\u00eache<\/li>\n<li>Glace \u00e0 la past\u00e8que<\/li>\n<li>Glace \u00e0 la menthe<\/li>\n<li>Cr\u00e8me glac\u00e9e \u00e0 la fraise<\/li>\n<li>Myrtille Framboise<\/li>\n<li>P\u00eache Mangue<\/li>\n<li>Soda aux raisins<\/li>\n<li>Fraise Kiwi<\/li>\n<\/ol>\n<p>&nbsp;<\/p>\n<h2><strong>D\u00e9tails de l'emballage<\/strong><\/h2>\n<p>1pc\/pack<br data-filtered=\"filtered\" \/>10 paquets\/bo\u00eete<br data-filtered=\"filtered\" \/>150 pcs\/carton 18kg<\/p>\n<figure id=\"attachment_16113\" aria-describedby=\"caption-attachment-16113\" style=\"width: 800px\" class=\"wp-caption alignnone\"><img loading=\"lazy\" decoding=\"async\" class=\"wp-image-16113 size-full\" title=\"Breze Stiik King Max Pro 18000 bouff\u00e9es DTL Vape jetable en gros PEACH MANGO\" src=\"https:\/\/www.vape4wholesale.com\/wp-content\/uploads\/2024\/07\/Breze-Stiik-King-Max-Pro-18000-Puffs-DTL-Disposable-Vape-Wholesale-PEACH-MANGO.jpg\" alt=\"Breze Stiik King Max Pro 18000 bouff\u00e9es DTL Vape jetable en gros PEACH MANGO\" width=\"800\" height=\"800\" srcset=\"https:\/\/www.vape4wholesale.com\/wp-content\/uploads\/2024\/07\/Breze-Stiik-King-Max-Pro-18000-Puffs-DTL-Disposable-Vape-Wholesale-PEACH-MANGO.jpg 800w, https:\/\/www.vape4wholesale.com\/wp-content\/uploads\/2024\/07\/Breze-Stiik-King-Max-Pro-18000-Puffs-DTL-Disposable-Vape-Wholesale-PEACH-MANGO-247x247.jpg 247w, https:\/\/www.vape4wholesale.com\/wp-content\/uploads\/2024\/07\/Breze-Stiik-King-Max-Pro-18000-Puffs-DTL-Disposable-Vape-Wholesale-PEACH-MANGO-100x100.jpg 100w, https:\/\/www.vape4wholesale.com\/wp-content\/uploads\/2024\/07\/Breze-Stiik-King-Max-Pro-18000-Puffs-DTL-Disposable-Vape-Wholesale-PEACH-MANGO-510x510.jpg 510w, https:\/\/www.vape4wholesale.com\/wp-content\/uploads\/2024\/07\/Breze-Stiik-King-Max-Pro-18000-Puffs-DTL-Disposable-Vape-Wholesale-PEACH-MANGO-64x64.jpg 64w, https:\/\/www.vape4wholesale.com\/wp-content\/uploads\/2024\/07\/Breze-Stiik-King-Max-Pro-18000-Puffs-DTL-Disposable-Vape-Wholesale-PEACH-MANGO-300x300.jpg 300w, https:\/\/www.vape4wholesale.com\/wp-content\/uploads\/2024\/07\/Breze-Stiik-King-Max-Pro-18000-Puffs-DTL-Disposable-Vape-Wholesale-PEACH-MANGO-150x150.jpg 150w, https:\/\/www.vape4wholesale.com\/wp-content\/uploads\/2024\/07\/Breze-Stiik-King-Max-Pro-18000-Puffs-DTL-Disposable-Vape-Wholesale-PEACH-MANGO-768x768.jpg 768w\" sizes=\"auto, (max-width: 800px) 100vw, 800px\" \/><figcaption id=\"caption-attachment-16113\" class=\"wp-caption-text\">Breze Stiik King Max Pro 18000 bouff\u00e9es DTL Vape jetable en gros<\/figcaption><\/figure>\n<p><img loading=\"lazy\" decoding=\"async\" class=\"alignnone size-full wp-image-16106\" title=\"Breze Stiik King Max Pro 18000 bouff\u00e9es DTL Vape jetable en gros\" src=\"https:\/\/www.vape4wholesale.com\/wp-content\/uploads\/2024\/07\/Breze-Stiik-King-Max-Pro-18000-Puffs-DTL-Disposable-Vape-Wholesale.jpg\" alt=\"Breze Stiik King Max Pro 18000 bouff\u00e9es DTL Vape jetable en gros\" width=\"800\" height=\"800\" srcset=\"https:\/\/www.vape4wholesale.com\/wp-content\/uploads\/2024\/07\/Breze-Stiik-King-Max-Pro-18000-Puffs-DTL-Disposable-Vape-Wholesale.jpg 800w, https:\/\/www.vape4wholesale.com\/wp-content\/uploads\/2024\/07\/Breze-Stiik-King-Max-Pro-18000-Puffs-DTL-Disposable-Vape-Wholesale-247x247.jpg 247w, https:\/\/www.vape4wholesale.com\/wp-content\/uploads\/2024\/07\/Breze-Stiik-King-Max-Pro-18000-Puffs-DTL-Disposable-Vape-Wholesale-100x100.jpg 100w, https:\/\/www.vape4wholesale.com\/wp-content\/uploads\/2024\/07\/Breze-Stiik-King-Max-Pro-18000-Puffs-DTL-Disposable-Vape-Wholesale-510x510.jpg 510w, https:\/\/www.vape4wholesale.com\/wp-content\/uploads\/2024\/07\/Breze-Stiik-King-Max-Pro-18000-Puffs-DTL-Disposable-Vape-Wholesale-64x64.jpg 64w, https:\/\/www.vape4wholesale.com\/wp-content\/uploads\/2024\/07\/Breze-Stiik-King-Max-Pro-18000-Puffs-DTL-Disposable-Vape-Wholesale-300x300.jpg 300w, https:\/\/www.vape4wholesale.com\/wp-content\/uploads\/2024\/07\/Breze-Stiik-King-Max-Pro-18000-Puffs-DTL-Disposable-Vape-Wholesale-150x150.jpg 150w, https:\/\/www.vape4wholesale.com\/wp-content\/uploads\/2024\/07\/Breze-Stiik-King-Max-Pro-18000-Puffs-DTL-Disposable-Vape-Wholesale-768x768.jpg 768w\" sizes=\"auto, (max-width: 800px) 100vw, 800px\" \/> <img loading=\"lazy\" decoding=\"async\" class=\"alignnone size-full wp-image-16105\" title=\"Breze Stiik King Max Pro 18000 Bouff\u00e9es DTL Vape jetable Wholesale Packing\" src=\"https:\/\/www.vape4wholesale.com\/wp-content\/uploads\/2024\/07\/Breze-Stiik-King-Max-Pro-18000-Puffs-DTL-Disposable-Vape-Wholesale-Packing.jpg\" alt=\"Breze Stiik King Max Pro 18000 Bouff\u00e9es DTL Vape jetable Wholesale Packing\" width=\"800\" height=\"800\" srcset=\"https:\/\/www.vape4wholesale.com\/wp-content\/uploads\/2024\/07\/Breze-Stiik-King-Max-Pro-18000-Puffs-DTL-Disposable-Vape-Wholesale-Packing.jpg 800w, https:\/\/www.vape4wholesale.com\/wp-content\/uploads\/2024\/07\/Breze-Stiik-King-Max-Pro-18000-Puffs-DTL-Disposable-Vape-Wholesale-Packing-247x247.jpg 247w, https:\/\/www.vape4wholesale.com\/wp-content\/uploads\/2024\/07\/Breze-Stiik-King-Max-Pro-18000-Puffs-DTL-Disposable-Vape-Wholesale-Packing-100x100.jpg 100w, https:\/\/www.vape4wholesale.com\/wp-content\/uploads\/2024\/07\/Breze-Stiik-King-Max-Pro-18000-Puffs-DTL-Disposable-Vape-Wholesale-Packing-510x510.jpg 510w, https:\/\/www.vape4wholesale.com\/wp-content\/uploads\/2024\/07\/Breze-Stiik-King-Max-Pro-18000-Puffs-DTL-Disposable-Vape-Wholesale-Packing-64x64.jpg 64w, https:\/\/www.vape4wholesale.com\/wp-content\/uploads\/2024\/07\/Breze-Stiik-King-Max-Pro-18000-Puffs-DTL-Disposable-Vape-Wholesale-Packing-300x300.jpg 300w, https:\/\/www.vape4wholesale.com\/wp-content\/uploads\/2024\/07\/Breze-Stiik-King-Max-Pro-18000-Puffs-DTL-Disposable-Vape-Wholesale-Packing-150x150.jpg 150w, https:\/\/www.vape4wholesale.com\/wp-content\/uploads\/2024\/07\/Breze-Stiik-King-Max-Pro-18000-Puffs-DTL-Disposable-Vape-Wholesale-Packing-768x768.jpg 768w\" sizes=\"auto, (max-width: 800px) 100vw, 800px\" \/><\/p>\n<h2>POURQUOI NOUS ?<\/h2>\r\n<ul>\r\n<li>Une source de vape r\u00e9elle, digne de confiance et professionnelle.<\/li>\r\n<li>100% Garantie d'authenticit\u00e9 : Nous ne fournissons que des produits originaux et authentiques, nous refusons la contrefa\u00e7on.<\/li>\r\n<li>100% Garantie de livraison : Nous utilisons les meilleurs moyens de transport pour assurer la livraison de votre commande 100%.<\/li>\r\n<li>Nous vous communiquerons le num\u00e9ro de suivi et l'\u00e9tiquette d'exp\u00e9dition apr\u00e8s l'envoi, et nous suivrons les marchandises pour vous jusqu'\u00e0 ce que vous les signiez.<\/li>\r\n<li>Pas de probl\u00e8mes douaniers, pas de droits de douane<\/li>\r\n<\/ul>","protected":false},"excerpt":{"rendered":"<div class=\"wsppc_div_block woocommerce_before_add_to_cart_form\">\r\n<p><strong><span style=\"color: #00a859;\">Clear customs<\/span> before delivery &amp; 100% Delivery Guarantee, Delivery in 19~25 days around.\u00a0<\/strong><\/p>\r\n<\/div>","protected":false},"featured_media":16113,"comment_status":"open","ping_status":"closed","template":"","meta":[],"pwb-brand":[1289],"product_cat":[872],"product_tag":[24,719,867,868,22],"class_list":{"0":"post-16094","1":"product","2":"type-product","3":"status-publish","4":"has-post-thumbnail","6":"pwb-brand-others","7":"product_cat-15k-20k-puffs","8":"product_tag-wholesale","9":"product_tag-18000-puffs","10":"product_tag-24-0ml","11":"product_tag-breze-stiik","12":"product_tag-disposable","13":"wcpa_has_options","15":"first","16":"instock","17":"shipping-taxable","18":"purchasable","19":"product-type-variable"},"aioseo_notices":[],"brands":[{"id":1289,"name":"Autres","slug":"autres"}],"_links":{"self":[{"href":"https:\/\/www.vape4wholesale.com\/fr\/wp-json\/wp\/v2\/product\/16094","targetHints":{"allow":["GET"]}}],"collection":[{"href":"https:\/\/www.vape4wholesale.com\/fr\/wp-json\/wp\/v2\/product"}],"about":[{"href":"https:\/\/www.vape4wholesale.com\/fr\/wp-json\/wp\/v2\/types\/product"}],"replies":[{"embeddable":true,"href":"https:\/\/www.vape4wholesale.com\/fr\/wp-json\/wp\/v2\/comments?post=16094"}],"wp:featuredmedia":[{"embeddable":true,"href":"https:\/\/www.vape4wholesale.com\/fr\/wp-json\/wp\/v2\/media\/16113"}],"wp:attachment":[{"href":"https:\/\/www.vape4wholesale.com\/fr\/wp-json\/wp\/v2\/media?parent=16094"}],"wp:term":[{"taxonomy":"pwb-brand","embeddable":true,"href":"https:\/\/www.vape4wholesale.com\/fr\/wp-json\/wp\/v2\/pwb-brand?post=16094"},{"taxonomy":"product_cat","embeddable":true,"href":"https:\/\/www.vape4wholesale.com\/fr\/wp-json\/wp\/v2\/product_cat?post=16094"},{"taxonomy":"product_tag","embeddable":true,"href":"https:\/\/www.vape4wholesale.com\/fr\/wp-json\/wp\/v2\/product_tag?post=16094"}],"curies":[{"name":"wp","href":"https:\/\/api.w.org\/{rel}","templated":true}]}}