{"id":15742,"date":"2024-05-19T21:10:00","date_gmt":"2024-05-19T13:10:00","guid":{"rendered":"https:\/\/www.vape4wholesale.com\/?post_type=product&#038;p=15742"},"modified":"2026-01-26T13:41:03","modified_gmt":"2026-01-26T13:41:03","slug":"elf-bar-fs18000-jetable-vape-wholesale","status":"publish","type":"product","link":"https:\/\/www.vape4wholesale.com\/fr\/product\/elf-bar-fs18000-disposable-vape-wholesale","title":{"rendered":"Elf Bar FS18000 Disposable Vape Wholesale"},"content":{"rendered":"<p>Les <b>Elf Bar FS18000 jetable <\/b>inaugure une nouvelle \u00e8re du vapotage avec ses modes r\u00e9glables innovants, son syst\u00e8me de bobines \u00e0 double maille et son interface utilisateur \u00e0 \u00e9cran plat. Vivez une exp\u00e9rience de vapotage sans pr\u00e9c\u00e9dent avec jusqu'\u00e0 18 000 bouff\u00e9es et une s\u00e9lection de 30 saveurs all\u00e9chantes.<\/p>\n<p>Il offre les fonctions les plus r\u00e9centes, telles que des modes de vapotage r\u00e9glables et un \u00e9cran d'affichage dot\u00e9 d'une technologie de pointe. Le r\u00e9servoir d'e-juice du FS18000 peut contenir une grande quantit\u00e9 d'e-liquide pour un usage prolong\u00e9. Les doubles bobines sont la cl\u00e9 d'une puissance continue pour deux modes de vapotage diff\u00e9rents. Le mode Boost am\u00e9liore la production d'ar\u00f4mes et les performances du FS18000. Le mode Smooth, quant \u00e0 lui, permet d'obtenir un nombre de bouff\u00e9es plus \u00e9lev\u00e9 et des bouff\u00e9es douces et satisfaisantes.<\/p>\n<p>L'Elf Bar FS18000 n'est pas seulement un dispositif de vapotage, c'est un chef-d'\u0153uvre d'ing\u00e9nierie con\u00e7u pour d\u00e9passer les attentes. Avec un nombre impressionnant de 18 000 bouff\u00e9es, cet appareil garantit un plaisir prolong\u00e9 sans avoir \u00e0 le recharger fr\u00e9quemment. Que vous soyez un vapoteur chevronn\u00e9 ou un nouveau venu dans le monde de la vape, le ELFBAR FS18000 est con\u00e7u pour r\u00e9pondre \u00e0 vos besoins et \u00e0 vos pr\u00e9f\u00e9rences.<\/p>\n<h2 class=\"second-title\"><strong>Elf Bar FS18000 Disposable Vape Features :<\/strong><\/h2>\n<ul>\n<li>Batterie rechargeable int\u00e9gr\u00e9e<\/li>\n<li>Nombre de bouff\u00e9es : Environ 18000 (mode lisse)\/10000 bouff\u00e9es (mode Boost)<\/li>\n<li>E-Juice pr\u00e9-rempli<\/li>\n<li>Diff\u00e9rents modes de vaporisation : Mode Smooth\/Boost<\/li>\n<li>\u00c9cran plat avec interface utilisateur color\u00e9e<\/li>\n<li>Bobine \u00e0 double maille<\/li>\n<li>5%(50mg) Teneur en nicotine<\/li>\n<li>Chargement USB Type-C (non inclus)<\/li>\n<li>Dessin activ\u00e9<\/li>\n<li>MTL Vaping<\/li>\n<\/ul>\n<h2><strong>Pourquoi c'est g\u00e9nial ?<\/strong><\/h2>\n<ol>\n<li><strong>Deux modes de vaporisation :<\/strong>\u00a0Choisissez entre le mode Boost pour une saveur intense et le mode Smooth pour un nombre de bouff\u00e9es plus important.<\/li>\n<li><strong>Coil Dual Mesh \u00e0 la pointe de la technologie :<\/strong>\u00a0D\u00e9couvrez une vapeur riche et constante \u00e0 chaque bouff\u00e9e.<\/li>\n<li><strong>\u00c9cran plat convivial :<\/strong>\u00a0Naviguez dans les param\u00e8tres et les pr\u00e9f\u00e9rences \u00e0 l'aide d'une interface utilisateur intuitive et color\u00e9e.<\/li>\n<li><strong>Indicateurs en temps r\u00e9el :<\/strong>\u00a0Restez inform\u00e9 gr\u00e2ce aux affichages clairs des niveaux de batterie et d'e-liquide.<\/li>\n<li><strong>Une grande vari\u00e9t\u00e9 de saveurs :<\/strong>\u00a0Un \u00e9ventail de 30 saveurs diff\u00e9rentes, adapt\u00e9es \u00e0 tous les go\u00fbts, est \u00e0 votre disposition.<\/li>\n<\/ol>\n<h2><strong>Saveurs :<\/strong><\/h2>\n<ol>\n<li>Canneberge<\/li>\n<li>Past\u00e8que Citron<\/li>\n<li>Glace \u00e0 la past\u00e8que<\/li>\n<li>Gomme \u00e0 m\u00e2cher \u00e0 la past\u00e8que<\/li>\n<li>Fraise Raisin<\/li>\n<li>Grenade noix de coco<\/li>\n<li>Glace \u00e0 la p\u00eache<\/li>\n<li>P\u00eache Baies<\/li>\n<li>Past\u00e8que \u00e0 l'orange<\/li>\n<li>Menthe citronn\u00e9e<\/li>\n<li>Glace kiwi-ananas<\/li>\n<li>Raisin Framboise<\/li>\n<li>Glace de raisin<\/li>\n<li>Raisin Cerise<\/li>\n<li>Double pomme<\/li>\n<li>Limonade \u00e0 la p\u00eache et \u00e0 la cerise<\/li>\n<li>Myrtille Razz Lemon<\/li>\n<li>Myrtille Framboise<\/li>\n<li>Glace aux myrtilles<\/li>\n<li>M\u00fbre Canneberge<\/li>\n<\/ol>\n<figure id=\"attachment_15766\" aria-describedby=\"caption-attachment-15766\" style=\"width: 606px\" class=\"wp-caption alignnone\"><img loading=\"lazy\" decoding=\"async\" class=\"size-full wp-image-15766\" title=\"Elf Bar FS18000 Vape jetable en gros (2)\" src=\"https:\/\/www.vape4wholesale.com\/wp-content\/uploads\/2024\/05\/Elf-Bar-FS18000-Disposable-Vape-Wholesale-2.jpg\" alt=\"Elf Bar FS18000 Vape jetable en gros (2)\" width=\"606\" height=\"810\" srcset=\"https:\/\/www.vape4wholesale.com\/wp-content\/uploads\/2024\/05\/Elf-Bar-FS18000-Disposable-Vape-Wholesale-2.jpg 606w, https:\/\/www.vape4wholesale.com\/wp-content\/uploads\/2024\/05\/Elf-Bar-FS18000-Disposable-Vape-Wholesale-2-510x682.jpg 510w, https:\/\/www.vape4wholesale.com\/wp-content\/uploads\/2024\/05\/Elf-Bar-FS18000-Disposable-Vape-Wholesale-2-64x86.jpg 64w, https:\/\/www.vape4wholesale.com\/wp-content\/uploads\/2024\/05\/Elf-Bar-FS18000-Disposable-Vape-Wholesale-2-224x300.jpg 224w\" sizes=\"auto, (max-width: 606px) 100vw, 606px\" \/><figcaption id=\"caption-attachment-15766\" class=\"wp-caption-text\">Elf Bar FS18000 Disposable Vape Wholesale<\/figcaption><\/figure>\n<h2>POURQUOI NOUS ?<\/h2>\r\n<ul>\r\n<li>Une source de vape r\u00e9elle, digne de confiance et professionnelle.<\/li>\r\n<li>100% Garantie d'authenticit\u00e9 : Nous ne fournissons que des produits originaux et authentiques, nous refusons la contrefa\u00e7on.<\/li>\r\n<li>100% Garantie de livraison : Nous utilisons les meilleurs moyens de transport pour assurer la livraison de votre commande 100%.<\/li>\r\n<li>Nous vous communiquerons le num\u00e9ro de suivi et l'\u00e9tiquette d'exp\u00e9dition apr\u00e8s l'envoi, et nous suivrons les marchandises pour vous jusqu'\u00e0 ce que vous les signiez.<\/li>\r\n<li>Pas de probl\u00e8mes douaniers, pas de droits de douane<\/li>\r\n<\/ul>","protected":false},"excerpt":{"rendered":"<div class=\"wsppc_div_block woocommerce_before_add_to_cart_form\">\r\n<p><strong><span style=\"color: #00a859;\">Passer la douane<\/span> avant livraison &amp; 100% Garantie de livraison, Livraison en 19~25 jours environ.\u00a0<\/strong><\/p>\r\n<\/div>\n<p><strong>En raison de changements fr\u00e9quents dans les stocks de produits, les quantit\u00e9s minimales de commande et les prix, veuillez nous contacter avant de passer votre commande.<\/strong><\/p>","protected":false},"featured_media":15766,"comment_status":"open","ping_status":"closed","template":"","meta":[],"pwb-brand":[1278],"product_cat":[872],"product_tag":[60,557,719,22,24],"class_list":{"0":"post-15742","1":"product","2":"type-product","3":"status-publish","4":"has-post-thumbnail","6":"pwb-brand-elf-bar","7":"product_cat-15k-20k-puffs","8":"product_tag-elf-bar","9":"product_tag-23-0ml","10":"product_tag-18000-puffs","11":"product_tag-disposable","12":"product_tag-wholesale","14":"first","15":"instock","16":"shipping-taxable","17":"purchasable","18":"product-type-variable"},"aioseo_notices":[],"brands":[{"id":1278,"name":"Bar \u00e0 elfes","slug":"bar-des-elfes"}],"_links":{"self":[{"href":"https:\/\/www.vape4wholesale.com\/fr\/wp-json\/wp\/v2\/product\/15742","targetHints":{"allow":["GET"]}}],"collection":[{"href":"https:\/\/www.vape4wholesale.com\/fr\/wp-json\/wp\/v2\/product"}],"about":[{"href":"https:\/\/www.vape4wholesale.com\/fr\/wp-json\/wp\/v2\/types\/product"}],"replies":[{"embeddable":true,"href":"https:\/\/www.vape4wholesale.com\/fr\/wp-json\/wp\/v2\/comments?post=15742"}],"wp:featuredmedia":[{"embeddable":true,"href":"https:\/\/www.vape4wholesale.com\/fr\/wp-json\/wp\/v2\/media\/15766"}],"wp:attachment":[{"href":"https:\/\/www.vape4wholesale.com\/fr\/wp-json\/wp\/v2\/media?parent=15742"}],"wp:term":[{"taxonomy":"pwb-brand","embeddable":true,"href":"https:\/\/www.vape4wholesale.com\/fr\/wp-json\/wp\/v2\/pwb-brand?post=15742"},{"taxonomy":"product_cat","embeddable":true,"href":"https:\/\/www.vape4wholesale.com\/fr\/wp-json\/wp\/v2\/product_cat?post=15742"},{"taxonomy":"product_tag","embeddable":true,"href":"https:\/\/www.vape4wholesale.com\/fr\/wp-json\/wp\/v2\/product_tag?post=15742"}],"curies":[{"name":"wp","href":"https:\/\/api.w.org\/{rel}","templated":true}]}}