{"id":15703,"date":"2024-05-14T16:21:00","date_gmt":"2024-05-14T08:21:00","guid":{"rendered":"https:\/\/www.vape4wholesale.com\/?post_type=product&#038;p=15703"},"modified":"2026-01-27T15:01:31","modified_gmt":"2026-01-27T15:01:31","slug":"lavie-cube-20000-puffs-jetable-vape-wholesale","status":"publish","type":"product","link":"https:\/\/www.vape4wholesale.com\/fr\/product\/lavie-cube-20000-puffs-disposable-vape-wholesale","title":{"rendered":"Lavie Cube 20000 Puffs Jetable Vape Wholesale"},"content":{"rendered":"<p>Le Lavie Cube 20000 est un dispositif de vapotage jetable dot\u00e9 d'une batterie rechargeable et d'un affichage du niveau d'ejuice. Cette vape se distingue par ses performances puissantes et ses fonctionnalit\u00e9s riches, vous offrant une toute nouvelle exp\u00e9rience de vapotage.<\/p>\n<p>\u00c9quip\u00e9 d'une batterie haute performance de 600mAh, le LAVIE Cube 20000 Puffs Vape jetable garantit une longue dur\u00e9e de vie de la batterie, vous permettant de vous adonner au plaisir du vapotage sans avoir \u00e0 le recharger fr\u00e9quemment. Son r\u00e9servoir d'huile d'une capacit\u00e9 de 28 ml garantit des sessions de vapotage prolong\u00e9es, vous permettant de profiter pleinement de votre plaisir.<\/p>\n<p>Le LAVIE Cube 20000 offre une vari\u00e9t\u00e9 d'options de taux de nicotine 0%\/2%\/5%, r\u00e9pondant aux besoins de tous les types de fumeurs. Sa s\u00e9lection d'ar\u00f4mes est tout aussi impressionnante, avec 16 ar\u00f4mes classiques et rafra\u00eechissants, allant du tabac traditionnel aux m\u00e9langes fruit\u00e9s, ce qui permet \u00e0 chacun d'y trouver son compte.<\/p>\n<h2><strong>Lavie Cube 20000 Vape jetable Sp\u00e9cifications :<\/strong><\/h2>\n<p>Marque:LAVIE<\/p>\n<p>Bouff\u00e9es:20000 bouff\u00e9es sont disponibles par appareil<\/p>\n<p>Nicotine:2%\/5%<\/p>\n<p>Capacit\u00e9 E-juice:28ML<\/p>\n<p>La r\u00e9silience : 1.0\u03a9<\/p>\n<p>Batterie : 600mAh<\/p>\n<p>Port de charge : Type-C<\/p>\n<p>&nbsp;<\/p>\n<h2><strong>Saveurs<\/strong><\/h2>\n<ol>\n<li>Glace \u00e0 la fraise et au kiwi<\/li>\n<li>Aloe Vera glace au raisin<\/li>\n<li>Past\u00e8que \u00e0 la fraise<\/li>\n<li>Glace de m\u00fbre et de cerise \u00e0 p\u00e9pins<\/li>\n<li>Glace de raisin<\/li>\n<li>Glace \u00e0 la menthe<\/li>\n<li>Bacco<\/li>\n<li>Monstre de mangue<\/li>\n<li>Glace \u00e0 la myrtille, \u00e0 la framboise et au raisin<\/li>\n<li>Fruit de la passion Kiwi Goyave<\/li>\n<li>Double pomme<\/li>\n<li>Cola au citron<\/li>\n<li>Glace au litchi et \u00e0 la fraise<\/li>\n<li>Glace \u00e0 la past\u00e8que<\/li>\n<li>Myrtille Framboise Bubblegum<\/li>\n<li>Cr\u00e8me glac\u00e9e au taro<\/li>\n<\/ol>\n<p>&nbsp;<\/p>\n<h2><strong>Emballage et poids<\/strong><\/h2>\n<p>0.09KG\/PCS, une seule pi\u00e8ce dans un petit emballage, 10 pi\u00e8ces dans une bo\u00eete moyenne.<\/p>\n<p>200PCS en carton, 18KG.<\/p>\n<figure id=\"attachment_15704\" aria-describedby=\"caption-attachment-15704\" style=\"width: 1000px\" class=\"wp-caption alignnone\"><img loading=\"lazy\" decoding=\"async\" class=\"wp-image-15704 size-full\" title=\"LAVIE Cube 20000 bouff\u00e9es Vape jetable en gros Aloe Vera Grape Ice Flavors\" src=\"https:\/\/www.vape4wholesale.com\/wp-content\/uploads\/2024\/05\/LAVIE-Cube-20000-Puffs-Disposable-Vape-Wholesale-Aloe-Vera-Grape-Ice-Flavors.jpg\" alt=\"LAVIE Cube 20000 bouff\u00e9es Vape jetable en gros Aloe Vera Grape Ice Flavors\" width=\"1000\" height=\"666\" srcset=\"https:\/\/www.vape4wholesale.com\/wp-content\/uploads\/2024\/05\/LAVIE-Cube-20000-Puffs-Disposable-Vape-Wholesale-Aloe-Vera-Grape-Ice-Flavors.jpg 1000w, https:\/\/www.vape4wholesale.com\/wp-content\/uploads\/2024\/05\/LAVIE-Cube-20000-Puffs-Disposable-Vape-Wholesale-Aloe-Vera-Grape-Ice-Flavors-510x340.jpg 510w, https:\/\/www.vape4wholesale.com\/wp-content\/uploads\/2024\/05\/LAVIE-Cube-20000-Puffs-Disposable-Vape-Wholesale-Aloe-Vera-Grape-Ice-Flavors-64x43.jpg 64w, https:\/\/www.vape4wholesale.com\/wp-content\/uploads\/2024\/05\/LAVIE-Cube-20000-Puffs-Disposable-Vape-Wholesale-Aloe-Vera-Grape-Ice-Flavors-300x200.jpg 300w, https:\/\/www.vape4wholesale.com\/wp-content\/uploads\/2024\/05\/LAVIE-Cube-20000-Puffs-Disposable-Vape-Wholesale-Aloe-Vera-Grape-Ice-Flavors-768x511.jpg 768w\" sizes=\"auto, (max-width: 1000px) 100vw, 1000px\" \/><figcaption id=\"caption-attachment-15704\" class=\"wp-caption-text\">LAVIE Cube 20000 Puffs Vape jetable Wholesale<\/figcaption><\/figure>\n<p><img loading=\"lazy\" decoding=\"async\" class=\"alignnone size-full wp-image-15705\" title=\"LAVIE Cube 20000 Puffs Vape jetable Wholesale All Flavors\" src=\"https:\/\/www.vape4wholesale.com\/wp-content\/uploads\/2024\/05\/LAVIE-Cube-20000-Puffs-Disposable-Vape-Wholesale-All-Flavors.jpg\" alt=\"LAVIE Cube 20000 Puffs Vape jetable Wholesale All Flavors\" width=\"1000\" height=\"707\" srcset=\"https:\/\/www.vape4wholesale.com\/wp-content\/uploads\/2024\/05\/LAVIE-Cube-20000-Puffs-Disposable-Vape-Wholesale-All-Flavors.jpg 1000w, https:\/\/www.vape4wholesale.com\/wp-content\/uploads\/2024\/05\/LAVIE-Cube-20000-Puffs-Disposable-Vape-Wholesale-All-Flavors-510x361.jpg 510w, https:\/\/www.vape4wholesale.com\/wp-content\/uploads\/2024\/05\/LAVIE-Cube-20000-Puffs-Disposable-Vape-Wholesale-All-Flavors-64x45.jpg 64w, https:\/\/www.vape4wholesale.com\/wp-content\/uploads\/2024\/05\/LAVIE-Cube-20000-Puffs-Disposable-Vape-Wholesale-All-Flavors-300x212.jpg 300w, https:\/\/www.vape4wholesale.com\/wp-content\/uploads\/2024\/05\/LAVIE-Cube-20000-Puffs-Disposable-Vape-Wholesale-All-Flavors-768x543.jpg 768w\" sizes=\"auto, (max-width: 1000px) 100vw, 1000px\" \/> <img loading=\"lazy\" decoding=\"async\" class=\"alignnone size-full wp-image-15706\" title=\"LAVIE Cube 20000 bouff\u00e9es Vape jetable en gros Aloe Vera Grape Ice Package\" src=\"https:\/\/www.vape4wholesale.com\/wp-content\/uploads\/2024\/05\/LAVIE-Cube-20000-Puffs-Disposable-Vape-Wholesale-Aloe-Vera-Grape-Ice-Package.jpg\" alt=\"LAVIE Cube 20000 bouff\u00e9es Vape jetable en gros Aloe Vera Grape Ice Package\" width=\"1000\" height=\"706\" srcset=\"https:\/\/www.vape4wholesale.com\/wp-content\/uploads\/2024\/05\/LAVIE-Cube-20000-Puffs-Disposable-Vape-Wholesale-Aloe-Vera-Grape-Ice-Package.jpg 1000w, https:\/\/www.vape4wholesale.com\/wp-content\/uploads\/2024\/05\/LAVIE-Cube-20000-Puffs-Disposable-Vape-Wholesale-Aloe-Vera-Grape-Ice-Package-510x360.jpg 510w, https:\/\/www.vape4wholesale.com\/wp-content\/uploads\/2024\/05\/LAVIE-Cube-20000-Puffs-Disposable-Vape-Wholesale-Aloe-Vera-Grape-Ice-Package-64x45.jpg 64w, https:\/\/www.vape4wholesale.com\/wp-content\/uploads\/2024\/05\/LAVIE-Cube-20000-Puffs-Disposable-Vape-Wholesale-Aloe-Vera-Grape-Ice-Package-300x212.jpg 300w, https:\/\/www.vape4wholesale.com\/wp-content\/uploads\/2024\/05\/LAVIE-Cube-20000-Puffs-Disposable-Vape-Wholesale-Aloe-Vera-Grape-Ice-Package-768x542.jpg 768w\" sizes=\"auto, (max-width: 1000px) 100vw, 1000px\" \/><\/p>\n<h2>POURQUOI NOUS ?<\/h2>\r\n<ul>\r\n<li>Une source de vape r\u00e9elle, digne de confiance et professionnelle.<\/li>\r\n<li>100% Garantie d'authenticit\u00e9 : Nous ne fournissons que des produits originaux et authentiques, nous refusons la contrefa\u00e7on.<\/li>\r\n<li>100% Garantie de livraison : Nous utilisons les meilleurs moyens de transport pour assurer la livraison de votre commande 100%.<\/li>\r\n<li>Nous vous communiquerons le num\u00e9ro de suivi et l'\u00e9tiquette d'exp\u00e9dition apr\u00e8s l'envoi, et nous suivrons les marchandises pour vous jusqu'\u00e0 ce que vous les signiez.<\/li>\r\n<li>Pas de probl\u00e8mes douaniers, pas de droits de douane<\/li>\r\n<\/ul>","protected":false},"excerpt":{"rendered":"<div class=\"wsppc_div_block woocommerce_before_add_to_cart_form\">\r\n<p><strong><span style=\"color: #00a859;\">Passer la douane<\/span> avant livraison &amp; 100% Garantie de livraison, Livraison en 19~25 jours environ.\u00a0<\/strong><\/p>\r\n<\/div>","protected":false},"featured_media":15738,"comment_status":"open","ping_status":"closed","template":"","meta":[],"pwb-brand":[1277],"product_cat":[873],"product_tag":[793,794,22,24,37],"class_list":{"0":"post-15703","1":"product","2":"type-product","3":"status-publish","4":"has-post-thumbnail","6":"pwb-brand-lavie","7":"product_cat-above-20k-puffs","8":"product_tag-28-0ml","9":"product_tag-20000-puffs","10":"product_tag-disposable","11":"product_tag-wholesale","12":"product_tag-lavie","13":"wcpa_has_options","15":"first","16":"instock","17":"featured","18":"shipping-taxable","19":"purchasable","20":"product-type-variable"},"aioseo_notices":[],"brands":[{"id":1277,"name":"Lavie","slug":"lavie"}],"_links":{"self":[{"href":"https:\/\/www.vape4wholesale.com\/fr\/wp-json\/wp\/v2\/product\/15703","targetHints":{"allow":["GET"]}}],"collection":[{"href":"https:\/\/www.vape4wholesale.com\/fr\/wp-json\/wp\/v2\/product"}],"about":[{"href":"https:\/\/www.vape4wholesale.com\/fr\/wp-json\/wp\/v2\/types\/product"}],"replies":[{"embeddable":true,"href":"https:\/\/www.vape4wholesale.com\/fr\/wp-json\/wp\/v2\/comments?post=15703"}],"wp:featuredmedia":[{"embeddable":true,"href":"https:\/\/www.vape4wholesale.com\/fr\/wp-json\/wp\/v2\/media\/15738"}],"wp:attachment":[{"href":"https:\/\/www.vape4wholesale.com\/fr\/wp-json\/wp\/v2\/media?parent=15703"}],"wp:term":[{"taxonomy":"pwb-brand","embeddable":true,"href":"https:\/\/www.vape4wholesale.com\/fr\/wp-json\/wp\/v2\/pwb-brand?post=15703"},{"taxonomy":"product_cat","embeddable":true,"href":"https:\/\/www.vape4wholesale.com\/fr\/wp-json\/wp\/v2\/product_cat?post=15703"},{"taxonomy":"product_tag","embeddable":true,"href":"https:\/\/www.vape4wholesale.com\/fr\/wp-json\/wp\/v2\/product_tag?post=15703"}],"curies":[{"name":"wp","href":"https:\/\/api.w.org\/{rel}","templated":true}]}}