{"id":15675,"date":"2025-10-29T18:51:50","date_gmt":"2025-10-29T10:51:50","guid":{"rendered":"https:\/\/www.vape4wholesale.com\/?post_type=product&#038;p=15675"},"modified":"2026-03-19T19:01:42","modified_gmt":"2026-03-19T11:01:42","slug":"elf-bar-gh23000-jetable-vape-wholesale","status":"publish","type":"product","link":"https:\/\/www.vape4wholesale.com\/fr\/product\/elf-bar-gh23000-disposable-vape-wholesale","title":{"rendered":"Elf Bar GH23000 Disposable Vape Wholesale"},"content":{"rendered":"<p>La vape jetable Elf Bar GH23000 offre une exp\u00e9rience de vapotage in\u00e9gal\u00e9e gr\u00e2ce \u00e0 sa capacit\u00e9 r\u00e9volutionnaire de 23 000 bouff\u00e9es et \u00e0 son syst\u00e8me int\u00e9gr\u00e9 de r\u00e9glage de l'air et de la pression. Cet appareil rechargeable est dot\u00e9 d'un grand \u00e9cran lat\u00e9ral num\u00e9rique et d'un anneau lumineux monochrome bleu captivant, \u00e9tablissant ainsi une nouvelle norme pour les vapes jetables.<\/p>\n<h2><strong>Elf Bar GH23000 Information sur le produit :<\/strong><\/h2>\n<ul>\n<li>Capacit\u00e9 massive de Vape Juice : Il est dot\u00e9 d'une capacit\u00e9 substantielle de 23 ml d'e-liquide.<\/li>\n<li>Syst\u00e8me de bobine \u00e0 triple maille : Garantit une excellente saveur et production de vapeur.<\/li>\n<li>R\u00e9glages de bouff\u00e9es variables : Trois r\u00e9glages de vitesse pour ajuster le nombre de bouff\u00e9es - 23K, 17K et 12K.<\/li>\n<li>Batterie haute capacit\u00e9 : \u00c9quip\u00e9 d'une batterie de 850mAh et de la charge Type-C.<\/li>\n<li>\u00c9cran lat\u00e9ral sophistiqu\u00e9 : Grand \u00e9cran num\u00e9rique pour une surveillance ais\u00e9e.<\/li>\n<li>Personnalisation du flux d'air et de la pression : Syst\u00e8me int\u00e9gr\u00e9 permettant une exp\u00e9rience de vapotage sur mesure.<\/li>\n<li>Design \u00e9l\u00e9gant : L'anneau ext\u00e9rieur est dot\u00e9 d'une lumi\u00e8re bleue monochrome.<\/li>\n<li>Vaste choix d'ar\u00f4mes : Choisissez parmi 15 saveurs exquises.<\/li>\n<\/ul>\n<h2><strong>Saveurs :<\/strong><\/h2>\n<ol>\n<li>Glace de raisin<\/li>\n<li>Glace \u00e0 la pomme verte<\/li>\n<li>Glace \u00e0 la past\u00e8que<\/li>\n<li>Glace \u00e0 la myrtille et \u00e0 la framboise<\/li>\n<li>Fraise et banane<\/li>\n<li>Past\u00e8que Cerise<\/li>\n<li>Framboise Past\u00e8que Citron<\/li>\n<li>Prune verte Citron vert acide<\/li>\n<li>Pomme Poire<\/li>\n<li>Jasmin framboise<\/li>\n<li>Menthe polaire<\/li>\n<li>Menthe pourpre<\/li>\n<li>Chewing-gum \u00e0 la fraise et \u00e0 la past\u00e8que<\/li>\n<li>Bonbons acidul\u00e9s \u00e0 la past\u00e8que<\/li>\n<li>Cola \u00e0 la cerise<\/li>\n<\/ol>\n<h2><strong>D\u00e9tails de l'emballage<\/strong><\/h2>\n<p>1pc\/pack<br data-filtered=\"filtered\" \/>10 paquets\/bo\u00eete<br data-filtered=\"filtered\" \/>200 pcs\/carton<\/p>\n<p><strong>Dimension :<\/strong><br \/>\n58*29*14cm<br \/>\n24KGS\/carton<\/p>\n<figure id=\"attachment_15692\" aria-describedby=\"caption-attachment-15692\" style=\"width: 800px\" class=\"wp-caption alignnone\"><img loading=\"lazy\" decoding=\"async\" class=\"size-full wp-image-15692\" title=\"ELF BAR GH23000 Vape jetable en gros (4)\" src=\"https:\/\/www.vape4wholesale.com\/wp-content\/uploads\/2024\/05\/ELF-BAR-GH23000-Disposable-Vape-Wholesale-4.webp\" alt=\"ELF BAR GH23000 Vape jetable en gros (4)\" width=\"800\" height=\"644\" srcset=\"https:\/\/www.vape4wholesale.com\/wp-content\/uploads\/2024\/05\/ELF-BAR-GH23000-Disposable-Vape-Wholesale-4.webp 800w, https:\/\/www.vape4wholesale.com\/wp-content\/uploads\/2024\/05\/ELF-BAR-GH23000-Disposable-Vape-Wholesale-4-510x411.webp 510w\" sizes=\"auto, (max-width: 800px) 100vw, 800px\" \/><figcaption id=\"caption-attachment-15692\" class=\"wp-caption-text\">ELF BAR GH23000 Vape jetable Vente en gros<\/figcaption><\/figure>\n<h2>POURQUOI NOUS ?<\/h2>\r\n<ul>\r\n<li>Une source de vape r\u00e9elle, digne de confiance et professionnelle.<\/li>\r\n<li>100% Garantie d'authenticit\u00e9 : Nous ne fournissons que des produits originaux et authentiques, nous refusons la contrefa\u00e7on.<\/li>\r\n<li>100% Garantie de livraison : Nous utilisons les meilleurs moyens de transport pour assurer la livraison de votre commande 100%.<\/li>\r\n<li>Nous vous communiquerons le num\u00e9ro de suivi et l'\u00e9tiquette d'exp\u00e9dition apr\u00e8s l'envoi, et nous suivrons les marchandises pour vous jusqu'\u00e0 ce que vous les signiez.<\/li>\r\n<li>Pas de probl\u00e8mes douaniers, pas de droits de douane<\/li>\r\n<\/ul>","protected":false},"excerpt":{"rendered":"<p><b><span style=\"color: #00a859;\">Livraison gratuite<\/span>\u00a0depuis l'entrep\u00f4t europ\u00e9en, d\u00e9lai de livraison de 7 \u00e0 15 jours ouvrables.<\/b><\/p>\r\n<div class=\"wsppc_div_block woocommerce_before_add_to_cart_form\">\r\n<p><strong>D\u00e9douanement avant livraison &amp; Garantie de livraison \u00e0 100%<\/strong><\/p>\r\n<\/div>","protected":false},"featured_media":26773,"comment_status":"open","ping_status":"closed","template":"","meta":[],"pwb-brand":[1278],"product_cat":[938],"product_tag":[22,24,60,557,780],"class_list":{"0":"post-15675","1":"product","2":"type-product","3":"status-publish","4":"has-post-thumbnail","6":"pwb-brand-elf-bar","7":"product_cat-europe-warehouse","8":"product_tag-disposable","9":"product_tag-wholesale","10":"product_tag-elf-bar","11":"product_tag-23-0ml","12":"product_tag-23000-puffs","13":"product_shipping_class-eu-warehouse","15":"first","16":"instock","17":"shipping-taxable","18":"purchasable","19":"product-type-variable"},"aioseo_notices":[],"brands":[{"id":1278,"name":"Bar \u00e0 elfes","slug":"bar-des-elfes"}],"_links":{"self":[{"href":"https:\/\/www.vape4wholesale.com\/fr\/wp-json\/wp\/v2\/product\/15675","targetHints":{"allow":["GET"]}}],"collection":[{"href":"https:\/\/www.vape4wholesale.com\/fr\/wp-json\/wp\/v2\/product"}],"about":[{"href":"https:\/\/www.vape4wholesale.com\/fr\/wp-json\/wp\/v2\/types\/product"}],"replies":[{"embeddable":true,"href":"https:\/\/www.vape4wholesale.com\/fr\/wp-json\/wp\/v2\/comments?post=15675"}],"wp:featuredmedia":[{"embeddable":true,"href":"https:\/\/www.vape4wholesale.com\/fr\/wp-json\/wp\/v2\/media\/26773"}],"wp:attachment":[{"href":"https:\/\/www.vape4wholesale.com\/fr\/wp-json\/wp\/v2\/media?parent=15675"}],"wp:term":[{"taxonomy":"pwb-brand","embeddable":true,"href":"https:\/\/www.vape4wholesale.com\/fr\/wp-json\/wp\/v2\/pwb-brand?post=15675"},{"taxonomy":"product_cat","embeddable":true,"href":"https:\/\/www.vape4wholesale.com\/fr\/wp-json\/wp\/v2\/product_cat?post=15675"},{"taxonomy":"product_tag","embeddable":true,"href":"https:\/\/www.vape4wholesale.com\/fr\/wp-json\/wp\/v2\/product_tag?post=15675"}],"curies":[{"name":"wp","href":"https:\/\/api.w.org\/{rel}","templated":true}]}}