{"id":15573,"date":"2024-04-17T22:26:53","date_gmt":"2024-04-17T14:26:53","guid":{"rendered":"https:\/\/www.vape4wholesale.com\/?post_type=product&#038;p=15573"},"modified":"2026-01-26T13:41:07","modified_gmt":"2026-01-26T13:41:07","slug":"lavie-plus-15000-jetable-vape-wholesale","status":"publish","type":"product","link":"https:\/\/www.vape4wholesale.com\/fr\/product\/lavie-plus-15000-disposable-vape-wholesale","title":{"rendered":"Lavie Plus 15000 Vape jetable Vente en gros"},"content":{"rendered":"<p>Le Lavie Plus 15000 est un dispositif r\u00e9volutionnaire de vape jetable d\u00e9velopp\u00e9 et produit par Lavie avec la derni\u00e8re technologie de pointe, il peut atteindre jusqu'\u00e0 15000 bouff\u00e9es, \u00e9quip\u00e9 d'une batterie rechargeable de 650mAh. Avec une capacit\u00e9 g\u00e9n\u00e9reuse de 25 ml d'e-liquide et un choix all\u00e9chant de 12 saveurs, Lavie Plus 15000 garantit une exp\u00e9rience savoureuse \u00e0 chaque fois.<\/p>\n<p>Le Lavie Plus 15000 est disponible en deux modes diff\u00e9rents : Le mode \"Normal\", aliment\u00e9 par un seul mesh coil, chaque aspiration d\u00e9livre des saveurs nuanc\u00e9es et des nuages doux. Le mod\u00e8le \"Pulse+\" l'amplifie avec la puissance d'une bobine \u00e0 double maille.<\/p>\n<p>Commandez en vrac notre large s\u00e9lection d'ar\u00f4mes Lavie Plus 15000 Puffs pour notre meilleur prix de gros et une livraison rapide !<\/p>\n<h2><strong>Lavie Plus 15000 Disposable Vape D\u00e9tails :<\/strong><\/h2>\n<ul>\n<li>25ml E-Liquide pr\u00e9-rempli<\/li>\n<li>5% Intensit\u00e9 de la nicotine<\/li>\n<li>Batterie rechargeable 650mAh<\/li>\n<li>Jusqu'\u00e0 15 000 bouff\u00e9es<\/li>\n<li>Chargement de type C<\/li>\n<\/ul>\n<h2><strong>Faveurs disponibles :<\/strong><\/h2>\n<ol>\n<li>Limonade rose<\/li>\n<li>Glace \u00e0 la past\u00e8que<\/li>\n<li>Mangue du Mexique<\/li>\n<li>L'explosion de l'arc-en-ciel tropical<\/li>\n<li>Fraise Mangue<\/li>\n<li>Glace Blue Razz<\/li>\n<li>Monnaie de Miami<\/li>\n<li>Glace \u00e0 la p\u00eache juteuse<\/li>\n<li>Glace \u00e0 la pomme acide<\/li>\n<li>Cerisier de Californie<\/li>\n<li>Bonbons \u00e0 la mangue et \u00e0 l'ananas<\/li>\n<li>Meta Moon<\/li>\n<\/ol>\n<h2><strong>D\u00e9tails de l'emballage :<\/strong><\/h2>\n<ul>\n<li>1pc\/pack<\/li>\n<li>10 paquets\/bo\u00eete<\/li>\n<li>200 pcs\/carton<\/li>\n<li>20kg\/carton<\/li>\n<\/ul>\n<figure id=\"attachment_15586\" aria-describedby=\"caption-attachment-15586\" style=\"width: 800px\" class=\"wp-caption alignnone\"><img loading=\"lazy\" decoding=\"async\" class=\"wp-image-15586 size-full\" title=\"LAVIE PLUS 15000 bouff\u00e9es Vape jetable Wholesale Flavors\" src=\"https:\/\/www.vape4wholesale.com\/wp-content\/uploads\/2024\/04\/LAVIE-PLUS-15000-Puffs-Disposable-Vape-Wholesale-Flavors.webp\" alt=\"LAVIE PLUS 15000 bouff\u00e9es Vape jetable Wholesale Flavors\" width=\"800\" height=\"1298\" srcset=\"https:\/\/www.vape4wholesale.com\/wp-content\/uploads\/2024\/04\/LAVIE-PLUS-15000-Puffs-Disposable-Vape-Wholesale-Flavors.webp 800w, https:\/\/www.vape4wholesale.com\/wp-content\/uploads\/2024\/04\/LAVIE-PLUS-15000-Puffs-Disposable-Vape-Wholesale-Flavors-510x827.webp 510w, https:\/\/www.vape4wholesale.com\/wp-content\/uploads\/2024\/04\/LAVIE-PLUS-15000-Puffs-Disposable-Vape-Wholesale-Flavors-64x104.webp 64w, https:\/\/www.vape4wholesale.com\/wp-content\/uploads\/2024\/04\/LAVIE-PLUS-15000-Puffs-Disposable-Vape-Wholesale-Flavors-185x300.webp 185w, https:\/\/www.vape4wholesale.com\/wp-content\/uploads\/2024\/04\/LAVIE-PLUS-15000-Puffs-Disposable-Vape-Wholesale-Flavors-631x1024.webp 631w, https:\/\/www.vape4wholesale.com\/wp-content\/uploads\/2024\/04\/LAVIE-PLUS-15000-Puffs-Disposable-Vape-Wholesale-Flavors-768x1246.webp 768w\" sizes=\"auto, (max-width: 800px) 100vw, 800px\" \/><figcaption id=\"caption-attachment-15586\" class=\"wp-caption-text\">LAVIE PLUS 15000 bouff\u00e9es Vape jetable Wholesale All Flavors<\/figcaption><\/figure>\n<h2>POURQUOI NOUS ?<\/h2>\r\n<ul>\r\n<li>Une source de vape r\u00e9elle, digne de confiance et professionnelle.<\/li>\r\n<li>100% Garantie d'authenticit\u00e9 : Nous ne fournissons que des produits originaux et authentiques, nous refusons la contrefa\u00e7on.<\/li>\r\n<li>100% Garantie de livraison : Nous utilisons les meilleurs moyens de transport pour assurer la livraison de votre commande 100%.<\/li>\r\n<li>Nous vous communiquerons le num\u00e9ro de suivi et l'\u00e9tiquette d'exp\u00e9dition apr\u00e8s l'envoi, et nous suivrons les marchandises pour vous jusqu'\u00e0 ce que vous les signiez.<\/li>\r\n<li>Pas de probl\u00e8mes douaniers, pas de droits de douane<\/li>\r\n<\/ul>","protected":false},"excerpt":{"rendered":"<div class=\"wsppc_div_block woocommerce_before_add_to_cart_form\">\r\n<p><strong><span style=\"color: #00a859;\">Passer la douane<\/span> avant livraison &amp; 100% Garantie de livraison, Livraison en 19~25 jours environ.\u00a0<\/strong><\/p>\r\n<\/div>","protected":false},"featured_media":15574,"comment_status":"open","ping_status":"closed","template":"","meta":[],"pwb-brand":[1277],"product_cat":[872],"product_tag":[22,24,37,684,692],"class_list":{"0":"post-15573","1":"product","2":"type-product","3":"status-publish","4":"has-post-thumbnail","6":"pwb-brand-lavie","7":"product_cat-15k-20k-puffs","8":"product_tag-disposable","9":"product_tag-wholesale","10":"product_tag-lavie","11":"product_tag-15000-puffs","12":"product_tag-25-0ml","13":"wcpa_has_options","15":"first","16":"instock","17":"shipping-taxable","18":"purchasable","19":"product-type-variable"},"aioseo_notices":[],"brands":[{"id":1277,"name":"Lavie","slug":"lavie"}],"_links":{"self":[{"href":"https:\/\/www.vape4wholesale.com\/fr\/wp-json\/wp\/v2\/product\/15573","targetHints":{"allow":["GET"]}}],"collection":[{"href":"https:\/\/www.vape4wholesale.com\/fr\/wp-json\/wp\/v2\/product"}],"about":[{"href":"https:\/\/www.vape4wholesale.com\/fr\/wp-json\/wp\/v2\/types\/product"}],"replies":[{"embeddable":true,"href":"https:\/\/www.vape4wholesale.com\/fr\/wp-json\/wp\/v2\/comments?post=15573"}],"wp:featuredmedia":[{"embeddable":true,"href":"https:\/\/www.vape4wholesale.com\/fr\/wp-json\/wp\/v2\/media\/15574"}],"wp:attachment":[{"href":"https:\/\/www.vape4wholesale.com\/fr\/wp-json\/wp\/v2\/media?parent=15573"}],"wp:term":[{"taxonomy":"pwb-brand","embeddable":true,"href":"https:\/\/www.vape4wholesale.com\/fr\/wp-json\/wp\/v2\/pwb-brand?post=15573"},{"taxonomy":"product_cat","embeddable":true,"href":"https:\/\/www.vape4wholesale.com\/fr\/wp-json\/wp\/v2\/product_cat?post=15573"},{"taxonomy":"product_tag","embeddable":true,"href":"https:\/\/www.vape4wholesale.com\/fr\/wp-json\/wp\/v2\/product_tag?post=15573"}],"curies":[{"name":"wp","href":"https:\/\/api.w.org\/{rel}","templated":true}]}}