{"id":15506,"date":"2024-04-11T12:42:29","date_gmt":"2024-04-11T04:42:29","guid":{"rendered":"https:\/\/www.vape4wholesale.com\/?post_type=product&#038;p=15506"},"modified":"2026-01-26T13:41:12","modified_gmt":"2026-01-26T13:41:12","slug":"elf-bar-ep8000-jetable-vape-wholesale-2","status":"publish","type":"product","link":"https:\/\/www.vape4wholesale.com\/fr\/product\/elf-bar-ep8000-disposable-vape-wholesale","title":{"rendered":"Elf Bar EP8000 Vape jetable Vente en gros"},"content":{"rendered":"<p>L'Elf Bar EP8000 pr\u00e9sente un design \u00e9l\u00e9gant avec 18ml d'e-juice et une batterie rechargeable de 1500mAh pour une sensation de go\u00fbt in\u00e9gal\u00e9e. supporte jusqu'\u00e0 8000 bouff\u00e9es. L'affichage vibrant de six nuances de couleurs permet d'obtenir une lueur \u00e9tincelante. La derni\u00e8re teinte indique le niveau actuel d'e-liquide et de charge de la batterie.<\/p>\n<p>Ce m\u00e9lange exaltant associe l'essence audacieuse des m\u00fbres \u00e0 l'ar\u00f4me acidul\u00e9 des framboises, cr\u00e9ant ainsi une symphonie harmonieuse de saveurs fruit\u00e9es. Avec une touche rafra\u00eechissante de menthol glac\u00e9, chaque bouff\u00e9e d\u00e9livre une explosion de fra\u00eecheur qui fait vibrer les sens.<\/p>\n<p>Commandez en gros nos 20 saveurs exclusives Elf Bar BC15000 \u00e0 des prix de gros imbattables et avec une livraison rapide.<\/p>\n<h2><strong>Elf Bar EP8000 Disposable Vape Features :<\/strong><\/h2>\n<ul>\n<li>Marque : Elf Bar<\/li>\n<li>Type : EP8000<\/li>\n<li>Bouff\u00e9es : 8000 bouff\u00e9es<\/li>\n<li>Nicotine : 5%<\/li>\n<li>Capacit\u00e9 E-juice : 18 ML<\/li>\n<li>Capacit\u00e9 de la batterie : 1500mAh (rechargeable)<\/li>\n<li>Taille : 88\u00d744\u00d722 mm<\/li>\n<\/ul>\n<h2><strong>Ar\u00f4mes disponibles\uff1a<\/strong><\/h2>\n<p>1. raisin cerise<br \/>\n2. limonade \u00e0 la p\u00eache et \u00e0 la cerise<br \/>\n3. raisin<br \/>\n4. kiwi fruit de la passion goyave<br \/>\n5.Tabac<br \/>\n6. glace \u00e0 la past\u00e8que<br \/>\n7. glace au cola<br \/>\n8. p\u00eaches et baies<br \/>\n9.Blue Razz Ice<br \/>\n10.m\u00fbre canneberge<br \/>\n11. chewing-gum \u00e0 la past\u00e8que<br \/>\n12.Double Mangue<br \/>\n13.P\u00eache Glace<br \/>\n14. Razz Ice noir<br \/>\n15 Mangue P\u00eache Past\u00e8que<br \/>\n16.Double Pomme<br \/>\n17. raisin blanc<br \/>\n18. p\u00eache mangue<br \/>\n19.cr\u00e8me glac\u00e9e \u00e0 la fraise<br \/>\n20. glace \u00e0 la fraise<\/p>\n<h2><strong>D\u00e9tails de l'emballage<\/strong><\/h2>\n<p>1pc\/pack<br data-filtered=\"filtered\" \/>10 paquets\/bo\u00eete<br data-filtered=\"filtered\" \/>200 pcs\/carton<\/p>\n<p><strong>Dimension :<\/strong><br \/>\n58*29*14cm<br \/>\n12KGS\/carton<\/p>\n<figure id=\"attachment_15529\" aria-describedby=\"caption-attachment-15529\" style=\"width: 747px\" class=\"wp-caption alignnone\"><img loading=\"lazy\" decoding=\"async\" class=\"wp-image-15529 size-full\" title=\"Elf Bar EP8000 Vape jetable en gros Watermelon Ice 8000 bouff\u00e9es\" src=\"https:\/\/www.vape4wholesale.com\/wp-content\/uploads\/2024\/04\/Elf-Bar-EP8000-Disposable-Vape-Wholesale-Watermelon-Ice-8000-Puffs.webp\" alt=\"Elf Bar EP8000 Vape jetable en gros Watermelon Ice 8000 bouff\u00e9es\" width=\"747\" height=\"800\" srcset=\"https:\/\/www.vape4wholesale.com\/wp-content\/uploads\/2024\/04\/Elf-Bar-EP8000-Disposable-Vape-Wholesale-Watermelon-Ice-8000-Puffs.webp 747w, https:\/\/www.vape4wholesale.com\/wp-content\/uploads\/2024\/04\/Elf-Bar-EP8000-Disposable-Vape-Wholesale-Watermelon-Ice-8000-Puffs-510x546.webp 510w, https:\/\/www.vape4wholesale.com\/wp-content\/uploads\/2024\/04\/Elf-Bar-EP8000-Disposable-Vape-Wholesale-Watermelon-Ice-8000-Puffs-64x69.webp 64w, https:\/\/www.vape4wholesale.com\/wp-content\/uploads\/2024\/04\/Elf-Bar-EP8000-Disposable-Vape-Wholesale-Watermelon-Ice-8000-Puffs-280x300.webp 280w\" sizes=\"auto, (max-width: 747px) 100vw, 747px\" \/><figcaption id=\"caption-attachment-15529\" class=\"wp-caption-text\">Elf Bar EP8000 Vape jetable Vente en gros<\/figcaption><\/figure>\n<h2>POURQUOI NOUS ?<\/h2>\r\n<ul>\r\n<li>Une source de vape r\u00e9elle, digne de confiance et professionnelle.<\/li>\r\n<li>100% Garantie d'authenticit\u00e9 : Nous ne fournissons que des produits originaux et authentiques, nous refusons la contrefa\u00e7on.<\/li>\r\n<li>100% Garantie de livraison : Nous utilisons les meilleurs moyens de transport pour assurer la livraison de votre commande 100%.<\/li>\r\n<li>Nous vous communiquerons le num\u00e9ro de suivi et l'\u00e9tiquette d'exp\u00e9dition apr\u00e8s l'envoi, et nous suivrons les marchandises pour vous jusqu'\u00e0 ce que vous les signiez.<\/li>\r\n<li>Pas de probl\u00e8mes douaniers, pas de droits de douane<\/li>\r\n<\/ul>","protected":false},"excerpt":{"rendered":"<div class=\"wsppc_div_block woocommerce_before_add_to_cart_form\">\r\n<p><strong><span style=\"color: #00a859;\">Passer la douane<\/span> avant livraison &amp; 100% Garantie de livraison, Livraison en 19~25 jours environ.\u00a0<\/strong><\/p>\r\n<\/div>\n<p><strong>En raison de changements fr\u00e9quents dans les stocks de produits, les quantit\u00e9s minimales de commande et les prix, veuillez nous contacter avant de passer votre commande.<\/strong><\/p>","protected":false},"featured_media":15532,"comment_status":"open","ping_status":"closed","template":"","meta":[],"pwb-brand":[1278],"product_cat":[870],"product_tag":[22,24,60,244,343],"class_list":{"0":"post-15506","1":"product","2":"type-product","3":"status-publish","4":"has-post-thumbnail","6":"pwb-brand-elf-bar","7":"product_cat-8000-10000-puffs","8":"product_tag-disposable","9":"product_tag-wholesale","10":"product_tag-elf-bar","11":"product_tag-18-0ml","12":"product_tag-8000-puffs","14":"first","15":"instock","16":"shipping-taxable","17":"purchasable","18":"product-type-variable"},"aioseo_notices":[],"brands":[{"id":1278,"name":"Bar \u00e0 elfes","slug":"bar-des-elfes"}],"_links":{"self":[{"href":"https:\/\/www.vape4wholesale.com\/fr\/wp-json\/wp\/v2\/product\/15506","targetHints":{"allow":["GET"]}}],"collection":[{"href":"https:\/\/www.vape4wholesale.com\/fr\/wp-json\/wp\/v2\/product"}],"about":[{"href":"https:\/\/www.vape4wholesale.com\/fr\/wp-json\/wp\/v2\/types\/product"}],"replies":[{"embeddable":true,"href":"https:\/\/www.vape4wholesale.com\/fr\/wp-json\/wp\/v2\/comments?post=15506"}],"wp:featuredmedia":[{"embeddable":true,"href":"https:\/\/www.vape4wholesale.com\/fr\/wp-json\/wp\/v2\/media\/15532"}],"wp:attachment":[{"href":"https:\/\/www.vape4wholesale.com\/fr\/wp-json\/wp\/v2\/media?parent=15506"}],"wp:term":[{"taxonomy":"pwb-brand","embeddable":true,"href":"https:\/\/www.vape4wholesale.com\/fr\/wp-json\/wp\/v2\/pwb-brand?post=15506"},{"taxonomy":"product_cat","embeddable":true,"href":"https:\/\/www.vape4wholesale.com\/fr\/wp-json\/wp\/v2\/product_cat?post=15506"},{"taxonomy":"product_tag","embeddable":true,"href":"https:\/\/www.vape4wholesale.com\/fr\/wp-json\/wp\/v2\/product_tag?post=15506"}],"curies":[{"name":"wp","href":"https:\/\/api.w.org\/{rel}","templated":true}]}}