{"id":15424,"date":"2024-04-01T11:07:28","date_gmt":"2024-04-01T03:07:28","guid":{"rendered":"https:\/\/www.vape4wholesale.com\/?post_type=product&#038;p=15424"},"modified":"2026-01-26T13:41:17","modified_gmt":"2026-01-26T13:41:17","slug":"lavie-insider-12000-puffs-jetable-vape-wholesale-2","status":"publish","type":"product","link":"https:\/\/www.vape4wholesale.com\/fr\/product\/lavie-insider-12000-puffs-disposable-vape-wholesale","title":{"rendered":"Lavie Insider 12000 bouff\u00e9es Vape jetable Wholesale"},"content":{"rendered":"<p>Le Lavie Insider 12000 est un vaporisateur jetable contenant 18 ml d'huile et dot\u00e9 d'une batterie rechargeable de 650 mAh qui permet de tirer jusqu'\u00e0 12 000 bouff\u00e9es.<br \/>\nIl s'agit d'un mod\u00e8le \u00e9l\u00e9gant avec un m\u00e9lange de deux couleurs qui offre une bonne prise en main et une apparence frappante.<br \/>\nChoisissez notre lavie sinder jusqu'\u00e0 12 saveurs au meilleur prix de gros et \u00e0 une livraison rapide !<\/p>\n<h2><strong>Lavie Insider 12000 Vape jetable Sp\u00e9cifications :<\/strong><\/h2>\n<ul>\n<li>Marque : Lavie<\/li>\n<li>Bouff\u00e9es : 12000 bouff\u00e9es<\/li>\n<li>Nicotine : 2%\/5%<\/li>\n<li>Capacit\u00e9 E-juice : 18ML<\/li>\n<li>Batterie : 650mAh<\/li>\n<li>Port de charge : Type-C<\/li>\n<\/ul>\n<h2><strong>Saveurs<\/strong><\/h2>\n<ol>\n<li>Past\u00e8que \u00e0 la fraise<\/li>\n<li>Glace \u00e0 la past\u00e8que<\/li>\n<li>Glace \u00e0 la mangue<\/li>\n<li>Th\u00e9 noir \u00e0 la rose<\/li>\n<li>Glace aux myrtilles<\/li>\n<li>Mojito<\/li>\n<li>Glace au raisin vert<\/li>\n<li>Caf\u00e9<\/li>\n<li>Glace au citron et au cola<\/li>\n<li>Glace \u00e0 l'orange<\/li>\n<li>Glace \u00e0 la menthe<\/li>\n<li>Glace \u00e0 la pomme verte<\/li>\n<\/ol>\n<h2><strong>Emballage et poids<\/strong><\/h2>\n<ul>\n<li>0.095KG\/PCS, 10 PCS\/ Medium case<\/li>\n<li>200PCS\/carton principal, 19KG.<\/li>\n<\/ul>\n<figure id=\"attachment_15438\" aria-describedby=\"caption-attachment-15438\" style=\"width: 800px\" class=\"wp-caption alignnone\"><img loading=\"lazy\" decoding=\"async\" class=\"size-full wp-image-15438\" title=\"LAVIE INSIDER 12000 bouff\u00e9es Vape jetable en gros 2 saveurs\" src=\"https:\/\/www.vape4wholesale.com\/wp-content\/uploads\/2024\/04\/LAVIE-INSIDER-12000-Puffs-Disposable-Vape-Wholesale-2-Flavors.jpg\" alt=\"LAVIE INSIDER 12000 bouff\u00e9es Vape jetable en gros 2 saveurs\" width=\"800\" height=\"1000\" srcset=\"https:\/\/www.vape4wholesale.com\/wp-content\/uploads\/2024\/04\/LAVIE-INSIDER-12000-Puffs-Disposable-Vape-Wholesale-2-Flavors.jpg 800w, https:\/\/www.vape4wholesale.com\/wp-content\/uploads\/2024\/04\/LAVIE-INSIDER-12000-Puffs-Disposable-Vape-Wholesale-2-Flavors-510x638.jpg 510w, https:\/\/www.vape4wholesale.com\/wp-content\/uploads\/2024\/04\/LAVIE-INSIDER-12000-Puffs-Disposable-Vape-Wholesale-2-Flavors-64x80.jpg 64w, https:\/\/www.vape4wholesale.com\/wp-content\/uploads\/2024\/04\/LAVIE-INSIDER-12000-Puffs-Disposable-Vape-Wholesale-2-Flavors-240x300.jpg 240w, https:\/\/www.vape4wholesale.com\/wp-content\/uploads\/2024\/04\/LAVIE-INSIDER-12000-Puffs-Disposable-Vape-Wholesale-2-Flavors-768x960.jpg 768w\" sizes=\"auto, (max-width: 800px) 100vw, 800px\" \/><figcaption id=\"caption-attachment-15438\" class=\"wp-caption-text\">LAVIE INSIDER 12000 bouff\u00e9es Vape jetable Wholesale<\/figcaption><\/figure>\n<h2>POURQUOI NOUS ?<\/h2>\r\n<ul>\r\n<li>Une source de vape r\u00e9elle, digne de confiance et professionnelle.<\/li>\r\n<li>100% Garantie d'authenticit\u00e9 : Nous ne fournissons que des produits originaux et authentiques, nous refusons la contrefa\u00e7on.<\/li>\r\n<li>100% Garantie de livraison : Nous utilisons les meilleurs moyens de transport pour assurer la livraison de votre commande 100%.<\/li>\r\n<li>Nous vous communiquerons le num\u00e9ro de suivi et l'\u00e9tiquette d'exp\u00e9dition apr\u00e8s l'envoi, et nous suivrons les marchandises pour vous jusqu'\u00e0 ce que vous les signiez.<\/li>\r\n<li>Pas de probl\u00e8mes douaniers, pas de droits de douane<\/li>\r\n<\/ul>","protected":false},"excerpt":{"rendered":"<div class=\"wsppc_div_block woocommerce_before_add_to_cart_form\">\r\n<p><strong><span style=\"color: #00a859;\">Passer la douane<\/span> avant livraison &amp; 100% Garantie de livraison, Livraison en 19~25 jours environ.\u00a0<\/strong><\/p>\r\n<\/div>","protected":false},"featured_media":15446,"comment_status":"open","ping_status":"closed","template":"","meta":[],"pwb-brand":[1277],"product_cat":[871],"product_tag":[244,556,22,24,37],"class_list":{"0":"post-15424","1":"product","2":"type-product","3":"status-publish","4":"has-post-thumbnail","6":"pwb-brand-lavie","7":"product_cat-10-15k-puffs","8":"product_tag-18-0ml","9":"product_tag-12000-puffs","10":"product_tag-disposable","11":"product_tag-wholesale","12":"product_tag-lavie","13":"wcpa_has_options","15":"first","16":"instock","17":"shipping-taxable","18":"purchasable","19":"product-type-variable"},"aioseo_notices":[],"brands":[{"id":1277,"name":"Lavie","slug":"lavie"}],"_links":{"self":[{"href":"https:\/\/www.vape4wholesale.com\/fr\/wp-json\/wp\/v2\/product\/15424","targetHints":{"allow":["GET"]}}],"collection":[{"href":"https:\/\/www.vape4wholesale.com\/fr\/wp-json\/wp\/v2\/product"}],"about":[{"href":"https:\/\/www.vape4wholesale.com\/fr\/wp-json\/wp\/v2\/types\/product"}],"replies":[{"embeddable":true,"href":"https:\/\/www.vape4wholesale.com\/fr\/wp-json\/wp\/v2\/comments?post=15424"}],"wp:featuredmedia":[{"embeddable":true,"href":"https:\/\/www.vape4wholesale.com\/fr\/wp-json\/wp\/v2\/media\/15446"}],"wp:attachment":[{"href":"https:\/\/www.vape4wholesale.com\/fr\/wp-json\/wp\/v2\/media?parent=15424"}],"wp:term":[{"taxonomy":"pwb-brand","embeddable":true,"href":"https:\/\/www.vape4wholesale.com\/fr\/wp-json\/wp\/v2\/pwb-brand?post=15424"},{"taxonomy":"product_cat","embeddable":true,"href":"https:\/\/www.vape4wholesale.com\/fr\/wp-json\/wp\/v2\/product_cat?post=15424"},{"taxonomy":"product_tag","embeddable":true,"href":"https:\/\/www.vape4wholesale.com\/fr\/wp-json\/wp\/v2\/product_tag?post=15424"}],"curies":[{"name":"wp","href":"https:\/\/api.w.org\/{rel}","templated":true}]}}