{"id":15324,"date":"2023-01-13T11:02:43","date_gmt":"2023-01-13T03:02:43","guid":{"rendered":"https:\/\/www.vape4wholesale.com\/?post_type=product&#038;p=15324"},"modified":"2026-01-26T13:43:08","modified_gmt":"2026-01-26T13:43:08","slug":"lavie-bar-1600-puffs-jetable-vape-wholesale","status":"publish","type":"product","link":"https:\/\/www.vape4wholesale.com\/fr\/product\/lavie-bar-1600-puffs-disposable-vape-wholesale","title":{"rendered":"Lavie Bar 1600 Puffs Disposable Vape Wholesale"},"content":{"rendered":"<p>Le Lavie Bar 1600 est un vaporisateur jetable au design \u00e9l\u00e9gant, dot\u00e9 d'une batterie haute capacit\u00e9 de 800 mAh et d'une capacit\u00e9 de 5,3 ml d'e-liquide pour 1600 bouff\u00e9es au go\u00fbt doux. Sa taille compacte et \u00e9l\u00e9gante est facile \u00e0 transporter et offre une exp\u00e9rience de vapotage plus d\u00e9licieuse.<\/p>\n<p>Commandez en vrac notre large s\u00e9lection de Lavie Bar 1600 8 saveurs pour notre meilleur prix de gros et livraison rapide !<\/p>\n<h2><strong>Lavie Bar 1600 Vape jetable Sp\u00e9cifications :<\/strong><\/h2>\n<p>Marque:Lavie<\/p>\n<p>Bouff\u00e9es : 1600 bouff\u00e9es sont disponibles par appareil<\/p>\n<p>Nicotine:0%\/2%\/5%<\/p>\n<p>Capacit\u00e9 de l'e-juice : 5.3ML<\/p>\n<p>Batterie : 800mAh<\/p>\n<p>&nbsp;<\/p>\n<h2>Saveurs<\/h2>\n<ol>\n<li>Barbe \u00e0 papa<\/li>\n<li>Fraise Coco Ananas<\/li>\n<li>Glace \u00e0 la mangue<\/li>\n<li>Glace \u00e0 la p\u00eache<\/li>\n<li>Glace \u00e0 la past\u00e8que<\/li>\n<li>Baies m\u00e9lang\u00e9es<\/li>\n<li>Raisin Orange Pomme<\/li>\n<li>Orange Mangue Goyave<\/li>\n<\/ol>\n<p>&nbsp;<\/p>\n<h2>Emballage et poids<\/h2>\n<p>0.05KG\/PCS, 10 pcs\/medium box.<\/p>\n<p>300PCS\/master carton, 17.5KG par carton<\/p>\n<figure id=\"attachment_15325\" aria-describedby=\"caption-attachment-15325\" style=\"width: 800px\" class=\"wp-caption alignnone\"><img loading=\"lazy\" decoding=\"async\" class=\"size-full wp-image-15325\" title=\"Lavie Bar 1600 Puffs Disposable Vape Wholesale\" src=\"https:\/\/www.vape4wholesale.com\/wp-content\/uploads\/2024\/03\/Lavie-Bar-1600-Puffs-Disposable-Vape-Wholesale.jpg\" alt=\"Lavie Bar 1600 Puffs Disposable Vape Wholesale\" width=\"800\" height=\"800\" srcset=\"https:\/\/www.vape4wholesale.com\/wp-content\/uploads\/2024\/03\/Lavie-Bar-1600-Puffs-Disposable-Vape-Wholesale.jpg 800w, https:\/\/www.vape4wholesale.com\/wp-content\/uploads\/2024\/03\/Lavie-Bar-1600-Puffs-Disposable-Vape-Wholesale-247x247.jpg 247w, https:\/\/www.vape4wholesale.com\/wp-content\/uploads\/2024\/03\/Lavie-Bar-1600-Puffs-Disposable-Vape-Wholesale-100x100.jpg 100w, https:\/\/www.vape4wholesale.com\/wp-content\/uploads\/2024\/03\/Lavie-Bar-1600-Puffs-Disposable-Vape-Wholesale-510x510.jpg 510w, https:\/\/www.vape4wholesale.com\/wp-content\/uploads\/2024\/03\/Lavie-Bar-1600-Puffs-Disposable-Vape-Wholesale-64x64.jpg 64w, https:\/\/www.vape4wholesale.com\/wp-content\/uploads\/2024\/03\/Lavie-Bar-1600-Puffs-Disposable-Vape-Wholesale-300x300.jpg 300w, https:\/\/www.vape4wholesale.com\/wp-content\/uploads\/2024\/03\/Lavie-Bar-1600-Puffs-Disposable-Vape-Wholesale-150x150.jpg 150w, https:\/\/www.vape4wholesale.com\/wp-content\/uploads\/2024\/03\/Lavie-Bar-1600-Puffs-Disposable-Vape-Wholesale-768x768.jpg 768w\" sizes=\"auto, (max-width: 800px) 100vw, 800px\" \/><figcaption id=\"caption-attachment-15325\" class=\"wp-caption-text\">Lavie Bar 1600 Puffs Disposable Vape Wholesale<\/figcaption><\/figure>","protected":false},"excerpt":{"rendered":"[scf-template id=&#8217;11434&#8242;]\n","protected":false},"featured_media":15325,"comment_status":"open","ping_status":"closed","template":"","meta":[],"pwb-brand":[1277],"product_cat":[48],"product_tag":[22,24,37,43,753],"class_list":{"0":"post-15324","1":"product","2":"type-product","3":"status-publish","4":"has-post-thumbnail","6":"pwb-brand-lavie","7":"product_cat-below-2000-puffs","8":"product_tag-disposable","9":"product_tag-wholesale","10":"product_tag-lavie","11":"product_tag-1600-puffs","12":"product_tag-5-3ml","13":"wcpa_has_options","15":"first","16":"outofstock","17":"shipping-taxable","18":"purchasable","19":"product-type-variable"},"aioseo_notices":[],"brands":[{"id":1277,"name":"Lavie","slug":"lavie"}],"_links":{"self":[{"href":"https:\/\/www.vape4wholesale.com\/fr\/wp-json\/wp\/v2\/product\/15324","targetHints":{"allow":["GET"]}}],"collection":[{"href":"https:\/\/www.vape4wholesale.com\/fr\/wp-json\/wp\/v2\/product"}],"about":[{"href":"https:\/\/www.vape4wholesale.com\/fr\/wp-json\/wp\/v2\/types\/product"}],"replies":[{"embeddable":true,"href":"https:\/\/www.vape4wholesale.com\/fr\/wp-json\/wp\/v2\/comments?post=15324"}],"wp:featuredmedia":[{"embeddable":true,"href":"https:\/\/www.vape4wholesale.com\/fr\/wp-json\/wp\/v2\/media\/15325"}],"wp:attachment":[{"href":"https:\/\/www.vape4wholesale.com\/fr\/wp-json\/wp\/v2\/media?parent=15324"}],"wp:term":[{"taxonomy":"pwb-brand","embeddable":true,"href":"https:\/\/www.vape4wholesale.com\/fr\/wp-json\/wp\/v2\/pwb-brand?post=15324"},{"taxonomy":"product_cat","embeddable":true,"href":"https:\/\/www.vape4wholesale.com\/fr\/wp-json\/wp\/v2\/product_cat?post=15324"},{"taxonomy":"product_tag","embeddable":true,"href":"https:\/\/www.vape4wholesale.com\/fr\/wp-json\/wp\/v2\/product_tag?post=15324"}],"curies":[{"name":"wp","href":"https:\/\/api.w.org\/{rel}","templated":true}]}}